{"id":104417,"date":"2025-03-31T15:53:41","date_gmt":"2025-03-31T13:53:41","guid":{"rendered":"https:\/\/johndavidsatsang.international\/hommage-an-andrew-cohen\/"},"modified":"2025-08-16T16:39:23","modified_gmt":"2025-08-16T14:39:23","slug":"hommage-an-andrew-cohen","status":"publish","type":"page","link":"https:\/\/johndavidsatsang.international\/de\/hommage-an-andrew-cohen\/","title":{"rendered":"Hommage an Andrew Cohen"},"content":{"rendered":"\t\t<div data-elementor-type=\"wp-page\" data-elementor-id=\"104417\" class=\"elementor elementor-104417 elementor-104366\" data-elementor-post-type=\"page\">\n\t\t\t\t\t\t<section class=\"elementor-section elementor-top-section elementor-element elementor-element-36d056d elementor-section-height-min-height elementor-section-boxed elementor-section-height-default elementor-section-items-middle\" data-id=\"36d056d\" data-element_type=\"section\" data-e-type=\"section\" data-settings=\"{&quot;background_background&quot;:&quot;classic&quot;}\">\n\t\t\t\t\t\t\t<div class=\"elementor-background-overlay\"><\/div>\n\t\t\t\t\t\t\t<div class=\"elementor-container elementor-column-gap-default\">\n\t\t\t\t\t<div class=\"elementor-column elementor-col-100 elementor-top-column elementor-element elementor-element-1e2109f\" data-id=\"1e2109f\" data-element_type=\"column\" data-e-type=\"column\">\n\t\t\t<div class=\"elementor-widget-wrap elementor-element-populated\">\n\t\t\t\t\t\t<div class=\"elementor-element elementor-element-8f9dc4c elementor-widget elementor-widget-text-editor\" data-id=\"8f9dc4c\" data-element_type=\"widget\" data-e-type=\"widget\" data-widget_type=\"text-editor.default\">\n\t\t\t\t<div class=\"elementor-widget-container\">\n\t\t\t\t\t\t\t\t\t<h1 data-pm-slice=\"0 0 []\">Eine Hommage<\/h1><h2>an<\/h2><h2>Andrew Cohen<\/h2>\t\t\t\t\t\t\t\t<\/div>\n\t\t\t\t<\/div>\n\t\t\t\t<div class=\"elementor-element elementor-element-394c397 elementor-widget elementor-widget-text-editor\" data-id=\"394c397\" data-element_type=\"widget\" data-e-type=\"widget\" data-widget_type=\"text-editor.default\">\n\t\t\t\t<div class=\"elementor-widget-container\">\n\t\t\t\t\t\t\t\t\t<p data-pm-slice=\"0 0 []\">John David lud Andrew ein, kurz vor seinem Tod am 25. M\u00e4rz 2025 in Tiruvannamalai zu seinen Sch\u00fclern zu sprechen. Mit gro\u00dfer Leidenschaft und Klarheit entfaltet Andrew darin seine tiefgreifende Sicht auf die evolution\u00e4re Natur Gottes und die Herausforderung, der sich jeder von uns stellen darf: zur bewussten Entfaltung des Universums beizutragen. <\/p>\n\t\t\t\t\t\t\t\t<\/div>\n\t\t\t\t<\/div>\n\t\t\t\t\t<\/div>\n\t\t<\/div>\n\t\t\t\t\t<\/div>\n\t\t<\/section>\n\t\t\t\t<section class=\"elementor-section elementor-top-section elementor-element elementor-element-424af5d elementor-section-boxed elementor-section-height-default elementor-section-height-default\" data-id=\"424af5d\" data-element_type=\"section\" data-e-type=\"section\">\n\t\t\t\t\t\t<div class=\"elementor-container elementor-column-gap-default\">\n\t\t\t\t\t<div class=\"elementor-column elementor-col-100 elementor-top-column elementor-element elementor-element-386dc59\" data-id=\"386dc59\" data-element_type=\"column\" data-e-type=\"column\">\n\t\t\t<div class=\"elementor-widget-wrap elementor-element-populated\">\n\t\t\t\t\t\t<div class=\"elementor-element elementor-element-9cff2f9 elementor-widget elementor-widget-video\" data-id=\"9cff2f9\" data-element_type=\"widget\" data-e-type=\"widget\" data-settings=\"{&quot;youtube_url&quot;:&quot;https:\\\/\\\/youtu.be\\\/kiBMJvbtHF8&quot;,&quot;video_type&quot;:&quot;youtube&quot;,&quot;controls&quot;:&quot;yes&quot;}\" data-widget_type=\"video.default\">\n\t\t\t\t<div class=\"elementor-widget-container\">\n\t\t\t\t\t\t\t<div class=\"elementor-wrapper elementor-open-inline\">\n\t\t\t<div class=\"elementor-video\"><\/div>\t\t<\/div>\n\t\t\t\t\t\t<\/div>\n\t\t\t\t<\/div>\n\t\t\t\t\t<\/div>\n\t\t<\/div>\n\t\t\t\t\t<\/div>\n\t\t<\/section>\n\t\t\t\t<\/div>\n\t\t","protected":false},"excerpt":{"rendered":"<p>Eine Hommage an Andrew Cohen John David lud Andrew ein, kurz vor seinem Tod am 25. M\u00e4rz 2025 in Tiruvannamalai zu seinen Sch\u00fclern zu sprechen. Mit gro\u00dfer Leidenschaft und Klarheit entfaltet Andrew darin seine tiefgreifende Sicht auf die evolution\u00e4re Natur Gottes und die Herausforderung, der sich jeder von uns stellen darf: zur bewussten Entfaltung des [&hellip;]<\/p>\n","protected":false},"author":6,"featured_media":104539,"parent":0,"menu_order":0,"comment_status":"closed","ping_status":"closed","template":"","meta":{"footnotes":""},"class_list":["post-104417","page","type-page","status-publish","has-post-thumbnail","hentry"],"yoast_head":"<!-- This site is optimized with the Yoast SEO plugin v27.2 - https:\/\/yoast.com\/product\/yoast-seo-wordpress\/ -->\n<title>Hommage an Andrew Cohen - John David Satsang<\/title>\n<meta name=\"robots\" content=\"index, follow, max-snippet:-1, max-image-preview:large, max-video-preview:-1\" \/>\n<link rel=\"canonical\" href=\"https:\/\/johndavidsatsang.international\/hommage-to-andrew-cohen\/\" \/>\n<meta property=\"og:locale\" content=\"de_DE\" \/>\n<meta property=\"og:type\" content=\"article\" \/>\n<meta property=\"og:title\" content=\"Hommage an Andrew Cohen - John David Satsang\" \/>\n<meta property=\"og:description\" content=\"Eine Hommage an Andrew Cohen John David lud Andrew ein, kurz vor seinem Tod am 25. M\u00e4rz 2025 in Tiruvannamalai zu seinen Sch\u00fclern zu sprechen. Mit gro\u00dfer Leidenschaft und Klarheit entfaltet Andrew darin seine tiefgreifende Sicht auf die evolution\u00e4re Natur Gottes und die Herausforderung, der sich jeder von uns stellen darf: zur bewussten Entfaltung des [&hellip;]\" \/>\n<meta property=\"og:url\" content=\"https:\/\/johndavidsatsang.international\/hommage-to-andrew-cohen\/\" \/>\n<meta property=\"og:site_name\" content=\"John David Satsang\" \/>\n<meta property=\"article:modified_time\" content=\"2025-08-16T14:39:23+00:00\" \/>\n<meta property=\"og:image\" content=\"https:\/\/johndavidsatsang.international\/wp-content\/uploads\/2025\/04\/meeting-thumbnail-compressed.jpg\" \/>\n\t<meta property=\"og:image:width\" content=\"1000\" \/>\n\t<meta property=\"og:image:height\" content=\"562\" \/>\n\t<meta property=\"og:image:type\" content=\"image\/jpeg\" \/>\n<meta name=\"twitter:card\" content=\"summary_large_image\" \/>\n<meta name=\"twitter:label1\" content=\"Gesch\u00e4tzte Lesezeit\" \/>\n\t<meta name=\"twitter:data1\" content=\"1 Minute\" \/>\n<script type=\"application\/ld+json\" class=\"yoast-schema-graph\">{\"@context\":\"https:\/\/schema.org\",\"@graph\":[{\"@type\":\"WebPage\",\"@id\":\"https:\/\/johndavidsatsang.international\/hommage-to-andrew-cohen\/\",\"url\":\"https:\/\/johndavidsatsang.international\/hommage-to-andrew-cohen\/\",\"name\":\"Hommage an Andrew Cohen - John David Satsang\",\"isPartOf\":{\"@id\":\"https:\/\/johndavidsatsang.international\/ru\/#website\"},\"primaryImageOfPage\":{\"@id\":\"https:\/\/johndavidsatsang.international\/hommage-to-andrew-cohen\/#primaryimage\"},\"image\":{\"@id\":\"https:\/\/johndavidsatsang.international\/hommage-to-andrew-cohen\/#primaryimage\"},\"thumbnailUrl\":\"https:\/\/johndavidsatsang.international\/wp-content\/uploads\/2025\/04\/meeting-thumbnail-compressed.jpg\",\"datePublished\":\"2025-03-31T13:53:41+00:00\",\"dateModified\":\"2025-08-16T14:39:23+00:00\",\"breadcrumb\":{\"@id\":\"https:\/\/johndavidsatsang.international\/hommage-to-andrew-cohen\/#breadcrumb\"},\"inLanguage\":\"de-DE\",\"potentialAction\":[{\"@type\":\"ReadAction\",\"target\":[\"https:\/\/johndavidsatsang.international\/hommage-to-andrew-cohen\/\"]}]},{\"@type\":\"ImageObject\",\"inLanguage\":\"de-DE\",\"@id\":\"https:\/\/johndavidsatsang.international\/hommage-to-andrew-cohen\/#primaryimage\",\"url\":\"https:\/\/johndavidsatsang.international\/wp-content\/uploads\/2025\/04\/meeting-thumbnail-compressed.jpg\",\"contentUrl\":\"https:\/\/johndavidsatsang.international\/wp-content\/uploads\/2025\/04\/meeting-thumbnail-compressed.jpg\",\"width\":1000,\"height\":562},{\"@type\":\"BreadcrumbList\",\"@id\":\"https:\/\/johndavidsatsang.international\/hommage-to-andrew-cohen\/#breadcrumb\",\"itemListElement\":[{\"@type\":\"ListItem\",\"position\":1,\"name\":\"Home\",\"item\":\"https:\/\/johndavidsatsang.international\/es\/\"},{\"@type\":\"ListItem\",\"position\":2,\"name\":\"Hommage an Andrew Cohen\"}]},{\"@type\":\"WebSite\",\"@id\":\"https:\/\/johndavidsatsang.international\/ru\/#website\",\"url\":\"https:\/\/johndavidsatsang.international\/ru\/\",\"name\":\"John David Satsang\",\"description\":\"Satsang with John David\",\"publisher\":{\"@id\":\"https:\/\/johndavidsatsang.international\/ru\/#organization\"},\"potentialAction\":[{\"@type\":\"SearchAction\",\"target\":{\"@type\":\"EntryPoint\",\"urlTemplate\":\"https:\/\/johndavidsatsang.international\/ru\/?s={search_term_string}\"},\"query-input\":{\"@type\":\"PropertyValueSpecification\",\"valueRequired\":true,\"valueName\":\"search_term_string\"}}],\"inLanguage\":\"de-DE\"},{\"@type\":\"Organization\",\"@id\":\"https:\/\/johndavidsatsang.international\/ru\/#organization\",\"name\":\"John David Satsang\",\"url\":\"https:\/\/johndavidsatsang.international\/ru\/\",\"logo\":{\"@type\":\"ImageObject\",\"inLanguage\":\"de-DE\",\"@id\":\"https:\/\/johndavidsatsang.international\/ru\/#\/schema\/logo\/image\/\",\"url\":\"https:\/\/johndavidsatsang.international\/wp-content\/uploads\/2020\/08\/sign-black-spiritual-teacher.png\",\"contentUrl\":\"https:\/\/johndavidsatsang.international\/wp-content\/uploads\/2020\/08\/sign-black-spiritual-teacher.png\",\"width\":372,\"height\":179,\"caption\":\"John David Satsang\"},\"image\":{\"@id\":\"https:\/\/johndavidsatsang.international\/ru\/#\/schema\/logo\/image\/\"}}]}<\/script>\n<!-- \/ Yoast SEO plugin. -->","yoast_head_json":{"title":"Hommage an Andrew Cohen - John David Satsang","robots":{"index":"index","follow":"follow","max-snippet":"max-snippet:-1","max-image-preview":"max-image-preview:large","max-video-preview":"max-video-preview:-1"},"canonical":"https:\/\/johndavidsatsang.international\/hommage-to-andrew-cohen\/","og_locale":"de_DE","og_type":"article","og_title":"Hommage an Andrew Cohen - John David Satsang","og_description":"Eine Hommage an Andrew Cohen John David lud Andrew ein, kurz vor seinem Tod am 25. M\u00e4rz 2025 in Tiruvannamalai zu seinen Sch\u00fclern zu sprechen. Mit gro\u00dfer Leidenschaft und Klarheit entfaltet Andrew darin seine tiefgreifende Sicht auf die evolution\u00e4re Natur Gottes und die Herausforderung, der sich jeder von uns stellen darf: zur bewussten Entfaltung des [&hellip;]","og_url":"https:\/\/johndavidsatsang.international\/hommage-to-andrew-cohen\/","og_site_name":"John David Satsang","article_modified_time":"2025-08-16T14:39:23+00:00","og_image":[{"width":1000,"height":562,"url":"https:\/\/johndavidsatsang.international\/wp-content\/uploads\/2025\/04\/meeting-thumbnail-compressed.jpg","type":"image\/jpeg"}],"twitter_card":"summary_large_image","twitter_misc":{"Gesch\u00e4tzte Lesezeit":"1 Minute"},"schema":{"@context":"https:\/\/schema.org","@graph":[{"@type":"WebPage","@id":"https:\/\/johndavidsatsang.international\/hommage-to-andrew-cohen\/","url":"https:\/\/johndavidsatsang.international\/hommage-to-andrew-cohen\/","name":"Hommage an Andrew Cohen - John David Satsang","isPartOf":{"@id":"https:\/\/johndavidsatsang.international\/ru\/#website"},"primaryImageOfPage":{"@id":"https:\/\/johndavidsatsang.international\/hommage-to-andrew-cohen\/#primaryimage"},"image":{"@id":"https:\/\/johndavidsatsang.international\/hommage-to-andrew-cohen\/#primaryimage"},"thumbnailUrl":"https:\/\/johndavidsatsang.international\/wp-content\/uploads\/2025\/04\/meeting-thumbnail-compressed.jpg","datePublished":"2025-03-31T13:53:41+00:00","dateModified":"2025-08-16T14:39:23+00:00","breadcrumb":{"@id":"https:\/\/johndavidsatsang.international\/hommage-to-andrew-cohen\/#breadcrumb"},"inLanguage":"de-DE","potentialAction":[{"@type":"ReadAction","target":["https:\/\/johndavidsatsang.international\/hommage-to-andrew-cohen\/"]}]},{"@type":"ImageObject","inLanguage":"de-DE","@id":"https:\/\/johndavidsatsang.international\/hommage-to-andrew-cohen\/#primaryimage","url":"https:\/\/johndavidsatsang.international\/wp-content\/uploads\/2025\/04\/meeting-thumbnail-compressed.jpg","contentUrl":"https:\/\/johndavidsatsang.international\/wp-content\/uploads\/2025\/04\/meeting-thumbnail-compressed.jpg","width":1000,"height":562},{"@type":"BreadcrumbList","@id":"https:\/\/johndavidsatsang.international\/hommage-to-andrew-cohen\/#breadcrumb","itemListElement":[{"@type":"ListItem","position":1,"name":"Home","item":"https:\/\/johndavidsatsang.international\/es\/"},{"@type":"ListItem","position":2,"name":"Hommage an Andrew Cohen"}]},{"@type":"WebSite","@id":"https:\/\/johndavidsatsang.international\/ru\/#website","url":"https:\/\/johndavidsatsang.international\/ru\/","name":"John David Satsang","description":"Satsang with John David","publisher":{"@id":"https:\/\/johndavidsatsang.international\/ru\/#organization"},"potentialAction":[{"@type":"SearchAction","target":{"@type":"EntryPoint","urlTemplate":"https:\/\/johndavidsatsang.international\/ru\/?s={search_term_string}"},"query-input":{"@type":"PropertyValueSpecification","valueRequired":true,"valueName":"search_term_string"}}],"inLanguage":"de-DE"},{"@type":"Organization","@id":"https:\/\/johndavidsatsang.international\/ru\/#organization","name":"John David Satsang","url":"https:\/\/johndavidsatsang.international\/ru\/","logo":{"@type":"ImageObject","inLanguage":"de-DE","@id":"https:\/\/johndavidsatsang.international\/ru\/#\/schema\/logo\/image\/","url":"https:\/\/johndavidsatsang.international\/wp-content\/uploads\/2020\/08\/sign-black-spiritual-teacher.png","contentUrl":"https:\/\/johndavidsatsang.international\/wp-content\/uploads\/2020\/08\/sign-black-spiritual-teacher.png","width":372,"height":179,"caption":"John David Satsang"},"image":{"@id":"https:\/\/johndavidsatsang.international\/ru\/#\/schema\/logo\/image\/"}}]}},"_links":{"self":[{"href":"https:\/\/johndavidsatsang.international\/de\/wp-json\/wp\/v2\/pages\/104417","targetHints":{"allow":["GET"]}}],"collection":[{"href":"https:\/\/johndavidsatsang.international\/de\/wp-json\/wp\/v2\/pages"}],"about":[{"href":"https:\/\/johndavidsatsang.international\/de\/wp-json\/wp\/v2\/types\/page"}],"author":[{"embeddable":true,"href":"https:\/\/johndavidsatsang.international\/de\/wp-json\/wp\/v2\/users\/6"}],"replies":[{"embeddable":true,"href":"https:\/\/johndavidsatsang.international\/de\/wp-json\/wp\/v2\/comments?post=104417"}],"version-history":[{"count":16,"href":"https:\/\/johndavidsatsang.international\/de\/wp-json\/wp\/v2\/pages\/104417\/revisions"}],"predecessor-version":[{"id":112003,"href":"https:\/\/johndavidsatsang.international\/de\/wp-json\/wp\/v2\/pages\/104417\/revisions\/112003"}],"wp:featuredmedia":[{"embeddable":true,"href":"https:\/\/johndavidsatsang.international\/de\/wp-json\/wp\/v2\/media\/104539"}],"wp:attachment":[{"href":"https:\/\/johndavidsatsang.international\/de\/wp-json\/wp\/v2\/media?parent=104417"}],"curies":[{"name":"wp","href":"https:\/\/api.w.org\/{rel}","templated":true}]}}