{"id":112633,"date":"2025-09-22T11:11:37","date_gmt":"2025-09-22T09:11:37","guid":{"rendered":"https:\/\/johndavidsatsang.international\/arunachala-shiva-full-film\/"},"modified":"2025-09-22T11:14:03","modified_gmt":"2025-09-22T09:14:03","slug":"arunachala-shiva-full-film","status":"publish","type":"page","link":"https:\/\/johndavidsatsang.international\/de\/arunachala-shiva-full-film\/","title":{"rendered":"Arunachala Shiva Full Film"},"content":{"rendered":"\t\t<div data-elementor-type=\"wp-page\" data-elementor-id=\"112633\" class=\"elementor elementor-112633 elementor-96045\" data-elementor-post-type=\"page\">\n\t\t\t\t\t\t<section class=\"elementor-section elementor-top-section elementor-element elementor-element-b60b907 elementor-section-boxed elementor-section-height-default elementor-section-height-default\" data-id=\"b60b907\" data-element_type=\"section\" data-e-type=\"section\">\n\t\t\t\t\t\t<div class=\"elementor-container elementor-column-gap-default\">\n\t\t\t\t\t<div class=\"elementor-column elementor-col-100 elementor-top-column elementor-element elementor-element-86984d2\" data-id=\"86984d2\" data-element_type=\"column\" data-e-type=\"column\">\n\t\t\t<div class=\"elementor-widget-wrap elementor-element-populated\">\n\t\t\t\t\t\t<section class=\"elementor-section elementor-inner-section elementor-element elementor-element-8958d3f elementor-section-boxed elementor-section-height-default elementor-section-height-default\" data-id=\"8958d3f\" data-element_type=\"section\" data-e-type=\"section\" data-settings=\"{&quot;background_background&quot;:&quot;gradient&quot;}\">\n\t\t\t\t\t\t<div class=\"elementor-container elementor-column-gap-default\">\n\t\t\t\t\t<div class=\"elementor-column elementor-col-33 elementor-inner-column elementor-element elementor-element-8c1c070\" data-id=\"8c1c070\" data-element_type=\"column\" data-e-type=\"column\">\n\t\t\t<div class=\"elementor-widget-wrap\">\n\t\t\t\t\t\t\t<\/div>\n\t\t<\/div>\n\t\t\t\t<div class=\"elementor-column elementor-col-33 elementor-inner-column elementor-element elementor-element-0990837\" data-id=\"0990837\" data-element_type=\"column\" data-e-type=\"column\">\n\t\t\t<div class=\"elementor-widget-wrap elementor-element-populated\">\n\t\t\t\t\t\t<div class=\"elementor-element elementor-element-f3a9986 elementor-widget elementor-widget-heading\" data-id=\"f3a9986\" data-element_type=\"widget\" data-e-type=\"widget\" data-widget_type=\"heading.default\">\n\t\t\t\t<div class=\"elementor-widget-container\">\n\t\t\t\t\t<h2 class=\"elementor-heading-title elementor-size-default\">Arunachala Shiva<\/h2>\t\t\t\t<\/div>\n\t\t\t\t<\/div>\n\t\t\t\t<div class=\"elementor-element elementor-element-4f70546 elementor-widget elementor-widget-text-editor\" data-id=\"4f70546\" data-element_type=\"widget\" data-e-type=\"widget\" data-widget_type=\"text-editor.default\">\n\t\t\t\t<div class=\"elementor-widget-container\">\n\t\t\t\t\t\t\t\t\t<p>Sri Ramana Maharshis Leben und Lehren<\/p>\n\t\t\t\t\t\t\t\t<\/div>\n\t\t\t\t<\/div>\n\t\t\t\t<div class=\"elementor-element elementor-element-2e3783b elementor-widget elementor-widget-text-editor\" data-id=\"2e3783b\" data-element_type=\"widget\" data-e-type=\"widget\" data-widget_type=\"text-editor.default\">\n\t\t\t\t<div class=\"elementor-widget-container\">\n\t\t\t\t\t\t\t\t\t<p>1h 12 min<\/p>\n\t\t\t\t\t\t\t\t<\/div>\n\t\t\t\t<\/div>\n\t\t\t\t<div class=\"elementor-element elementor-element-05445c0 elementor-widget elementor-widget-video\" data-id=\"05445c0\" data-element_type=\"widget\" data-e-type=\"widget\" data-settings=\"{&quot;youtube_url&quot;:&quot;https:\\\/\\\/youtu.be\\\/HoW7Je6Liwg?si=zwQHBua2XY7w-CJD&quot;,&quot;video_type&quot;:&quot;youtube&quot;,&quot;controls&quot;:&quot;yes&quot;}\" data-widget_type=\"video.default\">\n\t\t\t\t<div class=\"elementor-widget-container\">\n\t\t\t\t\t\t\t<div class=\"elementor-wrapper elementor-open-inline\">\n\t\t\t<div class=\"elementor-video\"><\/div>\t\t<\/div>\n\t\t\t\t\t\t<\/div>\n\t\t\t\t<\/div>\n\t\t\t\t<div class=\"elementor-element elementor-element-f6a5ee6 elementor-widget elementor-widget-heading\" data-id=\"f6a5ee6\" data-element_type=\"widget\" data-e-type=\"widget\" data-widget_type=\"heading.default\">\n\t\t\t\t<div class=\"elementor-widget-container\">\n\t\t\t\t\t<h2 class=\"elementor-heading-title elementor-size-default\">#Erwachen#SpirituellerMeister#RamanaMaharshi#Advaita<\/h2>\t\t\t\t<\/div>\n\t\t\t\t<\/div>\n\t\t\t\t<div class=\"elementor-element elementor-element-fd6b420 elementor-widget elementor-widget-text-editor\" data-id=\"fd6b420\" data-element_type=\"widget\" data-e-type=\"widget\" data-widget_type=\"text-editor.default\">\n\t\t\t\t<div class=\"elementor-widget-container\">\n\t\t\t\t\t\t\t\t\t<p>&#8222;Deine eigene Selbstverwirklichung ist der gr\u00f6\u00dfte Dienst, den du der Welt erweisen kannst.&#8220; <strong>&#8211; Sri Ramana Maharshi<\/strong><\/p>\n\t\t\t\t\t\t\t\t<\/div>\n\t\t\t\t<\/div>\n\t\t\t\t\t<\/div>\n\t\t<\/div>\n\t\t\t\t<div class=\"elementor-column elementor-col-33 elementor-inner-column elementor-element elementor-element-ce65b33\" data-id=\"ce65b33\" data-element_type=\"column\" data-e-type=\"column\" data-settings=\"{&quot;background_background&quot;:&quot;classic&quot;}\">\n\t\t\t<div class=\"elementor-widget-wrap elementor-element-populated\">\n\t\t\t\t\t\t<div class=\"elementor-element elementor-element-670d0a8 elementor-widget elementor-widget-text-editor\" data-id=\"670d0a8\" data-element_type=\"widget\" data-e-type=\"widget\" data-widget_type=\"text-editor.default\">\n\t\t\t\t<div class=\"elementor-widget-container\">\n\t\t\t\t\t\t\t\t\t<p>TRAILER<\/p>\n\t\t\t\t\t\t\t\t<\/div>\n\t\t\t\t<\/div>\n\t\t\t\t<div class=\"elementor-element elementor-element-2315938 elementor-widget elementor-widget-video\" data-id=\"2315938\" data-element_type=\"widget\" data-e-type=\"widget\" data-settings=\"{&quot;youtube_url&quot;:&quot;https:\\\/\\\/youtu.be\\\/tFYWmfzbqH8?si=dPXG-ryO5o7JKZMV&quot;,&quot;mute&quot;:&quot;yes&quot;,&quot;video_type&quot;:&quot;youtube&quot;,&quot;controls&quot;:&quot;yes&quot;}\" data-widget_type=\"video.default\">\n\t\t\t\t<div class=\"elementor-widget-container\">\n\t\t\t\t\t\t\t<div class=\"elementor-wrapper elementor-open-inline\">\n\t\t\t<div class=\"elementor-video\"><\/div>\t\t<\/div>\n\t\t\t\t\t\t<\/div>\n\t\t\t\t<\/div>\n\t\t\t\t<div class=\"elementor-element elementor-element-7b4e19f elementor-hidden-mobile elementor-widget elementor-widget-text-editor\" data-id=\"7b4e19f\" data-element_type=\"widget\" data-e-type=\"widget\" data-widget_type=\"text-editor.default\">\n\t\t\t\t<div class=\"elementor-widget-container\">\n\t\t\t\t\t\t\t\t\t<p>Arunachala Shiva zeichnet ein sehr pers\u00f6nliches Bild von Bhagavan Sri Ramana Maharshi, einem der ber\u00fchmtesten indischen Weisen des 20. Jahrhunderts. Der Film zeigt die wichtigsten Aspekte von Sri Ramanas Leben und Lehren, in denen er die Selbsterforschung (&#8222;Wer bin ich?&#8220;) als den direktesten Weg zur Selbstverwirklichung erkl\u00e4rt. Faszinierende Originalaufnahmen von Ramana und dem heiligen Berg Arunachala sowie Geschichten \u00fcber sein Leben f\u00fchren uns hinter die Kulissen zu Momenten mit seinen engsten Sch\u00fclern. Moderne und inspirierende Kommentare von drei Experten, David Godman, James Swartz und John David, bieten neue und unerwartete Einblicke in seine Lehren und stellen etablierte Ideen in Frage. Dies ist eine wundersch\u00f6ne und tiefgr\u00fcndige Hommage an die spirituelle Gr\u00f6\u00dfe von <br \/>Sri Ramana.<\/p>\t\t\t\t\t\t\t\t<\/div>\n\t\t\t\t<\/div>\n\t\t\t\t\t<\/div>\n\t\t<\/div>\n\t\t\t\t\t<\/div>\n\t\t<\/section>\n\t\t\t\t\t<\/div>\n\t\t<\/div>\n\t\t\t\t\t<\/div>\n\t\t<\/section>\n\t\t\t\t<\/div>\n\t\t","protected":false},"excerpt":{"rendered":"<p>Arunachala Shiva Sri Ramana Maharshis Leben und Lehren 1h 12 min #Erwachen#SpirituellerMeister#RamanaMaharshi#Advaita &#8222;Deine eigene Selbstverwirklichung ist der gr\u00f6\u00dfte Dienst, den du der Welt erweisen kannst.&#8220; &#8211; Sri Ramana Maharshi TRAILER https:\/\/youtu.be\/tFYWmfzbqH8?si=dPXG-ryO5o7JKZMV Arunachala Shiva zeichnet ein sehr pers\u00f6nliches Bild von Bhagavan Sri Ramana Maharshi, einem der ber\u00fchmtesten indischen Weisen des 20. Jahrhunderts. Der Film zeigt die [&hellip;]<\/p>\n","protected":false},"author":6,"featured_media":0,"parent":0,"menu_order":0,"comment_status":"closed","ping_status":"closed","template":"","meta":{"footnotes":""},"class_list":["post-112633","page","type-page","status-publish","hentry"],"yoast_head":"<!-- This site is optimized with the Yoast SEO plugin v27.2 - https:\/\/yoast.com\/product\/yoast-seo-wordpress\/ -->\n<title>Arunachala Shiva Full Film - John David Satsang<\/title>\n<meta name=\"robots\" content=\"index, follow, max-snippet:-1, max-image-preview:large, max-video-preview:-1\" \/>\n<link rel=\"canonical\" href=\"https:\/\/johndavidsatsang.international\/arunachala-shiva-full-film\/\" \/>\n<meta property=\"og:locale\" content=\"de_DE\" \/>\n<meta property=\"og:type\" content=\"article\" \/>\n<meta property=\"og:title\" content=\"Arunachala Shiva Full Film - John David Satsang\" \/>\n<meta property=\"og:description\" content=\"Arunachala Shiva Sri Ramana Maharshis Leben und Lehren 1h 12 min #Erwachen#SpirituellerMeister#RamanaMaharshi#Advaita &#8222;Deine eigene Selbstverwirklichung ist der gr\u00f6\u00dfte Dienst, den du der Welt erweisen kannst.&#8220; &#8211; Sri Ramana Maharshi TRAILER https:\/\/youtu.be\/tFYWmfzbqH8?si=dPXG-ryO5o7JKZMV Arunachala Shiva zeichnet ein sehr pers\u00f6nliches Bild von Bhagavan Sri Ramana Maharshi, einem der ber\u00fchmtesten indischen Weisen des 20. Jahrhunderts. Der Film zeigt die [&hellip;]\" \/>\n<meta property=\"og:url\" content=\"https:\/\/johndavidsatsang.international\/arunachala-shiva-full-film\/\" \/>\n<meta property=\"og:site_name\" content=\"John David Satsang\" \/>\n<meta property=\"article:modified_time\" content=\"2025-09-22T09:14:03+00:00\" \/>\n<meta name=\"twitter:card\" content=\"summary_large_image\" \/>\n<meta name=\"twitter:label1\" content=\"Gesch\u00e4tzte Lesezeit\" \/>\n\t<meta name=\"twitter:data1\" content=\"1 Minute\" \/>\n<script type=\"application\/ld+json\" class=\"yoast-schema-graph\">{\"@context\":\"https:\/\/schema.org\",\"@graph\":[{\"@type\":\"WebPage\",\"@id\":\"https:\/\/johndavidsatsang.international\/arunachala-shiva-full-film\/\",\"url\":\"https:\/\/johndavidsatsang.international\/arunachala-shiva-full-film\/\",\"name\":\"Arunachala Shiva Full Film - John David Satsang\",\"isPartOf\":{\"@id\":\"https:\/\/johndavidsatsang.international\/ru\/#website\"},\"datePublished\":\"2025-09-22T09:11:37+00:00\",\"dateModified\":\"2025-09-22T09:14:03+00:00\",\"breadcrumb\":{\"@id\":\"https:\/\/johndavidsatsang.international\/arunachala-shiva-full-film\/#breadcrumb\"},\"inLanguage\":\"de-DE\",\"potentialAction\":[{\"@type\":\"ReadAction\",\"target\":[\"https:\/\/johndavidsatsang.international\/arunachala-shiva-full-film\/\"]}]},{\"@type\":\"BreadcrumbList\",\"@id\":\"https:\/\/johndavidsatsang.international\/arunachala-shiva-full-film\/#breadcrumb\",\"itemListElement\":[{\"@type\":\"ListItem\",\"position\":1,\"name\":\"Home\",\"item\":\"https:\/\/johndavidsatsang.international\/es\/\"},{\"@type\":\"ListItem\",\"position\":2,\"name\":\"Arunachala Shiva Full Film\"}]},{\"@type\":\"WebSite\",\"@id\":\"https:\/\/johndavidsatsang.international\/ru\/#website\",\"url\":\"https:\/\/johndavidsatsang.international\/ru\/\",\"name\":\"John David Satsang\",\"description\":\"Satsang with John David\",\"publisher\":{\"@id\":\"https:\/\/johndavidsatsang.international\/ru\/#organization\"},\"potentialAction\":[{\"@type\":\"SearchAction\",\"target\":{\"@type\":\"EntryPoint\",\"urlTemplate\":\"https:\/\/johndavidsatsang.international\/ru\/?s={search_term_string}\"},\"query-input\":{\"@type\":\"PropertyValueSpecification\",\"valueRequired\":true,\"valueName\":\"search_term_string\"}}],\"inLanguage\":\"de-DE\"},{\"@type\":\"Organization\",\"@id\":\"https:\/\/johndavidsatsang.international\/ru\/#organization\",\"name\":\"John David Satsang\",\"url\":\"https:\/\/johndavidsatsang.international\/ru\/\",\"logo\":{\"@type\":\"ImageObject\",\"inLanguage\":\"de-DE\",\"@id\":\"https:\/\/johndavidsatsang.international\/ru\/#\/schema\/logo\/image\/\",\"url\":\"https:\/\/johndavidsatsang.international\/wp-content\/uploads\/2020\/08\/sign-black-spiritual-teacher.png\",\"contentUrl\":\"https:\/\/johndavidsatsang.international\/wp-content\/uploads\/2020\/08\/sign-black-spiritual-teacher.png\",\"width\":372,\"height\":179,\"caption\":\"John David Satsang\"},\"image\":{\"@id\":\"https:\/\/johndavidsatsang.international\/ru\/#\/schema\/logo\/image\/\"}}]}<\/script>\n<!-- \/ Yoast SEO plugin. -->","yoast_head_json":{"title":"Arunachala Shiva Full Film - John David Satsang","robots":{"index":"index","follow":"follow","max-snippet":"max-snippet:-1","max-image-preview":"max-image-preview:large","max-video-preview":"max-video-preview:-1"},"canonical":"https:\/\/johndavidsatsang.international\/arunachala-shiva-full-film\/","og_locale":"de_DE","og_type":"article","og_title":"Arunachala Shiva Full Film - John David Satsang","og_description":"Arunachala Shiva Sri Ramana Maharshis Leben und Lehren 1h 12 min #Erwachen#SpirituellerMeister#RamanaMaharshi#Advaita &#8222;Deine eigene Selbstverwirklichung ist der gr\u00f6\u00dfte Dienst, den du der Welt erweisen kannst.&#8220; &#8211; Sri Ramana Maharshi TRAILER https:\/\/youtu.be\/tFYWmfzbqH8?si=dPXG-ryO5o7JKZMV Arunachala Shiva zeichnet ein sehr pers\u00f6nliches Bild von Bhagavan Sri Ramana Maharshi, einem der ber\u00fchmtesten indischen Weisen des 20. Jahrhunderts. Der Film zeigt die [&hellip;]","og_url":"https:\/\/johndavidsatsang.international\/arunachala-shiva-full-film\/","og_site_name":"John David Satsang","article_modified_time":"2025-09-22T09:14:03+00:00","twitter_card":"summary_large_image","twitter_misc":{"Gesch\u00e4tzte Lesezeit":"1 Minute"},"schema":{"@context":"https:\/\/schema.org","@graph":[{"@type":"WebPage","@id":"https:\/\/johndavidsatsang.international\/arunachala-shiva-full-film\/","url":"https:\/\/johndavidsatsang.international\/arunachala-shiva-full-film\/","name":"Arunachala Shiva Full Film - John David Satsang","isPartOf":{"@id":"https:\/\/johndavidsatsang.international\/ru\/#website"},"datePublished":"2025-09-22T09:11:37+00:00","dateModified":"2025-09-22T09:14:03+00:00","breadcrumb":{"@id":"https:\/\/johndavidsatsang.international\/arunachala-shiva-full-film\/#breadcrumb"},"inLanguage":"de-DE","potentialAction":[{"@type":"ReadAction","target":["https:\/\/johndavidsatsang.international\/arunachala-shiva-full-film\/"]}]},{"@type":"BreadcrumbList","@id":"https:\/\/johndavidsatsang.international\/arunachala-shiva-full-film\/#breadcrumb","itemListElement":[{"@type":"ListItem","position":1,"name":"Home","item":"https:\/\/johndavidsatsang.international\/es\/"},{"@type":"ListItem","position":2,"name":"Arunachala Shiva Full Film"}]},{"@type":"WebSite","@id":"https:\/\/johndavidsatsang.international\/ru\/#website","url":"https:\/\/johndavidsatsang.international\/ru\/","name":"John David Satsang","description":"Satsang with John David","publisher":{"@id":"https:\/\/johndavidsatsang.international\/ru\/#organization"},"potentialAction":[{"@type":"SearchAction","target":{"@type":"EntryPoint","urlTemplate":"https:\/\/johndavidsatsang.international\/ru\/?s={search_term_string}"},"query-input":{"@type":"PropertyValueSpecification","valueRequired":true,"valueName":"search_term_string"}}],"inLanguage":"de-DE"},{"@type":"Organization","@id":"https:\/\/johndavidsatsang.international\/ru\/#organization","name":"John David Satsang","url":"https:\/\/johndavidsatsang.international\/ru\/","logo":{"@type":"ImageObject","inLanguage":"de-DE","@id":"https:\/\/johndavidsatsang.international\/ru\/#\/schema\/logo\/image\/","url":"https:\/\/johndavidsatsang.international\/wp-content\/uploads\/2020\/08\/sign-black-spiritual-teacher.png","contentUrl":"https:\/\/johndavidsatsang.international\/wp-content\/uploads\/2020\/08\/sign-black-spiritual-teacher.png","width":372,"height":179,"caption":"John David Satsang"},"image":{"@id":"https:\/\/johndavidsatsang.international\/ru\/#\/schema\/logo\/image\/"}}]}},"_links":{"self":[{"href":"https:\/\/johndavidsatsang.international\/de\/wp-json\/wp\/v2\/pages\/112633","targetHints":{"allow":["GET"]}}],"collection":[{"href":"https:\/\/johndavidsatsang.international\/de\/wp-json\/wp\/v2\/pages"}],"about":[{"href":"https:\/\/johndavidsatsang.international\/de\/wp-json\/wp\/v2\/types\/page"}],"author":[{"embeddable":true,"href":"https:\/\/johndavidsatsang.international\/de\/wp-json\/wp\/v2\/users\/6"}],"replies":[{"embeddable":true,"href":"https:\/\/johndavidsatsang.international\/de\/wp-json\/wp\/v2\/comments?post=112633"}],"version-history":[{"count":4,"href":"https:\/\/johndavidsatsang.international\/de\/wp-json\/wp\/v2\/pages\/112633\/revisions"}],"predecessor-version":[{"id":112637,"href":"https:\/\/johndavidsatsang.international\/de\/wp-json\/wp\/v2\/pages\/112633\/revisions\/112637"}],"wp:attachment":[{"href":"https:\/\/johndavidsatsang.international\/de\/wp-json\/wp\/v2\/media?parent=112633"}],"curies":[{"name":"wp","href":"https:\/\/api.w.org\/{rel}","templated":true}]}}