{"id":11918,"date":"2020-10-07T11:24:10","date_gmt":"2020-10-07T11:24:10","guid":{"rendered":"http:\/\/johndavidsatsang.international\/falle-in-deine-essenz\/"},"modified":"2021-10-12T22:35:05","modified_gmt":"2021-10-12T20:35:05","slug":"falle-in-deine-essenz","status":"publish","type":"page","link":"https:\/\/johndavidsatsang.international\/de\/falle-in-deine-essenz\/","title":{"rendered":"Begegne deiner Essenz"},"content":{"rendered":"\t\t<div data-elementor-type=\"wp-page\" data-elementor-id=\"11918\" class=\"elementor elementor-11918 elementor-5351\" data-elementor-post-type=\"page\">\n\t\t\t\t\t\t<section class=\"elementor-section elementor-top-section elementor-element elementor-element-d12dd06 elementor-section-boxed elementor-section-height-default elementor-section-height-default\" data-id=\"d12dd06\" data-element_type=\"section\" data-e-type=\"section\">\n\t\t\t\t\t\t<div class=\"elementor-container elementor-column-gap-no\">\n\t\t\t\t\t<div class=\"elementor-column elementor-col-100 elementor-top-column elementor-element elementor-element-0f71219\" data-id=\"0f71219\" data-element_type=\"column\" data-e-type=\"column\">\n\t\t\t<div class=\"elementor-widget-wrap elementor-element-populated\">\n\t\t\t\t\t\t<div class=\"elementor-element elementor-element-121ab59 elementor--h-position-center elementor--v-position-middle elementor-arrows-position-inside elementor-pagination-position-inside elementor-widget elementor-widget-slides\" data-id=\"121ab59\" data-element_type=\"widget\" data-e-type=\"widget\" data-settings=\"{&quot;navigation&quot;:&quot;both&quot;,&quot;autoplay&quot;:&quot;yes&quot;,&quot;pause_on_hover&quot;:&quot;yes&quot;,&quot;pause_on_interaction&quot;:&quot;yes&quot;,&quot;autoplay_speed&quot;:5000,&quot;infinite&quot;:&quot;yes&quot;,&quot;transition&quot;:&quot;slide&quot;,&quot;transition_speed&quot;:500}\" data-widget_type=\"slides.default\">\n\t\t\t\t<div class=\"elementor-widget-container\">\n\t\t\t\t\t\t\t\t\t<div class=\"elementor-swiper\">\n\t\t\t\t\t<div class=\"elementor-slides-wrapper elementor-main-swiper swiper\" role=\"region\" aria-roledescription=\"carousel\" aria-label=\"Slider\" dir=\"ltr\" data-animation=\"fadeInUp\">\n\t\t\t\t<div class=\"swiper-wrapper elementor-slides\">\n\t\t\t\t\t\t\t\t\t\t<div class=\"elementor-repeater-item-95a9924 swiper-slide\" role=\"group\" aria-roledescription=\"slide\"><div class=\"swiper-slide-bg\" role=\"img\" aria-label=\"Arunachala-Retreat-Hintergrund\"><\/div><div class=\"swiper-slide-inner\" ><div class=\"swiper-slide-contents\"><\/div><\/div><\/div>\t\t\t\t<\/div>\n\t\t\t\t\t\t\t<\/div>\n\t\t\t\t<\/div>\n\t\t\t\t\t\t\t\t<\/div>\n\t\t\t\t<\/div>\n\t\t\t\t<div class=\"elementor-element elementor-element-4ad3d2a elementor-widget elementor-widget-heading\" data-id=\"4ad3d2a\" data-element_type=\"widget\" data-e-type=\"widget\" data-widget_type=\"heading.default\">\n\t\t\t\t<div class=\"elementor-widget-container\">\n\t\t\t\t\t<h2 class=\"elementor-heading-title elementor-size-default\">Begegne deiner Essenz\n<\/h2>\t\t\t\t<\/div>\n\t\t\t\t<\/div>\n\t\t\t\t<div class=\"elementor-element elementor-element-225ee3e elementor-hidden-phone elementor-widget elementor-widget-spacer\" data-id=\"225ee3e\" data-element_type=\"widget\" data-e-type=\"widget\" data-widget_type=\"spacer.default\">\n\t\t\t\t<div class=\"elementor-widget-container\">\n\t\t\t\t\t\t\t<div class=\"elementor-spacer\">\n\t\t\t<div class=\"elementor-spacer-inner\"><\/div>\n\t\t<\/div>\n\t\t\t\t\t\t<\/div>\n\t\t\t\t<\/div>\n\t\t\t\t\t<\/div>\n\t\t<\/div>\n\t\t\t\t\t<\/div>\n\t\t<\/section>\n\t\t\t\t<section class=\"elementor-section elementor-top-section elementor-element elementor-element-40e687b elementor-section-boxed elementor-section-height-default elementor-section-height-default\" data-id=\"40e687b\" data-element_type=\"section\" data-e-type=\"section\">\n\t\t\t\t\t\t<div class=\"elementor-container elementor-column-gap-no\">\n\t\t\t\t\t<div class=\"elementor-column elementor-col-100 elementor-top-column elementor-element elementor-element-99b239a\" data-id=\"99b239a\" data-element_type=\"column\" data-e-type=\"column\">\n\t\t\t<div class=\"elementor-widget-wrap elementor-element-populated\">\n\t\t\t\t\t\t<div class=\"elementor-element elementor-element-4966ec8 elementor-widget elementor-widget-text-editor\" data-id=\"4966ec8\" data-element_type=\"widget\" data-e-type=\"widget\" data-widget_type=\"text-editor.default\">\n\t\t\t\t<div class=\"elementor-widget-container\">\n\t\t\t\t\t\t\t\t\t<h3><span style=\"color: inherit; font-family: inherit; font-size: 1.75rem;\">Einblick in die Wahrheit<\/span><br><\/h3>\t\t\t\t\t\t\t\t<\/div>\n\t\t\t\t<\/div>\n\t\t\t\t<section class=\"elementor-section elementor-inner-section elementor-element elementor-element-c4cf5c4 elementor-section-boxed elementor-section-height-default elementor-section-height-default\" data-id=\"c4cf5c4\" data-element_type=\"section\" data-e-type=\"section\">\n\t\t\t\t\t\t<div class=\"elementor-container elementor-column-gap-no\">\n\t\t\t\t\t<div class=\"elementor-column elementor-col-100 elementor-inner-column elementor-element elementor-element-2a23bb9\" data-id=\"2a23bb9\" data-element_type=\"column\" data-e-type=\"column\">\n\t\t\t<div class=\"elementor-widget-wrap\">\n\t\t\t\t\t\t\t<\/div>\n\t\t<\/div>\n\t\t\t\t\t<\/div>\n\t\t<\/section>\n\t\t\t\t<div class=\"elementor-element elementor-element-ee4c674 elementor-widget elementor-widget-text-editor\" data-id=\"ee4c674\" data-element_type=\"widget\" data-e-type=\"widget\" data-widget_type=\"text-editor.default\">\n\t\t\t\t<div class=\"elementor-widget-container\">\n\t\t\t\t\t\t\t\t\t<p>Ein Einblick in die Wahrheit ist unbeschreiblich sch\u00f6n. Es ist der beste Moment deines Lebens. Manchmal kann Angst aufkommen und die \u00d6ffnung schlie\u00dft sich wieder. Zu Beginn wird es nur ein fl\u00fcchtiger Einblick sein, wie ein Blitz, der die Wolken (Strukturen des Verstandes) am blauen Himmel teilt, und du kannst einen Blick auf das Blau erhaschen. Du f\u00fchlst das sehr tief. Es ist sehr sch\u00f6n, aber es ist nicht etwas, was du machen kannst, es geschieht einfach. In diesem Augenblick verschwindet die ganze Selbstwahrnehmung.<\/p>\n<p><span style=\"color: var( --e-global-color-text );\"> Das ist es, was wirklich wichtig ist. Die Selbstwahrnehmung &#8211; dieses &#8222;Ich&#8220;, an dem wir so festhalten &#8211; verschwindet. Das ist ein zutiefst schockierender Moment. <\/span><\/p>\n<p> Es ist absolut lebensver\u00e4ndernd, denn, wenn dieser kurze Moment einmal geschehen ist, wei\u00dft du etwas, was du vorher nicht wusstest. Du lernst dich neu kennen, aber dann ist das Selbst, \u00fcber das wir sprechen, nicht l\u00e4nger mehr dieses kleine, illusion\u00e4re Selbst. Es ist pl\u00f6tzlich ein anderes Selbst, das Selbst, das authentische Selbst, unermesslich, ein Gef\u00fchl von Einssein, unendlicher Liebe und Verbundenheit.<\/p>\n<p> Meist kommt nach wenigen Sekunden das normale Selbst, das normale &#8222;Ich&#8220;, sehr schnell zur\u00fcck, weil uns in dem Moment der Einblick \u00e4ngstigt, schockiert, vollkommen unerwartet und \u00fcberw\u00e4ltigend ist.<\/p>\n<p> Es ist extrem einfach und du musst nichts tun. Es ist eine Selbstverst\u00e4ndlichkeit. Fast jeder, der einen Einblick hatte, ist \u00fcberrascht, weil er dachte, er m\u00fcsse etwas tun: &#8222;Oh, es ist einfach passiert.&#8220; Man muss nichts tun, um zu werden, wer man ist.<\/p>\n\t\t\t\t\t\t\t\t<\/div>\n\t\t\t\t<\/div>\n\t\t\t\t<section class=\"elementor-section elementor-inner-section elementor-element elementor-element-cd5c21a elementor-section-boxed elementor-section-height-default elementor-section-height-default\" data-id=\"cd5c21a\" data-element_type=\"section\" data-e-type=\"section\">\n\t\t\t\t\t\t<div class=\"elementor-container elementor-column-gap-no\">\n\t\t\t\t\t<div class=\"elementor-column elementor-col-33 elementor-inner-column elementor-element elementor-element-d12f129\" data-id=\"d12f129\" data-element_type=\"column\" data-e-type=\"column\">\n\t\t\t<div class=\"elementor-widget-wrap elementor-element-populated\">\n\t\t\t\t\t\t<div class=\"elementor-element elementor-element-293ee6d elementor-widget elementor-widget-video\" data-id=\"293ee6d\" data-element_type=\"widget\" data-e-type=\"widget\" data-settings=\"{&quot;youtube_url&quot;:&quot;https:\\\/\\\/www.youtube.com\\\/watch?v=55TDkanoELk&amp;t=78s&quot;,&quot;video_type&quot;:&quot;youtube&quot;,&quot;controls&quot;:&quot;yes&quot;}\" data-widget_type=\"video.default\">\n\t\t\t\t<div class=\"elementor-widget-container\">\n\t\t\t\t\t\t\t<div class=\"elementor-wrapper elementor-open-inline\">\n\t\t\t<div class=\"elementor-video\"><\/div>\t\t<\/div>\n\t\t\t\t\t\t<\/div>\n\t\t\t\t<\/div>\n\t\t\t\t\t<\/div>\n\t\t<\/div>\n\t\t\t\t<div class=\"elementor-column elementor-col-33 elementor-inner-column elementor-element elementor-element-b5c70e2\" data-id=\"b5c70e2\" data-element_type=\"column\" data-e-type=\"column\">\n\t\t\t<div class=\"elementor-widget-wrap elementor-element-populated\">\n\t\t\t\t\t\t<div class=\"elementor-element elementor-element-3ad6d43 elementor-widget elementor-widget-video\" data-id=\"3ad6d43\" data-element_type=\"widget\" data-e-type=\"widget\" data-settings=\"{&quot;youtube_url&quot;:&quot;https:\\\/\\\/www.youtube.com\\\/watch?v=Y-3jnc2ix3k&quot;,&quot;video_type&quot;:&quot;youtube&quot;,&quot;controls&quot;:&quot;yes&quot;}\" data-widget_type=\"video.default\">\n\t\t\t\t<div class=\"elementor-widget-container\">\n\t\t\t\t\t\t\t<div class=\"elementor-wrapper elementor-open-inline\">\n\t\t\t<div class=\"elementor-video\"><\/div>\t\t<\/div>\n\t\t\t\t\t\t<\/div>\n\t\t\t\t<\/div>\n\t\t\t\t\t<\/div>\n\t\t<\/div>\n\t\t\t\t<div class=\"elementor-column elementor-col-33 elementor-inner-column elementor-element elementor-element-bf4a99e\" data-id=\"bf4a99e\" data-element_type=\"column\" data-e-type=\"column\">\n\t\t\t<div class=\"elementor-widget-wrap elementor-element-populated\">\n\t\t\t\t\t\t<div class=\"elementor-element elementor-element-451bb84 elementor-widget elementor-widget-video\" data-id=\"451bb84\" data-element_type=\"widget\" data-e-type=\"widget\" data-settings=\"{&quot;youtube_url&quot;:&quot;https:\\\/\\\/youtu.be\\\/MayWLBxECKQ&quot;,&quot;video_type&quot;:&quot;youtube&quot;,&quot;controls&quot;:&quot;yes&quot;}\" data-widget_type=\"video.default\">\n\t\t\t\t<div class=\"elementor-widget-container\">\n\t\t\t\t\t\t\t<div class=\"elementor-wrapper elementor-open-inline\">\n\t\t\t<div class=\"elementor-video\"><\/div>\t\t<\/div>\n\t\t\t\t\t\t<\/div>\n\t\t\t\t<\/div>\n\t\t\t\t\t<\/div>\n\t\t<\/div>\n\t\t\t\t\t<\/div>\n\t\t<\/section>\n\t\t\t\t<section class=\"elementor-section elementor-inner-section elementor-element elementor-element-62b438c elementor-section-boxed elementor-section-height-default elementor-section-height-default\" data-id=\"62b438c\" data-element_type=\"section\" data-e-type=\"section\">\n\t\t\t\t\t\t<div class=\"elementor-container elementor-column-gap-no\">\n\t\t\t\t\t<div class=\"elementor-column elementor-col-100 elementor-inner-column elementor-element elementor-element-0583ce8\" data-id=\"0583ce8\" data-element_type=\"column\" data-e-type=\"column\">\n\t\t\t<div class=\"elementor-widget-wrap\">\n\t\t\t\t\t\t\t<\/div>\n\t\t<\/div>\n\t\t\t\t\t<\/div>\n\t\t<\/section>\n\t\t\t\t\t<\/div>\n\t\t<\/div>\n\t\t\t\t\t<\/div>\n\t\t<\/section>\n\t\t\t\t<section class=\"elementor-section elementor-top-section elementor-element elementor-element-d7a2732 elementor-section-boxed elementor-section-height-default elementor-section-height-default\" data-id=\"d7a2732\" data-element_type=\"section\" data-e-type=\"section\">\n\t\t\t\t\t\t<div class=\"elementor-container elementor-column-gap-no\">\n\t\t\t\t\t<div class=\"elementor-column elementor-col-100 elementor-top-column elementor-element elementor-element-7b72da0\" data-id=\"7b72da0\" data-element_type=\"column\" data-e-type=\"column\">\n\t\t\t<div class=\"elementor-widget-wrap elementor-element-populated\">\n\t\t\t\t\t\t<div class=\"elementor-element elementor-element-821ce1c elementor-widget elementor-widget-text-editor\" data-id=\"821ce1c\" data-element_type=\"widget\" data-e-type=\"widget\" data-widget_type=\"text-editor.default\">\n\t\t\t\t<div class=\"elementor-widget-container\">\n\t\t\t\t\t\t\t\t\t<h3>Erwachen<\/h3>\n\t\t\t\t\t\t\t\t<\/div>\n\t\t\t\t<\/div>\n\t\t\t\t<div class=\"elementor-element elementor-element-32dc48f elementor-widget elementor-widget-text-editor\" data-id=\"32dc48f\" data-element_type=\"widget\" data-e-type=\"widget\" data-widget_type=\"text-editor.default\">\n\t\t\t\t<div class=\"elementor-widget-container\">\n\t\t\t\t\t\t\t\t\t<p>Erwachen ist ein Moment, in dem wir aus unserem normalen, auf dem Ego gegr\u00fcndeten Leben, wo alles ich-ich-ich ist heraustreten. Und pl\u00f6tzlich geschieht energetisch etwas und man erlebt eine riesige innerliche Ausdehnung. <span style=\"color: var( --e-global-color-text );\">Beim ersten Mal scheint es f\u00fcr die Meisten besonders stark zu sein, weil man sich von einer starken Egogebundenheit zu pl\u00f6tzlicher Freiheit bewegt.<\/span><\/p>\n<p> Wenn ein Erwachen geschieht, ist der Deckel des Dampfdrucktopfes entfernt und oft geschieht das auf explosive Weise, weil die Realisation h\u00e4ufig sehr pl\u00f6tzlich passiert. Der Deckel fliegt weg und hinterl\u00e4sst eine riesige Menge Energie. Es kann jedoch auch \u00fcber eine l\u00e4ngere Zeit passieren, auf eine eher unmerkliche Weise. Dann kann es vorkommen, dass der physische K\u00f6rper eine Weile lang nicht funktioniert, vielleicht ein paar Stunden oder Tage. <\/p>\n<p> Das Erstaunliche ist, dass du nachher ganz besonders gut funktionierst, sogar besser als vorher, weil der Dauerfilter und das Rauschen des Verstandes weg sind. <\/p>\n<p> Es dauert ein bisschen, das zu verstehen, und wenn du es tust, geschieht es einfach. Es gibt daf\u00fcr keine Formel und keine \u00dcbungen. Ich kenne sehr viele Leute, die solch eine \u00d6ffnung hatten, auch wenn es nur f\u00fcr einen kurzen Moment war. <\/p>\n<p> Das ist es, was wirklich wichtig ist. Die Selbstwahrnehmung &#8211; dieses &#8222;Ich&#8220;, an dem wir so festhalten &#8211; verschwindet. Es ist ein vollkommen schockierender Moment. Als spiritueller Sucher erwartest du wahrscheinlich, dass ein Erwachen ungeheuer besonders ist, aber wenn du erwacht bist, ist es vollkommen normal.<\/p>\n\t\t\t\t\t\t\t\t<\/div>\n\t\t\t\t<\/div>\n\t\t\t\t\t<\/div>\n\t\t<\/div>\n\t\t\t\t\t<\/div>\n\t\t<\/section>\n\t\t\t\t<\/div>\n\t\t","protected":false},"excerpt":{"rendered":"<p>Begegne deiner Essenz Einblick in die Wahrheit Ein Einblick in die Wahrheit ist unbeschreiblich sch\u00f6n. Es ist der beste Moment deines Lebens. Manchmal kann Angst aufkommen und die \u00d6ffnung schlie\u00dft sich wieder. Zu Beginn wird es nur ein fl\u00fcchtiger Einblick sein, wie ein Blitz, der die Wolken (Strukturen des Verstandes) am blauen Himmel teilt, und [&hellip;]<\/p>\n","protected":false},"author":1,"featured_media":0,"parent":0,"menu_order":0,"comment_status":"closed","ping_status":"closed","template":"","meta":{"footnotes":""},"class_list":["post-11918","page","type-page","status-publish","hentry"],"yoast_head":"<!-- This site is optimized with the Yoast SEO plugin v27.2 - https:\/\/yoast.com\/product\/yoast-seo-wordpress\/ -->\n<title>Begegne deiner Essenz - John David Satsang<\/title>\n<meta name=\"robots\" content=\"index, follow, max-snippet:-1, max-image-preview:large, max-video-preview:-1\" \/>\n<link rel=\"canonical\" href=\"https:\/\/johndavidsatsang.international\/de\/falle-in-deine-essenz\/\" \/>\n<meta property=\"og:locale\" content=\"de_DE\" \/>\n<meta property=\"og:type\" content=\"article\" \/>\n<meta property=\"og:title\" content=\"Begegne deiner Essenz - John David Satsang\" \/>\n<meta property=\"og:description\" content=\"Begegne deiner Essenz Einblick in die Wahrheit Ein Einblick in die Wahrheit ist unbeschreiblich sch\u00f6n. Es ist der beste Moment deines Lebens. Manchmal kann Angst aufkommen und die \u00d6ffnung schlie\u00dft sich wieder. Zu Beginn wird es nur ein fl\u00fcchtiger Einblick sein, wie ein Blitz, der die Wolken (Strukturen des Verstandes) am blauen Himmel teilt, und [&hellip;]\" \/>\n<meta property=\"og:url\" content=\"https:\/\/johndavidsatsang.international\/de\/falle-in-deine-essenz\/\" \/>\n<meta property=\"og:site_name\" content=\"John David Satsang\" \/>\n<meta property=\"article:modified_time\" content=\"2021-10-12T20:35:05+00:00\" \/>\n<meta name=\"twitter:card\" content=\"summary_large_image\" \/>\n<meta name=\"twitter:label1\" content=\"Gesch\u00e4tzte Lesezeit\" \/>\n\t<meta name=\"twitter:data1\" content=\"3 Minuten\" \/>\n<script type=\"application\/ld+json\" class=\"yoast-schema-graph\">{\"@context\":\"https:\/\/schema.org\",\"@graph\":[{\"@type\":\"WebPage\",\"@id\":\"https:\/\/johndavidsatsang.international\/de\/falle-in-deine-essenz\/\",\"url\":\"https:\/\/johndavidsatsang.international\/de\/falle-in-deine-essenz\/\",\"name\":\"Begegne deiner Essenz - John David Satsang\",\"isPartOf\":{\"@id\":\"https:\/\/johndavidsatsang.international\/ru\/#website\"},\"datePublished\":\"2020-10-07T11:24:10+00:00\",\"dateModified\":\"2021-10-12T20:35:05+00:00\",\"breadcrumb\":{\"@id\":\"https:\/\/johndavidsatsang.international\/de\/falle-in-deine-essenz\/#breadcrumb\"},\"inLanguage\":\"de-DE\",\"potentialAction\":[{\"@type\":\"ReadAction\",\"target\":[\"https:\/\/johndavidsatsang.international\/de\/falle-in-deine-essenz\/\"]}]},{\"@type\":\"BreadcrumbList\",\"@id\":\"https:\/\/johndavidsatsang.international\/de\/falle-in-deine-essenz\/#breadcrumb\",\"itemListElement\":[{\"@type\":\"ListItem\",\"position\":1,\"name\":\"Home\",\"item\":\"https:\/\/johndavidsatsang.international\/es\/\"},{\"@type\":\"ListItem\",\"position\":2,\"name\":\"Begegne deiner Essenz\"}]},{\"@type\":\"WebSite\",\"@id\":\"https:\/\/johndavidsatsang.international\/ru\/#website\",\"url\":\"https:\/\/johndavidsatsang.international\/ru\/\",\"name\":\"John David Satsang\",\"description\":\"Satsang with John David\",\"publisher\":{\"@id\":\"https:\/\/johndavidsatsang.international\/ru\/#organization\"},\"potentialAction\":[{\"@type\":\"SearchAction\",\"target\":{\"@type\":\"EntryPoint\",\"urlTemplate\":\"https:\/\/johndavidsatsang.international\/ru\/?s={search_term_string}\"},\"query-input\":{\"@type\":\"PropertyValueSpecification\",\"valueRequired\":true,\"valueName\":\"search_term_string\"}}],\"inLanguage\":\"de-DE\"},{\"@type\":\"Organization\",\"@id\":\"https:\/\/johndavidsatsang.international\/ru\/#organization\",\"name\":\"John David Satsang\",\"url\":\"https:\/\/johndavidsatsang.international\/ru\/\",\"logo\":{\"@type\":\"ImageObject\",\"inLanguage\":\"de-DE\",\"@id\":\"https:\/\/johndavidsatsang.international\/ru\/#\/schema\/logo\/image\/\",\"url\":\"https:\/\/johndavidsatsang.international\/wp-content\/uploads\/2020\/08\/sign-black-spiritual-teacher.png\",\"contentUrl\":\"https:\/\/johndavidsatsang.international\/wp-content\/uploads\/2020\/08\/sign-black-spiritual-teacher.png\",\"width\":372,\"height\":179,\"caption\":\"John David Satsang\"},\"image\":{\"@id\":\"https:\/\/johndavidsatsang.international\/ru\/#\/schema\/logo\/image\/\"}}]}<\/script>\n<!-- \/ Yoast SEO plugin. -->","yoast_head_json":{"title":"Begegne deiner Essenz - John David Satsang","robots":{"index":"index","follow":"follow","max-snippet":"max-snippet:-1","max-image-preview":"max-image-preview:large","max-video-preview":"max-video-preview:-1"},"canonical":"https:\/\/johndavidsatsang.international\/de\/falle-in-deine-essenz\/","og_locale":"de_DE","og_type":"article","og_title":"Begegne deiner Essenz - John David Satsang","og_description":"Begegne deiner Essenz Einblick in die Wahrheit Ein Einblick in die Wahrheit ist unbeschreiblich sch\u00f6n. Es ist der beste Moment deines Lebens. Manchmal kann Angst aufkommen und die \u00d6ffnung schlie\u00dft sich wieder. Zu Beginn wird es nur ein fl\u00fcchtiger Einblick sein, wie ein Blitz, der die Wolken (Strukturen des Verstandes) am blauen Himmel teilt, und [&hellip;]","og_url":"https:\/\/johndavidsatsang.international\/de\/falle-in-deine-essenz\/","og_site_name":"John David Satsang","article_modified_time":"2021-10-12T20:35:05+00:00","twitter_card":"summary_large_image","twitter_misc":{"Gesch\u00e4tzte Lesezeit":"3 Minuten"},"schema":{"@context":"https:\/\/schema.org","@graph":[{"@type":"WebPage","@id":"https:\/\/johndavidsatsang.international\/de\/falle-in-deine-essenz\/","url":"https:\/\/johndavidsatsang.international\/de\/falle-in-deine-essenz\/","name":"Begegne deiner Essenz - John David Satsang","isPartOf":{"@id":"https:\/\/johndavidsatsang.international\/ru\/#website"},"datePublished":"2020-10-07T11:24:10+00:00","dateModified":"2021-10-12T20:35:05+00:00","breadcrumb":{"@id":"https:\/\/johndavidsatsang.international\/de\/falle-in-deine-essenz\/#breadcrumb"},"inLanguage":"de-DE","potentialAction":[{"@type":"ReadAction","target":["https:\/\/johndavidsatsang.international\/de\/falle-in-deine-essenz\/"]}]},{"@type":"BreadcrumbList","@id":"https:\/\/johndavidsatsang.international\/de\/falle-in-deine-essenz\/#breadcrumb","itemListElement":[{"@type":"ListItem","position":1,"name":"Home","item":"https:\/\/johndavidsatsang.international\/es\/"},{"@type":"ListItem","position":2,"name":"Begegne deiner Essenz"}]},{"@type":"WebSite","@id":"https:\/\/johndavidsatsang.international\/ru\/#website","url":"https:\/\/johndavidsatsang.international\/ru\/","name":"John David Satsang","description":"Satsang with John David","publisher":{"@id":"https:\/\/johndavidsatsang.international\/ru\/#organization"},"potentialAction":[{"@type":"SearchAction","target":{"@type":"EntryPoint","urlTemplate":"https:\/\/johndavidsatsang.international\/ru\/?s={search_term_string}"},"query-input":{"@type":"PropertyValueSpecification","valueRequired":true,"valueName":"search_term_string"}}],"inLanguage":"de-DE"},{"@type":"Organization","@id":"https:\/\/johndavidsatsang.international\/ru\/#organization","name":"John David Satsang","url":"https:\/\/johndavidsatsang.international\/ru\/","logo":{"@type":"ImageObject","inLanguage":"de-DE","@id":"https:\/\/johndavidsatsang.international\/ru\/#\/schema\/logo\/image\/","url":"https:\/\/johndavidsatsang.international\/wp-content\/uploads\/2020\/08\/sign-black-spiritual-teacher.png","contentUrl":"https:\/\/johndavidsatsang.international\/wp-content\/uploads\/2020\/08\/sign-black-spiritual-teacher.png","width":372,"height":179,"caption":"John David Satsang"},"image":{"@id":"https:\/\/johndavidsatsang.international\/ru\/#\/schema\/logo\/image\/"}}]}},"_links":{"self":[{"href":"https:\/\/johndavidsatsang.international\/de\/wp-json\/wp\/v2\/pages\/11918","targetHints":{"allow":["GET"]}}],"collection":[{"href":"https:\/\/johndavidsatsang.international\/de\/wp-json\/wp\/v2\/pages"}],"about":[{"href":"https:\/\/johndavidsatsang.international\/de\/wp-json\/wp\/v2\/types\/page"}],"author":[{"embeddable":true,"href":"https:\/\/johndavidsatsang.international\/de\/wp-json\/wp\/v2\/users\/1"}],"replies":[{"embeddable":true,"href":"https:\/\/johndavidsatsang.international\/de\/wp-json\/wp\/v2\/comments?post=11918"}],"version-history":[{"count":37,"href":"https:\/\/johndavidsatsang.international\/de\/wp-json\/wp\/v2\/pages\/11918\/revisions"}],"predecessor-version":[{"id":47501,"href":"https:\/\/johndavidsatsang.international\/de\/wp-json\/wp\/v2\/pages\/11918\/revisions\/47501"}],"wp:attachment":[{"href":"https:\/\/johndavidsatsang.international\/de\/wp-json\/wp\/v2\/media?parent=11918"}],"curies":[{"name":"wp","href":"https:\/\/api.w.org\/{rel}","templated":true}]}}