{"id":48149,"date":"2021-10-26T11:37:45","date_gmt":"2021-10-26T09:37:45","guid":{"rendered":"https:\/\/johndavidsatsang.international\/sri-ramana-papaji"},"modified":"2024-03-09T16:56:39","modified_gmt":"2024-03-09T14:56:39","slug":"sri-ramana-papaji","status":"publish","type":"page","link":"https:\/\/johndavidsatsang.international\/de\/sri-ramana-papaji\/","title":{"rendered":"Sri Ramana Papaji"},"content":{"rendered":"\t\t<div data-elementor-type=\"wp-page\" data-elementor-id=\"48149\" class=\"elementor elementor-48149 elementor-48142\" data-elementor-post-type=\"page\">\n\t\t\t\t\t\t<section class=\"elementor-section elementor-top-section elementor-element elementor-element-fbc32c7 clearfix elementor-section-full_width elementor-section-height-default elementor-section-height-default\" data-id=\"fbc32c7\" data-element_type=\"section\" data-e-type=\"section\">\n\t\t\t\t\t\t<div class=\"elementor-container elementor-column-gap-no\">\n\t\t\t\t\t<div class=\"elementor-column elementor-col-50 elementor-top-column elementor-element elementor-element-3c81251\" data-id=\"3c81251\" data-element_type=\"column\" data-e-type=\"column\" data-settings=\"{&quot;background_background&quot;:&quot;classic&quot;}\">\n\t\t\t<div class=\"elementor-widget-wrap elementor-element-populated\">\n\t\t\t\t\t\t<div class=\"elementor-element elementor-element-be16e15 elementor-widget elementor-widget-spacer\" data-id=\"be16e15\" data-element_type=\"widget\" data-e-type=\"widget\" data-widget_type=\"spacer.default\">\n\t\t\t\t<div class=\"elementor-widget-container\">\n\t\t\t\t\t\t\t<div class=\"elementor-spacer\">\n\t\t\t<div class=\"elementor-spacer-inner\"><\/div>\n\t\t<\/div>\n\t\t\t\t\t\t<\/div>\n\t\t\t\t<\/div>\n\t\t\t\t<div class=\"elementor-element elementor-element-186749a elementor-widget elementor-widget-image\" data-id=\"186749a\" data-element_type=\"widget\" data-e-type=\"widget\" data-widget_type=\"image.default\">\n\t\t\t\t<div class=\"elementor-widget-container\">\n\t\t\t\t\t\t\t\t\t\t\t\t\t\t\t\t<a href=\"https:\/\/johndavidsatsang.international\/ramana-maharshi\">\n\t\t\t\t\t\t\t<img decoding=\"async\" src=\"https:\/\/johndavidsatsang.international\/wp-content\/uploads\/elementor\/thumbs\/E222E9A3-8CA1-4953-9F95-48C8A355F295-oun85p2y0aupzd9ivtfj6r3of4sednovs7niwojsmw.jpeg\" title=\"E222E9A3-8CA1-4953-9F95-48C8A355F295\" alt=\"Compassionate Ramana Maharshi infront of green wall\" class=\"elementor-animation-grow\" loading=\"lazy\" \/>\t\t\t\t\t\t\t\t<\/a>\n\t\t\t\t\t\t\t\t\t\t\t\t\t\t\t<\/div>\n\t\t\t\t<\/div>\n\t\t\t\t<div class=\"elementor-element elementor-element-e0ec61c elementor-widget elementor-widget-heading\" data-id=\"e0ec61c\" data-element_type=\"widget\" data-e-type=\"widget\" data-widget_type=\"heading.default\">\n\t\t\t\t<div class=\"elementor-widget-container\">\n\t\t\t\t\t<h3 class=\"elementor-heading-title elementor-size-default\"><a href=\"https:\/\/johndavidsatsang.international\/ramana-maharshi\">Sri Ramana Maharshi<\/a><\/h3>\t\t\t\t<\/div>\n\t\t\t\t<\/div>\n\t\t\t\t<div class=\"elementor-element elementor-element-dd72f95 elementor-widget elementor-widget-text-editor\" data-id=\"dd72f95\" data-element_type=\"widget\" data-e-type=\"widget\" data-widget_type=\"text-editor.default\">\n\t\t\t\t<div class=\"elementor-widget-container\">\n\t\t\t\t\t\t\t\t\t<p>Ramana verbrachte sein Leben auf dem heiligen Berg Arunachala, im S\u00fcden Indiens. Er ist bekannt f\u00fcr die&nbsp;<a href=\"https:\/\/johndavidsatsang.international\/de\/selbsterforschung\/\" target=\"_blank\">Selbsterforschung<\/a>, mittels der wir durch die Frage \u201cWer bin ich?\u201d auf direktestem Wege zur Selbstverwirklichung gelangen k\u00f6nnen.<\/p>\n<p><a href=\"https:\/\/johndavidsatsang.international\/ramana-maharshi\" target=\"_blank\" rel=\"noopener\">&gt;&gt; Mehr \u00fcber Ramana<\/a><\/p>\t\t\t\t\t\t\t\t<\/div>\n\t\t\t\t<\/div>\n\t\t\t\t<div class=\"elementor-element elementor-element-cfc9893 elementor-widget-divider--view-line elementor-widget elementor-widget-divider\" data-id=\"cfc9893\" data-element_type=\"widget\" data-e-type=\"widget\" data-widget_type=\"divider.default\">\n\t\t\t\t<div class=\"elementor-widget-container\">\n\t\t\t\t\t\t\t<div class=\"elementor-divider\">\n\t\t\t<span class=\"elementor-divider-separator\">\n\t\t\t\t\t\t<\/span>\n\t\t<\/div>\n\t\t\t\t\t\t<\/div>\n\t\t\t\t<\/div>\n\t\t\t\t<div class=\"elementor-element elementor-element-4b96500 elementor-widget elementor-widget-image\" data-id=\"4b96500\" data-element_type=\"widget\" data-e-type=\"widget\" data-widget_type=\"image.default\">\n\t\t\t\t<div class=\"elementor-widget-container\">\n\t\t\t\t\t\t\t\t\t\t\t\t\t\t\t<img fetchpriority=\"high\" decoding=\"async\" width=\"800\" height=\"413\" src=\"https:\/\/johndavidsatsang.international\/wp-content\/uploads\/2021\/04\/sri-ramana-maharshi-.jpeg\" class=\"elementor-animation-grow attachment-large size-large wp-image-40023\" alt=\"Bhagwan Sri Ramana Maharshi\" srcset=\"https:\/\/johndavidsatsang.international\/wp-content\/uploads\/2021\/04\/sri-ramana-maharshi-.jpeg 900w, https:\/\/johndavidsatsang.international\/wp-content\/uploads\/2021\/04\/sri-ramana-maharshi--600x310.jpeg 600w, https:\/\/johndavidsatsang.international\/wp-content\/uploads\/2021\/04\/sri-ramana-maharshi--300x155.jpeg 300w, https:\/\/johndavidsatsang.international\/wp-content\/uploads\/2021\/04\/sri-ramana-maharshi--768x397.jpeg 768w\" sizes=\"(max-width: 800px) 100vw, 800px\" \/>\t\t\t\t\t\t\t\t\t\t\t\t\t\t\t<\/div>\n\t\t\t\t<\/div>\n\t\t\t\t<div class=\"elementor-element elementor-element-f779379 elementor-widget elementor-widget-text-editor\" data-id=\"f779379\" data-element_type=\"widget\" data-e-type=\"widget\" data-widget_type=\"text-editor.default\">\n\t\t\t\t<div class=\"elementor-widget-container\">\n\t\t\t\t\t\t\t\t\t<p>Ein Tagebuch (Protokoll) von bisher unver\u00f6ffentlichen Gespr\u00e4chen<\/p><p><a href=\"https:\/\/johndavidsatsang.international\/de\/aham-sphurana\" target=\"_blank\" rel=\"noopener\">&gt;&gt; Lies Passagen aus dem Manuskript<\/a><\/p>\t\t\t\t\t\t\t\t<\/div>\n\t\t\t\t<\/div>\n\t\t\t\t<div class=\"elementor-element elementor-element-3056bf0 elementor-hidden-phone elementor-widget elementor-widget-spacer\" data-id=\"3056bf0\" data-element_type=\"widget\" data-e-type=\"widget\" data-widget_type=\"spacer.default\">\n\t\t\t\t<div class=\"elementor-widget-container\">\n\t\t\t\t\t\t\t<div class=\"elementor-spacer\">\n\t\t\t<div class=\"elementor-spacer-inner\"><\/div>\n\t\t<\/div>\n\t\t\t\t\t\t<\/div>\n\t\t\t\t<\/div>\n\t\t\t\t\t<\/div>\n\t\t<\/div>\n\t\t\t\t<div class=\"elementor-column elementor-col-50 elementor-top-column elementor-element elementor-element-7f214a7\" data-id=\"7f214a7\" data-element_type=\"column\" data-e-type=\"column\" data-settings=\"{&quot;background_background&quot;:&quot;classic&quot;}\">\n\t\t\t<div class=\"elementor-widget-wrap elementor-element-populated\">\n\t\t\t\t\t\t<div class=\"elementor-element elementor-element-59fe16f elementor-widget elementor-widget-spacer\" data-id=\"59fe16f\" data-element_type=\"widget\" data-e-type=\"widget\" data-widget_type=\"spacer.default\">\n\t\t\t\t<div class=\"elementor-widget-container\">\n\t\t\t\t\t\t\t<div class=\"elementor-spacer\">\n\t\t\t<div class=\"elementor-spacer-inner\"><\/div>\n\t\t<\/div>\n\t\t\t\t\t\t<\/div>\n\t\t\t\t<\/div>\n\t\t\t\t<div class=\"elementor-element elementor-element-aeb82fc elementor-widget elementor-widget-image\" data-id=\"aeb82fc\" data-element_type=\"widget\" data-e-type=\"widget\" data-widget_type=\"image.default\">\n\t\t\t\t<div class=\"elementor-widget-container\">\n\t\t\t\t\t\t\t\t\t\t\t\t\t\t\t\t<a href=\"https:\/\/johndavidsatsang.international\/de\/papaji\">\n\t\t\t\t\t\t\t<img decoding=\"async\" src=\"https:\/\/johndavidsatsang.international\/wp-content\/uploads\/elementor\/thumbs\/B9529122-3F50-4699-8156-CB7C9497F4EE-pwga54jjv0ixds98lniuqb5z4l0cuebcydxb5xrmig.jpeg\" title=\"B9529122-3F50-4699-8156-CB7C9497F4EE\" alt=\"laughing Papaji with black hat and red Mala around his neck\" class=\"elementor-animation-grow\" loading=\"lazy\" \/>\t\t\t\t\t\t\t\t<\/a>\n\t\t\t\t\t\t\t\t\t\t\t\t\t\t\t<\/div>\n\t\t\t\t<\/div>\n\t\t\t\t<div class=\"elementor-element elementor-element-3720096 elementor-widget elementor-widget-heading\" data-id=\"3720096\" data-element_type=\"widget\" data-e-type=\"widget\" data-widget_type=\"heading.default\">\n\t\t\t\t<div class=\"elementor-widget-container\">\n\t\t\t\t\t<h3 class=\"elementor-heading-title elementor-size-default\"><a href=\"https:\/\/johndavidsatsang.international\/de\/papaji\">Papaji - Poonjaji<\/a><\/h3>\t\t\t\t<\/div>\n\t\t\t\t<\/div>\n\t\t\t\t<div class=\"elementor-element elementor-element-7f4a585 elementor-widget elementor-widget-text-editor\" data-id=\"7f4a585\" data-element_type=\"widget\" data-e-type=\"widget\" data-widget_type=\"text-editor.default\">\n\t\t\t\t<div class=\"elementor-widget-container\">\n\t\t\t\t\t\t\t\t\t<p>Der &#8222;L\u00f6we von Lucknow&#8220;, der mir das gr\u00f6\u00dfte Geschenk meines Lebens machte. Durch seine Gnade wurden meine 5 Jahre in seiner Gegenwart zu Jahren von unendlichem Verstehen und Weisheit. Ich wurde ein Finder. Papajis Meister war Sri Ramana Maharshi.<\/p>\n<p><a href=\"https:\/\/johndavidsatsang.international\/de\/papaji\" target=\"_blank\" rel=\"noopener\">&gt;&gt; mehr \u00fcber Papaji<\/a><\/p>\n\t\t\t\t\t\t\t\t<\/div>\n\t\t\t\t<\/div>\n\t\t\t\t<div class=\"elementor-element elementor-element-c813dad elementor-widget-divider--view-line elementor-widget elementor-widget-divider\" data-id=\"c813dad\" data-element_type=\"widget\" data-e-type=\"widget\" data-widget_type=\"divider.default\">\n\t\t\t\t<div class=\"elementor-widget-container\">\n\t\t\t\t\t\t\t<div class=\"elementor-divider\">\n\t\t\t<span class=\"elementor-divider-separator\">\n\t\t\t\t\t\t<\/span>\n\t\t<\/div>\n\t\t\t\t\t\t<\/div>\n\t\t\t\t<\/div>\n\t\t\t\t<div class=\"elementor-element elementor-element-27e70df elementor-widget elementor-widget-image\" data-id=\"27e70df\" data-element_type=\"widget\" data-e-type=\"widget\" data-widget_type=\"image.default\">\n\t\t\t\t<div class=\"elementor-widget-container\">\n\t\t\t\t\t\t\t\t\t\t\t\t\t\t\t<img decoding=\"async\" width=\"599\" height=\"405\" src=\"https:\/\/johndavidsatsang.international\/wp-content\/uploads\/2021\/05\/papaji-with-andrew-cohen.jpg\" class=\"elementor-animation-grow attachment-large size-large wp-image-41548\" alt=\"Papaji with Andrew Cohen\" srcset=\"https:\/\/johndavidsatsang.international\/wp-content\/uploads\/2021\/05\/papaji-with-andrew-cohen.jpg 599w, https:\/\/johndavidsatsang.international\/wp-content\/uploads\/2021\/05\/papaji-with-andrew-cohen-300x203.jpg 300w\" sizes=\"(max-width: 599px) 100vw, 599px\" \/>\t\t\t\t\t\t\t\t\t\t\t\t\t\t\t<\/div>\n\t\t\t\t<\/div>\n\t\t\t\t<div class=\"elementor-element elementor-element-06d08eb elementor-widget elementor-widget-text-editor\" data-id=\"06d08eb\" data-element_type=\"widget\" data-e-type=\"widget\" data-widget_type=\"text-editor.default\">\n\t\t\t\t<div class=\"elementor-widget-container\">\n\t\t\t\t\t\t\t\t\t<p><a href=\"https:\/\/johndavidsatsang.international\/de\/papaji-interviews\">&gt;&gt; Interviews mit Papaji Botschaftern<\/a><\/p>\t\t\t\t\t\t\t\t<\/div>\n\t\t\t\t<\/div>\n\t\t\t\t<div class=\"elementor-element elementor-element-b884dd7 elementor-widget elementor-widget-spacer\" data-id=\"b884dd7\" data-element_type=\"widget\" data-e-type=\"widget\" data-widget_type=\"spacer.default\">\n\t\t\t\t<div class=\"elementor-widget-container\">\n\t\t\t\t\t\t\t<div class=\"elementor-spacer\">\n\t\t\t<div class=\"elementor-spacer-inner\"><\/div>\n\t\t<\/div>\n\t\t\t\t\t\t<\/div>\n\t\t\t\t<\/div>\n\t\t\t\t\t<\/div>\n\t\t<\/div>\n\t\t\t\t\t<\/div>\n\t\t<\/section>\n\t\t\t\t<\/div>\n\t\t","protected":false},"excerpt":{"rendered":"<p>Sri Ramana Maharshi Ramana verbrachte sein Leben auf dem heiligen Berg Arunachala, im S\u00fcden Indiens. Er ist bekannt f\u00fcr die&nbsp;Selbsterforschung, mittels der wir durch die Frage \u201cWer bin ich?\u201d auf direktestem Wege zur Selbstverwirklichung gelangen k\u00f6nnen. &gt;&gt; Mehr \u00fcber Ramana Ein Tagebuch (Protokoll) von bisher unver\u00f6ffentlichen Gespr\u00e4chen &gt;&gt; Lies Passagen aus dem Manuskript Papaji &#8211; [&hellip;]<\/p>\n","protected":false},"author":1,"featured_media":0,"parent":0,"menu_order":0,"comment_status":"closed","ping_status":"closed","template":"","meta":{"footnotes":""},"class_list":["post-48149","page","type-page","status-publish","hentry"],"yoast_head":"<!-- This site is optimized with the Yoast SEO plugin v27.2 - https:\/\/yoast.com\/product\/yoast-seo-wordpress\/ -->\n<title>Sri Ramana Papaji - John David Satsang<\/title>\n<meta name=\"robots\" content=\"index, follow, max-snippet:-1, max-image-preview:large, max-video-preview:-1\" \/>\n<link rel=\"canonical\" href=\"https:\/\/johndavidsatsang.international\/sri-ramana-papaji\/\" \/>\n<meta property=\"og:locale\" content=\"de_DE\" \/>\n<meta property=\"og:type\" content=\"article\" \/>\n<meta property=\"og:title\" content=\"Sri Ramana Papaji - John David Satsang\" \/>\n<meta property=\"og:description\" content=\"Sri Ramana Maharshi Ramana verbrachte sein Leben auf dem heiligen Berg Arunachala, im S\u00fcden Indiens. Er ist bekannt f\u00fcr die&nbsp;Selbsterforschung, mittels der wir durch die Frage \u201cWer bin ich?\u201d auf direktestem Wege zur Selbstverwirklichung gelangen k\u00f6nnen. &gt;&gt; Mehr \u00fcber Ramana Ein Tagebuch (Protokoll) von bisher unver\u00f6ffentlichen Gespr\u00e4chen &gt;&gt; Lies Passagen aus dem Manuskript Papaji &#8211; [&hellip;]\" \/>\n<meta property=\"og:url\" content=\"https:\/\/johndavidsatsang.international\/sri-ramana-papaji\/\" \/>\n<meta property=\"og:site_name\" content=\"John David Satsang\" \/>\n<meta property=\"article:modified_time\" content=\"2024-03-09T14:56:39+00:00\" \/>\n<meta property=\"og:image\" content=\"https:\/\/johndavidsatsang.international\/wp-content\/uploads\/elementor\/thumbs\/E222E9A3-8CA1-4953-9F95-48C8A355F295-oun85p2y0aupzd9ivtfj6r3of4sednovs7niwojsmw.jpeg\" \/>\n<meta name=\"twitter:card\" content=\"summary_large_image\" \/>\n<meta name=\"twitter:label1\" content=\"Gesch\u00e4tzte Lesezeit\" \/>\n\t<meta name=\"twitter:data1\" content=\"2 Minuten\" \/>\n<script type=\"application\/ld+json\" class=\"yoast-schema-graph\">{\"@context\":\"https:\/\/schema.org\",\"@graph\":[{\"@type\":\"WebPage\",\"@id\":\"https:\/\/johndavidsatsang.international\/sri-ramana-papaji\/\",\"url\":\"https:\/\/johndavidsatsang.international\/sri-ramana-papaji\/\",\"name\":\"Sri Ramana Papaji - John David Satsang\",\"isPartOf\":{\"@id\":\"https:\/\/johndavidsatsang.international\/ru\/#website\"},\"primaryImageOfPage\":{\"@id\":\"https:\/\/johndavidsatsang.international\/sri-ramana-papaji\/#primaryimage\"},\"image\":{\"@id\":\"https:\/\/johndavidsatsang.international\/sri-ramana-papaji\/#primaryimage\"},\"thumbnailUrl\":\"https:\/\/johndavidsatsang.international\/wp-content\/uploads\/elementor\/thumbs\/E222E9A3-8CA1-4953-9F95-48C8A355F295-oun85p2y0aupzd9ivtfj6r3of4sednovs7niwojsmw.jpeg\",\"datePublished\":\"2021-10-26T09:37:45+00:00\",\"dateModified\":\"2024-03-09T14:56:39+00:00\",\"breadcrumb\":{\"@id\":\"https:\/\/johndavidsatsang.international\/sri-ramana-papaji\/#breadcrumb\"},\"inLanguage\":\"de-DE\",\"potentialAction\":[{\"@type\":\"ReadAction\",\"target\":[\"https:\/\/johndavidsatsang.international\/sri-ramana-papaji\/\"]}]},{\"@type\":\"ImageObject\",\"inLanguage\":\"de-DE\",\"@id\":\"https:\/\/johndavidsatsang.international\/sri-ramana-papaji\/#primaryimage\",\"url\":\"https:\/\/johndavidsatsang.international\/wp-content\/uploads\/elementor\/thumbs\/E222E9A3-8CA1-4953-9F95-48C8A355F295-oun85p2y0aupzd9ivtfj6r3of4sednovs7niwojsmw.jpeg\",\"contentUrl\":\"https:\/\/johndavidsatsang.international\/wp-content\/uploads\/elementor\/thumbs\/E222E9A3-8CA1-4953-9F95-48C8A355F295-oun85p2y0aupzd9ivtfj6r3of4sednovs7niwojsmw.jpeg\"},{\"@type\":\"BreadcrumbList\",\"@id\":\"https:\/\/johndavidsatsang.international\/sri-ramana-papaji\/#breadcrumb\",\"itemListElement\":[{\"@type\":\"ListItem\",\"position\":1,\"name\":\"Home\",\"item\":\"https:\/\/johndavidsatsang.international\/es\/\"},{\"@type\":\"ListItem\",\"position\":2,\"name\":\"Sri Ramana Papaji\"}]},{\"@type\":\"WebSite\",\"@id\":\"https:\/\/johndavidsatsang.international\/ru\/#website\",\"url\":\"https:\/\/johndavidsatsang.international\/ru\/\",\"name\":\"John David Satsang\",\"description\":\"Satsang with John David\",\"publisher\":{\"@id\":\"https:\/\/johndavidsatsang.international\/ru\/#organization\"},\"potentialAction\":[{\"@type\":\"SearchAction\",\"target\":{\"@type\":\"EntryPoint\",\"urlTemplate\":\"https:\/\/johndavidsatsang.international\/ru\/?s={search_term_string}\"},\"query-input\":{\"@type\":\"PropertyValueSpecification\",\"valueRequired\":true,\"valueName\":\"search_term_string\"}}],\"inLanguage\":\"de-DE\"},{\"@type\":\"Organization\",\"@id\":\"https:\/\/johndavidsatsang.international\/ru\/#organization\",\"name\":\"John David Satsang\",\"url\":\"https:\/\/johndavidsatsang.international\/ru\/\",\"logo\":{\"@type\":\"ImageObject\",\"inLanguage\":\"de-DE\",\"@id\":\"https:\/\/johndavidsatsang.international\/ru\/#\/schema\/logo\/image\/\",\"url\":\"https:\/\/johndavidsatsang.international\/wp-content\/uploads\/2020\/08\/sign-black-spiritual-teacher.png\",\"contentUrl\":\"https:\/\/johndavidsatsang.international\/wp-content\/uploads\/2020\/08\/sign-black-spiritual-teacher.png\",\"width\":372,\"height\":179,\"caption\":\"John David Satsang\"},\"image\":{\"@id\":\"https:\/\/johndavidsatsang.international\/ru\/#\/schema\/logo\/image\/\"}}]}<\/script>\n<!-- \/ Yoast SEO plugin. -->","yoast_head_json":{"title":"Sri Ramana Papaji - John David Satsang","robots":{"index":"index","follow":"follow","max-snippet":"max-snippet:-1","max-image-preview":"max-image-preview:large","max-video-preview":"max-video-preview:-1"},"canonical":"https:\/\/johndavidsatsang.international\/sri-ramana-papaji\/","og_locale":"de_DE","og_type":"article","og_title":"Sri Ramana Papaji - John David Satsang","og_description":"Sri Ramana Maharshi Ramana verbrachte sein Leben auf dem heiligen Berg Arunachala, im S\u00fcden Indiens. Er ist bekannt f\u00fcr die&nbsp;Selbsterforschung, mittels der wir durch die Frage \u201cWer bin ich?\u201d auf direktestem Wege zur Selbstverwirklichung gelangen k\u00f6nnen. &gt;&gt; Mehr \u00fcber Ramana Ein Tagebuch (Protokoll) von bisher unver\u00f6ffentlichen Gespr\u00e4chen &gt;&gt; Lies Passagen aus dem Manuskript Papaji &#8211; [&hellip;]","og_url":"https:\/\/johndavidsatsang.international\/sri-ramana-papaji\/","og_site_name":"John David Satsang","article_modified_time":"2024-03-09T14:56:39+00:00","og_image":[{"url":"https:\/\/johndavidsatsang.international\/wp-content\/uploads\/elementor\/thumbs\/E222E9A3-8CA1-4953-9F95-48C8A355F295-oun85p2y0aupzd9ivtfj6r3of4sednovs7niwojsmw.jpeg","type":"","width":"","height":""}],"twitter_card":"summary_large_image","twitter_misc":{"Gesch\u00e4tzte Lesezeit":"2 Minuten"},"schema":{"@context":"https:\/\/schema.org","@graph":[{"@type":"WebPage","@id":"https:\/\/johndavidsatsang.international\/sri-ramana-papaji\/","url":"https:\/\/johndavidsatsang.international\/sri-ramana-papaji\/","name":"Sri Ramana Papaji - John David Satsang","isPartOf":{"@id":"https:\/\/johndavidsatsang.international\/ru\/#website"},"primaryImageOfPage":{"@id":"https:\/\/johndavidsatsang.international\/sri-ramana-papaji\/#primaryimage"},"image":{"@id":"https:\/\/johndavidsatsang.international\/sri-ramana-papaji\/#primaryimage"},"thumbnailUrl":"https:\/\/johndavidsatsang.international\/wp-content\/uploads\/elementor\/thumbs\/E222E9A3-8CA1-4953-9F95-48C8A355F295-oun85p2y0aupzd9ivtfj6r3of4sednovs7niwojsmw.jpeg","datePublished":"2021-10-26T09:37:45+00:00","dateModified":"2024-03-09T14:56:39+00:00","breadcrumb":{"@id":"https:\/\/johndavidsatsang.international\/sri-ramana-papaji\/#breadcrumb"},"inLanguage":"de-DE","potentialAction":[{"@type":"ReadAction","target":["https:\/\/johndavidsatsang.international\/sri-ramana-papaji\/"]}]},{"@type":"ImageObject","inLanguage":"de-DE","@id":"https:\/\/johndavidsatsang.international\/sri-ramana-papaji\/#primaryimage","url":"https:\/\/johndavidsatsang.international\/wp-content\/uploads\/elementor\/thumbs\/E222E9A3-8CA1-4953-9F95-48C8A355F295-oun85p2y0aupzd9ivtfj6r3of4sednovs7niwojsmw.jpeg","contentUrl":"https:\/\/johndavidsatsang.international\/wp-content\/uploads\/elementor\/thumbs\/E222E9A3-8CA1-4953-9F95-48C8A355F295-oun85p2y0aupzd9ivtfj6r3of4sednovs7niwojsmw.jpeg"},{"@type":"BreadcrumbList","@id":"https:\/\/johndavidsatsang.international\/sri-ramana-papaji\/#breadcrumb","itemListElement":[{"@type":"ListItem","position":1,"name":"Home","item":"https:\/\/johndavidsatsang.international\/es\/"},{"@type":"ListItem","position":2,"name":"Sri Ramana Papaji"}]},{"@type":"WebSite","@id":"https:\/\/johndavidsatsang.international\/ru\/#website","url":"https:\/\/johndavidsatsang.international\/ru\/","name":"John David Satsang","description":"Satsang with John David","publisher":{"@id":"https:\/\/johndavidsatsang.international\/ru\/#organization"},"potentialAction":[{"@type":"SearchAction","target":{"@type":"EntryPoint","urlTemplate":"https:\/\/johndavidsatsang.international\/ru\/?s={search_term_string}"},"query-input":{"@type":"PropertyValueSpecification","valueRequired":true,"valueName":"search_term_string"}}],"inLanguage":"de-DE"},{"@type":"Organization","@id":"https:\/\/johndavidsatsang.international\/ru\/#organization","name":"John David Satsang","url":"https:\/\/johndavidsatsang.international\/ru\/","logo":{"@type":"ImageObject","inLanguage":"de-DE","@id":"https:\/\/johndavidsatsang.international\/ru\/#\/schema\/logo\/image\/","url":"https:\/\/johndavidsatsang.international\/wp-content\/uploads\/2020\/08\/sign-black-spiritual-teacher.png","contentUrl":"https:\/\/johndavidsatsang.international\/wp-content\/uploads\/2020\/08\/sign-black-spiritual-teacher.png","width":372,"height":179,"caption":"John David Satsang"},"image":{"@id":"https:\/\/johndavidsatsang.international\/ru\/#\/schema\/logo\/image\/"}}]}},"_links":{"self":[{"href":"https:\/\/johndavidsatsang.international\/de\/wp-json\/wp\/v2\/pages\/48149","targetHints":{"allow":["GET"]}}],"collection":[{"href":"https:\/\/johndavidsatsang.international\/de\/wp-json\/wp\/v2\/pages"}],"about":[{"href":"https:\/\/johndavidsatsang.international\/de\/wp-json\/wp\/v2\/types\/page"}],"author":[{"embeddable":true,"href":"https:\/\/johndavidsatsang.international\/de\/wp-json\/wp\/v2\/users\/1"}],"replies":[{"embeddable":true,"href":"https:\/\/johndavidsatsang.international\/de\/wp-json\/wp\/v2\/comments?post=48149"}],"version-history":[{"count":19,"href":"https:\/\/johndavidsatsang.international\/de\/wp-json\/wp\/v2\/pages\/48149\/revisions"}],"predecessor-version":[{"id":82113,"href":"https:\/\/johndavidsatsang.international\/de\/wp-json\/wp\/v2\/pages\/48149\/revisions\/82113"}],"wp:attachment":[{"href":"https:\/\/johndavidsatsang.international\/de\/wp-json\/wp\/v2\/media?parent=48149"}],"curies":[{"name":"wp","href":"https:\/\/api.w.org\/{rel}","templated":true}]}}