{"id":91933,"date":"2024-09-06T00:28:05","date_gmt":"2024-09-05T22:28:05","guid":{"rendered":"https:\/\/johndavidsatsang.international\/krishna-das-interview\/"},"modified":"2024-09-06T01:37:17","modified_gmt":"2024-09-05T23:37:17","slug":"krishna-das-interview","status":"publish","type":"page","link":"https:\/\/johndavidsatsang.international\/de\/krishna-das-interview\/","title":{"rendered":"Krishna Das Interview"},"content":{"rendered":"\t\t<div data-elementor-type=\"wp-page\" data-elementor-id=\"91933\" class=\"elementor elementor-91933 elementor-91908\" data-elementor-post-type=\"page\">\n\t\t\t\t\t\t<section class=\"elementor-section elementor-top-section elementor-element elementor-element-94c5fda elementor-section-full_width elementor-section-height-full elementor-section-height-default elementor-section-items-middle\" data-id=\"94c5fda\" data-element_type=\"section\" data-e-type=\"section\" data-settings=\"{&quot;background_background&quot;:&quot;classic&quot;,&quot;shape_divider_bottom&quot;:&quot;waves&quot;}\">\n\t\t\t\t\t<div class=\"elementor-shape elementor-shape-bottom\" aria-hidden=\"true\" data-negative=\"false\">\n\t\t\t<svg xmlns=\"http:\/\/www.w3.org\/2000\/svg\" viewBox=\"0 0 1000 100\" preserveAspectRatio=\"none\">\n\t<path class=\"elementor-shape-fill\" d=\"M421.9,6.5c22.6-2.5,51.5,0.4,75.5,5.3c23.6,4.9,70.9,23.5,100.5,35.7c75.8,32.2,133.7,44.5,192.6,49.7\n\tc23.6,2.1,48.7,3.5,103.4-2.5c54.7-6,106.2-25.6,106.2-25.6V0H0v30.3c0,0,72,32.6,158.4,30.5c39.2-0.7,92.8-6.7,134-22.4\n\tc21.2-8.1,52.2-18.2,79.7-24.2C399.3,7.9,411.6,7.5,421.9,6.5z\"\/>\n<\/svg>\t\t<\/div>\n\t\t\t\t\t<div class=\"elementor-container elementor-column-gap-default\">\n\t\t\t\t\t<div class=\"elementor-column elementor-col-33 elementor-top-column elementor-element elementor-element-4905d84\" data-id=\"4905d84\" data-element_type=\"column\" data-e-type=\"column\">\n\t\t\t<div class=\"elementor-widget-wrap\">\n\t\t\t\t\t\t\t<\/div>\n\t\t<\/div>\n\t\t\t\t<div class=\"elementor-column elementor-col-33 elementor-top-column elementor-element elementor-element-b2a4191\" data-id=\"b2a4191\" data-element_type=\"column\" data-e-type=\"column\">\n\t\t\t<div class=\"elementor-widget-wrap elementor-element-populated\">\n\t\t\t\t\t\t<div class=\"elementor-element elementor-element-f60b5e8 elementor-invisible elementor-widget elementor-widget-heading\" data-id=\"f60b5e8\" data-element_type=\"widget\" data-e-type=\"widget\" id=\"quotes\" data-settings=\"{&quot;motion_fx_motion_fx_scrolling&quot;:&quot;yes&quot;,&quot;motion_fx_opacity_effect&quot;:&quot;yes&quot;,&quot;motion_fx_opacity_range&quot;:{&quot;unit&quot;:&quot;%&quot;,&quot;size&quot;:&quot;&quot;,&quot;sizes&quot;:{&quot;start&quot;:0,&quot;end&quot;:50}},&quot;_animation&quot;:&quot;fadeIn&quot;,&quot;_animation_delay&quot;:300,&quot;motion_fx_opacity_direction&quot;:&quot;out-in&quot;,&quot;motion_fx_opacity_level&quot;:{&quot;unit&quot;:&quot;px&quot;,&quot;size&quot;:10,&quot;sizes&quot;:[]},&quot;motion_fx_devices&quot;:[&quot;desktop&quot;,&quot;tablet&quot;,&quot;mobile&quot;]}\" data-widget_type=\"heading.default\">\n\t\t\t\t<div class=\"elementor-widget-container\">\n\t\t\t\t\t<h1 class=\"elementor-heading-title elementor-size-default\">Krishna Das<\/h1>\t\t\t\t<\/div>\n\t\t\t\t<\/div>\n\t\t\t\t\t<\/div>\n\t\t<\/div>\n\t\t\t\t<div class=\"elementor-column elementor-col-33 elementor-top-column elementor-element elementor-element-87b547e\" data-id=\"87b547e\" data-element_type=\"column\" data-e-type=\"column\" data-settings=\"{&quot;background_background&quot;:&quot;classic&quot;}\">\n\t\t\t<div class=\"elementor-widget-wrap\">\n\t\t\t\t\t\t\t<\/div>\n\t\t<\/div>\n\t\t\t\t\t<\/div>\n\t\t<\/section>\n\t\t\t\t<section class=\"elementor-section elementor-top-section elementor-element elementor-element-00dcb10 animated-slow elementor-section-full_width elementor-section-height-default elementor-section-height-default elementor-invisible\" data-id=\"00dcb10\" data-element_type=\"section\" data-e-type=\"section\" data-settings=\"{&quot;animation&quot;:&quot;fadeIn&quot;,&quot;animation_delay&quot;:500}\">\n\t\t\t\t\t\t<div class=\"elementor-container elementor-column-gap-no\">\n\t\t\t\t\t<div class=\"elementor-column elementor-col-100 elementor-top-column elementor-element elementor-element-855b37d\" data-id=\"855b37d\" data-element_type=\"column\" data-e-type=\"column\" data-settings=\"{&quot;background_background&quot;:&quot;classic&quot;}\">\n\t\t\t<div class=\"elementor-widget-wrap elementor-element-populated\">\n\t\t\t\t\t\t<section class=\"elementor-section elementor-inner-section elementor-element elementor-element-72d52ea elementor-section-boxed elementor-section-height-default elementor-section-height-default\" data-id=\"72d52ea\" data-element_type=\"section\" data-e-type=\"section\">\n\t\t\t\t\t\t<div class=\"elementor-container elementor-column-gap-default\">\n\t\t\t\t\t<div class=\"elementor-column elementor-col-100 elementor-inner-column elementor-element elementor-element-48634b0\" data-id=\"48634b0\" data-element_type=\"column\" data-e-type=\"column\">\n\t\t\t<div class=\"elementor-widget-wrap elementor-element-populated\">\n\t\t\t\t\t\t<div class=\"elementor-element elementor-element-88e3198 elementor-widget elementor-widget-heading\" data-id=\"88e3198\" data-element_type=\"widget\" data-e-type=\"widget\" data-widget_type=\"heading.default\">\n\t\t\t\t<div class=\"elementor-widget-container\">\n\t\t\t\t\t<h2 class=\"elementor-heading-title elementor-size-default\">John David interviewt Krishna Das<\/h2>\t\t\t\t<\/div>\n\t\t\t\t<\/div>\n\t\t\t\t<div class=\"elementor-element elementor-element-8b3edfc elementor-widget elementor-widget-video\" data-id=\"8b3edfc\" data-element_type=\"widget\" data-e-type=\"widget\" data-settings=\"{&quot;youtube_url&quot;:&quot;https:\\\/\\\/youtu.be\\\/eIFNOTVopwY&quot;,&quot;video_type&quot;:&quot;youtube&quot;,&quot;controls&quot;:&quot;yes&quot;}\" data-widget_type=\"video.default\">\n\t\t\t\t<div class=\"elementor-widget-container\">\n\t\t\t\t\t\t\t<div class=\"elementor-wrapper elementor-open-inline\">\n\t\t\t<div class=\"elementor-video\"><\/div>\t\t<\/div>\n\t\t\t\t\t\t<\/div>\n\t\t\t\t<\/div>\n\t\t\t\t<div class=\"elementor-element elementor-element-9b6065a elementor-widget elementor-widget-text-editor\" data-id=\"9b6065a\" data-element_type=\"widget\" data-e-type=\"widget\" data-widget_type=\"text-editor.default\">\n\t\t\t\t<div class=\"elementor-widget-container\">\n\t\t\t\t\t\t\t\t\t<div class=\"page\" title=\"Seite 33\">\n<div class=\"section\">\n<div class=\"layoutArea\">\n<div class=\"column\">\n<p><em>Es f\u00fchlt sich an, als w\u00e4re das alles schon passiert. Sehr s\u00fc\u00df. Ich sitze mit Krishna Das au\u00dferhalb von Amsterdam in einem kleinen Hotel. Wir treffen uns jetzt seit zwanzig oder drei\u00dfig Minuten und es f\u00fchlt sich an, als w\u00fcrden wir uns schon immer kennen. Das ist ein sehr sch\u00f6ner Flow f\u00fcr mich. Er hat viele Jahre mit Neem Karoli Baba verbracht und ich habe ihn vor vielen Jahren in Tiwaris Haus in Lucknow, Indien, getroffen. In den letzten Jahren ist er weltweit f\u00fcr sein Mantra-Singen bekannt geworden. Er ist wirklich bemerkenswert, denn seine Konzerte erzeugen eine so hingebungsvolle Energie.        <br \/>Interview aus dem Jahr 2010.<\/em><\/p>\n<p>&#8211; John David<\/p>\n<\/div>\n<\/div>\n<\/div>\n<\/div>\n\t\t\t\t\t\t\t\t<\/div>\n\t\t\t\t<\/div>\n\t\t\t\t\t<\/div>\n\t\t<\/div>\n\t\t\t\t\t<\/div>\n\t\t<\/section>\n\t\t\t\t<section class=\"elementor-section elementor-inner-section elementor-element elementor-element-4364ba3 elementor-section-boxed elementor-section-height-default elementor-section-height-default\" data-id=\"4364ba3\" data-element_type=\"section\" data-e-type=\"section\" data-settings=\"{&quot;background_background&quot;:&quot;gradient&quot;}\">\n\t\t\t\t\t\t<div class=\"elementor-container elementor-column-gap-default\">\n\t\t\t\t\t<div class=\"elementor-column elementor-col-33 elementor-inner-column elementor-element elementor-element-46ed51f\" data-id=\"46ed51f\" data-element_type=\"column\" data-e-type=\"column\">\n\t\t\t<div class=\"elementor-widget-wrap\">\n\t\t\t\t\t\t\t<\/div>\n\t\t<\/div>\n\t\t\t\t<div class=\"elementor-column elementor-col-33 elementor-inner-column elementor-element elementor-element-da026b0\" data-id=\"da026b0\" data-element_type=\"column\" data-e-type=\"column\">\n\t\t\t<div class=\"elementor-widget-wrap elementor-element-populated\">\n\t\t\t\t\t\t<div class=\"elementor-element elementor-element-b0aa88c animated-slow elementor-invisible elementor-widget elementor-widget-image\" data-id=\"b0aa88c\" data-element_type=\"widget\" data-e-type=\"widget\" data-settings=\"{&quot;_animation&quot;:&quot;fadeIn&quot;,&quot;_animation_delay&quot;:3}\" data-widget_type=\"image.default\">\n\t\t\t\t<div class=\"elementor-widget-container\">\n\t\t\t\t\t\t\t\t\t\t\t\t\t\t\t<img fetchpriority=\"high\" decoding=\"async\" width=\"576\" height=\"576\" src=\"https:\/\/johndavidsatsang.international\/wp-content\/uploads\/2024\/09\/krishna-das-interview.jpg\" class=\"attachment-large size-large wp-image-91912\" alt=\"\" srcset=\"https:\/\/johndavidsatsang.international\/wp-content\/uploads\/2024\/09\/krishna-das-interview.jpg 576w, https:\/\/johndavidsatsang.international\/wp-content\/uploads\/2024\/09\/krishna-das-interview-300x300.jpg 300w, https:\/\/johndavidsatsang.international\/wp-content\/uploads\/2024\/09\/krishna-das-interview-150x150.jpg 150w, https:\/\/johndavidsatsang.international\/wp-content\/uploads\/2024\/09\/krishna-das-interview-100x100.jpg 100w\" sizes=\"(max-width: 576px) 100vw, 576px\" \/>\t\t\t\t\t\t\t\t\t\t\t\t\t\t\t<\/div>\n\t\t\t\t<\/div>\n\t\t\t\t<div class=\"elementor-element elementor-element-dda387e elementor-widget elementor-widget-heading\" data-id=\"dda387e\" data-element_type=\"widget\" data-e-type=\"widget\" data-widget_type=\"heading.default\">\n\t\t\t\t<div class=\"elementor-widget-container\">\n\t\t\t\t\t<h5 class=\"elementor-heading-title elementor-size-default\">Das Singen ist eine M\u00f6glichkeit, mit sich selbst in Kontakt zu kommen. Es ist eine \u00d6ffnung des Herzens und ein Loslassen des Verstandes und der Gedanken. Es vertieft den Kanal der Gnade und ist eine M\u00f6glichkeit, im Moment pr\u00e4sent zu sein.   <\/h5>\t\t\t\t<\/div>\n\t\t\t\t<\/div>\n\t\t\t\t\t<\/div>\n\t\t<\/div>\n\t\t\t\t<div class=\"elementor-column elementor-col-33 elementor-inner-column elementor-element elementor-element-caf82d4\" data-id=\"caf82d4\" data-element_type=\"column\" data-e-type=\"column\">\n\t\t\t<div class=\"elementor-widget-wrap\">\n\t\t\t\t\t\t\t<\/div>\n\t\t<\/div>\n\t\t\t\t\t<\/div>\n\t\t<\/section>\n\t\t\t\t\t<\/div>\n\t\t<\/div>\n\t\t\t\t\t<\/div>\n\t\t<\/section>\n\t\t\t\t<\/div>\n\t\t","protected":false},"excerpt":{"rendered":"<p>Krishna Das John David interviewt Krishna Das Es f\u00fchlt sich an, als w\u00e4re das alles schon passiert. Sehr s\u00fc\u00df. Ich sitze mit Krishna Das au\u00dferhalb von Amsterdam in einem kleinen Hotel. Wir treffen uns jetzt seit zwanzig oder drei\u00dfig Minuten und es f\u00fchlt sich an, als w\u00fcrden wir uns schon immer kennen. Das ist ein [&hellip;]<\/p>\n","protected":false},"author":37,"featured_media":91918,"parent":0,"menu_order":0,"comment_status":"closed","ping_status":"closed","template":"","meta":{"footnotes":""},"class_list":["post-91933","page","type-page","status-publish","has-post-thumbnail","hentry"],"yoast_head":"<!-- This site is optimized with the Yoast SEO plugin v27.2 - https:\/\/yoast.com\/product\/yoast-seo-wordpress\/ -->\n<title>Krishna Das Interview I Mantra S\u00e4nger [ RARE INTERVIEW ]<\/title>\n<meta name=\"robots\" content=\"index, follow, max-snippet:-1, max-image-preview:large, max-video-preview:-1\" \/>\n<link rel=\"canonical\" href=\"https:\/\/johndavidsatsang.international\/krishna-das-interview\/\" \/>\n<meta property=\"og:locale\" content=\"de_DE\" \/>\n<meta property=\"og:type\" content=\"article\" \/>\n<meta property=\"og:title\" content=\"Krishna Das Interview I Mantra S\u00e4nger [ RARE INTERVIEW ]\" \/>\n<meta property=\"og:description\" content=\"Krishna Das John David interviewt Krishna Das Es f\u00fchlt sich an, als w\u00e4re das alles schon passiert. Sehr s\u00fc\u00df. Ich sitze mit Krishna Das au\u00dferhalb von Amsterdam in einem kleinen Hotel. Wir treffen uns jetzt seit zwanzig oder drei\u00dfig Minuten und es f\u00fchlt sich an, als w\u00fcrden wir uns schon immer kennen. Das ist ein [&hellip;]\" \/>\n<meta property=\"og:url\" content=\"https:\/\/johndavidsatsang.international\/krishna-das-interview\/\" \/>\n<meta property=\"og:site_name\" content=\"John David Satsang\" \/>\n<meta property=\"article:modified_time\" content=\"2024-09-05T23:37:17+00:00\" \/>\n<meta property=\"og:image\" content=\"https:\/\/johndavidsatsang.international\/wp-content\/uploads\/2024\/09\/krishna-das-interview-2011-1024x640.jpg\" \/>\n<meta name=\"twitter:card\" content=\"summary_large_image\" \/>\n<meta name=\"twitter:title\" content=\"Krishna Das Interview I Mantra S\u00e4nger [ RARE INTERVIEW ]\" \/>\n<meta name=\"twitter:image\" content=\"https:\/\/johndavidsatsang.international\/wp-content\/uploads\/2024\/09\/krishna-das-interview-2011-1024x640.jpg\" \/>\n<meta name=\"twitter:label1\" content=\"Gesch\u00e4tzte Lesezeit\" \/>\n\t<meta name=\"twitter:data1\" content=\"2 Minuten\" \/>\n<script type=\"application\/ld+json\" class=\"yoast-schema-graph\">{\"@context\":\"https:\/\/schema.org\",\"@graph\":[{\"@type\":\"WebPage\",\"@id\":\"https:\/\/johndavidsatsang.international\/krishna-das-interview\/\",\"url\":\"https:\/\/johndavidsatsang.international\/krishna-das-interview\/\",\"name\":\"Krishna Das Interview I Mantra S\u00e4nger [ RARE INTERVIEW ]\",\"isPartOf\":{\"@id\":\"https:\/\/johndavidsatsang.international\/ru\/#website\"},\"primaryImageOfPage\":{\"@id\":\"https:\/\/johndavidsatsang.international\/krishna-das-interview\/#primaryimage\"},\"image\":{\"@id\":\"https:\/\/johndavidsatsang.international\/krishna-das-interview\/#primaryimage\"},\"thumbnailUrl\":\"https:\/\/johndavidsatsang.international\/wp-content\/uploads\/2024\/09\/krishna-das-interview-2011.jpg\",\"datePublished\":\"2024-09-05T22:28:05+00:00\",\"dateModified\":\"2024-09-05T23:37:17+00:00\",\"breadcrumb\":{\"@id\":\"https:\/\/johndavidsatsang.international\/krishna-das-interview\/#breadcrumb\"},\"inLanguage\":\"de-DE\",\"potentialAction\":[{\"@type\":\"ReadAction\",\"target\":[\"https:\/\/johndavidsatsang.international\/krishna-das-interview\/\"]}]},{\"@type\":\"ImageObject\",\"inLanguage\":\"de-DE\",\"@id\":\"https:\/\/johndavidsatsang.international\/krishna-das-interview\/#primaryimage\",\"url\":\"https:\/\/johndavidsatsang.international\/wp-content\/uploads\/2024\/09\/krishna-das-interview-2011.jpg\",\"contentUrl\":\"https:\/\/johndavidsatsang.international\/wp-content\/uploads\/2024\/09\/krishna-das-interview-2011.jpg\",\"width\":1600,\"height\":1000},{\"@type\":\"BreadcrumbList\",\"@id\":\"https:\/\/johndavidsatsang.international\/krishna-das-interview\/#breadcrumb\",\"itemListElement\":[{\"@type\":\"ListItem\",\"position\":1,\"name\":\"Home\",\"item\":\"https:\/\/johndavidsatsang.international\/es\/\"},{\"@type\":\"ListItem\",\"position\":2,\"name\":\"Krishna Das Interview\"}]},{\"@type\":\"WebSite\",\"@id\":\"https:\/\/johndavidsatsang.international\/ru\/#website\",\"url\":\"https:\/\/johndavidsatsang.international\/ru\/\",\"name\":\"John David Satsang\",\"description\":\"Satsang with John David\",\"publisher\":{\"@id\":\"https:\/\/johndavidsatsang.international\/ru\/#organization\"},\"potentialAction\":[{\"@type\":\"SearchAction\",\"target\":{\"@type\":\"EntryPoint\",\"urlTemplate\":\"https:\/\/johndavidsatsang.international\/ru\/?s={search_term_string}\"},\"query-input\":{\"@type\":\"PropertyValueSpecification\",\"valueRequired\":true,\"valueName\":\"search_term_string\"}}],\"inLanguage\":\"de-DE\"},{\"@type\":\"Organization\",\"@id\":\"https:\/\/johndavidsatsang.international\/ru\/#organization\",\"name\":\"John David Satsang\",\"url\":\"https:\/\/johndavidsatsang.international\/ru\/\",\"logo\":{\"@type\":\"ImageObject\",\"inLanguage\":\"de-DE\",\"@id\":\"https:\/\/johndavidsatsang.international\/ru\/#\/schema\/logo\/image\/\",\"url\":\"https:\/\/johndavidsatsang.international\/wp-content\/uploads\/2020\/08\/sign-black-spiritual-teacher.png\",\"contentUrl\":\"https:\/\/johndavidsatsang.international\/wp-content\/uploads\/2020\/08\/sign-black-spiritual-teacher.png\",\"width\":372,\"height\":179,\"caption\":\"John David Satsang\"},\"image\":{\"@id\":\"https:\/\/johndavidsatsang.international\/ru\/#\/schema\/logo\/image\/\"}}]}<\/script>\n<!-- \/ Yoast SEO plugin. -->","yoast_head_json":{"title":"Krishna Das Interview I Mantra S\u00e4nger [ RARE INTERVIEW ]","robots":{"index":"index","follow":"follow","max-snippet":"max-snippet:-1","max-image-preview":"max-image-preview:large","max-video-preview":"max-video-preview:-1"},"canonical":"https:\/\/johndavidsatsang.international\/krishna-das-interview\/","og_locale":"de_DE","og_type":"article","og_title":"Krishna Das Interview I Mantra S\u00e4nger [ RARE INTERVIEW ]","og_description":"Krishna Das John David interviewt Krishna Das Es f\u00fchlt sich an, als w\u00e4re das alles schon passiert. Sehr s\u00fc\u00df. Ich sitze mit Krishna Das au\u00dferhalb von Amsterdam in einem kleinen Hotel. Wir treffen uns jetzt seit zwanzig oder drei\u00dfig Minuten und es f\u00fchlt sich an, als w\u00fcrden wir uns schon immer kennen. Das ist ein [&hellip;]","og_url":"https:\/\/johndavidsatsang.international\/krishna-das-interview\/","og_site_name":"John David Satsang","article_modified_time":"2024-09-05T23:37:17+00:00","og_image":[{"url":"https:\/\/johndavidsatsang.international\/wp-content\/uploads\/2024\/09\/krishna-das-interview-2011-1024x640.jpg","type":"","width":"","height":""}],"twitter_card":"summary_large_image","twitter_title":"Krishna Das Interview I Mantra S\u00e4nger [ RARE INTERVIEW ]","twitter_image":"https:\/\/johndavidsatsang.international\/wp-content\/uploads\/2024\/09\/krishna-das-interview-2011-1024x640.jpg","twitter_misc":{"Gesch\u00e4tzte Lesezeit":"2 Minuten"},"schema":{"@context":"https:\/\/schema.org","@graph":[{"@type":"WebPage","@id":"https:\/\/johndavidsatsang.international\/krishna-das-interview\/","url":"https:\/\/johndavidsatsang.international\/krishna-das-interview\/","name":"Krishna Das Interview I Mantra S\u00e4nger [ RARE INTERVIEW ]","isPartOf":{"@id":"https:\/\/johndavidsatsang.international\/ru\/#website"},"primaryImageOfPage":{"@id":"https:\/\/johndavidsatsang.international\/krishna-das-interview\/#primaryimage"},"image":{"@id":"https:\/\/johndavidsatsang.international\/krishna-das-interview\/#primaryimage"},"thumbnailUrl":"https:\/\/johndavidsatsang.international\/wp-content\/uploads\/2024\/09\/krishna-das-interview-2011.jpg","datePublished":"2024-09-05T22:28:05+00:00","dateModified":"2024-09-05T23:37:17+00:00","breadcrumb":{"@id":"https:\/\/johndavidsatsang.international\/krishna-das-interview\/#breadcrumb"},"inLanguage":"de-DE","potentialAction":[{"@type":"ReadAction","target":["https:\/\/johndavidsatsang.international\/krishna-das-interview\/"]}]},{"@type":"ImageObject","inLanguage":"de-DE","@id":"https:\/\/johndavidsatsang.international\/krishna-das-interview\/#primaryimage","url":"https:\/\/johndavidsatsang.international\/wp-content\/uploads\/2024\/09\/krishna-das-interview-2011.jpg","contentUrl":"https:\/\/johndavidsatsang.international\/wp-content\/uploads\/2024\/09\/krishna-das-interview-2011.jpg","width":1600,"height":1000},{"@type":"BreadcrumbList","@id":"https:\/\/johndavidsatsang.international\/krishna-das-interview\/#breadcrumb","itemListElement":[{"@type":"ListItem","position":1,"name":"Home","item":"https:\/\/johndavidsatsang.international\/es\/"},{"@type":"ListItem","position":2,"name":"Krishna Das Interview"}]},{"@type":"WebSite","@id":"https:\/\/johndavidsatsang.international\/ru\/#website","url":"https:\/\/johndavidsatsang.international\/ru\/","name":"John David Satsang","description":"Satsang with John David","publisher":{"@id":"https:\/\/johndavidsatsang.international\/ru\/#organization"},"potentialAction":[{"@type":"SearchAction","target":{"@type":"EntryPoint","urlTemplate":"https:\/\/johndavidsatsang.international\/ru\/?s={search_term_string}"},"query-input":{"@type":"PropertyValueSpecification","valueRequired":true,"valueName":"search_term_string"}}],"inLanguage":"de-DE"},{"@type":"Organization","@id":"https:\/\/johndavidsatsang.international\/ru\/#organization","name":"John David Satsang","url":"https:\/\/johndavidsatsang.international\/ru\/","logo":{"@type":"ImageObject","inLanguage":"de-DE","@id":"https:\/\/johndavidsatsang.international\/ru\/#\/schema\/logo\/image\/","url":"https:\/\/johndavidsatsang.international\/wp-content\/uploads\/2020\/08\/sign-black-spiritual-teacher.png","contentUrl":"https:\/\/johndavidsatsang.international\/wp-content\/uploads\/2020\/08\/sign-black-spiritual-teacher.png","width":372,"height":179,"caption":"John David Satsang"},"image":{"@id":"https:\/\/johndavidsatsang.international\/ru\/#\/schema\/logo\/image\/"}}]}},"_links":{"self":[{"href":"https:\/\/johndavidsatsang.international\/de\/wp-json\/wp\/v2\/pages\/91933","targetHints":{"allow":["GET"]}}],"collection":[{"href":"https:\/\/johndavidsatsang.international\/de\/wp-json\/wp\/v2\/pages"}],"about":[{"href":"https:\/\/johndavidsatsang.international\/de\/wp-json\/wp\/v2\/types\/page"}],"author":[{"embeddable":true,"href":"https:\/\/johndavidsatsang.international\/de\/wp-json\/wp\/v2\/users\/37"}],"replies":[{"embeddable":true,"href":"https:\/\/johndavidsatsang.international\/de\/wp-json\/wp\/v2\/comments?post=91933"}],"version-history":[{"count":4,"href":"https:\/\/johndavidsatsang.international\/de\/wp-json\/wp\/v2\/pages\/91933\/revisions"}],"predecessor-version":[{"id":92039,"href":"https:\/\/johndavidsatsang.international\/de\/wp-json\/wp\/v2\/pages\/91933\/revisions\/92039"}],"wp:featuredmedia":[{"embeddable":true,"href":"https:\/\/johndavidsatsang.international\/de\/wp-json\/wp\/v2\/media\/91918"}],"wp:attachment":[{"href":"https:\/\/johndavidsatsang.international\/de\/wp-json\/wp\/v2\/media?parent=91933"}],"curies":[{"name":"wp","href":"https:\/\/api.w.org\/{rel}","templated":true}]}}