{"id":117130,"date":"2026-03-01T22:56:04","date_gmt":"2026-03-01T20:56:04","guid":{"rendered":"https:\/\/johndavidsatsang.international\/planos-maestros-europeos\/"},"modified":"2026-03-01T22:58:28","modified_gmt":"2026-03-01T20:58:28","slug":"planos-maestros-europeos","status":"publish","type":"page","link":"https:\/\/johndavidsatsang.international\/es\/planos-maestros-europeos\/","title":{"rendered":"Planos Maestros Europeos"},"content":{"rendered":"\t\t<div data-elementor-type=\"wp-page\" data-elementor-id=\"117130\" class=\"elementor elementor-117130 elementor-116477\" data-elementor-post-type=\"page\">\n\t\t\t\t\t\t<section class=\"elementor-section elementor-top-section elementor-element elementor-element-23603ae elementor-section-boxed elementor-section-height-default elementor-section-height-default\" data-id=\"23603ae\" data-element_type=\"section\" data-e-type=\"section\">\n\t\t\t\t\t\t<div class=\"elementor-container elementor-column-gap-default\">\n\t\t\t\t\t<div class=\"elementor-column elementor-col-100 elementor-top-column elementor-element elementor-element-7a4a5ea\" data-id=\"7a4a5ea\" data-element_type=\"column\" data-e-type=\"column\">\n\t\t\t<div class=\"elementor-widget-wrap elementor-element-populated\">\n\t\t\t\t\t\t<div class=\"elementor-element elementor-element-36e1069 elementor-widget elementor-widget-video\" data-id=\"36e1069\" data-element_type=\"widget\" data-e-type=\"widget\" data-settings=\"{&quot;youtube_url&quot;:&quot;https:\\\/\\\/youtu.be\\\/9yf7sKiol08&quot;,&quot;video_type&quot;:&quot;youtube&quot;,&quot;controls&quot;:&quot;yes&quot;}\" data-widget_type=\"video.default\">\n\t\t\t\t<div class=\"elementor-widget-container\">\n\t\t\t\t\t\t\t<div class=\"elementor-wrapper elementor-open-inline\">\n\t\t\t<div class=\"elementor-video\"><\/div>\t\t<\/div>\n\t\t\t\t\t\t<\/div>\n\t\t\t\t<\/div>\n\t\t\t\t\t<\/div>\n\t\t<\/div>\n\t\t\t\t\t<\/div>\n\t\t<\/section>\n\t\t\t\t<section class=\"elementor-section elementor-top-section elementor-element elementor-element-cb60d99 elementor-section-boxed elementor-section-height-default elementor-section-height-default\" data-id=\"cb60d99\" data-element_type=\"section\" data-e-type=\"section\">\n\t\t\t\t\t\t<div class=\"elementor-container elementor-column-gap-default\">\n\t\t\t\t\t<div class=\"elementor-column elementor-col-100 elementor-top-column elementor-element elementor-element-a8db393\" data-id=\"a8db393\" data-element_type=\"column\" data-e-type=\"column\">\n\t\t\t<div class=\"elementor-widget-wrap elementor-element-populated\">\n\t\t\t\t\t\t<div class=\"elementor-element elementor-element-20a16fe elementor-align-center elementor-widget elementor-widget-button\" data-id=\"20a16fe\" data-element_type=\"widget\" data-e-type=\"widget\" data-widget_type=\"button.default\">\n\t\t\t\t<div class=\"elementor-widget-container\">\n\t\t\t\t\t\t\t\t\t<div class=\"elementor-button-wrapper\">\n\t\t\t\t\t<a class=\"elementor-button elementor-button-link elementor-size-sm\" href=\"https:\/\/johndavidsatsang.international\/interviews-with-indian-european-masters\/\">\n\t\t\t\t\t\t<span class=\"elementor-button-content-wrapper\">\n\t\t\t\t\t\t\t\t\t<span class=\"elementor-button-text\">Haz clic aqu\u00ed para acceder al Archivo de todas las Entrevistas<\/span>\n\t\t\t\t\t<\/span>\n\t\t\t\t\t<\/a>\n\t\t\t\t<\/div>\n\t\t\t\t\t\t\t\t<\/div>\n\t\t\t\t<\/div>\n\t\t\t\t\t<\/div>\n\t\t<\/div>\n\t\t\t\t\t<\/div>\n\t\t<\/section>\n\t\t\t\t<\/div>\n\t\t","protected":false},"excerpt":{"rendered":"<p>Haz clic aqu\u00ed para acceder al Archivo de todas las Entrevistas<\/p>\n","protected":false},"author":6,"featured_media":61952,"parent":0,"menu_order":0,"comment_status":"closed","ping_status":"closed","template":"","meta":{"footnotes":""},"class_list":["post-117130","page","type-page","status-publish","has-post-thumbnail","hentry"],"yoast_head":"<!-- This site is optimized with the Yoast SEO plugin v27.2 - https:\/\/yoast.com\/product\/yoast-seo-wordpress\/ -->\n<title>Sri Ramana Maharshi - [NEW BOOK] \u2022 AHAM SPHURANA<\/title>\n<meta name=\"description\" content=\"Sri Ramana Maharshi - El Santo de Arunachala - Tiruvannamalai. Famoso por sus ense\u00f1anzas sobre la indagaci\u00f3n del Ser: &quot;Nan Yar, \u00bfQui\u00e9n soy yo?&quot;\" \/>\n<meta name=\"robots\" content=\"index, follow, max-snippet:-1, max-image-preview:large, max-video-preview:-1\" \/>\n<link rel=\"canonical\" href=\"https:\/\/johndavidsatsang.international\/blueprints-european-masters\/\" \/>\n<meta property=\"og:locale\" content=\"es_ES\" \/>\n<meta property=\"og:type\" content=\"article\" \/>\n<meta property=\"og:title\" content=\"Sri Ramana Maharshi - El Santo de Arunachala (su biograf\u00eda, una pel\u00edcula extraordinaria y mucho m\u00e1s)\" \/>\n<meta property=\"og:description\" content=\"Sri Ramana Maharshi - El Santo de Arunachala - Tiruvannamalai. Famoso por sus ense\u00f1anzas sobre la indagaci\u00f3n del Ser: &quot;Nan Yar, \u00bfQui\u00e9n soy yo?&quot;\" \/>\n<meta property=\"og:url\" content=\"https:\/\/johndavidsatsang.international\/blueprints-european-masters\/\" \/>\n<meta property=\"og:site_name\" content=\"John David Satsang\" \/>\n<meta property=\"article:modified_time\" content=\"2026-03-01T20:58:28+00:00\" \/>\n<meta property=\"og:image\" content=\"https:\/\/johndavidsatsang.international\/wp-content\/uploads\/2023\/02\/ramana-laughing-new.jpg\" \/>\n<meta name=\"twitter:card\" content=\"summary_large_image\" \/>\n<meta name=\"twitter:title\" content=\"Sri Ramana Maharshi - El Santo de Arunachala (su biograf\u00eda, una pel\u00edcula extraordinaria y mucho m\u00e1s)\" \/>\n<meta name=\"twitter:description\" content=\"Sri Ramana Maharshi - El Santo de Arunachala - Tiruvannamalai. Famoso por sus ense\u00f1anzas sobre la indagaci\u00f3n del Ser: &quot;Nan Yar, \u00bfQui\u00e9n soy yo?&quot;\" \/>\n<meta name=\"twitter:image\" content=\"https:\/\/johndavidsatsang.international\/wp-content\/uploads\/2023\/02\/ramana-laughing-new.jpg\" \/>\n<meta name=\"twitter:label1\" content=\"Tiempo de lectura\" \/>\n\t<meta name=\"twitter:data1\" content=\"1 minuto\" \/>\n<script type=\"application\/ld+json\" class=\"yoast-schema-graph\">{\"@context\":\"https:\/\/schema.org\",\"@graph\":[{\"@type\":\"WebPage\",\"@id\":\"https:\/\/johndavidsatsang.international\/blueprints-european-masters\/\",\"url\":\"https:\/\/johndavidsatsang.international\/blueprints-european-masters\/\",\"name\":\"Sri Ramana Maharshi - [NEW BOOK] \u2022 AHAM SPHURANA\",\"isPartOf\":{\"@id\":\"https:\/\/johndavidsatsang.international\/ru\/#website\"},\"primaryImageOfPage\":{\"@id\":\"https:\/\/johndavidsatsang.international\/blueprints-european-masters\/#primaryimage\"},\"image\":{\"@id\":\"https:\/\/johndavidsatsang.international\/blueprints-european-masters\/#primaryimage\"},\"thumbnailUrl\":\"https:\/\/johndavidsatsang.international\/wp-content\/uploads\/2023\/02\/ramana-laughing-new.jpg\",\"datePublished\":\"2026-03-01T20:56:04+00:00\",\"dateModified\":\"2026-03-01T20:58:28+00:00\",\"description\":\"Sri Ramana Maharshi - El Santo de Arunachala - Tiruvannamalai. Famoso por sus ense\u00f1anzas sobre la indagaci\u00f3n del Ser: \\\"Nan Yar, \u00bfQui\u00e9n soy yo?\\\"\",\"breadcrumb\":{\"@id\":\"https:\/\/johndavidsatsang.international\/blueprints-european-masters\/#breadcrumb\"},\"inLanguage\":\"es\",\"potentialAction\":[{\"@type\":\"ReadAction\",\"target\":[\"https:\/\/johndavidsatsang.international\/blueprints-european-masters\/\"]}]},{\"@type\":\"ImageObject\",\"inLanguage\":\"es\",\"@id\":\"https:\/\/johndavidsatsang.international\/blueprints-european-masters\/#primaryimage\",\"url\":\"https:\/\/johndavidsatsang.international\/wp-content\/uploads\/2023\/02\/ramana-laughing-new.jpg\",\"contentUrl\":\"https:\/\/johndavidsatsang.international\/wp-content\/uploads\/2023\/02\/ramana-laughing-new.jpg\",\"width\":986,\"height\":1294},{\"@type\":\"BreadcrumbList\",\"@id\":\"https:\/\/johndavidsatsang.international\/blueprints-european-masters\/#breadcrumb\",\"itemListElement\":[{\"@type\":\"ListItem\",\"position\":1,\"name\":\"Home\",\"item\":\"https:\/\/johndavidsatsang.international\/es\/\"},{\"@type\":\"ListItem\",\"position\":2,\"name\":\"Planos Maestros Europeos\"}]},{\"@type\":\"WebSite\",\"@id\":\"https:\/\/johndavidsatsang.international\/ru\/#website\",\"url\":\"https:\/\/johndavidsatsang.international\/ru\/\",\"name\":\"John David Satsang\",\"description\":\"Satsang with John David\",\"publisher\":{\"@id\":\"https:\/\/johndavidsatsang.international\/ru\/#organization\"},\"potentialAction\":[{\"@type\":\"SearchAction\",\"target\":{\"@type\":\"EntryPoint\",\"urlTemplate\":\"https:\/\/johndavidsatsang.international\/ru\/?s={search_term_string}\"},\"query-input\":{\"@type\":\"PropertyValueSpecification\",\"valueRequired\":true,\"valueName\":\"search_term_string\"}}],\"inLanguage\":\"es\"},{\"@type\":\"Organization\",\"@id\":\"https:\/\/johndavidsatsang.international\/ru\/#organization\",\"name\":\"John David Satsang\",\"url\":\"https:\/\/johndavidsatsang.international\/ru\/\",\"logo\":{\"@type\":\"ImageObject\",\"inLanguage\":\"es\",\"@id\":\"https:\/\/johndavidsatsang.international\/ru\/#\/schema\/logo\/image\/\",\"url\":\"https:\/\/johndavidsatsang.international\/wp-content\/uploads\/2020\/08\/sign-black-spiritual-teacher.png\",\"contentUrl\":\"https:\/\/johndavidsatsang.international\/wp-content\/uploads\/2020\/08\/sign-black-spiritual-teacher.png\",\"width\":372,\"height\":179,\"caption\":\"John David Satsang\"},\"image\":{\"@id\":\"https:\/\/johndavidsatsang.international\/ru\/#\/schema\/logo\/image\/\"}}]}<\/script>\n<!-- \/ Yoast SEO plugin. -->","yoast_head_json":{"title":"Sri Ramana Maharshi - [NEW BOOK] \u2022 AHAM SPHURANA","description":"Sri Ramana Maharshi - El Santo de Arunachala - Tiruvannamalai. Famoso por sus ense\u00f1anzas sobre la indagaci\u00f3n del Ser: \"Nan Yar, \u00bfQui\u00e9n soy yo?\"","robots":{"index":"index","follow":"follow","max-snippet":"max-snippet:-1","max-image-preview":"max-image-preview:large","max-video-preview":"max-video-preview:-1"},"canonical":"https:\/\/johndavidsatsang.international\/blueprints-european-masters\/","og_locale":"es_ES","og_type":"article","og_title":"Sri Ramana Maharshi - El Santo de Arunachala (su biograf\u00eda, una pel\u00edcula extraordinaria y mucho m\u00e1s)","og_description":"Sri Ramana Maharshi - El Santo de Arunachala - Tiruvannamalai. Famoso por sus ense\u00f1anzas sobre la indagaci\u00f3n del Ser: \"Nan Yar, \u00bfQui\u00e9n soy yo?\"","og_url":"https:\/\/johndavidsatsang.international\/blueprints-european-masters\/","og_site_name":"John David Satsang","article_modified_time":"2026-03-01T20:58:28+00:00","og_image":[{"url":"https:\/\/johndavidsatsang.international\/wp-content\/uploads\/2023\/02\/ramana-laughing-new.jpg","type":"","width":"","height":""}],"twitter_card":"summary_large_image","twitter_title":"Sri Ramana Maharshi - El Santo de Arunachala (su biograf\u00eda, una pel\u00edcula extraordinaria y mucho m\u00e1s)","twitter_description":"Sri Ramana Maharshi - El Santo de Arunachala - Tiruvannamalai. Famoso por sus ense\u00f1anzas sobre la indagaci\u00f3n del Ser: \"Nan Yar, \u00bfQui\u00e9n soy yo?\"","twitter_image":"https:\/\/johndavidsatsang.international\/wp-content\/uploads\/2023\/02\/ramana-laughing-new.jpg","twitter_misc":{"Tiempo de lectura":"1 minuto"},"schema":{"@context":"https:\/\/schema.org","@graph":[{"@type":"WebPage","@id":"https:\/\/johndavidsatsang.international\/blueprints-european-masters\/","url":"https:\/\/johndavidsatsang.international\/blueprints-european-masters\/","name":"Sri Ramana Maharshi - [NEW BOOK] \u2022 AHAM SPHURANA","isPartOf":{"@id":"https:\/\/johndavidsatsang.international\/ru\/#website"},"primaryImageOfPage":{"@id":"https:\/\/johndavidsatsang.international\/blueprints-european-masters\/#primaryimage"},"image":{"@id":"https:\/\/johndavidsatsang.international\/blueprints-european-masters\/#primaryimage"},"thumbnailUrl":"https:\/\/johndavidsatsang.international\/wp-content\/uploads\/2023\/02\/ramana-laughing-new.jpg","datePublished":"2026-03-01T20:56:04+00:00","dateModified":"2026-03-01T20:58:28+00:00","description":"Sri Ramana Maharshi - El Santo de Arunachala - Tiruvannamalai. Famoso por sus ense\u00f1anzas sobre la indagaci\u00f3n del Ser: \"Nan Yar, \u00bfQui\u00e9n soy yo?\"","breadcrumb":{"@id":"https:\/\/johndavidsatsang.international\/blueprints-european-masters\/#breadcrumb"},"inLanguage":"es","potentialAction":[{"@type":"ReadAction","target":["https:\/\/johndavidsatsang.international\/blueprints-european-masters\/"]}]},{"@type":"ImageObject","inLanguage":"es","@id":"https:\/\/johndavidsatsang.international\/blueprints-european-masters\/#primaryimage","url":"https:\/\/johndavidsatsang.international\/wp-content\/uploads\/2023\/02\/ramana-laughing-new.jpg","contentUrl":"https:\/\/johndavidsatsang.international\/wp-content\/uploads\/2023\/02\/ramana-laughing-new.jpg","width":986,"height":1294},{"@type":"BreadcrumbList","@id":"https:\/\/johndavidsatsang.international\/blueprints-european-masters\/#breadcrumb","itemListElement":[{"@type":"ListItem","position":1,"name":"Home","item":"https:\/\/johndavidsatsang.international\/es\/"},{"@type":"ListItem","position":2,"name":"Planos Maestros Europeos"}]},{"@type":"WebSite","@id":"https:\/\/johndavidsatsang.international\/ru\/#website","url":"https:\/\/johndavidsatsang.international\/ru\/","name":"John David Satsang","description":"Satsang with John David","publisher":{"@id":"https:\/\/johndavidsatsang.international\/ru\/#organization"},"potentialAction":[{"@type":"SearchAction","target":{"@type":"EntryPoint","urlTemplate":"https:\/\/johndavidsatsang.international\/ru\/?s={search_term_string}"},"query-input":{"@type":"PropertyValueSpecification","valueRequired":true,"valueName":"search_term_string"}}],"inLanguage":"es"},{"@type":"Organization","@id":"https:\/\/johndavidsatsang.international\/ru\/#organization","name":"John David Satsang","url":"https:\/\/johndavidsatsang.international\/ru\/","logo":{"@type":"ImageObject","inLanguage":"es","@id":"https:\/\/johndavidsatsang.international\/ru\/#\/schema\/logo\/image\/","url":"https:\/\/johndavidsatsang.international\/wp-content\/uploads\/2020\/08\/sign-black-spiritual-teacher.png","contentUrl":"https:\/\/johndavidsatsang.international\/wp-content\/uploads\/2020\/08\/sign-black-spiritual-teacher.png","width":372,"height":179,"caption":"John David Satsang"},"image":{"@id":"https:\/\/johndavidsatsang.international\/ru\/#\/schema\/logo\/image\/"}}]}},"_links":{"self":[{"href":"https:\/\/johndavidsatsang.international\/es\/wp-json\/wp\/v2\/pages\/117130","targetHints":{"allow":["GET"]}}],"collection":[{"href":"https:\/\/johndavidsatsang.international\/es\/wp-json\/wp\/v2\/pages"}],"about":[{"href":"https:\/\/johndavidsatsang.international\/es\/wp-json\/wp\/v2\/types\/page"}],"author":[{"embeddable":true,"href":"https:\/\/johndavidsatsang.international\/es\/wp-json\/wp\/v2\/users\/6"}],"replies":[{"embeddable":true,"href":"https:\/\/johndavidsatsang.international\/es\/wp-json\/wp\/v2\/comments?post=117130"}],"version-history":[{"count":4,"href":"https:\/\/johndavidsatsang.international\/es\/wp-json\/wp\/v2\/pages\/117130\/revisions"}],"predecessor-version":[{"id":117149,"href":"https:\/\/johndavidsatsang.international\/es\/wp-json\/wp\/v2\/pages\/117130\/revisions\/117149"}],"wp:featuredmedia":[{"embeddable":true,"href":"https:\/\/johndavidsatsang.international\/es\/wp-json\/wp\/v2\/media\/61952"}],"wp:attachment":[{"href":"https:\/\/johndavidsatsang.international\/es\/wp-json\/wp\/v2\/media?parent=117130"}],"curies":[{"name":"wp","href":"https:\/\/api.w.org\/{rel}","templated":true}]}}