{"id":119714,"date":"2026-03-28T11:06:48","date_gmt":"2026-03-28T09:06:48","guid":{"rendered":"https:\/\/johndavidsatsang.international\/compra-de-entradas-zoom\/"},"modified":"2026-03-28T15:58:37","modified_gmt":"2026-03-28T13:58:37","slug":"compra-de-entradas-zoom","status":"publish","type":"page","link":"https:\/\/johndavidsatsang.international\/es\/compra-de-entradas-zoom\/","title":{"rendered":"Compra de entradas Zoom"},"content":{"rendered":"\t\t<div data-elementor-type=\"wp-page\" data-elementor-id=\"119714\" class=\"elementor elementor-119714 elementor-117924\" data-elementor-post-type=\"page\">\n\t\t\t\t\t\t<section class=\"elementor-section elementor-top-section elementor-element elementor-element-2b2caaf elementor-section-boxed elementor-section-height-default elementor-section-height-default\" data-id=\"2b2caaf\" data-element_type=\"section\" data-e-type=\"section\">\n\t\t\t\t\t\t<div class=\"elementor-container elementor-column-gap-default\">\n\t\t\t\t\t<div class=\"elementor-column elementor-col-100 elementor-top-column elementor-element elementor-element-6f002a8\" data-id=\"6f002a8\" data-element_type=\"column\" data-e-type=\"column\">\n\t\t\t<div class=\"elementor-widget-wrap elementor-element-populated\">\n\t\t\t\t\t\t<div class=\"elementor-element elementor-element-c5bbda1 elementor-widget elementor-widget-image\" data-id=\"c5bbda1\" data-element_type=\"widget\" data-e-type=\"widget\" data-widget_type=\"image.default\">\n\t\t\t\t<div class=\"elementor-widget-container\">\n\t\t\t\t\t\t\t\t\t\t\t\t\t\t\t<img fetchpriority=\"high\" decoding=\"async\" width=\"800\" height=\"558\" src=\"https:\/\/johndavidsatsang.international\/wp-content\/uploads\/2023\/04\/zoom-pic-2023-1024x714.jpg\" class=\"attachment-large size-large wp-image-64721\" alt=\"\" srcset=\"https:\/\/johndavidsatsang.international\/wp-content\/uploads\/2023\/04\/zoom-pic-2023-1024x714.jpg 1024w, https:\/\/johndavidsatsang.international\/wp-content\/uploads\/2023\/04\/zoom-pic-2023-600x418.jpg 600w, https:\/\/johndavidsatsang.international\/wp-content\/uploads\/2023\/04\/zoom-pic-2023-300x209.jpg 300w, https:\/\/johndavidsatsang.international\/wp-content\/uploads\/2023\/04\/zoom-pic-2023-768x535.jpg 768w, https:\/\/johndavidsatsang.international\/wp-content\/uploads\/2023\/04\/zoom-pic-2023-1536x1071.jpg 1536w, https:\/\/johndavidsatsang.international\/wp-content\/uploads\/2023\/04\/zoom-pic-2023.jpg 1690w\" sizes=\"(max-width: 800px) 100vw, 800px\" \/>\t\t\t\t\t\t\t\t\t\t\t\t\t\t\t<\/div>\n\t\t\t\t<\/div>\n\t\t\t\t<div class=\"elementor-element elementor-element-894639d elementor-widget elementor-widget-heading\" data-id=\"894639d\" data-element_type=\"widget\" data-e-type=\"widget\" data-widget_type=\"heading.default\">\n\t\t\t\t<div class=\"elementor-widget-container\">\n\t\t\t\t\t<h2 class=\"elementor-heading-title elementor-size-default\">Aqu\u00ed puedes comprar tu Entrada<\/h2>\t\t\t\t<\/div>\n\t\t\t\t<\/div>\n\t\t\t\t<div class=\"elementor-element elementor-element-d2fb784 elementor-widget elementor-widget-text-editor\" data-id=\"d2fb784\" data-element_type=\"widget\" data-e-type=\"widget\" data-widget_type=\"text-editor.default\">\n\t\t\t\t<div class=\"elementor-widget-container\">\n\t\t\t\t\t\t\t\t\t<p>Recibir\u00e1s acceso a la reuni\u00f3n de Zoom por correo electr\u00f3nico.<\/p>\t\t\t\t\t\t\t\t<\/div>\n\t\t\t\t<\/div>\n\t\t\t\t\t<\/div>\n\t\t<\/div>\n\t\t\t\t\t<\/div>\n\t\t<\/section>\n\t\t\t\t<section class=\"elementor-section elementor-top-section elementor-element elementor-element-025f852 elementor-section-boxed elementor-section-height-default elementor-section-height-default\" data-id=\"025f852\" data-element_type=\"section\" data-e-type=\"section\">\n\t\t\t\t\t\t<div class=\"elementor-container elementor-column-gap-default\">\n\t\t\t\t\t<div class=\"elementor-column elementor-col-33 elementor-top-column elementor-element elementor-element-f6c108a\" data-id=\"f6c108a\" data-element_type=\"column\" data-e-type=\"column\" data-settings=\"{&quot;background_background&quot;:&quot;classic&quot;}\">\n\t\t\t<div class=\"elementor-widget-wrap elementor-element-populated\">\n\t\t\t\t\t\t<div class=\"elementor-element elementor-element-e10ab3e elementor-widget elementor-widget-heading\" data-id=\"e10ab3e\" data-element_type=\"widget\" data-e-type=\"widget\" data-widget_type=\"heading.default\">\n\t\t\t\t<div class=\"elementor-widget-container\">\n\t\t\t\t\t<h2 class=\"elementor-heading-title elementor-size-default\">Billete de Concesi\u00f3n<\/h2>\t\t\t\t<\/div>\n\t\t\t\t<\/div>\n\t\t\t\t<div class=\"elementor-element elementor-element-a914569 elementor-widget elementor-widget-text-editor\" data-id=\"a914569\" data-element_type=\"widget\" data-e-type=\"widget\" data-widget_type=\"text-editor.default\">\n\t\t\t\t<div class=\"elementor-widget-container\">\n\t\t\t\t\t\t\t\t\t<p>Para estudiantes y personas con poca capacidad econ\u00f3mica<\/p>\t\t\t\t\t\t\t\t<\/div>\n\t\t\t\t<\/div>\n\t\t\t\t<div class=\"elementor-element elementor-element-5486b94 elementor-widget elementor-widget-heading\" data-id=\"5486b94\" data-element_type=\"widget\" data-e-type=\"widget\" data-widget_type=\"heading.default\">\n\t\t\t\t<div class=\"elementor-widget-container\">\n\t\t\t\t\t<h2 class=\"elementor-heading-title elementor-size-default\">8\u20ac<\/h2>\t\t\t\t<\/div>\n\t\t\t\t<\/div>\n\t\t\t\t<div class=\"elementor-element elementor-element-36914c9 elementor-align-center elementor-widget elementor-widget-button\" data-id=\"36914c9\" data-element_type=\"widget\" data-e-type=\"widget\" data-widget_type=\"button.default\">\n\t\t\t\t<div class=\"elementor-widget-container\">\n\t\t\t\t\t\t\t\t\t<div class=\"elementor-button-wrapper\">\n\t\t\t\t\t<a class=\"elementor-button elementor-button-link elementor-size-sm elementor-animation-grow\" href=\"https:\/\/johndavidsatsang.international\/es\/pago\/?add-to-cart=117923&#038;quantity=1\">\n\t\t\t\t\t\t<span class=\"elementor-button-content-wrapper\">\n\t\t\t\t\t\t\t\t\t<span class=\"elementor-button-text\">Comprar ahora<\/span>\n\t\t\t\t\t<\/span>\n\t\t\t\t\t<\/a>\n\t\t\t\t<\/div>\n\t\t\t\t\t\t\t\t<\/div>\n\t\t\t\t<\/div>\n\t\t\t\t\t<\/div>\n\t\t<\/div>\n\t\t\t\t<div class=\"elementor-column elementor-col-33 elementor-top-column elementor-element elementor-element-7556321\" data-id=\"7556321\" data-element_type=\"column\" data-e-type=\"column\" data-settings=\"{&quot;background_background&quot;:&quot;classic&quot;}\">\n\t\t\t<div class=\"elementor-widget-wrap elementor-element-populated\">\n\t\t\t\t\t\t<div class=\"elementor-element elementor-element-ceb90d1 elementor-widget elementor-widget-heading\" data-id=\"ceb90d1\" data-element_type=\"widget\" data-e-type=\"widget\" data-widget_type=\"heading.default\">\n\t\t\t\t<div class=\"elementor-widget-container\">\n\t\t\t\t\t<h2 class=\"elementor-heading-title elementor-size-default\">Billete Est\u00e1ndar<\/h2>\t\t\t\t<\/div>\n\t\t\t\t<\/div>\n\t\t\t\t<div class=\"elementor-element elementor-element-8161d73 elementor-widget elementor-widget-text-editor\" data-id=\"8161d73\" data-element_type=\"widget\" data-e-type=\"widget\" data-widget_type=\"text-editor.default\">\n\t\t\t\t<div class=\"elementor-widget-container\">\n\t\t\t\t\t\t\t\t\t<p>La contribuci\u00f3n normal para las Reuniones de Satsang<\/p>\t\t\t\t\t\t\t\t<\/div>\n\t\t\t\t<\/div>\n\t\t\t\t<div class=\"elementor-element elementor-element-2189ce2 elementor-widget elementor-widget-heading\" data-id=\"2189ce2\" data-element_type=\"widget\" data-e-type=\"widget\" data-widget_type=\"heading.default\">\n\t\t\t\t<div class=\"elementor-widget-container\">\n\t\t\t\t\t<h2 class=\"elementor-heading-title elementor-size-default\">15\u20ac<\/h2>\t\t\t\t<\/div>\n\t\t\t\t<\/div>\n\t\t\t\t<div class=\"elementor-element elementor-element-3e63b5e elementor-align-center elementor-widget elementor-widget-button\" data-id=\"3e63b5e\" data-element_type=\"widget\" data-e-type=\"widget\" data-widget_type=\"button.default\">\n\t\t\t\t<div class=\"elementor-widget-container\">\n\t\t\t\t\t\t\t\t\t<div class=\"elementor-button-wrapper\">\n\t\t\t\t\t<a class=\"elementor-button elementor-button-link elementor-size-sm elementor-animation-grow\" href=\"https:\/\/johndavidsatsang.international\/es\/pago\/?add-to-cart=117933&#038;quantity=1\">\n\t\t\t\t\t\t<span class=\"elementor-button-content-wrapper\">\n\t\t\t\t\t\t\t\t\t<span class=\"elementor-button-text\">Comprar ahora<\/span>\n\t\t\t\t\t<\/span>\n\t\t\t\t\t<\/a>\n\t\t\t\t<\/div>\n\t\t\t\t\t\t\t\t<\/div>\n\t\t\t\t<\/div>\n\t\t\t\t\t<\/div>\n\t\t<\/div>\n\t\t\t\t<div class=\"elementor-column elementor-col-33 elementor-top-column elementor-element elementor-element-fb6d6c7\" data-id=\"fb6d6c7\" data-element_type=\"column\" data-e-type=\"column\" data-settings=\"{&quot;background_background&quot;:&quot;classic&quot;}\">\n\t\t\t<div class=\"elementor-widget-wrap elementor-element-populated\">\n\t\t\t\t\t\t<div class=\"elementor-element elementor-element-396dd5a elementor-widget elementor-widget-heading\" data-id=\"396dd5a\" data-element_type=\"widget\" data-e-type=\"widget\" data-widget_type=\"heading.default\">\n\t\t\t\t<div class=\"elementor-widget-container\">\n\t\t\t\t\t<h2 class=\"elementor-heading-title elementor-size-default\">Ticket de asistencia Satsang<\/h2>\t\t\t\t<\/div>\n\t\t\t\t<\/div>\n\t\t\t\t<div class=\"elementor-element elementor-element-488df5b elementor-widget elementor-widget-text-editor\" data-id=\"488df5b\" data-element_type=\"widget\" data-e-type=\"widget\" data-widget_type=\"text-editor.default\">\n\t\t\t\t<div class=\"elementor-widget-container\">\n\t\t\t\t\t\t\t\t\t<p>Para personas que quieren apoyar el Satsang<\/p>\t\t\t\t\t\t\t\t<\/div>\n\t\t\t\t<\/div>\n\t\t\t\t<div class=\"elementor-element elementor-element-647f6a6 elementor-widget elementor-widget-heading\" data-id=\"647f6a6\" data-element_type=\"widget\" data-e-type=\"widget\" data-widget_type=\"heading.default\">\n\t\t\t\t<div class=\"elementor-widget-container\">\n\t\t\t\t\t<h2 class=\"elementor-heading-title elementor-size-default\">25\u20ac<\/h2>\t\t\t\t<\/div>\n\t\t\t\t<\/div>\n\t\t\t\t<div class=\"elementor-element elementor-element-bfac15b elementor-align-center elementor-widget elementor-widget-button\" data-id=\"bfac15b\" data-element_type=\"widget\" data-e-type=\"widget\" data-widget_type=\"button.default\">\n\t\t\t\t<div class=\"elementor-widget-container\">\n\t\t\t\t\t\t\t\t\t<div class=\"elementor-button-wrapper\">\n\t\t\t\t\t<a class=\"elementor-button elementor-button-link elementor-size-sm elementor-animation-grow\" href=\"https:\/\/johndavidsatsang.international\/es\/pago\/?add-to-cart=117934&#038;quantity=1\">\n\t\t\t\t\t\t<span class=\"elementor-button-content-wrapper\">\n\t\t\t\t\t\t\t\t\t<span class=\"elementor-button-text\">Comprar ahora<\/span>\n\t\t\t\t\t<\/span>\n\t\t\t\t\t<\/a>\n\t\t\t\t<\/div>\n\t\t\t\t\t\t\t\t<\/div>\n\t\t\t\t<\/div>\n\t\t\t\t\t<\/div>\n\t\t<\/div>\n\t\t\t\t\t<\/div>\n\t\t<\/section>\n\t\t\t\t<section class=\"elementor-section elementor-top-section elementor-element elementor-element-837dfad elementor-section-boxed elementor-section-height-default elementor-section-height-default\" data-id=\"837dfad\" data-element_type=\"section\" data-e-type=\"section\">\n\t\t\t\t\t\t<div class=\"elementor-container elementor-column-gap-default\">\n\t\t\t\t\t<div class=\"elementor-column elementor-col-100 elementor-top-column elementor-element elementor-element-2c650e7\" data-id=\"2c650e7\" data-element_type=\"column\" data-e-type=\"column\">\n\t\t\t<div class=\"elementor-widget-wrap elementor-element-populated\">\n\t\t\t\t\t\t<div class=\"elementor-element elementor-element-bbd51a0 elementor-widget elementor-widget-text-editor\" data-id=\"bbd51a0\" data-element_type=\"widget\" data-e-type=\"widget\" data-widget_type=\"text-editor.default\">\n\t\t\t\t<div class=\"elementor-widget-container\">\n\t\t\t\t\t\t\t\t\t<p>Si el pago no funciona, no dudes en ponerte en contacto directamente con el equipo.  <br>Estaremos encantados de ayudarte a participar en la reuni\u00f3n.  <\/p><p>M\u00f3vil y Whatsapp: +49 (0) 152 22 473 253  <\/p><p>Email: oficina@encuentrosjohndavid.org <\/p>\t\t\t\t\t\t\t\t<\/div>\n\t\t\t\t<\/div>\n\t\t\t\t\t<\/div>\n\t\t<\/div>\n\t\t\t\t\t<\/div>\n\t\t<\/section>\n\t\t\t\t<\/div>\n\t\t","protected":false},"excerpt":{"rendered":"<p>Aqu\u00ed puedes comprar tu Entrada Recibir\u00e1s acceso a la reuni\u00f3n de Zoom por correo electr\u00f3nico. Billete de Concesi\u00f3n Para estudiantes y personas con poca capacidad econ\u00f3mica 8\u20ac Comprar ahora Billete Est\u00e1ndar La contribuci\u00f3n normal para las Reuniones de Satsang 15\u20ac Comprar ahora Ticket de asistencia Satsang Para personas que quieren apoyar el Satsang 25\u20ac Comprar [&hellip;]<\/p>\n","protected":false},"author":6,"featured_media":0,"parent":0,"menu_order":0,"comment_status":"closed","ping_status":"closed","template":"","meta":{"footnotes":""},"class_list":["post-119714","page","type-page","status-publish","hentry"],"yoast_head":"<!-- This site is optimized with the Yoast SEO plugin v27.2 - https:\/\/yoast.com\/product\/yoast-seo-wordpress\/ -->\n<title>Compra de entradas Zoom - John David Satsang<\/title>\n<meta name=\"robots\" content=\"index, follow, max-snippet:-1, max-image-preview:large, max-video-preview:-1\" \/>\n<link rel=\"canonical\" href=\"https:\/\/johndavidsatsang.international\/zoom-ticket-purchase\/\" \/>\n<meta property=\"og:locale\" content=\"es_ES\" \/>\n<meta property=\"og:type\" content=\"article\" \/>\n<meta property=\"og:title\" content=\"Compra de entradas Zoom - John David Satsang\" \/>\n<meta property=\"og:description\" content=\"Aqu\u00ed puedes comprar tu Entrada Recibir\u00e1s acceso a la reuni\u00f3n de Zoom por correo electr\u00f3nico. Billete de Concesi\u00f3n Para estudiantes y personas con poca capacidad econ\u00f3mica 8\u20ac Comprar ahora Billete Est\u00e1ndar La contribuci\u00f3n normal para las Reuniones de Satsang 15\u20ac Comprar ahora Ticket de asistencia Satsang Para personas que quieren apoyar el Satsang 25\u20ac Comprar [&hellip;]\" \/>\n<meta property=\"og:url\" content=\"https:\/\/johndavidsatsang.international\/zoom-ticket-purchase\/\" \/>\n<meta property=\"og:site_name\" content=\"John David Satsang\" \/>\n<meta property=\"article:modified_time\" content=\"2026-03-28T13:58:37+00:00\" \/>\n<meta property=\"og:image\" content=\"https:\/\/johndavidsatsang.international\/wp-content\/uploads\/2023\/04\/zoom-pic-2023.jpg\" \/>\n\t<meta property=\"og:image:width\" content=\"1690\" \/>\n\t<meta property=\"og:image:height\" content=\"1178\" \/>\n\t<meta property=\"og:image:type\" content=\"image\/jpeg\" \/>\n<meta name=\"twitter:card\" content=\"summary_large_image\" \/>\n<meta name=\"twitter:label1\" content=\"Tiempo de lectura\" \/>\n\t<meta name=\"twitter:data1\" content=\"1 minuto\" \/>\n<script type=\"application\/ld+json\" class=\"yoast-schema-graph\">{\"@context\":\"https:\/\/schema.org\",\"@graph\":[{\"@type\":\"WebPage\",\"@id\":\"https:\/\/johndavidsatsang.international\/zoom-ticket-purchase\/\",\"url\":\"https:\/\/johndavidsatsang.international\/zoom-ticket-purchase\/\",\"name\":\"Compra de entradas Zoom - John David Satsang\",\"isPartOf\":{\"@id\":\"https:\/\/johndavidsatsang.international\/ru\/#website\"},\"primaryImageOfPage\":{\"@id\":\"https:\/\/johndavidsatsang.international\/zoom-ticket-purchase\/#primaryimage\"},\"image\":{\"@id\":\"https:\/\/johndavidsatsang.international\/zoom-ticket-purchase\/#primaryimage\"},\"thumbnailUrl\":\"https:\/\/johndavidsatsang.international\/wp-content\/uploads\/2023\/04\/zoom-pic-2023-1024x714.jpg\",\"datePublished\":\"2026-03-28T09:06:48+00:00\",\"dateModified\":\"2026-03-28T13:58:37+00:00\",\"breadcrumb\":{\"@id\":\"https:\/\/johndavidsatsang.international\/zoom-ticket-purchase\/#breadcrumb\"},\"inLanguage\":\"es\",\"potentialAction\":[{\"@type\":\"ReadAction\",\"target\":[\"https:\/\/johndavidsatsang.international\/zoom-ticket-purchase\/\"]}]},{\"@type\":\"ImageObject\",\"inLanguage\":\"es\",\"@id\":\"https:\/\/johndavidsatsang.international\/zoom-ticket-purchase\/#primaryimage\",\"url\":\"https:\/\/johndavidsatsang.international\/wp-content\/uploads\/2023\/04\/zoom-pic-2023-1024x714.jpg\",\"contentUrl\":\"https:\/\/johndavidsatsang.international\/wp-content\/uploads\/2023\/04\/zoom-pic-2023-1024x714.jpg\"},{\"@type\":\"BreadcrumbList\",\"@id\":\"https:\/\/johndavidsatsang.international\/zoom-ticket-purchase\/#breadcrumb\",\"itemListElement\":[{\"@type\":\"ListItem\",\"position\":1,\"name\":\"Home\",\"item\":\"https:\/\/johndavidsatsang.international\/\"},{\"@type\":\"ListItem\",\"position\":2,\"name\":\"Compra de entradas Zoom\"}]},{\"@type\":\"WebSite\",\"@id\":\"https:\/\/johndavidsatsang.international\/ru\/#website\",\"url\":\"https:\/\/johndavidsatsang.international\/ru\/\",\"name\":\"John David Satsang\",\"description\":\"Satsang with John David\",\"publisher\":{\"@id\":\"https:\/\/johndavidsatsang.international\/ru\/#organization\"},\"potentialAction\":[{\"@type\":\"SearchAction\",\"target\":{\"@type\":\"EntryPoint\",\"urlTemplate\":\"https:\/\/johndavidsatsang.international\/ru\/?s={search_term_string}\"},\"query-input\":{\"@type\":\"PropertyValueSpecification\",\"valueRequired\":true,\"valueName\":\"search_term_string\"}}],\"inLanguage\":\"es\"},{\"@type\":\"Organization\",\"@id\":\"https:\/\/johndavidsatsang.international\/ru\/#organization\",\"name\":\"John David Satsang\",\"url\":\"https:\/\/johndavidsatsang.international\/ru\/\",\"logo\":{\"@type\":\"ImageObject\",\"inLanguage\":\"es\",\"@id\":\"https:\/\/johndavidsatsang.international\/ru\/#\/schema\/logo\/image\/\",\"url\":\"https:\/\/johndavidsatsang.international\/wp-content\/uploads\/2020\/08\/sign-black-spiritual-teacher.png\",\"contentUrl\":\"https:\/\/johndavidsatsang.international\/wp-content\/uploads\/2020\/08\/sign-black-spiritual-teacher.png\",\"width\":372,\"height\":179,\"caption\":\"John David Satsang\"},\"image\":{\"@id\":\"https:\/\/johndavidsatsang.international\/ru\/#\/schema\/logo\/image\/\"}}]}<\/script>\n<!-- \/ Yoast SEO plugin. -->","yoast_head_json":{"title":"Compra de entradas Zoom - John David Satsang","robots":{"index":"index","follow":"follow","max-snippet":"max-snippet:-1","max-image-preview":"max-image-preview:large","max-video-preview":"max-video-preview:-1"},"canonical":"https:\/\/johndavidsatsang.international\/zoom-ticket-purchase\/","og_locale":"es_ES","og_type":"article","og_title":"Compra de entradas Zoom - John David Satsang","og_description":"Aqu\u00ed puedes comprar tu Entrada Recibir\u00e1s acceso a la reuni\u00f3n de Zoom por correo electr\u00f3nico. Billete de Concesi\u00f3n Para estudiantes y personas con poca capacidad econ\u00f3mica 8\u20ac Comprar ahora Billete Est\u00e1ndar La contribuci\u00f3n normal para las Reuniones de Satsang 15\u20ac Comprar ahora Ticket de asistencia Satsang Para personas que quieren apoyar el Satsang 25\u20ac Comprar [&hellip;]","og_url":"https:\/\/johndavidsatsang.international\/zoom-ticket-purchase\/","og_site_name":"John David Satsang","article_modified_time":"2026-03-28T13:58:37+00:00","og_image":[{"width":1690,"height":1178,"url":"https:\/\/johndavidsatsang.international\/wp-content\/uploads\/2023\/04\/zoom-pic-2023.jpg","type":"image\/jpeg"}],"twitter_card":"summary_large_image","twitter_misc":{"Tiempo de lectura":"1 minuto"},"schema":{"@context":"https:\/\/schema.org","@graph":[{"@type":"WebPage","@id":"https:\/\/johndavidsatsang.international\/zoom-ticket-purchase\/","url":"https:\/\/johndavidsatsang.international\/zoom-ticket-purchase\/","name":"Compra de entradas Zoom - John David Satsang","isPartOf":{"@id":"https:\/\/johndavidsatsang.international\/ru\/#website"},"primaryImageOfPage":{"@id":"https:\/\/johndavidsatsang.international\/zoom-ticket-purchase\/#primaryimage"},"image":{"@id":"https:\/\/johndavidsatsang.international\/zoom-ticket-purchase\/#primaryimage"},"thumbnailUrl":"https:\/\/johndavidsatsang.international\/wp-content\/uploads\/2023\/04\/zoom-pic-2023-1024x714.jpg","datePublished":"2026-03-28T09:06:48+00:00","dateModified":"2026-03-28T13:58:37+00:00","breadcrumb":{"@id":"https:\/\/johndavidsatsang.international\/zoom-ticket-purchase\/#breadcrumb"},"inLanguage":"es","potentialAction":[{"@type":"ReadAction","target":["https:\/\/johndavidsatsang.international\/zoom-ticket-purchase\/"]}]},{"@type":"ImageObject","inLanguage":"es","@id":"https:\/\/johndavidsatsang.international\/zoom-ticket-purchase\/#primaryimage","url":"https:\/\/johndavidsatsang.international\/wp-content\/uploads\/2023\/04\/zoom-pic-2023-1024x714.jpg","contentUrl":"https:\/\/johndavidsatsang.international\/wp-content\/uploads\/2023\/04\/zoom-pic-2023-1024x714.jpg"},{"@type":"BreadcrumbList","@id":"https:\/\/johndavidsatsang.international\/zoom-ticket-purchase\/#breadcrumb","itemListElement":[{"@type":"ListItem","position":1,"name":"Home","item":"https:\/\/johndavidsatsang.international\/"},{"@type":"ListItem","position":2,"name":"Compra de entradas Zoom"}]},{"@type":"WebSite","@id":"https:\/\/johndavidsatsang.international\/ru\/#website","url":"https:\/\/johndavidsatsang.international\/ru\/","name":"John David Satsang","description":"Satsang with John David","publisher":{"@id":"https:\/\/johndavidsatsang.international\/ru\/#organization"},"potentialAction":[{"@type":"SearchAction","target":{"@type":"EntryPoint","urlTemplate":"https:\/\/johndavidsatsang.international\/ru\/?s={search_term_string}"},"query-input":{"@type":"PropertyValueSpecification","valueRequired":true,"valueName":"search_term_string"}}],"inLanguage":"es"},{"@type":"Organization","@id":"https:\/\/johndavidsatsang.international\/ru\/#organization","name":"John David Satsang","url":"https:\/\/johndavidsatsang.international\/ru\/","logo":{"@type":"ImageObject","inLanguage":"es","@id":"https:\/\/johndavidsatsang.international\/ru\/#\/schema\/logo\/image\/","url":"https:\/\/johndavidsatsang.international\/wp-content\/uploads\/2020\/08\/sign-black-spiritual-teacher.png","contentUrl":"https:\/\/johndavidsatsang.international\/wp-content\/uploads\/2020\/08\/sign-black-spiritual-teacher.png","width":372,"height":179,"caption":"John David Satsang"},"image":{"@id":"https:\/\/johndavidsatsang.international\/ru\/#\/schema\/logo\/image\/"}}]}},"_links":{"self":[{"href":"https:\/\/johndavidsatsang.international\/es\/wp-json\/wp\/v2\/pages\/119714","targetHints":{"allow":["GET"]}}],"collection":[{"href":"https:\/\/johndavidsatsang.international\/es\/wp-json\/wp\/v2\/pages"}],"about":[{"href":"https:\/\/johndavidsatsang.international\/es\/wp-json\/wp\/v2\/types\/page"}],"author":[{"embeddable":true,"href":"https:\/\/johndavidsatsang.international\/es\/wp-json\/wp\/v2\/users\/6"}],"replies":[{"embeddable":true,"href":"https:\/\/johndavidsatsang.international\/es\/wp-json\/wp\/v2\/comments?post=119714"}],"version-history":[{"count":5,"href":"https:\/\/johndavidsatsang.international\/es\/wp-json\/wp\/v2\/pages\/119714\/revisions"}],"predecessor-version":[{"id":119801,"href":"https:\/\/johndavidsatsang.international\/es\/wp-json\/wp\/v2\/pages\/119714\/revisions\/119801"}],"wp:attachment":[{"href":"https:\/\/johndavidsatsang.international\/es\/wp-json\/wp\/v2\/media?parent=119714"}],"curies":[{"name":"wp","href":"https:\/\/api.w.org\/{rel}","templated":true}]}}