{"id":14551,"date":"2020-10-18T08:28:49","date_gmt":"2020-10-18T08:28:49","guid":{"rendered":"http:\/\/johndavidsatsang.international\/programa"},"modified":"2026-04-01T12:42:05","modified_gmt":"2026-04-01T10:42:05","slug":"programa","status":"publish","type":"page","link":"https:\/\/johndavidsatsang.international\/es\/programa\/","title":{"rendered":"Programa"},"content":{"rendered":"\t\t<div data-elementor-type=\"wp-page\" data-elementor-id=\"14551\" class=\"elementor elementor-14551 elementor-2018\" data-elementor-post-type=\"page\">\n\t\t\t\t\t\t<section class=\"elementor-section elementor-top-section elementor-element elementor-element-9e0260c elementor-section-boxed elementor-section-height-default elementor-section-height-default\" data-id=\"9e0260c\" data-element_type=\"section\" data-e-type=\"section\" data-settings=\"{&quot;background_background&quot;:&quot;classic&quot;}\">\n\t\t\t\t\t\t<div class=\"elementor-container elementor-column-gap-no\">\n\t\t\t\t\t<div class=\"elementor-column elementor-col-100 elementor-top-column elementor-element elementor-element-243d852\" data-id=\"243d852\" data-element_type=\"column\" data-e-type=\"column\">\n\t\t\t<div class=\"elementor-widget-wrap elementor-element-populated\">\n\t\t\t\t\t\t<div class=\"elementor-element elementor-element-30e096b elementor--h-position-center elementor--v-position-middle elementor-arrows-position-inside elementor-pagination-position-inside elementor-widget elementor-widget-slides\" data-id=\"30e096b\" data-element_type=\"widget\" data-e-type=\"widget\" data-settings=\"{&quot;navigation&quot;:&quot;both&quot;,&quot;autoplay&quot;:&quot;yes&quot;,&quot;pause_on_hover&quot;:&quot;yes&quot;,&quot;pause_on_interaction&quot;:&quot;yes&quot;,&quot;autoplay_speed&quot;:5000,&quot;infinite&quot;:&quot;yes&quot;,&quot;transition&quot;:&quot;slide&quot;,&quot;transition_speed&quot;:500}\" data-widget_type=\"slides.default\">\n\t\t\t\t<div class=\"elementor-widget-container\">\n\t\t\t\t\t\t\t\t\t<div class=\"elementor-swiper\">\n\t\t\t\t\t<div class=\"elementor-slides-wrapper elementor-main-swiper swiper\" role=\"region\" aria-roledescription=\"carousel\" aria-label=\"Slides\" dir=\"ltr\" data-animation=\"fadeInUp\">\n\t\t\t\t<div class=\"swiper-wrapper elementor-slides\">\n\t\t\t\t\t\t\t\t\t\t<div class=\"elementor-repeater-item-607d4d6 swiper-slide\" role=\"group\" aria-roledescription=\"slide\"><div class=\"swiper-slide-bg\" role=\"img\" aria-label=\"Schedule Desktop-1\"><\/div><div class=\"swiper-slide-inner\" ><div class=\"swiper-slide-contents\"><div class=\"elementor-slide-heading\">Calendario de eventos<\/div><div class=\"elementor-slide-description\">Aqu\u00ed puedes encontrar todos los retiros y encuentros con John David, as\u00ed como los fines de semana y talleres en Open Sky Oasis, Espa\u00f1a, y Open Sky House, Alemania.<\/div><\/div><\/div><\/div>\t\t\t\t<\/div>\n\t\t\t\t\t\t\t<\/div>\n\t\t\t\t<\/div>\n\t\t\t\t\t\t\t\t<\/div>\n\t\t\t\t<\/div>\n\t\t\t\t\t<\/div>\n\t\t<\/div>\n\t\t\t\t\t<\/div>\n\t\t<\/section>\n\t\t\t\t<section class=\"elementor-section elementor-top-section elementor-element elementor-element-b0aea01 elementor-section-boxed elementor-section-height-default elementor-section-height-default\" data-id=\"b0aea01\" data-element_type=\"section\" data-e-type=\"section\">\n\t\t\t\t\t\t<div class=\"elementor-container elementor-column-gap-default\">\n\t\t\t\t\t<div class=\"elementor-column elementor-col-100 elementor-top-column elementor-element elementor-element-b88bb2b\" data-id=\"b88bb2b\" data-element_type=\"column\" data-e-type=\"column\">\n\t\t\t<div class=\"elementor-widget-wrap elementor-element-populated\">\n\t\t\t\t\t\t<div class=\"elementor-element elementor-element-2742cf4 elementor-widget elementor-widget-html\" data-id=\"2742cf4\" data-element_type=\"widget\" data-e-type=\"widget\" data-widget_type=\"html.default\">\n\t\t\t\t<div class=\"elementor-widget-container\">\n\t\t\t\t\t<iframe\n  id=\"oseScheduleES\"\n  src=\"https:\/\/openskyevents.org\/embed\/events.html?controls=1&theme=skyBlue&view=list&limit=50&lang=es&_v=20260325\"\n  style=\"width:100%;max-width:100%;border:0;height:1200px\"\n  loading=\"lazy\"\n><\/iframe>\n\n<script>\n  (function () {\n    const iframe = document.getElementById('oseScheduleES');\n    if (!iframe) return;\n\n    const MAX = 6000;\n\n    window.addEventListener('message', function (ev) {\n      if (!ev || !ev.data || ev.origin !== 'https:\/\/openskyevents.org') return;\n      if (ev.data.type !== 'openskyevents:height') return;\n\n      const h = Number(ev.data.height);\n      if (!Number.isFinite(h) || h < 200) return;\n\n      iframe.style.height = Math.min(h + 16, MAX) + 'px';\n    });\n  })();\n<\/script>\t\t\t\t<\/div>\n\t\t\t\t<\/div>\n\t\t\t\t\t<\/div>\n\t\t<\/div>\n\t\t\t\t\t<\/div>\n\t\t<\/section>\n\t\t\t\t<\/div>\n\t\t","protected":false},"excerpt":{"rendered":"<p>Calendario de eventosAqu\u00ed puedes encontrar todos los retiros y encuentros con John David, as\u00ed como los fines de semana y talleres en Open Sky Oasis, Espa\u00f1a, y Open Sky House, Alemania.<\/p>\n","protected":false},"author":1,"featured_media":44231,"parent":0,"menu_order":0,"comment_status":"closed","ping_status":"closed","template":"","meta":{"footnotes":""},"class_list":["post-14551","page","type-page","status-publish","has-post-thumbnail","hentry"],"yoast_head":"<!-- This site is optimized with the Yoast SEO plugin v27.2 - https:\/\/yoast.com\/product\/yoast-seo-wordpress\/ -->\n<title>Programa - John David Satsang<\/title>\n<meta name=\"robots\" content=\"index, follow, max-snippet:-1, max-image-preview:large, max-video-preview:-1\" \/>\n<link rel=\"canonical\" href=\"https:\/\/johndavidsatsang.international\/es\/programa\" \/>\n<meta property=\"og:locale\" content=\"es_ES\" \/>\n<meta property=\"og:type\" content=\"article\" \/>\n<meta property=\"og:title\" content=\"Programa - John David Satsang\" \/>\n<meta property=\"og:description\" content=\"Calendario de eventosAqu\u00ed puedes encontrar todos los retiros y encuentros con John David, as\u00ed como los fines de semana y talleres en Open Sky Oasis, Espa\u00f1a, y Open Sky House, Alemania.\" \/>\n<meta property=\"og:url\" content=\"https:\/\/johndavidsatsang.international\/es\/programa\" \/>\n<meta property=\"og:site_name\" content=\"John David Satsang\" \/>\n<meta property=\"article:modified_time\" content=\"2026-04-01T10:42:05+00:00\" \/>\n<meta property=\"og:image\" content=\"https:\/\/johndavidsatsang.international\/wp-content\/uploads\/2021\/06\/schedule.jpeg\" \/>\n\t<meta property=\"og:image:width\" content=\"1600\" \/>\n\t<meta property=\"og:image:height\" content=\"1066\" \/>\n\t<meta property=\"og:image:type\" content=\"image\/jpeg\" \/>\n<meta name=\"twitter:card\" content=\"summary_large_image\" \/>\n<meta name=\"twitter:label1\" content=\"Tiempo de lectura\" \/>\n\t<meta name=\"twitter:data1\" content=\"1 minuto\" \/>\n<script type=\"application\/ld+json\" class=\"yoast-schema-graph\">{\"@context\":\"https:\/\/schema.org\",\"@graph\":[{\"@type\":\"WebPage\",\"@id\":\"https:\/\/johndavidsatsang.international\/schedule\/\",\"url\":\"https:\/\/johndavidsatsang.international\/es\/programa\",\"name\":\"Programa - John David Satsang\",\"isPartOf\":{\"@id\":\"https:\/\/johndavidsatsang.international\/ru\/#website\"},\"primaryImageOfPage\":{\"@id\":\"https:\/\/johndavidsatsang.international\/es\/programa#primaryimage\"},\"image\":{\"@id\":\"https:\/\/johndavidsatsang.international\/es\/programa#primaryimage\"},\"thumbnailUrl\":\"https:\/\/johndavidsatsang.international\/wp-content\/uploads\/2021\/06\/schedule.jpeg\",\"datePublished\":\"2020-10-18T08:28:49+00:00\",\"dateModified\":\"2026-04-01T10:42:05+00:00\",\"breadcrumb\":{\"@id\":\"https:\/\/johndavidsatsang.international\/es\/programa#breadcrumb\"},\"inLanguage\":\"es\",\"potentialAction\":[{\"@type\":\"ReadAction\",\"target\":[\"https:\/\/johndavidsatsang.international\/es\/programa\"]}]},{\"@type\":\"ImageObject\",\"inLanguage\":\"es\",\"@id\":\"https:\/\/johndavidsatsang.international\/es\/programa#primaryimage\",\"url\":\"https:\/\/johndavidsatsang.international\/wp-content\/uploads\/2021\/06\/schedule.jpeg\",\"contentUrl\":\"https:\/\/johndavidsatsang.international\/wp-content\/uploads\/2021\/06\/schedule.jpeg\",\"width\":1600,\"height\":1066},{\"@type\":\"BreadcrumbList\",\"@id\":\"https:\/\/johndavidsatsang.international\/es\/programa#breadcrumb\",\"itemListElement\":[{\"@type\":\"ListItem\",\"position\":1,\"name\":\"Home\",\"item\":\"https:\/\/johndavidsatsang.international\/\"},{\"@type\":\"ListItem\",\"position\":2,\"name\":\"Programa\"}]},{\"@type\":\"WebSite\",\"@id\":\"https:\/\/johndavidsatsang.international\/ru\/#website\",\"url\":\"https:\/\/johndavidsatsang.international\/ru\/\",\"name\":\"John David Satsang\",\"description\":\"Satsang with John David\",\"publisher\":{\"@id\":\"https:\/\/johndavidsatsang.international\/ru\/#organization\"},\"potentialAction\":[{\"@type\":\"SearchAction\",\"target\":{\"@type\":\"EntryPoint\",\"urlTemplate\":\"https:\/\/johndavidsatsang.international\/ru\/?s={search_term_string}\"},\"query-input\":{\"@type\":\"PropertyValueSpecification\",\"valueRequired\":true,\"valueName\":\"search_term_string\"}}],\"inLanguage\":\"es\"},{\"@type\":\"Organization\",\"@id\":\"https:\/\/johndavidsatsang.international\/ru\/#organization\",\"name\":\"John David Satsang\",\"url\":\"https:\/\/johndavidsatsang.international\/ru\/\",\"logo\":{\"@type\":\"ImageObject\",\"inLanguage\":\"es\",\"@id\":\"https:\/\/johndavidsatsang.international\/ru\/#\/schema\/logo\/image\/\",\"url\":\"https:\/\/johndavidsatsang.international\/wp-content\/uploads\/2020\/08\/sign-black-spiritual-teacher.png\",\"contentUrl\":\"https:\/\/johndavidsatsang.international\/wp-content\/uploads\/2020\/08\/sign-black-spiritual-teacher.png\",\"width\":372,\"height\":179,\"caption\":\"John David Satsang\"},\"image\":{\"@id\":\"https:\/\/johndavidsatsang.international\/ru\/#\/schema\/logo\/image\/\"}}]}<\/script>\n<!-- \/ Yoast SEO plugin. -->","yoast_head_json":{"title":"Programa - John David Satsang","robots":{"index":"index","follow":"follow","max-snippet":"max-snippet:-1","max-image-preview":"max-image-preview:large","max-video-preview":"max-video-preview:-1"},"canonical":"https:\/\/johndavidsatsang.international\/es\/programa","og_locale":"es_ES","og_type":"article","og_title":"Programa - John David Satsang","og_description":"Calendario de eventosAqu\u00ed puedes encontrar todos los retiros y encuentros con John David, as\u00ed como los fines de semana y talleres en Open Sky Oasis, Espa\u00f1a, y Open Sky House, Alemania.","og_url":"https:\/\/johndavidsatsang.international\/es\/programa","og_site_name":"John David Satsang","article_modified_time":"2026-04-01T10:42:05+00:00","og_image":[{"width":1600,"height":1066,"url":"https:\/\/johndavidsatsang.international\/wp-content\/uploads\/2021\/06\/schedule.jpeg","type":"image\/jpeg"}],"twitter_card":"summary_large_image","twitter_misc":{"Tiempo de lectura":"1 minuto"},"schema":{"@context":"https:\/\/schema.org","@graph":[{"@type":"WebPage","@id":"https:\/\/johndavidsatsang.international\/schedule\/","url":"https:\/\/johndavidsatsang.international\/es\/programa","name":"Programa - John David Satsang","isPartOf":{"@id":"https:\/\/johndavidsatsang.international\/ru\/#website"},"primaryImageOfPage":{"@id":"https:\/\/johndavidsatsang.international\/es\/programa#primaryimage"},"image":{"@id":"https:\/\/johndavidsatsang.international\/es\/programa#primaryimage"},"thumbnailUrl":"https:\/\/johndavidsatsang.international\/wp-content\/uploads\/2021\/06\/schedule.jpeg","datePublished":"2020-10-18T08:28:49+00:00","dateModified":"2026-04-01T10:42:05+00:00","breadcrumb":{"@id":"https:\/\/johndavidsatsang.international\/es\/programa#breadcrumb"},"inLanguage":"es","potentialAction":[{"@type":"ReadAction","target":["https:\/\/johndavidsatsang.international\/es\/programa"]}]},{"@type":"ImageObject","inLanguage":"es","@id":"https:\/\/johndavidsatsang.international\/es\/programa#primaryimage","url":"https:\/\/johndavidsatsang.international\/wp-content\/uploads\/2021\/06\/schedule.jpeg","contentUrl":"https:\/\/johndavidsatsang.international\/wp-content\/uploads\/2021\/06\/schedule.jpeg","width":1600,"height":1066},{"@type":"BreadcrumbList","@id":"https:\/\/johndavidsatsang.international\/es\/programa#breadcrumb","itemListElement":[{"@type":"ListItem","position":1,"name":"Home","item":"https:\/\/johndavidsatsang.international\/"},{"@type":"ListItem","position":2,"name":"Programa"}]},{"@type":"WebSite","@id":"https:\/\/johndavidsatsang.international\/ru\/#website","url":"https:\/\/johndavidsatsang.international\/ru\/","name":"John David Satsang","description":"Satsang with John David","publisher":{"@id":"https:\/\/johndavidsatsang.international\/ru\/#organization"},"potentialAction":[{"@type":"SearchAction","target":{"@type":"EntryPoint","urlTemplate":"https:\/\/johndavidsatsang.international\/ru\/?s={search_term_string}"},"query-input":{"@type":"PropertyValueSpecification","valueRequired":true,"valueName":"search_term_string"}}],"inLanguage":"es"},{"@type":"Organization","@id":"https:\/\/johndavidsatsang.international\/ru\/#organization","name":"John David Satsang","url":"https:\/\/johndavidsatsang.international\/ru\/","logo":{"@type":"ImageObject","inLanguage":"es","@id":"https:\/\/johndavidsatsang.international\/ru\/#\/schema\/logo\/image\/","url":"https:\/\/johndavidsatsang.international\/wp-content\/uploads\/2020\/08\/sign-black-spiritual-teacher.png","contentUrl":"https:\/\/johndavidsatsang.international\/wp-content\/uploads\/2020\/08\/sign-black-spiritual-teacher.png","width":372,"height":179,"caption":"John David Satsang"},"image":{"@id":"https:\/\/johndavidsatsang.international\/ru\/#\/schema\/logo\/image\/"}}]}},"_links":{"self":[{"href":"https:\/\/johndavidsatsang.international\/es\/wp-json\/wp\/v2\/pages\/14551","targetHints":{"allow":["GET"]}}],"collection":[{"href":"https:\/\/johndavidsatsang.international\/es\/wp-json\/wp\/v2\/pages"}],"about":[{"href":"https:\/\/johndavidsatsang.international\/es\/wp-json\/wp\/v2\/types\/page"}],"author":[{"embeddable":true,"href":"https:\/\/johndavidsatsang.international\/es\/wp-json\/wp\/v2\/users\/1"}],"replies":[{"embeddable":true,"href":"https:\/\/johndavidsatsang.international\/es\/wp-json\/wp\/v2\/comments?post=14551"}],"version-history":[{"count":77,"href":"https:\/\/johndavidsatsang.international\/es\/wp-json\/wp\/v2\/pages\/14551\/revisions"}],"predecessor-version":[{"id":119922,"href":"https:\/\/johndavidsatsang.international\/es\/wp-json\/wp\/v2\/pages\/14551\/revisions\/119922"}],"wp:featuredmedia":[{"embeddable":true,"href":"https:\/\/johndavidsatsang.international\/es\/wp-json\/wp\/v2\/media\/44231"}],"wp:attachment":[{"href":"https:\/\/johndavidsatsang.international\/es\/wp-json\/wp\/v2\/media?parent=14551"}],"curies":[{"name":"wp","href":"https:\/\/api.w.org\/{rel}","templated":true}]}}