{"id":22005,"date":"2020-11-25T20:56:57","date_gmt":"2020-11-25T20:56:57","guid":{"rendered":"http:\/\/johndavidsatsang.international\/22005-2"},"modified":"2021-01-28T21:23:00","modified_gmt":"2021-01-28T20:23:00","slug":"22005-2","status":"publish","type":"page","link":"https:\/\/johndavidsatsang.international\/es\/22005-2\/","title":{"rendered":""},"content":{"rendered":"\t\t<div data-elementor-type=\"wp-page\" data-elementor-id=\"22005\" class=\"elementor elementor-22005 elementor-21231\" data-elementor-post-type=\"page\">\n\t\t\t\t\t\t<section class=\"elementor-section elementor-top-section elementor-element elementor-element-b4c1429 elementor-section-boxed elementor-section-height-default elementor-section-height-default\" data-id=\"b4c1429\" data-element_type=\"section\" data-e-type=\"section\">\n\t\t\t\t\t\t<div class=\"elementor-container elementor-column-gap-no\">\n\t\t\t\t\t<div class=\"elementor-column elementor-col-100 elementor-top-column elementor-element elementor-element-53bd2dd\" data-id=\"53bd2dd\" data-element_type=\"column\" data-e-type=\"column\">\n\t\t\t<div class=\"elementor-widget-wrap elementor-element-populated\">\n\t\t\t\t\t\t<div class=\"elementor-element elementor-element-4e24c9f elementor-widget elementor-widget-template\" data-id=\"4e24c9f\" data-element_type=\"widget\" data-e-type=\"widget\" data-widget_type=\"template.default\">\n\t\t\t\t<div class=\"elementor-widget-container\">\n\t\t\t\t\t\t\t<div class=\"elementor-template\">\n\t\t\t\t\t<div data-elementor-type=\"page\" data-elementor-id=\"26900\" class=\"elementor elementor-26900 elementor-21496 elementor-21496\" data-elementor-post-type=\"elementor_library\">\n\t\t\t\t\t\t<section class=\"elementor-section elementor-top-section elementor-element elementor-element-ab3412c elementor-section-boxed elementor-section-height-default elementor-section-height-default\" data-id=\"ab3412c\" data-element_type=\"section\" data-e-type=\"section\">\n\t\t\t\t\t\t<div class=\"elementor-container elementor-column-gap-no\">\n\t\t\t\t\t<div class=\"elementor-column elementor-col-100 elementor-top-column elementor-element elementor-element-e6fbe9e\" data-id=\"e6fbe9e\" data-element_type=\"column\" data-e-type=\"column\">\n\t\t\t<div class=\"elementor-widget-wrap elementor-element-populated\">\n\t\t\t\t\t\t<div class=\"elementor-element elementor-element-c17f3f2 elementor-widget elementor-widget-image\" data-id=\"c17f3f2\" data-element_type=\"widget\" data-e-type=\"widget\" data-widget_type=\"image.default\">\n\t\t\t\t<div class=\"elementor-widget-container\">\n\t\t\t\t\t\t\t\t\t\t\t\t\t\t\t<img fetchpriority=\"high\" decoding=\"async\" width=\"1000\" height=\"666\" src=\"https:\/\/johndavidsatsang.international\/wp-content\/uploads\/2020\/11\/hanuman.jpg\" class=\"attachment-full size-full wp-image-23802\" alt=\"\" srcset=\"https:\/\/johndavidsatsang.international\/wp-content\/uploads\/2020\/11\/hanuman.jpg 1000w, https:\/\/johndavidsatsang.international\/wp-content\/uploads\/2020\/11\/hanuman-600x400.jpg 600w, https:\/\/johndavidsatsang.international\/wp-content\/uploads\/2020\/11\/hanuman-300x200.jpg 300w, https:\/\/johndavidsatsang.international\/wp-content\/uploads\/2020\/11\/hanuman-768x511.jpg 768w\" sizes=\"(max-width: 1000px) 100vw, 1000px\" \/>\t\t\t\t\t\t\t\t\t\t\t\t\t\t\t<\/div>\n\t\t\t\t<\/div>\n\t\t\t\t<div class=\"elementor-element elementor-element-049b309 elementor-widget elementor-widget-heading\" data-id=\"049b309\" data-element_type=\"widget\" data-e-type=\"widget\" data-widget_type=\"heading.default\">\n\t\t\t\t<div class=\"elementor-widget-container\">\n\t\t\t\t\t<h1 class=\"elementor-heading-title elementor-size-default\">Satsang con John David<\/h1>\t\t\t\t<\/div>\n\t\t\t\t<\/div>\n\t\t\t\t<div class=\"elementor-element elementor-element-e65dd38 elementor-widget elementor-widget-text-editor\" data-id=\"e65dd38\" data-element_type=\"widget\" data-e-type=\"widget\" data-widget_type=\"text-editor.default\">\n\t\t\t\t<div class=\"elementor-widget-container\">\n\t\t\t\t\t\t\t\t\t<p>El Satsang abre tu coraz\u00f3n y calma tu mente. \u00a1Todo el mundo es bienvenido! Es un espacio para un encuentro profundo contigo mismo m\u00e1s all\u00e1 de roles, pensamientos y sentimientos. Un espacio para reconectar con lo que es m\u00e1s valioso para ti, para hacer tus preguntas m\u00e1s \u00edntimas y para permitirte, simplemente, \u201cser\u201d.<\/p>\n<p>En nuestra vida diaria, la mayor parte del tiempo, no somos muy conscientes de nuestra esencia y, a menudo, no estamos muy conectados con ella. Nuestra vida est\u00e1 dirigida por deseos, miedos y metas. La energ\u00eda del Satsang nos ayuda a enfocarnos en nuestro interior y a encontrarnos con nuestra propia fuente, nuestro verdadero Ser. Cuando existe esta profunda conexi\u00f3n con nuestro ser, podemos estar realmente presentes en cada momento de nuestra vida y experimentar el gran amor y la paz que siempre est\u00e1n ah\u00ed.<\/p>\n<p>El Satsang, habitualmente, comienza con un breve per\u00edodo de silencio seguido de una charla o una invitaci\u00f3n para hacer preguntas. Todo sucede de forma espont\u00e1nea. Puedes participar simplemente escuchando y asimilando la sensaci\u00f3n de libertad y paz que se crea, o puedes optar por participar m\u00e1s activamente en un di\u00e1logo con John David.<\/p>\n\t\t\t\t\t\t\t\t<\/div>\n\t\t\t\t<\/div>\n\t\t\t\t\t<\/div>\n\t\t<\/div>\n\t\t\t\t\t<\/div>\n\t\t<\/section>\n\t\t\t\t<section class=\"elementor-section elementor-top-section elementor-element elementor-element-9ef7e90 elementor-section-boxed elementor-section-height-default elementor-section-height-default\" data-id=\"9ef7e90\" data-element_type=\"section\" data-e-type=\"section\">\n\t\t\t\t\t\t<div class=\"elementor-container elementor-column-gap-default\">\n\t\t\t\t\t<div class=\"elementor-column elementor-col-100 elementor-top-column elementor-element elementor-element-e11a8a7\" data-id=\"e11a8a7\" data-element_type=\"column\" data-e-type=\"column\">\n\t\t\t<div class=\"elementor-widget-wrap elementor-element-populated\">\n\t\t\t\t\t\t<section class=\"elementor-section elementor-inner-section elementor-element elementor-element-c793993 elementor-section-boxed elementor-section-height-default elementor-section-height-default\" data-id=\"c793993\" data-element_type=\"section\" data-e-type=\"section\">\n\t\t\t\t\t\t<div class=\"elementor-container elementor-column-gap-default\">\n\t\t\t\t\t<div class=\"elementor-column elementor-col-50 elementor-inner-column elementor-element elementor-element-13c1a2d\" data-id=\"13c1a2d\" data-element_type=\"column\" data-e-type=\"column\">\n\t\t\t<div class=\"elementor-widget-wrap elementor-element-populated\">\n\t\t\t\t\t\t<div class=\"elementor-element elementor-element-13f0342 elementor-widget elementor-widget-image\" data-id=\"13f0342\" data-element_type=\"widget\" data-e-type=\"widget\" data-widget_type=\"image.default\">\n\t\t\t\t<div class=\"elementor-widget-container\">\n\t\t\t\t\t\t\t\t\t\t\t\t\t\t\t<img decoding=\"async\" width=\"800\" height=\"533\" src=\"https:\/\/johndavidsatsang.international\/wp-content\/uploads\/2020\/11\/Satsang-2.jpg\" class=\"attachment-full size-full wp-image-21512\" alt=\"\" srcset=\"https:\/\/johndavidsatsang.international\/wp-content\/uploads\/2020\/11\/Satsang-2.jpg 800w, https:\/\/johndavidsatsang.international\/wp-content\/uploads\/2020\/11\/Satsang-2-600x400.jpg 600w, https:\/\/johndavidsatsang.international\/wp-content\/uploads\/2020\/11\/Satsang-2-300x200.jpg 300w, https:\/\/johndavidsatsang.international\/wp-content\/uploads\/2020\/11\/Satsang-2-768x512.jpg 768w\" sizes=\"(max-width: 800px) 100vw, 800px\" \/>\t\t\t\t\t\t\t\t\t\t\t\t\t\t\t<\/div>\n\t\t\t\t<\/div>\n\t\t\t\t\t<\/div>\n\t\t<\/div>\n\t\t\t\t<div class=\"elementor-column elementor-col-50 elementor-inner-column elementor-element elementor-element-c110ba1\" data-id=\"c110ba1\" data-element_type=\"column\" data-e-type=\"column\">\n\t\t\t<div class=\"elementor-widget-wrap elementor-element-populated\">\n\t\t\t\t\t\t<div class=\"elementor-element elementor-element-6a412db elementor-widget elementor-widget-image\" data-id=\"6a412db\" data-element_type=\"widget\" data-e-type=\"widget\" data-widget_type=\"image.default\">\n\t\t\t\t<div class=\"elementor-widget-container\">\n\t\t\t\t\t\t\t\t\t\t\t\t\t\t\t<img decoding=\"async\" width=\"800\" height=\"600\" src=\"https:\/\/johndavidsatsang.international\/wp-content\/uploads\/2020\/11\/Satsang-3.jpg\" class=\"attachment-full size-full wp-image-21519\" alt=\"\" srcset=\"https:\/\/johndavidsatsang.international\/wp-content\/uploads\/2020\/11\/Satsang-3.jpg 800w, https:\/\/johndavidsatsang.international\/wp-content\/uploads\/2020\/11\/Satsang-3-600x450.jpg 600w, https:\/\/johndavidsatsang.international\/wp-content\/uploads\/2020\/11\/Satsang-3-300x225.jpg 300w, https:\/\/johndavidsatsang.international\/wp-content\/uploads\/2020\/11\/Satsang-3-768x576.jpg 768w\" sizes=\"(max-width: 800px) 100vw, 800px\" \/>\t\t\t\t\t\t\t\t\t\t\t\t\t\t\t<\/div>\n\t\t\t\t<\/div>\n\t\t\t\t\t<\/div>\n\t\t<\/div>\n\t\t\t\t\t<\/div>\n\t\t<\/section>\n\t\t\t\t\t<\/div>\n\t\t<\/div>\n\t\t\t\t\t<\/div>\n\t\t<\/section>\n\t\t\t\t<section class=\"elementor-section elementor-top-section elementor-element elementor-element-46305ea elementor-section-boxed elementor-section-height-default elementor-section-height-default\" data-id=\"46305ea\" data-element_type=\"section\" data-e-type=\"section\">\n\t\t\t\t\t\t<div class=\"elementor-container elementor-column-gap-default\">\n\t\t\t\t\t<div class=\"elementor-column elementor-col-100 elementor-top-column elementor-element elementor-element-48a15db\" data-id=\"48a15db\" data-element_type=\"column\" data-e-type=\"column\">\n\t\t\t<div class=\"elementor-widget-wrap elementor-element-populated\">\n\t\t\t\t\t\t<div class=\"elementor-element elementor-element-cec94b8 elementor-widget elementor-widget-heading\" data-id=\"cec94b8\" data-element_type=\"widget\" data-e-type=\"widget\" data-widget_type=\"heading.default\">\n\t\t\t\t<div class=\"elementor-widget-container\">\n\t\t\t\t\t<h2 class=\"elementor-heading-title elementor-size-default\">Contacto<\/h2>\t\t\t\t<\/div>\n\t\t\t\t<\/div>\n\t\t\t\t<div class=\"elementor-element elementor-element-5516cba elementor-widget elementor-widget-text-editor\" data-id=\"5516cba\" data-element_type=\"widget\" data-e-type=\"widget\" data-widget_type=\"text-editor.default\">\n\t\t\t\t<div class=\"elementor-widget-container\">\n\t\t\t\t\t\t\t\t\t<h4 class=\"null\" style=\"text-align: center;\"><span style=\"color: inherit; font-family: inherit; font-size: 1.5rem;\">Pedro M\u00f3vil:<\/span> <a style=\"font-family: inherit; font-size: 1.5rem; background-color: #ffffff;\" target=\"_blank\">691 372 916<\/a><\/h4>\n<h4 class=\"null\" style=\"text-align: center;\"><a target=\"_blank\">Indira Whatsapp: +49 178 289 08 14<\/a><\/h4>\n<h4 class=\"null\" style=\"text-align: center;\"><a href=\"mailto:office@johndavidsatsang.international\">officina@encuentrosjohndavid.org<\/a><\/h4>\n<h4 class=\"null\"><a target=\"_blank\"> <\/a><\/h4>\n<h4 class=\"null\"><a target=\"_blank\"> <\/a><\/h4>\n\t\t\t\t\t\t\t\t<\/div>\n\t\t\t\t<\/div>\n\t\t\t\t\t<\/div>\n\t\t<\/div>\n\t\t\t\t\t<\/div>\n\t\t<\/section>\n\t\t\t\t<\/div>\n\t\t\t\t<\/div>\n\t\t\t\t\t\t<\/div>\n\t\t\t\t<\/div>\n\t\t\t\t\t<\/div>\n\t\t<\/div>\n\t\t\t\t\t<\/div>\n\t\t<\/section>\n\t\t\t\t<\/div>\n\t\t","protected":false},"excerpt":{"rendered":"","protected":false},"author":1,"featured_media":0,"parent":0,"menu_order":0,"comment_status":"closed","ping_status":"closed","template":"","meta":{"footnotes":""},"class_list":["post-22005","page","type-page","status-publish","hentry"],"yoast_head":"<!-- This site is optimized with the Yoast SEO plugin v27.2 - https:\/\/yoast.com\/product\/yoast-seo-wordpress\/ -->\n<title>- John David Satsang<\/title>\n<meta name=\"robots\" content=\"index, follow, max-snippet:-1, max-image-preview:large, max-video-preview:-1\" \/>\n<link rel=\"canonical\" href=\"https:\/\/johndavidsatsang.international\/satsang\/\" \/>\n<meta property=\"og:locale\" content=\"es_ES\" \/>\n<meta property=\"og:type\" content=\"article\" \/>\n<meta property=\"og:title\" content=\"- John David Satsang\" \/>\n<meta property=\"og:url\" content=\"https:\/\/johndavidsatsang.international\/satsang\/\" \/>\n<meta property=\"og:site_name\" content=\"John David Satsang\" \/>\n<meta property=\"article:modified_time\" content=\"2021-01-28T20:23:00+00:00\" \/>\n<meta name=\"twitter:card\" content=\"summary_large_image\" \/>\n<script type=\"application\/ld+json\" class=\"yoast-schema-graph\">{\"@context\":\"https:\/\/schema.org\",\"@graph\":[{\"@type\":\"WebPage\",\"@id\":\"https:\/\/johndavidsatsang.international\/satsang\/\",\"url\":\"https:\/\/johndavidsatsang.international\/satsang\/\",\"name\":\"- John David Satsang\",\"isPartOf\":{\"@id\":\"https:\/\/johndavidsatsang.international\/ru\/#website\"},\"datePublished\":\"2020-11-25T20:56:57+00:00\",\"dateModified\":\"2021-01-28T20:23:00+00:00\",\"inLanguage\":\"es\",\"potentialAction\":[{\"@type\":\"ReadAction\",\"target\":[\"https:\/\/johndavidsatsang.international\/satsang\/\"]}]},{\"@type\":\"WebSite\",\"@id\":\"https:\/\/johndavidsatsang.international\/ru\/#website\",\"url\":\"https:\/\/johndavidsatsang.international\/ru\/\",\"name\":\"John David Satsang\",\"description\":\"Satsang with John David\",\"publisher\":{\"@id\":\"https:\/\/johndavidsatsang.international\/ru\/#organization\"},\"potentialAction\":[{\"@type\":\"SearchAction\",\"target\":{\"@type\":\"EntryPoint\",\"urlTemplate\":\"https:\/\/johndavidsatsang.international\/ru\/?s={search_term_string}\"},\"query-input\":{\"@type\":\"PropertyValueSpecification\",\"valueRequired\":true,\"valueName\":\"search_term_string\"}}],\"inLanguage\":\"es\"},{\"@type\":\"Organization\",\"@id\":\"https:\/\/johndavidsatsang.international\/ru\/#organization\",\"name\":\"John David Satsang\",\"url\":\"https:\/\/johndavidsatsang.international\/ru\/\",\"logo\":{\"@type\":\"ImageObject\",\"inLanguage\":\"es\",\"@id\":\"https:\/\/johndavidsatsang.international\/ru\/#\/schema\/logo\/image\/\",\"url\":\"https:\/\/johndavidsatsang.international\/wp-content\/uploads\/2020\/08\/sign-black-spiritual-teacher.png\",\"contentUrl\":\"https:\/\/johndavidsatsang.international\/wp-content\/uploads\/2020\/08\/sign-black-spiritual-teacher.png\",\"width\":372,\"height\":179,\"caption\":\"John David Satsang\"},\"image\":{\"@id\":\"https:\/\/johndavidsatsang.international\/ru\/#\/schema\/logo\/image\/\"}}]}<\/script>\n<!-- \/ Yoast SEO plugin. -->","yoast_head_json":{"title":"- John David Satsang","robots":{"index":"index","follow":"follow","max-snippet":"max-snippet:-1","max-image-preview":"max-image-preview:large","max-video-preview":"max-video-preview:-1"},"canonical":"https:\/\/johndavidsatsang.international\/satsang\/","og_locale":"es_ES","og_type":"article","og_title":"- John David Satsang","og_url":"https:\/\/johndavidsatsang.international\/satsang\/","og_site_name":"John David Satsang","article_modified_time":"2021-01-28T20:23:00+00:00","twitter_card":"summary_large_image","schema":{"@context":"https:\/\/schema.org","@graph":[{"@type":"WebPage","@id":"https:\/\/johndavidsatsang.international\/satsang\/","url":"https:\/\/johndavidsatsang.international\/satsang\/","name":"- John David Satsang","isPartOf":{"@id":"https:\/\/johndavidsatsang.international\/ru\/#website"},"datePublished":"2020-11-25T20:56:57+00:00","dateModified":"2021-01-28T20:23:00+00:00","inLanguage":"es","potentialAction":[{"@type":"ReadAction","target":["https:\/\/johndavidsatsang.international\/satsang\/"]}]},{"@type":"WebSite","@id":"https:\/\/johndavidsatsang.international\/ru\/#website","url":"https:\/\/johndavidsatsang.international\/ru\/","name":"John David Satsang","description":"Satsang with John David","publisher":{"@id":"https:\/\/johndavidsatsang.international\/ru\/#organization"},"potentialAction":[{"@type":"SearchAction","target":{"@type":"EntryPoint","urlTemplate":"https:\/\/johndavidsatsang.international\/ru\/?s={search_term_string}"},"query-input":{"@type":"PropertyValueSpecification","valueRequired":true,"valueName":"search_term_string"}}],"inLanguage":"es"},{"@type":"Organization","@id":"https:\/\/johndavidsatsang.international\/ru\/#organization","name":"John David Satsang","url":"https:\/\/johndavidsatsang.international\/ru\/","logo":{"@type":"ImageObject","inLanguage":"es","@id":"https:\/\/johndavidsatsang.international\/ru\/#\/schema\/logo\/image\/","url":"https:\/\/johndavidsatsang.international\/wp-content\/uploads\/2020\/08\/sign-black-spiritual-teacher.png","contentUrl":"https:\/\/johndavidsatsang.international\/wp-content\/uploads\/2020\/08\/sign-black-spiritual-teacher.png","width":372,"height":179,"caption":"John David Satsang"},"image":{"@id":"https:\/\/johndavidsatsang.international\/ru\/#\/schema\/logo\/image\/"}}]}},"_links":{"self":[{"href":"https:\/\/johndavidsatsang.international\/es\/wp-json\/wp\/v2\/pages\/22005","targetHints":{"allow":["GET"]}}],"collection":[{"href":"https:\/\/johndavidsatsang.international\/es\/wp-json\/wp\/v2\/pages"}],"about":[{"href":"https:\/\/johndavidsatsang.international\/es\/wp-json\/wp\/v2\/types\/page"}],"author":[{"embeddable":true,"href":"https:\/\/johndavidsatsang.international\/es\/wp-json\/wp\/v2\/users\/1"}],"replies":[{"embeddable":true,"href":"https:\/\/johndavidsatsang.international\/es\/wp-json\/wp\/v2\/comments?post=22005"}],"version-history":[{"count":3,"href":"https:\/\/johndavidsatsang.international\/es\/wp-json\/wp\/v2\/pages\/22005\/revisions"}],"predecessor-version":[{"id":31508,"href":"https:\/\/johndavidsatsang.international\/es\/wp-json\/wp\/v2\/pages\/22005\/revisions\/31508"}],"wp:attachment":[{"href":"https:\/\/johndavidsatsang.international\/es\/wp-json\/wp\/v2\/media?parent=22005"}],"curies":[{"name":"wp","href":"https:\/\/api.w.org\/{rel}","templated":true}]}}