{"id":27091,"date":"2020-12-20T23:44:06","date_gmt":"2020-12-20T23:44:06","guid":{"rendered":"http:\/\/johndavidsatsang.international\/vipassana"},"modified":"2025-01-13T19:53:58","modified_gmt":"2025-01-13T17:53:58","slug":"vipassana","status":"publish","type":"page","link":"https:\/\/johndavidsatsang.international\/es\/vipassana\/","title":{"rendered":"Informe de Experiencia Vipassana"},"content":{"rendered":"\t\t<div data-elementor-type=\"wp-page\" data-elementor-id=\"27091\" class=\"elementor elementor-27091 elementor-19505\" data-elementor-post-type=\"page\">\n\t\t\t\t\t\t<section class=\"elementor-section elementor-top-section elementor-element elementor-element-f02128b elementor-section-boxed elementor-section-height-default elementor-section-height-default\" data-id=\"f02128b\" data-element_type=\"section\" data-e-type=\"section\" data-settings=\"{&quot;background_background&quot;:&quot;classic&quot;}\">\n\t\t\t\t\t\t<div class=\"elementor-container elementor-column-gap-default\">\n\t\t\t\t\t<div class=\"elementor-column elementor-col-100 elementor-top-column elementor-element elementor-element-c76fd61\" data-id=\"c76fd61\" data-element_type=\"column\" data-e-type=\"column\" data-settings=\"{&quot;background_background&quot;:&quot;classic&quot;}\">\n\t\t\t<div class=\"elementor-widget-wrap\">\n\t\t\t\t\t<div class=\"elementor-background-overlay\"><\/div>\n\t\t\t\t\t\t\t<\/div>\n\t\t<\/div>\n\t\t\t\t\t<\/div>\n\t\t<\/section>\n\t\t\t\t<section class=\"elementor-section elementor-top-section elementor-element elementor-element-44d34d8 elementor-section-boxed elementor-section-height-default elementor-section-height-default\" data-id=\"44d34d8\" data-element_type=\"section\" data-e-type=\"section\">\n\t\t\t\t\t\t<div class=\"elementor-container elementor-column-gap-default\">\n\t\t\t\t\t<div class=\"elementor-column elementor-col-100 elementor-top-column elementor-element elementor-element-fbc08ee\" data-id=\"fbc08ee\" data-element_type=\"column\" data-e-type=\"column\">\n\t\t\t<div class=\"elementor-widget-wrap elementor-element-populated\">\n\t\t\t\t\t\t<div class=\"elementor-element elementor-element-c6647ef elementor-widget elementor-widget-heading\" data-id=\"c6647ef\" data-element_type=\"widget\" data-e-type=\"widget\" data-widget_type=\"heading.default\">\n\t\t\t\t<div class=\"elementor-widget-container\">\n\t\t\t\t\t<h2 class=\"elementor-heading-title elementor-size-default\">Add Your Heading Text Here<\/h2>\t\t\t\t<\/div>\n\t\t\t\t<\/div>\n\t\t\t\t\t<\/div>\n\t\t<\/div>\n\t\t\t\t\t<\/div>\n\t\t<\/section>\n\t\t\t\t<section class=\"elementor-section elementor-top-section elementor-element elementor-element-48714f7 elementor-section-boxed elementor-section-height-default elementor-section-height-default\" data-id=\"48714f7\" data-element_type=\"section\" data-e-type=\"section\">\n\t\t\t\t\t\t<div class=\"elementor-container elementor-column-gap-default\">\n\t\t\t\t\t<div class=\"elementor-column elementor-col-100 elementor-top-column elementor-element elementor-element-9c49c4a\" data-id=\"9c49c4a\" data-element_type=\"column\" data-e-type=\"column\">\n\t\t\t<div class=\"elementor-widget-wrap elementor-element-populated\">\n\t\t\t\t\t\t<div class=\"elementor-element elementor-element-0dff775 elementor-widget elementor-widget-spacer\" data-id=\"0dff775\" data-element_type=\"widget\" data-e-type=\"widget\" data-widget_type=\"spacer.default\">\n\t\t\t\t<div class=\"elementor-widget-container\">\n\t\t\t\t\t\t\t<div class=\"elementor-spacer\">\n\t\t\t<div class=\"elementor-spacer-inner\"><\/div>\n\t\t<\/div>\n\t\t\t\t\t\t<\/div>\n\t\t\t\t<\/div>\n\t\t\t\t<div class=\"elementor-element elementor-element-533ce22 elementor-widget elementor-widget-video\" data-id=\"533ce22\" data-element_type=\"widget\" data-e-type=\"widget\" data-settings=\"{&quot;youtube_url&quot;:&quot;https:\\\/\\\/youtu.be\\\/axnqbioXcYo?si=hA2DzNjgQjGZLp6b&quot;,&quot;video_type&quot;:&quot;youtube&quot;,&quot;controls&quot;:&quot;yes&quot;}\" data-widget_type=\"video.default\">\n\t\t\t\t<div class=\"elementor-widget-container\">\n\t\t\t\t\t\t\t<div class=\"elementor-wrapper elementor-open-inline\">\n\t\t\t<div class=\"elementor-video\"><\/div>\t\t<\/div>\n\t\t\t\t\t\t<\/div>\n\t\t\t\t<\/div>\n\t\t\t\t<div class=\"elementor-element elementor-element-c86d8ff elementor-widget elementor-widget-text-editor\" data-id=\"c86d8ff\" data-element_type=\"widget\" data-e-type=\"widget\" data-widget_type=\"text-editor.default\">\n\t\t\t\t<div class=\"elementor-widget-container\">\n\t\t\t\t\t\t\t\t\t<p><b>El Silencio es el Lenguaje del Coraz\u00f3n<\/b><\/p>\n\t\t\t\t\t\t\t\t<\/div>\n\t\t\t\t<\/div>\n\t\t\t\t<div class=\"elementor-element elementor-element-13179e9 elementor-widget elementor-widget-text-editor\" data-id=\"13179e9\" data-element_type=\"widget\" data-e-type=\"widget\" data-widget_type=\"text-editor.default\">\n\t\t\t\t<div class=\"elementor-widget-container\">\n\t\t\t\t\t\t\t\t\t<h3><span style=\"color: var( --e-global-color-text ); font-size: 21px;\">El mes pasado experiment\u00e9 mi primer fin de semana en \u00abLa Isla de Meditaci\u00f3n Vipassana\u201d. Un amigo ya lo hab\u00eda hecho y cuando me lo encontr\u00e9 poco despu\u00e9s, sonre\u00eda muy feliz. Tambi\u00e9n se le notaba una profunda paz y calma que, seg\u00fan me dijo, le ayudaba en la vida diaria. Todo esto me produjo mucha curiosidad y cierta envidia, as\u00ed que aprovech\u00e9 la siguiente oportunidad para participar yo tambi\u00e9n y saber lo que es pasar todo el fin de semana conmigo misma en una \u00abisla\u00bb y qu\u00e9 pod\u00eda eso hacer por m\u00ed.<\/span><\/h3><p>La isla consta de una silla, otra silla de suelo con respaldo, un coj\u00edn de meditaci\u00f3n, un colch\u00f3n, una manta y una almohada. En un grupo y con la presencia del maestro espiritual John David, pas\u00e9 todo el fin de semana en mi \u00abisla\u00bb con los ojos tapados, completamente conmigo misma, sin tel\u00e9fono, libros, m\u00fasica ni ninguna otra distracci\u00f3n. Fue un viaje incre\u00edble a m\u00ed misma y lo recomiendo a todo el mundo. Adem\u00e1s del apoyo energ\u00e9tico del grupo y del maestro espiritual, un equipo de ayuda estuvo presente las 24 horas del d\u00eda, me tra\u00edan comida y bebida regularmente y me guiaban al ba\u00f1o para que siempre pudiera tener puesto el antifaz, lo que fue de gran ayuda para la meditaci\u00f3n.<\/p><p>Empec\u00e9 con grandes expectativas y, al principio, me sent\u00ed muy decepcionada ya que en las primeras horas pas\u00e9 por una aut\u00e9ntica tormenta de pensamientos. Despu\u00e9s de un tiempo, me encontraba ya realmente exhausta. Pero m\u00e1s tarde, el flujo empez\u00f3 a disminuir, aparecieron algunas lagunas y pude ver como se repet\u00edan constantemente pensamientos muy simples. Algunos surg\u00edan una y otra vez y en ellos fui capaz de observar mis estructuras principales. que son la base de algunos de mis patrones de conducta; aparecieron las emociones, tambi\u00e9n algunas sensaciones corporales, el dolor y los recuerdos&#8230; \u00a1Es incre\u00edble lo que puede pasarnos por dentro sin que exista ninguna interacci\u00f3n o desencadenante desde el exterior!<\/p><p>Conforme fue pasando el tiempo, empec\u00e9 a sentir un silencio que parec\u00eda volverse m\u00e1s y m\u00e1s denso. Y en esta profunda calma, lenta y delicadamente, el amor comenz\u00f3 a surgir, acompa\u00f1ado de una sensaci\u00f3n de paz y alegr\u00eda como nunca antes hab\u00eda experimentado. Perd\u00ed la noci\u00f3n del tiempo\u2026 Recuerdo que, al final, cuando me quit\u00e9 el antifaz, me sent\u00ed tan emocionada, tan tranquila y tan contenta que apenas pod\u00eda hablar.<\/p><p>Creo que la experiencia y el viaje de cada uno durante este fin de semana fue diferente pero, de alguna manera, al final todos ca\u00edmos en un profundo espacio de quietud. Para m\u00ed, este fin de semana en silencio, en mi peque\u00f1a \u00abisla\u00bb, fue como una gran ola de amor que me arrastr\u00f3 muy dentro de m\u00ed. Fue una gran oportunidad para aprender a conocerme mejor y a comprender c\u00f3mo funcionan mi mente y mi cuerpo.<\/p><p>Experiment\u00e9 directamente que los pensamientos, las emociones, las sensaciones corporales e incluso el dolor, todo, viene y va. Hay algo m\u00e1s en m\u00ed que siempre permanece inm\u00f3vil sin ser afectado por todas estas sensaciones, lleno de amor, de paz y de dicha. Este \u00abalgo\u00bb parece, a menudo, bastante peque\u00f1o y vulnerable y, a veces, se ve desbordado por mi ajetreada vida diaria, por lo que pierdo o apenas me siento en contacto con \u00e9l.<\/p><p>Yo ya conoc\u00eda esto de antes, pero la experiencia directa hace que este conocimiento sea m\u00e1s profundo. Mi consciencia es m\u00e1s clara y m\u00e1s fuerte el anhelo de no perder contacto con este maravilloso, maravilloso algo, que en realidad soy YO. Este encuentro profundo e \u00edntimo conmigo misma durante el fin de semana en la isla Vipassana, ha dejado en m\u00ed un enorme agradecimiento y una sonrisa de satisfacci\u00f3n en mi rostro que todav\u00eda siento en mi interior.<\/p><p>Anna Moore, Junio 2019<\/p>\t\t\t\t\t\t\t\t<\/div>\n\t\t\t\t<\/div>\n\t\t\t\t\t<\/div>\n\t\t<\/div>\n\t\t\t\t\t<\/div>\n\t\t<\/section>\n\t\t\t\t<\/div>\n\t\t","protected":false},"excerpt":{"rendered":"<p>Add Your Heading Text Here https:\/\/youtu.be\/axnqbioXcYo?si=hA2DzNjgQjGZLp6b El Silencio es el Lenguaje del Coraz\u00f3n El mes pasado experiment\u00e9 mi primer fin de semana en \u00abLa Isla de Meditaci\u00f3n Vipassana\u201d. Un amigo ya lo hab\u00eda hecho y cuando me lo encontr\u00e9 poco despu\u00e9s, sonre\u00eda muy feliz. Tambi\u00e9n se le notaba una profunda paz y calma que, seg\u00fan [&hellip;]<\/p>\n","protected":false},"author":1,"featured_media":0,"parent":0,"menu_order":0,"comment_status":"closed","ping_status":"closed","template":"","meta":{"footnotes":""},"class_list":["post-27091","page","type-page","status-publish","hentry"],"yoast_head":"<!-- This site is optimized with the Yoast SEO plugin v27.2 - https:\/\/yoast.com\/product\/yoast-seo-wordpress\/ -->\n<title>Informe de Experiencia Vipassana - John David Satsang<\/title>\n<meta name=\"robots\" content=\"index, follow, max-snippet:-1, max-image-preview:large, max-video-preview:-1\" \/>\n<link rel=\"canonical\" href=\"https:\/\/johndavidsatsang.international\/vipassana-experience-report\/\" \/>\n<meta property=\"og:locale\" content=\"es_ES\" \/>\n<meta property=\"og:type\" content=\"article\" \/>\n<meta property=\"og:title\" content=\"Informe de Experiencia Vipassana - John David Satsang\" \/>\n<meta property=\"og:description\" content=\"Add Your Heading Text Here https:\/\/youtu.be\/axnqbioXcYo?si=hA2DzNjgQjGZLp6b El Silencio es el Lenguaje del Coraz\u00f3n El mes pasado experiment\u00e9 mi primer fin de semana en \u00abLa Isla de Meditaci\u00f3n Vipassana\u201d. Un amigo ya lo hab\u00eda hecho y cuando me lo encontr\u00e9 poco despu\u00e9s, sonre\u00eda muy feliz. Tambi\u00e9n se le notaba una profunda paz y calma que, seg\u00fan [&hellip;]\" \/>\n<meta property=\"og:url\" content=\"https:\/\/johndavidsatsang.international\/vipassana-experience-report\/\" \/>\n<meta property=\"og:site_name\" content=\"John David Satsang\" \/>\n<meta property=\"article:modified_time\" content=\"2025-01-13T17:53:58+00:00\" \/>\n<meta name=\"twitter:card\" content=\"summary_large_image\" \/>\n<meta name=\"twitter:label1\" content=\"Tiempo de lectura\" \/>\n\t<meta name=\"twitter:data1\" content=\"3 minutos\" \/>\n<script type=\"application\/ld+json\" class=\"yoast-schema-graph\">{\"@context\":\"https:\/\/schema.org\",\"@graph\":[{\"@type\":\"WebPage\",\"@id\":\"https:\/\/johndavidsatsang.international\/vipassana-experience-report\/\",\"url\":\"https:\/\/johndavidsatsang.international\/vipassana-experience-report\/\",\"name\":\"Informe de Experiencia Vipassana - John David Satsang\",\"isPartOf\":{\"@id\":\"https:\/\/johndavidsatsang.international\/ru\/#website\"},\"datePublished\":\"2020-12-20T23:44:06+00:00\",\"dateModified\":\"2025-01-13T17:53:58+00:00\",\"breadcrumb\":{\"@id\":\"https:\/\/johndavidsatsang.international\/vipassana-experience-report\/#breadcrumb\"},\"inLanguage\":\"es\",\"potentialAction\":[{\"@type\":\"ReadAction\",\"target\":[\"https:\/\/johndavidsatsang.international\/vipassana-experience-report\/\"]}]},{\"@type\":\"BreadcrumbList\",\"@id\":\"https:\/\/johndavidsatsang.international\/vipassana-experience-report\/#breadcrumb\",\"itemListElement\":[{\"@type\":\"ListItem\",\"position\":1,\"name\":\"Home\",\"item\":\"https:\/\/johndavidsatsang.international\/es\/\"},{\"@type\":\"ListItem\",\"position\":2,\"name\":\"Informe de Experiencia Vipassana\"}]},{\"@type\":\"WebSite\",\"@id\":\"https:\/\/johndavidsatsang.international\/ru\/#website\",\"url\":\"https:\/\/johndavidsatsang.international\/ru\/\",\"name\":\"John David Satsang\",\"description\":\"Satsang with John David\",\"publisher\":{\"@id\":\"https:\/\/johndavidsatsang.international\/ru\/#organization\"},\"potentialAction\":[{\"@type\":\"SearchAction\",\"target\":{\"@type\":\"EntryPoint\",\"urlTemplate\":\"https:\/\/johndavidsatsang.international\/ru\/?s={search_term_string}\"},\"query-input\":{\"@type\":\"PropertyValueSpecification\",\"valueRequired\":true,\"valueName\":\"search_term_string\"}}],\"inLanguage\":\"es\"},{\"@type\":\"Organization\",\"@id\":\"https:\/\/johndavidsatsang.international\/ru\/#organization\",\"name\":\"John David Satsang\",\"url\":\"https:\/\/johndavidsatsang.international\/ru\/\",\"logo\":{\"@type\":\"ImageObject\",\"inLanguage\":\"es\",\"@id\":\"https:\/\/johndavidsatsang.international\/ru\/#\/schema\/logo\/image\/\",\"url\":\"https:\/\/johndavidsatsang.international\/wp-content\/uploads\/2020\/08\/sign-black-spiritual-teacher.png\",\"contentUrl\":\"https:\/\/johndavidsatsang.international\/wp-content\/uploads\/2020\/08\/sign-black-spiritual-teacher.png\",\"width\":372,\"height\":179,\"caption\":\"John David Satsang\"},\"image\":{\"@id\":\"https:\/\/johndavidsatsang.international\/ru\/#\/schema\/logo\/image\/\"}}]}<\/script>\n<!-- \/ Yoast SEO plugin. -->","yoast_head_json":{"title":"Informe de Experiencia Vipassana - John David Satsang","robots":{"index":"index","follow":"follow","max-snippet":"max-snippet:-1","max-image-preview":"max-image-preview:large","max-video-preview":"max-video-preview:-1"},"canonical":"https:\/\/johndavidsatsang.international\/vipassana-experience-report\/","og_locale":"es_ES","og_type":"article","og_title":"Informe de Experiencia Vipassana - John David Satsang","og_description":"Add Your Heading Text Here https:\/\/youtu.be\/axnqbioXcYo?si=hA2DzNjgQjGZLp6b El Silencio es el Lenguaje del Coraz\u00f3n El mes pasado experiment\u00e9 mi primer fin de semana en \u00abLa Isla de Meditaci\u00f3n Vipassana\u201d. Un amigo ya lo hab\u00eda hecho y cuando me lo encontr\u00e9 poco despu\u00e9s, sonre\u00eda muy feliz. Tambi\u00e9n se le notaba una profunda paz y calma que, seg\u00fan [&hellip;]","og_url":"https:\/\/johndavidsatsang.international\/vipassana-experience-report\/","og_site_name":"John David Satsang","article_modified_time":"2025-01-13T17:53:58+00:00","twitter_card":"summary_large_image","twitter_misc":{"Tiempo de lectura":"3 minutos"},"schema":{"@context":"https:\/\/schema.org","@graph":[{"@type":"WebPage","@id":"https:\/\/johndavidsatsang.international\/vipassana-experience-report\/","url":"https:\/\/johndavidsatsang.international\/vipassana-experience-report\/","name":"Informe de Experiencia Vipassana - John David Satsang","isPartOf":{"@id":"https:\/\/johndavidsatsang.international\/ru\/#website"},"datePublished":"2020-12-20T23:44:06+00:00","dateModified":"2025-01-13T17:53:58+00:00","breadcrumb":{"@id":"https:\/\/johndavidsatsang.international\/vipassana-experience-report\/#breadcrumb"},"inLanguage":"es","potentialAction":[{"@type":"ReadAction","target":["https:\/\/johndavidsatsang.international\/vipassana-experience-report\/"]}]},{"@type":"BreadcrumbList","@id":"https:\/\/johndavidsatsang.international\/vipassana-experience-report\/#breadcrumb","itemListElement":[{"@type":"ListItem","position":1,"name":"Home","item":"https:\/\/johndavidsatsang.international\/es\/"},{"@type":"ListItem","position":2,"name":"Informe de Experiencia Vipassana"}]},{"@type":"WebSite","@id":"https:\/\/johndavidsatsang.international\/ru\/#website","url":"https:\/\/johndavidsatsang.international\/ru\/","name":"John David Satsang","description":"Satsang with John David","publisher":{"@id":"https:\/\/johndavidsatsang.international\/ru\/#organization"},"potentialAction":[{"@type":"SearchAction","target":{"@type":"EntryPoint","urlTemplate":"https:\/\/johndavidsatsang.international\/ru\/?s={search_term_string}"},"query-input":{"@type":"PropertyValueSpecification","valueRequired":true,"valueName":"search_term_string"}}],"inLanguage":"es"},{"@type":"Organization","@id":"https:\/\/johndavidsatsang.international\/ru\/#organization","name":"John David Satsang","url":"https:\/\/johndavidsatsang.international\/ru\/","logo":{"@type":"ImageObject","inLanguage":"es","@id":"https:\/\/johndavidsatsang.international\/ru\/#\/schema\/logo\/image\/","url":"https:\/\/johndavidsatsang.international\/wp-content\/uploads\/2020\/08\/sign-black-spiritual-teacher.png","contentUrl":"https:\/\/johndavidsatsang.international\/wp-content\/uploads\/2020\/08\/sign-black-spiritual-teacher.png","width":372,"height":179,"caption":"John David Satsang"},"image":{"@id":"https:\/\/johndavidsatsang.international\/ru\/#\/schema\/logo\/image\/"}}]}},"_links":{"self":[{"href":"https:\/\/johndavidsatsang.international\/es\/wp-json\/wp\/v2\/pages\/27091","targetHints":{"allow":["GET"]}}],"collection":[{"href":"https:\/\/johndavidsatsang.international\/es\/wp-json\/wp\/v2\/pages"}],"about":[{"href":"https:\/\/johndavidsatsang.international\/es\/wp-json\/wp\/v2\/types\/page"}],"author":[{"embeddable":true,"href":"https:\/\/johndavidsatsang.international\/es\/wp-json\/wp\/v2\/users\/1"}],"replies":[{"embeddable":true,"href":"https:\/\/johndavidsatsang.international\/es\/wp-json\/wp\/v2\/comments?post=27091"}],"version-history":[{"count":19,"href":"https:\/\/johndavidsatsang.international\/es\/wp-json\/wp\/v2\/pages\/27091\/revisions"}],"predecessor-version":[{"id":96843,"href":"https:\/\/johndavidsatsang.international\/es\/wp-json\/wp\/v2\/pages\/27091\/revisions\/96843"}],"wp:attachment":[{"href":"https:\/\/johndavidsatsang.international\/es\/wp-json\/wp\/v2\/media?parent=27091"}],"curies":[{"name":"wp","href":"https:\/\/api.w.org\/{rel}","templated":true}]}}