{"id":28658,"date":"2021-01-11T16:52:02","date_gmt":"2021-01-11T16:52:02","guid":{"rendered":"http:\/\/johndavidsatsang.international\/sesiones"},"modified":"2023-10-14T17:59:55","modified_gmt":"2023-10-14T15:59:55","slug":"sesiones","status":"publish","type":"page","link":"https:\/\/johndavidsatsang.international\/es\/sesiones\/","title":{"rendered":"Sesiones"},"content":{"rendered":"\t\t<div data-elementor-type=\"wp-page\" data-elementor-id=\"28658\" class=\"elementor elementor-28658 elementor-28161\" data-elementor-post-type=\"page\">\n\t\t\t\t\t\t<section class=\"elementor-section elementor-top-section elementor-element elementor-element-7266e92 elementor-section-boxed elementor-section-height-default elementor-section-height-default\" data-id=\"7266e92\" data-element_type=\"section\" data-e-type=\"section\">\n\t\t\t\t\t\t<div class=\"elementor-container elementor-column-gap-no\">\n\t\t\t\t\t<div class=\"elementor-column elementor-col-100 elementor-top-column elementor-element elementor-element-f567838\" data-id=\"f567838\" data-element_type=\"column\" data-e-type=\"column\">\n\t\t\t<div class=\"elementor-widget-wrap elementor-element-populated\">\n\t\t\t\t\t\t<div class=\"elementor-element elementor-element-9886242 elementor-widget elementor-widget-image\" data-id=\"9886242\" data-element_type=\"widget\" data-e-type=\"widget\" data-widget_type=\"image.default\">\n\t\t\t\t<div class=\"elementor-widget-container\">\n\t\t\t\t\t\t\t\t\t\t\t\t\t\t\t<img fetchpriority=\"high\" decoding=\"async\" width=\"800\" height=\"533\" src=\"https:\/\/johndavidsatsang.international\/wp-content\/uploads\/2021\/01\/banner_online-satsang.jpg\" class=\"attachment-full size-full wp-image-28208\" alt=\"\" srcset=\"https:\/\/johndavidsatsang.international\/wp-content\/uploads\/2021\/01\/banner_online-satsang.jpg 800w, https:\/\/johndavidsatsang.international\/wp-content\/uploads\/2021\/01\/banner_online-satsang-600x400.jpg 600w, https:\/\/johndavidsatsang.international\/wp-content\/uploads\/2021\/01\/banner_online-satsang-300x200.jpg 300w, https:\/\/johndavidsatsang.international\/wp-content\/uploads\/2021\/01\/banner_online-satsang-768x512.jpg 768w\" sizes=\"(max-width: 800px) 100vw, 800px\" \/>\t\t\t\t\t\t\t\t\t\t\t\t\t\t\t<\/div>\n\t\t\t\t<\/div>\n\t\t\t\t<div class=\"elementor-element elementor-element-125e667 elementor-widget elementor-widget-heading\" data-id=\"125e667\" data-element_type=\"widget\" data-e-type=\"widget\" data-widget_type=\"heading.default\">\n\t\t\t\t<div class=\"elementor-widget-container\">\n\t\t\t\t\t<h1 class=\"elementor-heading-title elementor-size-default\">Encuentros privados con John David \n<br>\nOnline por Zoom <\/h1>\t\t\t\t<\/div>\n\t\t\t\t<\/div>\n\t\t\t\t\t<\/div>\n\t\t<\/div>\n\t\t\t\t\t<\/div>\n\t\t<\/section>\n\t\t\t\t<section class=\"elementor-section elementor-top-section elementor-element elementor-element-3d1af36 elementor-section-boxed elementor-section-height-default elementor-section-height-default\" data-id=\"3d1af36\" data-element_type=\"section\" data-e-type=\"section\">\n\t\t\t\t\t\t<div class=\"elementor-container elementor-column-gap-no\">\n\t\t\t\t\t<div class=\"elementor-column elementor-col-100 elementor-top-column elementor-element elementor-element-6469dff\" data-id=\"6469dff\" data-element_type=\"column\" data-e-type=\"column\">\n\t\t\t<div class=\"elementor-widget-wrap elementor-element-populated\">\n\t\t\t\t\t\t<section class=\"elementor-section elementor-inner-section elementor-element elementor-element-e474fc8 elementor-hidden-phone elementor-section-boxed elementor-section-height-default elementor-section-height-default\" data-id=\"e474fc8\" data-element_type=\"section\" data-e-type=\"section\" data-settings=\"{&quot;background_background&quot;:&quot;classic&quot;}\">\n\t\t\t\t\t\t<div class=\"elementor-container elementor-column-gap-default\">\n\t\t\t\t\t<div class=\"elementor-column elementor-col-33 elementor-inner-column elementor-element elementor-element-82e1d02\" data-id=\"82e1d02\" data-element_type=\"column\" data-e-type=\"column\">\n\t\t\t<div class=\"elementor-widget-wrap elementor-element-populated\">\n\t\t\t\t\t\t<div class=\"elementor-element elementor-element-de73956 elementor-widget elementor-widget-heading\" data-id=\"de73956\" data-element_type=\"widget\" data-e-type=\"widget\" data-widget_type=\"heading.default\">\n\t\t\t\t<div class=\"elementor-widget-container\">\n\t\t\t\t\t<h2 class=\"elementor-heading-title elementor-size-default\"><a href=\"https:\/\/johndavidsatsang.international\/es\/reuniones-de-zoom\">Informaci\u00f3n<\/a><\/h2>\t\t\t\t<\/div>\n\t\t\t\t<\/div>\n\t\t\t\t\t<\/div>\n\t\t<\/div>\n\t\t\t\t<div class=\"elementor-column elementor-col-33 elementor-inner-column elementor-element elementor-element-353384b\" data-id=\"353384b\" data-element_type=\"column\" data-e-type=\"column\">\n\t\t\t<div class=\"elementor-widget-wrap elementor-element-populated\">\n\t\t\t\t\t\t<div class=\"elementor-element elementor-element-9d19b46 elementor-widget elementor-widget-heading\" data-id=\"9d19b46\" data-element_type=\"widget\" data-e-type=\"widget\" data-widget_type=\"heading.default\">\n\t\t\t\t<div class=\"elementor-widget-container\">\n\t\t\t\t\t<h2 class=\"elementor-heading-title elementor-size-default\"><a href=\"https:\/\/johndavidsatsang.international\/es\/archivo-de-zoom\">Archivo de v\u00eddeos<\/a><\/h2>\t\t\t\t<\/div>\n\t\t\t\t<\/div>\n\t\t\t\t\t<\/div>\n\t\t<\/div>\n\t\t\t\t<div class=\"elementor-column elementor-col-33 elementor-inner-column elementor-element elementor-element-fa6bf3c\" data-id=\"fa6bf3c\" data-element_type=\"column\" data-e-type=\"column\">\n\t\t\t<div class=\"elementor-widget-wrap elementor-element-populated\">\n\t\t\t\t\t\t<div class=\"elementor-element elementor-element-c61144f elementor-widget elementor-widget-heading\" data-id=\"c61144f\" data-element_type=\"widget\" data-e-type=\"widget\" data-widget_type=\"heading.default\">\n\t\t\t\t<div class=\"elementor-widget-container\">\n\t\t\t\t\t<h2 class=\"elementor-heading-title elementor-size-default\"><a href=\"https:\/\/johndavidsatsang.international\/es\/sesiones\">Sesiones<\/a><\/h2>\t\t\t\t<\/div>\n\t\t\t\t<\/div>\n\t\t\t\t\t<\/div>\n\t\t<\/div>\n\t\t\t\t\t<\/div>\n\t\t<\/section>\n\t\t\t\t\t<\/div>\n\t\t<\/div>\n\t\t\t\t\t<\/div>\n\t\t<\/section>\n\t\t\t\t<section class=\"elementor-section elementor-top-section elementor-element elementor-element-6358a86 elementor-section-boxed elementor-section-height-default elementor-section-height-default\" data-id=\"6358a86\" data-element_type=\"section\" data-e-type=\"section\">\n\t\t\t\t\t\t<div class=\"elementor-container elementor-column-gap-default\">\n\t\t\t\t\t<div class=\"elementor-column elementor-col-100 elementor-top-column elementor-element elementor-element-c1b5fa9\" data-id=\"c1b5fa9\" data-element_type=\"column\" data-e-type=\"column\">\n\t\t\t<div class=\"elementor-widget-wrap elementor-element-populated\">\n\t\t\t\t\t\t<div class=\"elementor-element elementor-element-0d32e01 elementor-widget elementor-widget-text-editor\" data-id=\"0d32e01\" data-element_type=\"widget\" data-e-type=\"widget\" data-widget_type=\"text-editor.default\">\n\t\t\t\t<div class=\"elementor-widget-container\">\n\t\t\t\t\t\t\t\t\t<p>Sesiones privadas con John David<\/p>\n\t\t\t\t\t\t\t\t<\/div>\n\t\t\t\t<\/div>\n\t\t\t\t<section class=\"elementor-section elementor-inner-section elementor-element elementor-element-11bb543 elementor-section-boxed elementor-section-height-default elementor-section-height-default\" data-id=\"11bb543\" data-element_type=\"section\" data-e-type=\"section\">\n\t\t\t\t\t\t<div class=\"elementor-container elementor-column-gap-default\">\n\t\t\t\t\t<div class=\"elementor-column elementor-col-50 elementor-inner-column elementor-element elementor-element-fe5e0a3\" data-id=\"fe5e0a3\" data-element_type=\"column\" data-e-type=\"column\">\n\t\t\t<div class=\"elementor-widget-wrap elementor-element-populated\">\n\t\t\t\t\t\t<div class=\"elementor-element elementor-element-5b92574 elementor-widget elementor-widget-text-editor\" data-id=\"5b92574\" data-element_type=\"widget\" data-e-type=\"widget\" data-widget_type=\"text-editor.default\">\n\t\t\t\t<div class=\"elementor-widget-container\">\n\t\t\t\t\t\t\t\t\t<\/p>\n\t\t\t\t\t\t\t\t<\/div>\n\t\t\t\t<\/div>\n\t\t\t\t<div class=\"elementor-element elementor-element-0ba05c8 elementor-widget elementor-widget-image\" data-id=\"0ba05c8\" data-element_type=\"widget\" data-e-type=\"widget\" data-widget_type=\"image.default\">\n\t\t\t\t<div class=\"elementor-widget-container\">\n\t\t\t\t\t\t\t\t\t\t\t\t\t\t\t<img decoding=\"async\" width=\"800\" height=\"284\" src=\"https:\/\/johndavidsatsang.international\/wp-content\/uploads\/2020\/12\/IMG_0022-1024x364.jpg\" class=\"attachment-large size-large wp-image-25702\" alt=\"\" srcset=\"https:\/\/johndavidsatsang.international\/wp-content\/uploads\/2020\/12\/IMG_0022-1024x364.jpg 1024w, https:\/\/johndavidsatsang.international\/wp-content\/uploads\/2020\/12\/IMG_0022-600x213.jpg 600w, https:\/\/johndavidsatsang.international\/wp-content\/uploads\/2020\/12\/IMG_0022-300x107.jpg 300w, https:\/\/johndavidsatsang.international\/wp-content\/uploads\/2020\/12\/IMG_0022-768x273.jpg 768w, https:\/\/johndavidsatsang.international\/wp-content\/uploads\/2020\/12\/IMG_0022.jpg 1200w\" sizes=\"(max-width: 800px) 100vw, 800px\" \/>\t\t\t\t\t\t\t\t\t\t\t\t\t\t\t<\/div>\n\t\t\t\t<\/div>\n\t\t\t\t\t<\/div>\n\t\t<\/div>\n\t\t\t\t<div class=\"elementor-column elementor-col-50 elementor-inner-column elementor-element elementor-element-702446f\" data-id=\"702446f\" data-element_type=\"column\" data-e-type=\"column\">\n\t\t\t<div class=\"elementor-widget-wrap elementor-element-populated\">\n\t\t\t\t\t\t<div class=\"elementor-element elementor-element-a5cf620 elementor-widget elementor-widget-text-editor\" data-id=\"a5cf620\" data-element_type=\"widget\" data-e-type=\"widget\" data-widget_type=\"text-editor.default\">\n\t\t\t\t<div class=\"elementor-widget-container\">\n\t\t\t\t\t\t\t\t\t<p>En una sesi\u00f3n privada, puedes tener un encuentro personal con John David.<\/p>\n<p>\nLa sesi\u00f3n puede consistir en una indagaci\u00f3n guiada que te lleva al silencio y te pone en contacto con tu verdadero Ser. Tambi\u00e9n es posible hacer preguntas o mantener un di\u00e1logo con John David sobre un tema concreto o sobre alg\u00fan problema en tu vida.<\/p>\n\t\t\t\t\t\t\t\t<\/div>\n\t\t\t\t<\/div>\n\t\t\t\t\t<\/div>\n\t\t<\/div>\n\t\t\t\t\t<\/div>\n\t\t<\/section>\n\t\t\t\t\t<\/div>\n\t\t<\/div>\n\t\t\t\t\t<\/div>\n\t\t<\/section>\n\t\t\t\t<section class=\"elementor-section elementor-top-section elementor-element elementor-element-27b8de0 elementor-section-boxed elementor-section-height-default elementor-section-height-default\" data-id=\"27b8de0\" data-element_type=\"section\" data-e-type=\"section\">\n\t\t\t\t\t\t<div class=\"elementor-container elementor-column-gap-default\">\n\t\t\t\t\t<div class=\"elementor-column elementor-col-100 elementor-top-column elementor-element elementor-element-4d38969\" data-id=\"4d38969\" data-element_type=\"column\" data-e-type=\"column\">\n\t\t\t<div class=\"elementor-widget-wrap elementor-element-populated\">\n\t\t\t\t\t\t<section class=\"elementor-section elementor-inner-section elementor-element elementor-element-0fdc755 elementor-section-boxed elementor-section-height-default elementor-section-height-default\" data-id=\"0fdc755\" data-element_type=\"section\" data-e-type=\"section\">\n\t\t\t\t\t\t<div class=\"elementor-container elementor-column-gap-default\">\n\t\t\t\t\t<div class=\"elementor-column elementor-col-50 elementor-inner-column elementor-element elementor-element-577c700\" data-id=\"577c700\" data-element_type=\"column\" data-e-type=\"column\">\n\t\t\t<div class=\"elementor-widget-wrap elementor-element-populated\">\n\t\t\t\t\t\t<div class=\"elementor-element elementor-element-998f201 elementor-widget elementor-widget-text-editor\" data-id=\"998f201\" data-element_type=\"widget\" data-e-type=\"widget\" data-widget_type=\"text-editor.default\">\n\t\t\t\t<div class=\"elementor-widget-container\">\n\t\t\t\t\t\t\t\t\t<p>La videollamada permite un encuentro sorprendentemente \u00edntimo, energ\u00e9tico y profundo. John David responde a tus preguntas y te gu\u00eda a tu verdadera naturaleza.<\/p><p><b>Es posible la traducci\u00f3n al alem\u00e1n, espa\u00f1ol, ruso y italiano.<\/b><\/p>\t\t\t\t\t\t\t\t<\/div>\n\t\t\t\t<\/div>\n\t\t\t\t\t<\/div>\n\t\t<\/div>\n\t\t\t\t<div class=\"elementor-column elementor-col-50 elementor-inner-column elementor-element elementor-element-69417ca\" data-id=\"69417ca\" data-element_type=\"column\" data-e-type=\"column\">\n\t\t\t<div class=\"elementor-widget-wrap elementor-element-populated\">\n\t\t\t\t\t\t<div class=\"elementor-element elementor-element-d12182c elementor-widget elementor-widget-video\" data-id=\"d12182c\" data-element_type=\"widget\" data-e-type=\"widget\" data-settings=\"{&quot;youtube_url&quot;:&quot;https:\\\/\\\/youtu.be\\\/Y9nCDYuEBIc&quot;,&quot;video_type&quot;:&quot;youtube&quot;,&quot;controls&quot;:&quot;yes&quot;}\" data-widget_type=\"video.default\">\n\t\t\t\t<div class=\"elementor-widget-container\">\n\t\t\t\t\t\t\t<div class=\"elementor-wrapper elementor-open-inline\">\n\t\t\t<div class=\"elementor-video\"><\/div>\t\t<\/div>\n\t\t\t\t\t\t<\/div>\n\t\t\t\t<\/div>\n\t\t\t\t\t<\/div>\n\t\t<\/div>\n\t\t\t\t\t<\/div>\n\t\t<\/section>\n\t\t\t\t\t<\/div>\n\t\t<\/div>\n\t\t\t\t\t<\/div>\n\t\t<\/section>\n\t\t\t\t<section class=\"elementor-section elementor-top-section elementor-element elementor-element-cc05931 elementor-section-boxed elementor-section-height-default elementor-section-height-default\" data-id=\"cc05931\" data-element_type=\"section\" data-e-type=\"section\">\n\t\t\t\t\t\t<div class=\"elementor-container elementor-column-gap-default\">\n\t\t\t\t\t<div class=\"elementor-column elementor-col-100 elementor-top-column elementor-element elementor-element-10f42d8\" data-id=\"10f42d8\" data-element_type=\"column\" data-e-type=\"column\">\n\t\t\t<div class=\"elementor-widget-wrap elementor-element-populated\">\n\t\t\t\t\t\t<div class=\"elementor-element elementor-element-42026a8 elementor-widget elementor-widget-text-editor\" data-id=\"42026a8\" data-element_type=\"widget\" data-e-type=\"widget\" data-widget_type=\"text-editor.default\">\n\t\t\t\t<div class=\"elementor-widget-container\">\n\t\t\t\t\t\t\t\t\t<p>Si est\u00e1s interesado y quieres hacernos alguna consulta o reservar una sesi\u00f3n, ponte en contacto con nosotros: <\/p>\n\t\t\t\t\t\t\t\t<\/div>\n\t\t\t\t<\/div>\n\t\t\t\t<div class=\"elementor-element elementor-element-42d2fff elementor-widget elementor-widget-text-editor\" data-id=\"42d2fff\" data-element_type=\"widget\" data-e-type=\"widget\" data-widget_type=\"text-editor.default\">\n\t\t\t\t<div class=\"elementor-widget-container\">\n\t\t\t\t\t\t\t\t\t<div class=\"elementor-element elementor-element-744bd6a elementor-widget elementor-widget-text-editor\" data-id=\"744bd6a\" data-element_type=\"widget\" data-widget_type=\"text-editor.default\"><div class=\"elementor-widget-container optml-bg-lazyloaded\"><div class=\"elementor-text-editor elementor-clearfix\"><p><strong>Oficina de Satsang Internacional<\/strong><\/p><\/div><\/div><\/div><div class=\"elementor-element elementor-element-06d1539 elementor-widget elementor-widget-text-editor\" data-id=\"06d1539\" data-element_type=\"widget\" data-widget_type=\"text-editor.default\"><div class=\"elementor-widget-container optml-bg-lazyloaded\"><div class=\"elementor-text-editor elementor-clearfix\"><p><strong>Email:<\/strong> office@johndavidsatsang.international<\/p><p><strong>M\u00f3vil &amp; Whatsapp:<\/strong> 691372916<\/p><\/div><\/div><\/div>\t\t\t\t\t\t\t\t<\/div>\n\t\t\t\t<\/div>\n\t\t\t\t\t<\/div>\n\t\t<\/div>\n\t\t\t\t\t<\/div>\n\t\t<\/section>\n\t\t\t\t<\/div>\n\t\t","protected":false},"excerpt":{"rendered":"<p>Encuentros privados con John David Online por Zoom Informaci\u00f3n Archivo de v\u00eddeos Sesiones Sesiones privadas con John David En una sesi\u00f3n privada, puedes tener un encuentro personal con John David. La sesi\u00f3n puede consistir en una indagaci\u00f3n guiada que te lleva al silencio y te pone en contacto con tu verdadero Ser. Tambi\u00e9n es posible [&hellip;]<\/p>\n","protected":false},"author":1,"featured_media":0,"parent":0,"menu_order":0,"comment_status":"closed","ping_status":"closed","template":"","meta":{"footnotes":""},"class_list":["post-28658","page","type-page","status-publish","hentry"],"yoast_head":"<!-- This site is optimized with the Yoast SEO plugin v27.2 - https:\/\/yoast.com\/product\/yoast-seo-wordpress\/ -->\n<title>Sesiones - John David Satsang<\/title>\n<meta name=\"robots\" content=\"index, follow, max-snippet:-1, max-image-preview:large, max-video-preview:-1\" \/>\n<link rel=\"canonical\" href=\"https:\/\/johndavidsatsang.international\/es\/sesiones\/\" \/>\n<meta property=\"og:locale\" content=\"es_ES\" \/>\n<meta property=\"og:type\" content=\"article\" \/>\n<meta property=\"og:title\" content=\"Sesiones - John David Satsang\" \/>\n<meta property=\"og:description\" content=\"Encuentros privados con John David Online por Zoom Informaci\u00f3n Archivo de v\u00eddeos Sesiones Sesiones privadas con John David En una sesi\u00f3n privada, puedes tener un encuentro personal con John David. La sesi\u00f3n puede consistir en una indagaci\u00f3n guiada que te lleva al silencio y te pone en contacto con tu verdadero Ser. Tambi\u00e9n es posible [&hellip;]\" \/>\n<meta property=\"og:url\" content=\"https:\/\/johndavidsatsang.international\/es\/sesiones\/\" \/>\n<meta property=\"og:site_name\" content=\"John David Satsang\" \/>\n<meta property=\"article:modified_time\" content=\"2023-10-14T15:59:55+00:00\" \/>\n<meta property=\"og:image\" content=\"https:\/\/johndavidsatsang.international\/wp-content\/uploads\/2021\/01\/banner_online-satsang.jpg\" \/>\n<meta name=\"twitter:card\" content=\"summary_large_image\" \/>\n<meta name=\"twitter:label1\" content=\"Tiempo de lectura\" \/>\n\t<meta name=\"twitter:data1\" content=\"2 minutos\" \/>\n<script type=\"application\/ld+json\" class=\"yoast-schema-graph\">{\"@context\":\"https:\/\/schema.org\",\"@graph\":[{\"@type\":\"WebPage\",\"@id\":\"https:\/\/johndavidsatsang.international\/es\/sesiones\/\",\"url\":\"https:\/\/johndavidsatsang.international\/es\/sesiones\/\",\"name\":\"Sesiones - John David Satsang\",\"isPartOf\":{\"@id\":\"https:\/\/johndavidsatsang.international\/ru\/#website\"},\"primaryImageOfPage\":{\"@id\":\"https:\/\/johndavidsatsang.international\/es\/sesiones\/#primaryimage\"},\"image\":{\"@id\":\"https:\/\/johndavidsatsang.international\/es\/sesiones\/#primaryimage\"},\"thumbnailUrl\":\"https:\/\/johndavidsatsang.international\/wp-content\/uploads\/2021\/01\/banner_online-satsang.jpg\",\"datePublished\":\"2021-01-11T16:52:02+00:00\",\"dateModified\":\"2023-10-14T15:59:55+00:00\",\"breadcrumb\":{\"@id\":\"https:\/\/johndavidsatsang.international\/es\/sesiones\/#breadcrumb\"},\"inLanguage\":\"es\",\"potentialAction\":[{\"@type\":\"ReadAction\",\"target\":[\"https:\/\/johndavidsatsang.international\/es\/sesiones\/\"]}]},{\"@type\":\"ImageObject\",\"inLanguage\":\"es\",\"@id\":\"https:\/\/johndavidsatsang.international\/es\/sesiones\/#primaryimage\",\"url\":\"https:\/\/johndavidsatsang.international\/wp-content\/uploads\/2021\/01\/banner_online-satsang.jpg\",\"contentUrl\":\"https:\/\/johndavidsatsang.international\/wp-content\/uploads\/2021\/01\/banner_online-satsang.jpg\"},{\"@type\":\"BreadcrumbList\",\"@id\":\"https:\/\/johndavidsatsang.international\/es\/sesiones\/#breadcrumb\",\"itemListElement\":[{\"@type\":\"ListItem\",\"position\":1,\"name\":\"Home\",\"item\":\"https:\/\/johndavidsatsang.international\/es\/\"},{\"@type\":\"ListItem\",\"position\":2,\"name\":\"Sesiones\"}]},{\"@type\":\"WebSite\",\"@id\":\"https:\/\/johndavidsatsang.international\/ru\/#website\",\"url\":\"https:\/\/johndavidsatsang.international\/ru\/\",\"name\":\"John David Satsang\",\"description\":\"Satsang with John David\",\"publisher\":{\"@id\":\"https:\/\/johndavidsatsang.international\/ru\/#organization\"},\"potentialAction\":[{\"@type\":\"SearchAction\",\"target\":{\"@type\":\"EntryPoint\",\"urlTemplate\":\"https:\/\/johndavidsatsang.international\/ru\/?s={search_term_string}\"},\"query-input\":{\"@type\":\"PropertyValueSpecification\",\"valueRequired\":true,\"valueName\":\"search_term_string\"}}],\"inLanguage\":\"es\"},{\"@type\":\"Organization\",\"@id\":\"https:\/\/johndavidsatsang.international\/ru\/#organization\",\"name\":\"John David Satsang\",\"url\":\"https:\/\/johndavidsatsang.international\/ru\/\",\"logo\":{\"@type\":\"ImageObject\",\"inLanguage\":\"es\",\"@id\":\"https:\/\/johndavidsatsang.international\/ru\/#\/schema\/logo\/image\/\",\"url\":\"https:\/\/johndavidsatsang.international\/wp-content\/uploads\/2020\/08\/sign-black-spiritual-teacher.png\",\"contentUrl\":\"https:\/\/johndavidsatsang.international\/wp-content\/uploads\/2020\/08\/sign-black-spiritual-teacher.png\",\"width\":372,\"height\":179,\"caption\":\"John David Satsang\"},\"image\":{\"@id\":\"https:\/\/johndavidsatsang.international\/ru\/#\/schema\/logo\/image\/\"}}]}<\/script>\n<!-- \/ Yoast SEO plugin. -->","yoast_head_json":{"title":"Sesiones - John David Satsang","robots":{"index":"index","follow":"follow","max-snippet":"max-snippet:-1","max-image-preview":"max-image-preview:large","max-video-preview":"max-video-preview:-1"},"canonical":"https:\/\/johndavidsatsang.international\/es\/sesiones\/","og_locale":"es_ES","og_type":"article","og_title":"Sesiones - John David Satsang","og_description":"Encuentros privados con John David Online por Zoom Informaci\u00f3n Archivo de v\u00eddeos Sesiones Sesiones privadas con John David En una sesi\u00f3n privada, puedes tener un encuentro personal con John David. La sesi\u00f3n puede consistir en una indagaci\u00f3n guiada que te lleva al silencio y te pone en contacto con tu verdadero Ser. Tambi\u00e9n es posible [&hellip;]","og_url":"https:\/\/johndavidsatsang.international\/es\/sesiones\/","og_site_name":"John David Satsang","article_modified_time":"2023-10-14T15:59:55+00:00","og_image":[{"url":"https:\/\/johndavidsatsang.international\/wp-content\/uploads\/2021\/01\/banner_online-satsang.jpg","type":"","width":"","height":""}],"twitter_card":"summary_large_image","twitter_misc":{"Tiempo de lectura":"2 minutos"},"schema":{"@context":"https:\/\/schema.org","@graph":[{"@type":"WebPage","@id":"https:\/\/johndavidsatsang.international\/es\/sesiones\/","url":"https:\/\/johndavidsatsang.international\/es\/sesiones\/","name":"Sesiones - John David Satsang","isPartOf":{"@id":"https:\/\/johndavidsatsang.international\/ru\/#website"},"primaryImageOfPage":{"@id":"https:\/\/johndavidsatsang.international\/es\/sesiones\/#primaryimage"},"image":{"@id":"https:\/\/johndavidsatsang.international\/es\/sesiones\/#primaryimage"},"thumbnailUrl":"https:\/\/johndavidsatsang.international\/wp-content\/uploads\/2021\/01\/banner_online-satsang.jpg","datePublished":"2021-01-11T16:52:02+00:00","dateModified":"2023-10-14T15:59:55+00:00","breadcrumb":{"@id":"https:\/\/johndavidsatsang.international\/es\/sesiones\/#breadcrumb"},"inLanguage":"es","potentialAction":[{"@type":"ReadAction","target":["https:\/\/johndavidsatsang.international\/es\/sesiones\/"]}]},{"@type":"ImageObject","inLanguage":"es","@id":"https:\/\/johndavidsatsang.international\/es\/sesiones\/#primaryimage","url":"https:\/\/johndavidsatsang.international\/wp-content\/uploads\/2021\/01\/banner_online-satsang.jpg","contentUrl":"https:\/\/johndavidsatsang.international\/wp-content\/uploads\/2021\/01\/banner_online-satsang.jpg"},{"@type":"BreadcrumbList","@id":"https:\/\/johndavidsatsang.international\/es\/sesiones\/#breadcrumb","itemListElement":[{"@type":"ListItem","position":1,"name":"Home","item":"https:\/\/johndavidsatsang.international\/es\/"},{"@type":"ListItem","position":2,"name":"Sesiones"}]},{"@type":"WebSite","@id":"https:\/\/johndavidsatsang.international\/ru\/#website","url":"https:\/\/johndavidsatsang.international\/ru\/","name":"John David Satsang","description":"Satsang with John David","publisher":{"@id":"https:\/\/johndavidsatsang.international\/ru\/#organization"},"potentialAction":[{"@type":"SearchAction","target":{"@type":"EntryPoint","urlTemplate":"https:\/\/johndavidsatsang.international\/ru\/?s={search_term_string}"},"query-input":{"@type":"PropertyValueSpecification","valueRequired":true,"valueName":"search_term_string"}}],"inLanguage":"es"},{"@type":"Organization","@id":"https:\/\/johndavidsatsang.international\/ru\/#organization","name":"John David Satsang","url":"https:\/\/johndavidsatsang.international\/ru\/","logo":{"@type":"ImageObject","inLanguage":"es","@id":"https:\/\/johndavidsatsang.international\/ru\/#\/schema\/logo\/image\/","url":"https:\/\/johndavidsatsang.international\/wp-content\/uploads\/2020\/08\/sign-black-spiritual-teacher.png","contentUrl":"https:\/\/johndavidsatsang.international\/wp-content\/uploads\/2020\/08\/sign-black-spiritual-teacher.png","width":372,"height":179,"caption":"John David Satsang"},"image":{"@id":"https:\/\/johndavidsatsang.international\/ru\/#\/schema\/logo\/image\/"}}]}},"_links":{"self":[{"href":"https:\/\/johndavidsatsang.international\/es\/wp-json\/wp\/v2\/pages\/28658","targetHints":{"allow":["GET"]}}],"collection":[{"href":"https:\/\/johndavidsatsang.international\/es\/wp-json\/wp\/v2\/pages"}],"about":[{"href":"https:\/\/johndavidsatsang.international\/es\/wp-json\/wp\/v2\/types\/page"}],"author":[{"embeddable":true,"href":"https:\/\/johndavidsatsang.international\/es\/wp-json\/wp\/v2\/users\/1"}],"replies":[{"embeddable":true,"href":"https:\/\/johndavidsatsang.international\/es\/wp-json\/wp\/v2\/comments?post=28658"}],"version-history":[{"count":17,"href":"https:\/\/johndavidsatsang.international\/es\/wp-json\/wp\/v2\/pages\/28658\/revisions"}],"predecessor-version":[{"id":75255,"href":"https:\/\/johndavidsatsang.international\/es\/wp-json\/wp\/v2\/pages\/28658\/revisions\/75255"}],"wp:attachment":[{"href":"https:\/\/johndavidsatsang.international\/es\/wp-json\/wp\/v2\/media?parent=28658"}],"curies":[{"name":"wp","href":"https:\/\/api.w.org\/{rel}","templated":true}]}}