{"id":31480,"date":"2021-01-28T20:06:26","date_gmt":"2021-01-28T19:06:26","guid":{"rendered":"http:\/\/johndavidsatsang.international\/toucher-a-notre-essence"},"modified":"2021-09-22T08:13:57","modified_gmt":"2021-09-22T06:13:57","slug":"toucher-a-notre-essence","status":"publish","type":"page","link":"https:\/\/johndavidsatsang.international\/fr\/toucher-a-notre-essence\/","title":{"rendered":"Toucher \u00e0 notre essence"},"content":{"rendered":"\t\t<div data-elementor-type=\"wp-page\" data-elementor-id=\"31480\" class=\"elementor elementor-31480 elementor-5351\" data-elementor-post-type=\"page\">\n\t\t\t\t\t\t<section class=\"elementor-section elementor-top-section elementor-element elementor-element-2e105fe elementor-section-boxed elementor-section-height-default elementor-section-height-default\" data-id=\"2e105fe\" data-element_type=\"section\" data-e-type=\"section\">\n\t\t\t\t\t\t\t<div class=\"elementor-background-overlay\"><\/div>\n\t\t\t\t\t\t\t<div class=\"elementor-container elementor-column-gap-default\">\n\t\t\t\t\t<div class=\"elementor-column elementor-col-100 elementor-top-column elementor-element elementor-element-4bc3c13\" data-id=\"4bc3c13\" data-element_type=\"column\" data-e-type=\"column\" data-settings=\"{&quot;background_background&quot;:&quot;classic&quot;}\">\n\t\t\t<div class=\"elementor-widget-wrap\">\n\t\t\t\t\t<div class=\"elementor-background-overlay\"><\/div>\n\t\t\t\t\t\t\t<\/div>\n\t\t<\/div>\n\t\t\t\t\t<\/div>\n\t\t<\/section>\n\t\t\t\t<section class=\"elementor-section elementor-top-section elementor-element elementor-element-40e687b elementor-section-boxed elementor-section-height-default elementor-section-height-default\" data-id=\"40e687b\" data-element_type=\"section\" data-e-type=\"section\">\n\t\t\t\t\t\t<div class=\"elementor-container elementor-column-gap-no\">\n\t\t\t\t\t<div class=\"elementor-column elementor-col-100 elementor-top-column elementor-element elementor-element-99b239a\" data-id=\"99b239a\" data-element_type=\"column\" data-e-type=\"column\">\n\t\t\t<div class=\"elementor-widget-wrap elementor-element-populated\">\n\t\t\t\t\t\t<div class=\"elementor-element elementor-element-cc5f223 elementor--h-position-center elementor--v-position-middle elementor-arrows-position-inside elementor-pagination-position-inside elementor-widget elementor-widget-slides\" data-id=\"cc5f223\" data-element_type=\"widget\" data-e-type=\"widget\" data-settings=\"{&quot;navigation&quot;:&quot;both&quot;,&quot;autoplay&quot;:&quot;yes&quot;,&quot;pause_on_hover&quot;:&quot;yes&quot;,&quot;pause_on_interaction&quot;:&quot;yes&quot;,&quot;autoplay_speed&quot;:5000,&quot;infinite&quot;:&quot;yes&quot;,&quot;transition&quot;:&quot;slide&quot;,&quot;transition_speed&quot;:500}\" data-widget_type=\"slides.default\">\n\t\t\t\t<div class=\"elementor-widget-container\">\n\t\t\t\t\t\t\t\t\t<div class=\"elementor-swiper\">\n\t\t\t\t\t<div class=\"elementor-slides-wrapper elementor-main-swiper swiper\" role=\"region\" aria-roledescription=\"carousel\" aria-label=\"Diapositives\" dir=\"ltr\" data-animation=\"fadeInUp\">\n\t\t\t\t<div class=\"swiper-wrapper elementor-slides\">\n\t\t\t\t\t\t\t\t\t\t<div class=\"elementor-repeater-item-95a9924 swiper-slide\" role=\"group\" aria-roledescription=\"slide\"><div class=\"swiper-slide-bg\" role=\"img\" aria-label=\"Arunachala-Retreat-Background\"><\/div><div class=\"swiper-slide-inner\" ><div class=\"swiper-slide-contents\"><\/div><\/div><\/div>\t\t\t\t<\/div>\n\t\t\t\t\t\t\t<\/div>\n\t\t\t\t<\/div>\n\t\t\t\t\t\t\t\t<\/div>\n\t\t\t\t<\/div>\n\t\t\t\t<div class=\"elementor-element elementor-element-a14b2bd elementor-widget elementor-widget-heading\" data-id=\"a14b2bd\" data-element_type=\"widget\" data-e-type=\"widget\" data-widget_type=\"heading.default\">\n\t\t\t\t<div class=\"elementor-widget-container\">\n\t\t\t\t\t<h2 class=\"elementor-heading-title elementor-size-default\">Toucher \u00e0 notre essence<\/h2>\t\t\t\t<\/div>\n\t\t\t\t<\/div>\n\t\t\t\t<div class=\"elementor-element elementor-element-4966ec8 elementor-widget elementor-widget-text-editor\" data-id=\"4966ec8\" data-element_type=\"widget\" data-e-type=\"widget\" data-widget_type=\"text-editor.default\">\n\t\t\t\t<div class=\"elementor-widget-container\">\n\t\t\t\t\t\t\t\t\t<h3>Un aper\u00e7u de la v\u00e9rit\u00e9<\/h3>\n\t\t\t\t\t\t\t\t<\/div>\n\t\t\t\t<\/div>\n\t\t\t\t<div class=\"elementor-element elementor-element-ee4c674 elementor-widget elementor-widget-text-editor\" data-id=\"ee4c674\" data-element_type=\"widget\" data-e-type=\"widget\" data-widget_type=\"text-editor.default\">\n\t\t\t\t<div class=\"elementor-widget-container\">\n\t\t\t\t\t\t\t\t\t<p>Un aper\u00e7u est incroyablement beau. C&rsquo;est le meilleur moment da ta vie. Tout de m\u00eame, il y a souvent de la peur et la peur met fin \u00e0 l&rsquo;aper\u00e7u. Au d\u00e9but il n&rsquo;y aura qu&rsquo;un aper\u00e7u, un \u00e9clat qui fera dispara\u00eetre les nuages (les structures dans l&rsquo;esprit) du ciel bleu et tu auras un aper\u00e7u du bleu. Tu le ressentiras au fond de toi. C&rsquo;est tr\u00e8s beau, mais il n&rsquo;y a rien que peux y faire, \u00e7a t&rsquo;arrive simplement. \u00c0 cet instant le sens compl\u00e8t du soi dispara\u00eet.<br \/><span style=\"color: var( --e-global-color-text );\">&nbsp; &nbsp; C&rsquo;est ce qui est vraiment important. Le sens du soi &#8211; ce \u00ab moi \u00bb auquel on est tellement attach\u00e9 &#8211; dispara\u00eet. C&rsquo;est un instant compl\u00e8tement choquant.&nbsp;<br \/><\/span>&nbsp; &nbsp;Ce petit instant change ta vie compl\u00e8tement, car d\u00e8s que \u00e7a te sera arriv\u00e9 tu sauras quelque chose que tu ne savais pas avant. Tu te d\u00e9couvriras toi-m\u00eame d&rsquo;une nouvelle fa\u00e7on, mais le Soi dont on parle ne sera plus le soi illusoire qui est plut\u00f4t petit. Tout d&rsquo;un coup c&rsquo;est un autre Soi, le Soi, le Soi authentique, vaste, une sensation d&rsquo;unit\u00e9, d&rsquo;immense amour, d&rsquo;\u00eatre connect\u00e9.<br \/>&nbsp; &nbsp;D&rsquo;habitude, au bout de quelques secondes le soi normal, le \u00ab moi \u00bb normal, revient tr\u00e8s vite, car l&rsquo;aper\u00e7u dans cet instant fait peur, se pr\u00e9sente d&rsquo;une mani\u00e8re choquante, compl\u00e8tement inattendue, magnifique.<br \/>&nbsp; &nbsp; C&rsquo;est tellement facile et tu n&rsquo;as pas besoin de rien faire. C&rsquo;est donn\u00e9. Plus ou moins tout le monde qui a une sorte d&rsquo;aper\u00e7u est surpris parce qu&rsquo;il pensait d&rsquo;\u00eatre oblig\u00e9 de faire quelque chose: \u00ab Oh, c&rsquo;est simplement arriv\u00e9. \u00bb Tu n&rsquo;as pas besoin de rien faire pour \u00eatre toi-m\u00eame.<\/p>\n\t\t\t\t\t\t\t\t<\/div>\n\t\t\t\t<\/div>\n\t\t\t\t<section class=\"elementor-section elementor-inner-section elementor-element elementor-element-cd5c21a elementor-section-boxed elementor-section-height-default elementor-section-height-default\" data-id=\"cd5c21a\" data-element_type=\"section\" data-e-type=\"section\">\n\t\t\t\t\t\t<div class=\"elementor-container elementor-column-gap-no\">\n\t\t\t\t\t<div class=\"elementor-column elementor-col-33 elementor-inner-column elementor-element elementor-element-d12f129\" data-id=\"d12f129\" data-element_type=\"column\" data-e-type=\"column\">\n\t\t\t<div class=\"elementor-widget-wrap elementor-element-populated\">\n\t\t\t\t\t\t<div class=\"elementor-element elementor-element-293ee6d elementor-widget elementor-widget-video\" data-id=\"293ee6d\" data-element_type=\"widget\" data-e-type=\"widget\" data-settings=\"{&quot;youtube_url&quot;:&quot;https:\\\/\\\/www.youtube.com\\\/watch?v=55TDkanoELk&amp;t=78s&quot;,&quot;video_type&quot;:&quot;youtube&quot;,&quot;controls&quot;:&quot;yes&quot;}\" data-widget_type=\"video.default\">\n\t\t\t\t<div class=\"elementor-widget-container\">\n\t\t\t\t\t\t\t<div class=\"elementor-wrapper elementor-open-inline\">\n\t\t\t<div class=\"elementor-video\"><\/div>\t\t<\/div>\n\t\t\t\t\t\t<\/div>\n\t\t\t\t<\/div>\n\t\t\t\t\t<\/div>\n\t\t<\/div>\n\t\t\t\t<div class=\"elementor-column elementor-col-33 elementor-inner-column elementor-element elementor-element-c9cd7a5\" data-id=\"c9cd7a5\" data-element_type=\"column\" data-e-type=\"column\">\n\t\t\t<div class=\"elementor-widget-wrap elementor-element-populated\">\n\t\t\t\t\t\t<div class=\"elementor-element elementor-element-451bb84 elementor-widget elementor-widget-video\" data-id=\"451bb84\" data-element_type=\"widget\" data-e-type=\"widget\" data-settings=\"{&quot;youtube_url&quot;:&quot;https:\\\/\\\/youtu.be\\\/MayWLBxECKQ&quot;,&quot;video_type&quot;:&quot;youtube&quot;,&quot;controls&quot;:&quot;yes&quot;}\" data-widget_type=\"video.default\">\n\t\t\t\t<div class=\"elementor-widget-container\">\n\t\t\t\t\t\t\t<div class=\"elementor-wrapper elementor-open-inline\">\n\t\t\t<div class=\"elementor-video\"><\/div>\t\t<\/div>\n\t\t\t\t\t\t<\/div>\n\t\t\t\t<\/div>\n\t\t\t\t\t<\/div>\n\t\t<\/div>\n\t\t\t\t<div class=\"elementor-column elementor-col-33 elementor-inner-column elementor-element elementor-element-b5c70e2\" data-id=\"b5c70e2\" data-element_type=\"column\" data-e-type=\"column\">\n\t\t\t<div class=\"elementor-widget-wrap elementor-element-populated\">\n\t\t\t\t\t\t<div class=\"elementor-element elementor-element-3ad6d43 elementor-widget elementor-widget-video\" data-id=\"3ad6d43\" data-element_type=\"widget\" data-e-type=\"widget\" data-settings=\"{&quot;youtube_url&quot;:&quot;https:\\\/\\\/www.youtube.com\\\/watch?v=Y-3jnc2ix3k&quot;,&quot;video_type&quot;:&quot;youtube&quot;,&quot;controls&quot;:&quot;yes&quot;}\" data-widget_type=\"video.default\">\n\t\t\t\t<div class=\"elementor-widget-container\">\n\t\t\t\t\t\t\t<div class=\"elementor-wrapper elementor-open-inline\">\n\t\t\t<div class=\"elementor-video\"><\/div>\t\t<\/div>\n\t\t\t\t\t\t<\/div>\n\t\t\t\t<\/div>\n\t\t\t\t\t<\/div>\n\t\t<\/div>\n\t\t\t\t\t<\/div>\n\t\t<\/section>\n\t\t\t\t<div class=\"elementor-element elementor-element-4ccf592 elementor-hidden-phone elementor-widget elementor-widget-spacer\" data-id=\"4ccf592\" data-element_type=\"widget\" data-e-type=\"widget\" data-widget_type=\"spacer.default\">\n\t\t\t\t<div class=\"elementor-widget-container\">\n\t\t\t\t\t\t\t<div class=\"elementor-spacer\">\n\t\t\t<div class=\"elementor-spacer-inner\"><\/div>\n\t\t<\/div>\n\t\t\t\t\t\t<\/div>\n\t\t\t\t<\/div>\n\t\t\t\t<section class=\"elementor-section elementor-inner-section elementor-element elementor-element-62b438c elementor-section-boxed elementor-section-height-default elementor-section-height-default\" data-id=\"62b438c\" data-element_type=\"section\" data-e-type=\"section\">\n\t\t\t\t\t\t<div class=\"elementor-container elementor-column-gap-no\">\n\t\t\t\t\t<div class=\"elementor-column elementor-col-100 elementor-inner-column elementor-element elementor-element-0583ce8\" data-id=\"0583ce8\" data-element_type=\"column\" data-e-type=\"column\">\n\t\t\t<div class=\"elementor-widget-wrap\">\n\t\t\t\t\t\t\t<\/div>\n\t\t<\/div>\n\t\t\t\t\t<\/div>\n\t\t<\/section>\n\t\t\t\t\t<\/div>\n\t\t<\/div>\n\t\t\t\t\t<\/div>\n\t\t<\/section>\n\t\t\t\t<section class=\"elementor-section elementor-top-section elementor-element elementor-element-d7a2732 elementor-section-boxed elementor-section-height-default elementor-section-height-default\" data-id=\"d7a2732\" data-element_type=\"section\" data-e-type=\"section\">\n\t\t\t\t\t\t<div class=\"elementor-container elementor-column-gap-default\">\n\t\t\t\t\t<div class=\"elementor-column elementor-col-100 elementor-top-column elementor-element elementor-element-7b72da0\" data-id=\"7b72da0\" data-element_type=\"column\" data-e-type=\"column\">\n\t\t\t<div class=\"elementor-widget-wrap elementor-element-populated\">\n\t\t\t\t\t\t<div class=\"elementor-element elementor-element-821ce1c elementor-widget elementor-widget-text-editor\" data-id=\"821ce1c\" data-element_type=\"widget\" data-e-type=\"widget\" data-widget_type=\"text-editor.default\">\n\t\t\t\t<div class=\"elementor-widget-container\">\n\t\t\t\t\t\t\t\t\t<h3>L&rsquo;\u00e9veil<\/h3>\n\t\t\t\t\t\t\t\t<\/div>\n\t\t\t\t<\/div>\n\t\t\t\t<div class=\"elementor-element elementor-element-32dc48f elementor-widget elementor-widget-text-editor\" data-id=\"32dc48f\" data-element_type=\"widget\" data-e-type=\"widget\" data-widget_type=\"text-editor.default\">\n\t\t\t\t<div class=\"elementor-widget-container\">\n\t\t\t\t\t\t\t\t\t<p>L&rsquo;\u00e9veil est un instant quand on part de notre vie normale, bas\u00e9e sur l&rsquo;ego, o\u00f9 tout s&rsquo;agit de moi, moi, moi et tout d&rsquo;un coup quelque chose se passe \u00e9nerg\u00e9tiquement et il y a une \u00e9norme expansion \u00e0 l&rsquo;int\u00e9rieur. <span style=\"color: var( --e-global-color-text );\">Il semble que d&rsquo;habitude la premi\u00e8re fois est particuli\u00e8rement forte parce qu&rsquo;on part d&rsquo;un \u00e9tat fortement li\u00e9 \u00e0 l&rsquo;ego vers la libert\u00e9 sans transition. <br \/><\/span> Quand un \u00e9veil a lieu le couvercle de l&rsquo;autocuiseur est retir\u00e9 et cela se passe souvent d&rsquo;une mani\u00e8re explosive, car d&rsquo;habitude la r\u00e9alisation arrive tr\u00e8s brusquement. Le couvercle saute et il y a une \u00e9nome quantit\u00e9 d&rsquo;\u00e9nergie qui se lib\u00e8re. Cela peut aussi se produire sur une p\u00e9riode de temps, d&rsquo;une mani\u00e8re imperceptible. Dans ce cas, souvent le corps physique ne fonctionne pas pendant quelques temps, peut-\u00eatre quelques heures ou jours. <br \/> Ce qui est surprenant, c&rsquo;est que tu fonctionnes \u00e9normement bien apr\u00e8s cela, voire mieux qu&rsquo;avant parce que le filtre constant et la statique de l&rsquo;esprit auront disparu. <br \/> \u00c7a prend un peu de temps pour le comprendre et quand tu l&rsquo;auras compris, \u00e7a se passe simplement. Il n&rsquo;y a aucune formule, aucune pratique. Je connais beaucoup de personnes qui ont vecu une telle ouverture, m\u00eame si \u00e7a n&rsquo;a pas dur\u00e9 qu&rsquo;un court instant. <br \/> C&rsquo;est ce qui est vraiment important. Le sens du soi &#8211; ce \u00ab moi \u00bb auquel on est tellement attach\u00e9 &#8211; dispara\u00eet. C&rsquo;est un instant compl\u00e8tement choquant. En tant que chercheur(se) spirituel(le) tu t&rsquo;attends probablement \u00e0 ce qu&rsquo;un \u00e9veil soit tr\u00e8s sp\u00e9cial, par contre quand tu t&rsquo;\u00e9veilles \u00e7a n&rsquo;a rien d&rsquo;extraordinaire.<\/p>\n\t\t\t\t\t\t\t\t<\/div>\n\t\t\t\t<\/div>\n\t\t\t\t\t<\/div>\n\t\t<\/div>\n\t\t\t\t\t<\/div>\n\t\t<\/section>\n\t\t\t\t<\/div>\n\t\t","protected":false},"excerpt":{"rendered":"<p>Toucher \u00e0 notre essence Un aper\u00e7u de la v\u00e9rit\u00e9 Un aper\u00e7u est incroyablement beau. C&rsquo;est le meilleur moment da ta vie. Tout de m\u00eame, il y a souvent de la peur et la peur met fin \u00e0 l&rsquo;aper\u00e7u. Au d\u00e9but il n&rsquo;y aura qu&rsquo;un aper\u00e7u, un \u00e9clat qui fera dispara\u00eetre les nuages (les structures dans [&hellip;]<\/p>\n","protected":false},"author":1,"featured_media":0,"parent":0,"menu_order":0,"comment_status":"closed","ping_status":"closed","template":"","meta":{"footnotes":""},"class_list":["post-31480","page","type-page","status-publish","hentry"],"yoast_head":"<!-- This site is optimized with the Yoast SEO plugin v27.2 - https:\/\/yoast.com\/product\/yoast-seo-wordpress\/ -->\n<title>Toucher \u00e0 notre essence - John David Satsang<\/title>\n<meta name=\"robots\" content=\"index, follow, max-snippet:-1, max-image-preview:large, max-video-preview:-1\" \/>\n<link rel=\"canonical\" href=\"https:\/\/johndavidsatsang.international\/meetingouressence\/\" \/>\n<meta property=\"og:locale\" content=\"fr_FR\" \/>\n<meta property=\"og:type\" content=\"article\" \/>\n<meta property=\"og:title\" content=\"Toucher \u00e0 notre essence - John David Satsang\" \/>\n<meta property=\"og:description\" content=\"Toucher \u00e0 notre essence Un aper\u00e7u de la v\u00e9rit\u00e9 Un aper\u00e7u est incroyablement beau. C&rsquo;est le meilleur moment da ta vie. Tout de m\u00eame, il y a souvent de la peur et la peur met fin \u00e0 l&rsquo;aper\u00e7u. Au d\u00e9but il n&rsquo;y aura qu&rsquo;un aper\u00e7u, un \u00e9clat qui fera dispara\u00eetre les nuages (les structures dans [&hellip;]\" \/>\n<meta property=\"og:url\" content=\"https:\/\/johndavidsatsang.international\/meetingouressence\/\" \/>\n<meta property=\"og:site_name\" content=\"John David Satsang\" \/>\n<meta property=\"article:modified_time\" content=\"2021-09-22T06:13:57+00:00\" \/>\n<meta name=\"twitter:card\" content=\"summary_large_image\" \/>\n<meta name=\"twitter:label1\" content=\"Dur\u00e9e de lecture estim\u00e9e\" \/>\n\t<meta name=\"twitter:data1\" content=\"3 minutes\" \/>\n<script type=\"application\/ld+json\" class=\"yoast-schema-graph\">{\"@context\":\"https:\/\/schema.org\",\"@graph\":[{\"@type\":\"WebPage\",\"@id\":\"https:\/\/johndavidsatsang.international\/meetingouressence\/\",\"url\":\"https:\/\/johndavidsatsang.international\/meetingouressence\/\",\"name\":\"Toucher \u00e0 notre essence - John David Satsang\",\"isPartOf\":{\"@id\":\"https:\/\/johndavidsatsang.international\/ru\/#website\"},\"datePublished\":\"2021-01-28T19:06:26+00:00\",\"dateModified\":\"2021-09-22T06:13:57+00:00\",\"breadcrumb\":{\"@id\":\"https:\/\/johndavidsatsang.international\/meetingouressence\/#breadcrumb\"},\"inLanguage\":\"fr-FR\",\"potentialAction\":[{\"@type\":\"ReadAction\",\"target\":[\"https:\/\/johndavidsatsang.international\/meetingouressence\/\"]}]},{\"@type\":\"BreadcrumbList\",\"@id\":\"https:\/\/johndavidsatsang.international\/meetingouressence\/#breadcrumb\",\"itemListElement\":[{\"@type\":\"ListItem\",\"position\":1,\"name\":\"Home\",\"item\":\"https:\/\/johndavidsatsang.international\/fr\/\"},{\"@type\":\"ListItem\",\"position\":2,\"name\":\"Toucher \u00e0 notre essence\"}]},{\"@type\":\"WebSite\",\"@id\":\"https:\/\/johndavidsatsang.international\/ru\/#website\",\"url\":\"https:\/\/johndavidsatsang.international\/ru\/\",\"name\":\"John David Satsang\",\"description\":\"Satsang with John David\",\"publisher\":{\"@id\":\"https:\/\/johndavidsatsang.international\/ru\/#organization\"},\"potentialAction\":[{\"@type\":\"SearchAction\",\"target\":{\"@type\":\"EntryPoint\",\"urlTemplate\":\"https:\/\/johndavidsatsang.international\/ru\/?s={search_term_string}\"},\"query-input\":{\"@type\":\"PropertyValueSpecification\",\"valueRequired\":true,\"valueName\":\"search_term_string\"}}],\"inLanguage\":\"fr-FR\"},{\"@type\":\"Organization\",\"@id\":\"https:\/\/johndavidsatsang.international\/ru\/#organization\",\"name\":\"John David Satsang\",\"url\":\"https:\/\/johndavidsatsang.international\/ru\/\",\"logo\":{\"@type\":\"ImageObject\",\"inLanguage\":\"fr-FR\",\"@id\":\"https:\/\/johndavidsatsang.international\/ru\/#\/schema\/logo\/image\/\",\"url\":\"https:\/\/johndavidsatsang.international\/wp-content\/uploads\/2020\/08\/sign-black-spiritual-teacher.png\",\"contentUrl\":\"https:\/\/johndavidsatsang.international\/wp-content\/uploads\/2020\/08\/sign-black-spiritual-teacher.png\",\"width\":372,\"height\":179,\"caption\":\"John David Satsang\"},\"image\":{\"@id\":\"https:\/\/johndavidsatsang.international\/ru\/#\/schema\/logo\/image\/\"}}]}<\/script>\n<!-- \/ Yoast SEO plugin. -->","yoast_head_json":{"title":"Toucher \u00e0 notre essence - John David Satsang","robots":{"index":"index","follow":"follow","max-snippet":"max-snippet:-1","max-image-preview":"max-image-preview:large","max-video-preview":"max-video-preview:-1"},"canonical":"https:\/\/johndavidsatsang.international\/meetingouressence\/","og_locale":"fr_FR","og_type":"article","og_title":"Toucher \u00e0 notre essence - John David Satsang","og_description":"Toucher \u00e0 notre essence Un aper\u00e7u de la v\u00e9rit\u00e9 Un aper\u00e7u est incroyablement beau. C&rsquo;est le meilleur moment da ta vie. Tout de m\u00eame, il y a souvent de la peur et la peur met fin \u00e0 l&rsquo;aper\u00e7u. Au d\u00e9but il n&rsquo;y aura qu&rsquo;un aper\u00e7u, un \u00e9clat qui fera dispara\u00eetre les nuages (les structures dans [&hellip;]","og_url":"https:\/\/johndavidsatsang.international\/meetingouressence\/","og_site_name":"John David Satsang","article_modified_time":"2021-09-22T06:13:57+00:00","twitter_card":"summary_large_image","twitter_misc":{"Dur\u00e9e de lecture estim\u00e9e":"3 minutes"},"schema":{"@context":"https:\/\/schema.org","@graph":[{"@type":"WebPage","@id":"https:\/\/johndavidsatsang.international\/meetingouressence\/","url":"https:\/\/johndavidsatsang.international\/meetingouressence\/","name":"Toucher \u00e0 notre essence - John David Satsang","isPartOf":{"@id":"https:\/\/johndavidsatsang.international\/ru\/#website"},"datePublished":"2021-01-28T19:06:26+00:00","dateModified":"2021-09-22T06:13:57+00:00","breadcrumb":{"@id":"https:\/\/johndavidsatsang.international\/meetingouressence\/#breadcrumb"},"inLanguage":"fr-FR","potentialAction":[{"@type":"ReadAction","target":["https:\/\/johndavidsatsang.international\/meetingouressence\/"]}]},{"@type":"BreadcrumbList","@id":"https:\/\/johndavidsatsang.international\/meetingouressence\/#breadcrumb","itemListElement":[{"@type":"ListItem","position":1,"name":"Home","item":"https:\/\/johndavidsatsang.international\/fr\/"},{"@type":"ListItem","position":2,"name":"Toucher \u00e0 notre essence"}]},{"@type":"WebSite","@id":"https:\/\/johndavidsatsang.international\/ru\/#website","url":"https:\/\/johndavidsatsang.international\/ru\/","name":"John David Satsang","description":"Satsang with John David","publisher":{"@id":"https:\/\/johndavidsatsang.international\/ru\/#organization"},"potentialAction":[{"@type":"SearchAction","target":{"@type":"EntryPoint","urlTemplate":"https:\/\/johndavidsatsang.international\/ru\/?s={search_term_string}"},"query-input":{"@type":"PropertyValueSpecification","valueRequired":true,"valueName":"search_term_string"}}],"inLanguage":"fr-FR"},{"@type":"Organization","@id":"https:\/\/johndavidsatsang.international\/ru\/#organization","name":"John David Satsang","url":"https:\/\/johndavidsatsang.international\/ru\/","logo":{"@type":"ImageObject","inLanguage":"fr-FR","@id":"https:\/\/johndavidsatsang.international\/ru\/#\/schema\/logo\/image\/","url":"https:\/\/johndavidsatsang.international\/wp-content\/uploads\/2020\/08\/sign-black-spiritual-teacher.png","contentUrl":"https:\/\/johndavidsatsang.international\/wp-content\/uploads\/2020\/08\/sign-black-spiritual-teacher.png","width":372,"height":179,"caption":"John David Satsang"},"image":{"@id":"https:\/\/johndavidsatsang.international\/ru\/#\/schema\/logo\/image\/"}}]}},"_links":{"self":[{"href":"https:\/\/johndavidsatsang.international\/fr\/wp-json\/wp\/v2\/pages\/31480","targetHints":{"allow":["GET"]}}],"collection":[{"href":"https:\/\/johndavidsatsang.international\/fr\/wp-json\/wp\/v2\/pages"}],"about":[{"href":"https:\/\/johndavidsatsang.international\/fr\/wp-json\/wp\/v2\/types\/page"}],"author":[{"embeddable":true,"href":"https:\/\/johndavidsatsang.international\/fr\/wp-json\/wp\/v2\/users\/1"}],"replies":[{"embeddable":true,"href":"https:\/\/johndavidsatsang.international\/fr\/wp-json\/wp\/v2\/comments?post=31480"}],"version-history":[{"count":8,"href":"https:\/\/johndavidsatsang.international\/fr\/wp-json\/wp\/v2\/pages\/31480\/revisions"}],"predecessor-version":[{"id":46595,"href":"https:\/\/johndavidsatsang.international\/fr\/wp-json\/wp\/v2\/pages\/31480\/revisions\/46595"}],"wp:attachment":[{"href":"https:\/\/johndavidsatsang.international\/fr\/wp-json\/wp\/v2\/media?parent=31480"}],"curies":[{"name":"wp","href":"https:\/\/api.w.org\/{rel}","templated":true}]}}