{"id":36859,"date":"2021-03-08T12:32:13","date_gmt":"2021-03-08T11:32:13","guid":{"rendered":"http:\/\/johndavidsatsang.international\/meditation"},"modified":"2021-03-08T12:32:38","modified_gmt":"2021-03-08T11:32:38","slug":"meditation","status":"publish","type":"page","link":"https:\/\/johndavidsatsang.international\/fr\/meditation\/","title":{"rendered":"M\u00e9ditation"},"content":{"rendered":"\t\t<div data-elementor-type=\"wp-page\" data-elementor-id=\"36859\" class=\"elementor elementor-36859 elementor-30282\" data-elementor-post-type=\"page\">\n\t\t\t\t\t\t<section class=\"elementor-section elementor-top-section elementor-element elementor-element-c88731d elementor-section-boxed elementor-section-height-default elementor-section-height-default\" data-id=\"c88731d\" data-element_type=\"section\" data-e-type=\"section\">\n\t\t\t\t\t\t<div class=\"elementor-container elementor-column-gap-default\">\n\t\t\t\t\t<div class=\"elementor-column elementor-col-100 elementor-top-column elementor-element elementor-element-87b13de\" data-id=\"87b13de\" data-element_type=\"column\" data-e-type=\"column\" data-settings=\"{&quot;background_background&quot;:&quot;classic&quot;}\">\n\t\t\t<div class=\"elementor-widget-wrap elementor-element-populated\">\n\t\t\t\t\t<div class=\"elementor-background-overlay\"><\/div>\n\t\t\t\t\t\t<div class=\"elementor-element elementor-element-1c00104 elementor-widget elementor-widget-heading\" data-id=\"1c00104\" data-element_type=\"widget\" data-e-type=\"widget\" data-widget_type=\"heading.default\">\n\t\t\t\t<div class=\"elementor-widget-container\">\n\t\t\t\t\t<h2 class=\"elementor-heading-title elementor-size-default\">La danse du c\u0153ur<\/h2>\t\t\t\t<\/div>\n\t\t\t\t<\/div>\n\t\t\t\t\t<\/div>\n\t\t<\/div>\n\t\t\t\t\t<\/div>\n\t\t<\/section>\n\t\t\t\t<section class=\"elementor-section elementor-top-section elementor-element elementor-element-a9809e3 elementor-hidden-phone elementor-hidden-tablet elementor-section-boxed elementor-section-height-default elementor-section-height-default\" data-id=\"a9809e3\" data-element_type=\"section\" data-e-type=\"section\">\n\t\t\t\t\t\t<div class=\"elementor-container elementor-column-gap-no\">\n\t\t\t\t\t<div class=\"elementor-column elementor-col-100 elementor-top-column elementor-element elementor-element-2682db2\" data-id=\"2682db2\" data-element_type=\"column\" data-e-type=\"column\" data-settings=\"{&quot;background_background&quot;:&quot;classic&quot;}\">\n\t\t\t<div class=\"elementor-widget-wrap elementor-element-populated\">\n\t\t\t\t\t<div class=\"elementor-background-overlay\"><\/div>\n\t\t\t\t\t\t<section class=\"elementor-section elementor-inner-section elementor-element elementor-element-0471271 elementor-section-boxed elementor-section-height-default elementor-section-height-default\" data-id=\"0471271\" data-element_type=\"section\" data-e-type=\"section\" data-settings=\"{&quot;background_background&quot;:&quot;classic&quot;}\">\n\t\t\t\t\t\t<div class=\"elementor-container elementor-column-gap-default\">\n\t\t\t\t\t<div class=\"elementor-column elementor-col-20 elementor-inner-column elementor-element elementor-element-1294c46 active\" data-id=\"1294c46\" data-element_type=\"column\" data-e-type=\"column\">\n\t\t\t<div class=\"elementor-widget-wrap elementor-element-populated\">\n\t\t\t\t\t\t<div class=\"elementor-element elementor-element-0fb07c3 elementor-widget elementor-widget-heading\" data-id=\"0fb07c3\" data-element_type=\"widget\" data-e-type=\"widget\" data-widget_type=\"heading.default\">\n\t\t\t\t<div class=\"elementor-widget-container\">\n\t\t\t\t\t<h2 class=\"elementor-heading-title elementor-size-default\"><a href=\"https:\/\/johndavidsatsang.international\/authentic-impro-theater\/\">Th\u00e9\u00e2tre<\/a><\/h2>\t\t\t\t<\/div>\n\t\t\t\t<\/div>\n\t\t\t\t\t<\/div>\n\t\t<\/div>\n\t\t\t\t<div class=\"elementor-column elementor-col-20 elementor-inner-column elementor-element elementor-element-4852f4a tablink\" data-id=\"4852f4a\" data-element_type=\"column\" data-e-type=\"column\" data-settings=\"{&quot;background_background&quot;:&quot;classic&quot;}\">\n\t\t\t<div class=\"elementor-widget-wrap elementor-element-populated\">\n\t\t\t\t\t<div class=\"elementor-background-overlay\"><\/div>\n\t\t\t\t\t\t<div class=\"elementor-element elementor-element-fdecfd7 elementor-widget__width-inherit elementor-widget elementor-widget-heading\" data-id=\"fdecfd7\" data-element_type=\"widget\" data-e-type=\"widget\" data-widget_type=\"heading.default\">\n\t\t\t\t<div class=\"elementor-widget-container\">\n\t\t\t\t\t<h2 class=\"elementor-heading-title elementor-size-default\"><a href=\"https:\/\/johndavidsatsang.international\/tantra-workshop\/\">Tantra<\/a><\/h2>\t\t\t\t<\/div>\n\t\t\t\t<\/div>\n\t\t\t\t\t<\/div>\n\t\t<\/div>\n\t\t\t\t<div class=\"elementor-column elementor-col-20 elementor-inner-column elementor-element elementor-element-1aed975\" data-id=\"1aed975\" data-element_type=\"column\" data-e-type=\"column\">\n\t\t\t<div class=\"elementor-widget-wrap elementor-element-populated\">\n\t\t\t\t\t\t<div class=\"elementor-element elementor-element-e2b0520 elementor-widget__width-inherit elementor-widget elementor-widget-heading\" data-id=\"e2b0520\" data-element_type=\"widget\" data-e-type=\"widget\" data-widget_type=\"heading.default\">\n\t\t\t\t<div class=\"elementor-widget-container\">\n\t\t\t\t\t<h2 class=\"elementor-heading-title elementor-size-default\"><a href=\"https:\/\/johndavidsatsang.international\/mantra-singing\/\">Mantra<\/a><\/h2>\t\t\t\t<\/div>\n\t\t\t\t<\/div>\n\t\t\t\t\t<\/div>\n\t\t<\/div>\n\t\t\t\t<div class=\"elementor-column elementor-col-20 elementor-inner-column elementor-element elementor-element-ec71ac2\" data-id=\"ec71ac2\" data-element_type=\"column\" data-e-type=\"column\">\n\t\t\t<div class=\"elementor-widget-wrap elementor-element-populated\">\n\t\t\t\t\t\t<div class=\"elementor-element elementor-element-0d65cc0 elementor-widget__width-inherit elementor-widget elementor-widget-heading\" data-id=\"0d65cc0\" data-element_type=\"widget\" data-e-type=\"widget\" data-widget_type=\"heading.default\">\n\t\t\t\t<div class=\"elementor-widget-container\">\n\t\t\t\t\t<h2 class=\"elementor-heading-title elementor-size-default\"><a href=\"https:\/\/johndavidsatsang.international\/heartdance\/\">La danse du c\u0153ur<\/a><\/h2>\t\t\t\t<\/div>\n\t\t\t\t<\/div>\n\t\t\t\t\t<\/div>\n\t\t<\/div>\n\t\t\t\t<div class=\"elementor-column elementor-col-20 elementor-inner-column elementor-element elementor-element-0670263\" data-id=\"0670263\" data-element_type=\"column\" data-e-type=\"column\" data-settings=\"{&quot;background_background&quot;:&quot;classic&quot;}\">\n\t\t\t<div class=\"elementor-widget-wrap elementor-element-populated\">\n\t\t\t\t\t\t<div class=\"elementor-element elementor-element-2a11fe8 elementor-widget__width-inherit elementor-widget elementor-widget-heading\" data-id=\"2a11fe8\" data-element_type=\"widget\" data-e-type=\"widget\" data-widget_type=\"heading.default\">\n\t\t\t\t<div class=\"elementor-widget-container\">\n\t\t\t\t\t<h2 class=\"elementor-heading-title elementor-size-default\"><a href=\"#\">M\u00e9ditation<\/a><\/h2>\t\t\t\t<\/div>\n\t\t\t\t<\/div>\n\t\t\t\t\t<\/div>\n\t\t<\/div>\n\t\t\t\t\t<\/div>\n\t\t<\/section>\n\t\t\t\t\t<\/div>\n\t\t<\/div>\n\t\t\t\t\t<\/div>\n\t\t<\/section>\n\t\t\t\t<section class=\"elementor-section elementor-top-section elementor-element elementor-element-8ae3c90 elementor-section-content-middle navigation-menu elementor-hidden-desktop elementor-section-boxed elementor-section-height-default elementor-section-height-default\" data-id=\"8ae3c90\" data-element_type=\"section\" data-e-type=\"section\" data-settings=\"{&quot;background_background&quot;:&quot;classic&quot;}\">\n\t\t\t\t\t\t<div class=\"elementor-container elementor-column-gap-no\">\n\t\t\t\t\t<div class=\"elementor-column elementor-col-100 elementor-top-column elementor-element elementor-element-92cce89\" data-id=\"92cce89\" data-element_type=\"column\" data-e-type=\"column\">\n\t\t\t<div class=\"elementor-widget-wrap elementor-element-populated\">\n\t\t\t\t\t\t<section class=\"elementor-section elementor-inner-section elementor-element elementor-element-1a9eb00 elementor-hidden-tablet elementor-section-boxed elementor-section-height-default elementor-section-height-default\" data-id=\"1a9eb00\" data-element_type=\"section\" data-e-type=\"section\">\n\t\t\t\t\t\t<div class=\"elementor-container elementor-column-gap-default\">\n\t\t\t\t\t<div class=\"elementor-column elementor-col-20 elementor-inner-column elementor-element elementor-element-08517bf\" data-id=\"08517bf\" data-element_type=\"column\" data-e-type=\"column\">\n\t\t\t<div class=\"elementor-widget-wrap elementor-element-populated\">\n\t\t\t\t\t\t<div class=\"elementor-element elementor-element-40c7755 elementor-align-center elementor-invisible elementor-widget elementor-widget-button\" data-id=\"40c7755\" data-element_type=\"widget\" data-e-type=\"widget\" data-settings=\"{&quot;_animation&quot;:&quot;pulse&quot;,&quot;motion_fx_motion_fx_scrolling&quot;:&quot;yes&quot;,&quot;motion_fx_scale_effect&quot;:&quot;yes&quot;,&quot;motion_fx_scale_speed&quot;:{&quot;unit&quot;:&quot;px&quot;,&quot;size&quot;:2,&quot;sizes&quot;:[]},&quot;motion_fx_devices&quot;:[&quot;tablet&quot;,&quot;mobile&quot;],&quot;_animation_delay&quot;:1000,&quot;motion_fx_scale_direction&quot;:&quot;out-in&quot;,&quot;motion_fx_scale_range&quot;:{&quot;unit&quot;:&quot;%&quot;,&quot;size&quot;:&quot;&quot;,&quot;sizes&quot;:{&quot;start&quot;:20,&quot;end&quot;:80}}}\" data-widget_type=\"button.default\">\n\t\t\t\t<div class=\"elementor-widget-container\">\n\t\t\t\t\t\t\t\t\t<div class=\"elementor-button-wrapper\">\n\t\t\t\t\t<a class=\"elementor-button elementor-button-link elementor-size-sm\" href=\"https:\/\/johndavidsatsang.international\/fr\/atelier-de-tantra\/\">\n\t\t\t\t\t\t<span class=\"elementor-button-content-wrapper\">\n\t\t\t\t\t\t\t\t\t<span class=\"elementor-button-text\">M\u00e9ditation<\/span>\n\t\t\t\t\t<\/span>\n\t\t\t\t\t<\/a>\n\t\t\t\t<\/div>\n\t\t\t\t\t\t\t\t<\/div>\n\t\t\t\t<\/div>\n\t\t\t\t\t<\/div>\n\t\t<\/div>\n\t\t\t\t<div class=\"elementor-column elementor-col-20 elementor-inner-column elementor-element elementor-element-39588dd\" data-id=\"39588dd\" data-element_type=\"column\" data-e-type=\"column\">\n\t\t\t<div class=\"elementor-widget-wrap elementor-element-populated\">\n\t\t\t\t\t\t<div class=\"elementor-element elementor-element-25d5b44 elementor-align-center elementor-invisible elementor-widget elementor-widget-button\" data-id=\"25d5b44\" data-element_type=\"widget\" data-e-type=\"widget\" data-settings=\"{&quot;_animation&quot;:&quot;pulse&quot;,&quot;motion_fx_motion_fx_scrolling&quot;:&quot;yes&quot;,&quot;motion_fx_scale_effect&quot;:&quot;yes&quot;,&quot;motion_fx_scale_speed&quot;:{&quot;unit&quot;:&quot;px&quot;,&quot;size&quot;:2,&quot;sizes&quot;:[]},&quot;motion_fx_scale_range&quot;:{&quot;unit&quot;:&quot;%&quot;,&quot;size&quot;:&quot;&quot;,&quot;sizes&quot;:{&quot;start&quot;:30,&quot;end&quot;:62}},&quot;_animation_delay&quot;:2000,&quot;motion_fx_scale_direction&quot;:&quot;out-in&quot;,&quot;motion_fx_devices&quot;:[&quot;desktop&quot;,&quot;tablet&quot;,&quot;mobile&quot;]}\" data-widget_type=\"button.default\">\n\t\t\t\t<div class=\"elementor-widget-container\">\n\t\t\t\t\t\t\t\t\t<div class=\"elementor-button-wrapper\">\n\t\t\t\t\t<a class=\"elementor-button elementor-button-link elementor-size-sm\" href=\"https:\/\/johndavidsatsang.international\/heartdance\/\">\n\t\t\t\t\t\t<span class=\"elementor-button-content-wrapper\">\n\t\t\t\t\t\t\t\t\t<span class=\"elementor-button-text\">La danse du c\u0153ur<\/span>\n\t\t\t\t\t<\/span>\n\t\t\t\t\t<\/a>\n\t\t\t\t<\/div>\n\t\t\t\t\t\t\t\t<\/div>\n\t\t\t\t<\/div>\n\t\t\t\t\t<\/div>\n\t\t<\/div>\n\t\t\t\t<div class=\"elementor-column elementor-col-20 elementor-inner-column elementor-element elementor-element-9d2fcf1\" data-id=\"9d2fcf1\" data-element_type=\"column\" data-e-type=\"column\">\n\t\t\t<div class=\"elementor-widget-wrap elementor-element-populated\">\n\t\t\t\t\t\t<div class=\"elementor-element elementor-element-e376cac elementor-align-center elementor-invisible elementor-widget elementor-widget-button\" data-id=\"e376cac\" data-element_type=\"widget\" data-e-type=\"widget\" data-settings=\"{&quot;_animation&quot;:&quot;pulse&quot;,&quot;motion_fx_motion_fx_scrolling&quot;:&quot;yes&quot;,&quot;motion_fx_scale_effect&quot;:&quot;yes&quot;,&quot;motion_fx_scale_speed&quot;:{&quot;unit&quot;:&quot;px&quot;,&quot;size&quot;:2,&quot;sizes&quot;:[]},&quot;motion_fx_devices&quot;:[&quot;tablet&quot;,&quot;mobile&quot;],&quot;_animation_delay&quot;:1000,&quot;motion_fx_scale_direction&quot;:&quot;out-in&quot;,&quot;motion_fx_scale_range&quot;:{&quot;unit&quot;:&quot;%&quot;,&quot;size&quot;:&quot;&quot;,&quot;sizes&quot;:{&quot;start&quot;:20,&quot;end&quot;:80}}}\" data-widget_type=\"button.default\">\n\t\t\t\t<div class=\"elementor-widget-container\">\n\t\t\t\t\t\t\t\t\t<div class=\"elementor-button-wrapper\">\n\t\t\t\t\t<a class=\"elementor-button elementor-button-link elementor-size-sm\" href=\"https:\/\/johndavidsatsang.international\/fr\/atelier-de-tantra\/\">\n\t\t\t\t\t\t<span class=\"elementor-button-content-wrapper\">\n\t\t\t\t\t\t\t\t\t<span class=\"elementor-button-text\">Tantra<\/span>\n\t\t\t\t\t<\/span>\n\t\t\t\t\t<\/a>\n\t\t\t\t<\/div>\n\t\t\t\t\t\t\t\t<\/div>\n\t\t\t\t<\/div>\n\t\t\t\t\t<\/div>\n\t\t<\/div>\n\t\t\t\t<div class=\"elementor-column elementor-col-20 elementor-inner-column elementor-element elementor-element-6d5e83c\" data-id=\"6d5e83c\" data-element_type=\"column\" data-e-type=\"column\">\n\t\t\t<div class=\"elementor-widget-wrap elementor-element-populated\">\n\t\t\t\t\t\t<div class=\"elementor-element elementor-element-bca2979 elementor-align-center elementor-invisible elementor-widget elementor-widget-button\" data-id=\"bca2979\" data-element_type=\"widget\" data-e-type=\"widget\" data-settings=\"{&quot;_animation&quot;:&quot;pulse&quot;,&quot;motion_fx_motion_fx_scrolling&quot;:&quot;yes&quot;,&quot;motion_fx_scale_effect&quot;:&quot;yes&quot;,&quot;motion_fx_scale_speed&quot;:{&quot;unit&quot;:&quot;px&quot;,&quot;size&quot;:2,&quot;sizes&quot;:[]},&quot;motion_fx_devices&quot;:[&quot;tablet&quot;,&quot;mobile&quot;],&quot;_animation_delay&quot;:1000,&quot;motion_fx_scale_direction&quot;:&quot;out-in&quot;,&quot;motion_fx_scale_range&quot;:{&quot;unit&quot;:&quot;%&quot;,&quot;size&quot;:&quot;&quot;,&quot;sizes&quot;:{&quot;start&quot;:20,&quot;end&quot;:80}}}\" data-widget_type=\"button.default\">\n\t\t\t\t<div class=\"elementor-widget-container\">\n\t\t\t\t\t\t\t\t\t<div class=\"elementor-button-wrapper\">\n\t\t\t\t\t<a class=\"elementor-button elementor-button-link elementor-size-sm\" href=\"https:\/\/johndavidsatsang.international\/authentic-impro-theater\/\">\n\t\t\t\t\t\t<span class=\"elementor-button-content-wrapper\">\n\t\t\t\t\t\t\t\t\t<span class=\"elementor-button-text\">Th\u00e9\u00e2tre<\/span>\n\t\t\t\t\t<\/span>\n\t\t\t\t\t<\/a>\n\t\t\t\t<\/div>\n\t\t\t\t\t\t\t\t<\/div>\n\t\t\t\t<\/div>\n\t\t\t\t\t<\/div>\n\t\t<\/div>\n\t\t\t\t<div class=\"elementor-column elementor-col-20 elementor-inner-column elementor-element elementor-element-8e885ca\" data-id=\"8e885ca\" data-element_type=\"column\" data-e-type=\"column\">\n\t\t\t<div class=\"elementor-widget-wrap elementor-element-populated\">\n\t\t\t\t\t\t<div class=\"elementor-element elementor-element-9e5461e elementor-align-center elementor-invisible elementor-widget elementor-widget-button\" data-id=\"9e5461e\" data-element_type=\"widget\" data-e-type=\"widget\" data-settings=\"{&quot;_animation&quot;:&quot;pulse&quot;,&quot;motion_fx_motion_fx_scrolling&quot;:&quot;yes&quot;,&quot;motion_fx_scale_effect&quot;:&quot;yes&quot;,&quot;motion_fx_scale_speed&quot;:{&quot;unit&quot;:&quot;px&quot;,&quot;size&quot;:2,&quot;sizes&quot;:[]},&quot;motion_fx_scale_range&quot;:{&quot;unit&quot;:&quot;%&quot;,&quot;size&quot;:&quot;&quot;,&quot;sizes&quot;:{&quot;start&quot;:30,&quot;end&quot;:62}},&quot;_animation_delay&quot;:2000,&quot;motion_fx_scale_direction&quot;:&quot;out-in&quot;,&quot;motion_fx_devices&quot;:[&quot;desktop&quot;,&quot;tablet&quot;,&quot;mobile&quot;]}\" data-widget_type=\"button.default\">\n\t\t\t\t<div class=\"elementor-widget-container\">\n\t\t\t\t\t\t\t\t\t<div class=\"elementor-button-wrapper\">\n\t\t\t\t\t<a class=\"elementor-button elementor-button-link elementor-size-sm\" href=\"https:\/\/johndavidsatsang.international\/fr\/mantra-singing\/\">\n\t\t\t\t\t\t<span class=\"elementor-button-content-wrapper\">\n\t\t\t\t\t\t\t\t\t<span class=\"elementor-button-text\">Mantra<\/span>\n\t\t\t\t\t<\/span>\n\t\t\t\t\t<\/a>\n\t\t\t\t<\/div>\n\t\t\t\t\t\t\t\t<\/div>\n\t\t\t\t<\/div>\n\t\t\t\t\t<\/div>\n\t\t<\/div>\n\t\t\t\t\t<\/div>\n\t\t<\/section>\n\t\t\t\t\t<\/div>\n\t\t<\/div>\n\t\t\t\t\t<\/div>\n\t\t<\/section>\n\t\t\t\t<\/div>\n\t\t","protected":false},"excerpt":{"rendered":"<p>La danse du c\u0153ur Th\u00e9\u00e2tre Tantra Mantra La danse du c\u0153ur M\u00e9ditation M\u00e9ditation La danse du c\u0153ur Tantra Th\u00e9\u00e2tre Mantra<\/p>\n","protected":false},"author":1,"featured_media":79122,"parent":0,"menu_order":0,"comment_status":"closed","ping_status":"closed","template":"elementor_header_footer","meta":{"footnotes":""},"class_list":["post-36859","page","type-page","status-publish","has-post-thumbnail","hentry"],"yoast_head":"<!-- This site is optimized with the Yoast SEO plugin v27.2 - https:\/\/yoast.com\/product\/yoast-seo-wordpress\/ -->\n<title>M\u00e9ditation - John David Satsang<\/title>\n<meta name=\"robots\" content=\"index, follow, max-snippet:-1, max-image-preview:large, max-video-preview:-1\" \/>\n<link rel=\"canonical\" href=\"https:\/\/johndavidsatsang.international\/meditation\/\" \/>\n<meta property=\"og:locale\" content=\"fr_FR\" \/>\n<meta property=\"og:type\" content=\"article\" \/>\n<meta property=\"og:title\" content=\"M\u00e9ditation - John David Satsang\" \/>\n<meta property=\"og:description\" content=\"La danse du c\u0153ur Th\u00e9\u00e2tre Tantra Mantra La danse du c\u0153ur M\u00e9ditation M\u00e9ditation La danse du c\u0153ur Tantra Th\u00e9\u00e2tre Mantra\" \/>\n<meta property=\"og:url\" content=\"https:\/\/johndavidsatsang.international\/meditation\/\" \/>\n<meta property=\"og:site_name\" content=\"John David Satsang\" \/>\n<meta property=\"article:modified_time\" content=\"2021-03-08T11:32:38+00:00\" \/>\n<meta property=\"og:image\" content=\"https:\/\/johndavidsatsang.international\/wp-content\/uploads\/2023\/12\/meditation-koln-wochenend-retreat.jpg\" \/>\n\t<meta property=\"og:image:width\" content=\"1200\" \/>\n\t<meta property=\"og:image:height\" content=\"614\" \/>\n\t<meta property=\"og:image:type\" content=\"image\/jpeg\" \/>\n<meta name=\"twitter:card\" content=\"summary_large_image\" \/>\n<script type=\"application\/ld+json\" class=\"yoast-schema-graph\">{\"@context\":\"https:\/\/schema.org\",\"@graph\":[{\"@type\":\"WebPage\",\"@id\":\"https:\/\/johndavidsatsang.international\/meditation\/\",\"url\":\"https:\/\/johndavidsatsang.international\/meditation\/\",\"name\":\"M\u00e9ditation - John David Satsang\",\"isPartOf\":{\"@id\":\"https:\/\/johndavidsatsang.international\/ru\/#website\"},\"primaryImageOfPage\":{\"@id\":\"https:\/\/johndavidsatsang.international\/meditation\/#primaryimage\"},\"image\":{\"@id\":\"https:\/\/johndavidsatsang.international\/meditation\/#primaryimage\"},\"thumbnailUrl\":\"https:\/\/johndavidsatsang.international\/wp-content\/uploads\/2023\/12\/meditation-koln-wochenend-retreat.jpg\",\"datePublished\":\"2021-03-08T11:32:13+00:00\",\"dateModified\":\"2021-03-08T11:32:38+00:00\",\"breadcrumb\":{\"@id\":\"https:\/\/johndavidsatsang.international\/meditation\/#breadcrumb\"},\"inLanguage\":\"fr-FR\",\"potentialAction\":[{\"@type\":\"ReadAction\",\"target\":[\"https:\/\/johndavidsatsang.international\/meditation\/\"]}]},{\"@type\":\"ImageObject\",\"inLanguage\":\"fr-FR\",\"@id\":\"https:\/\/johndavidsatsang.international\/meditation\/#primaryimage\",\"url\":\"https:\/\/johndavidsatsang.international\/wp-content\/uploads\/2023\/12\/meditation-koln-wochenend-retreat.jpg\",\"contentUrl\":\"https:\/\/johndavidsatsang.international\/wp-content\/uploads\/2023\/12\/meditation-koln-wochenend-retreat.jpg\",\"width\":1200,\"height\":614},{\"@type\":\"BreadcrumbList\",\"@id\":\"https:\/\/johndavidsatsang.international\/meditation\/#breadcrumb\",\"itemListElement\":[{\"@type\":\"ListItem\",\"position\":1,\"name\":\"Home\",\"item\":\"https:\/\/johndavidsatsang.international\/fr\/\"},{\"@type\":\"ListItem\",\"position\":2,\"name\":\"M\u00e9ditation\"}]},{\"@type\":\"WebSite\",\"@id\":\"https:\/\/johndavidsatsang.international\/ru\/#website\",\"url\":\"https:\/\/johndavidsatsang.international\/ru\/\",\"name\":\"John David Satsang\",\"description\":\"Satsang with John David\",\"publisher\":{\"@id\":\"https:\/\/johndavidsatsang.international\/ru\/#organization\"},\"potentialAction\":[{\"@type\":\"SearchAction\",\"target\":{\"@type\":\"EntryPoint\",\"urlTemplate\":\"https:\/\/johndavidsatsang.international\/ru\/?s={search_term_string}\"},\"query-input\":{\"@type\":\"PropertyValueSpecification\",\"valueRequired\":true,\"valueName\":\"search_term_string\"}}],\"inLanguage\":\"fr-FR\"},{\"@type\":\"Organization\",\"@id\":\"https:\/\/johndavidsatsang.international\/ru\/#organization\",\"name\":\"John David Satsang\",\"url\":\"https:\/\/johndavidsatsang.international\/ru\/\",\"logo\":{\"@type\":\"ImageObject\",\"inLanguage\":\"fr-FR\",\"@id\":\"https:\/\/johndavidsatsang.international\/ru\/#\/schema\/logo\/image\/\",\"url\":\"https:\/\/johndavidsatsang.international\/wp-content\/uploads\/2020\/08\/sign-black-spiritual-teacher.png\",\"contentUrl\":\"https:\/\/johndavidsatsang.international\/wp-content\/uploads\/2020\/08\/sign-black-spiritual-teacher.png\",\"width\":372,\"height\":179,\"caption\":\"John David Satsang\"},\"image\":{\"@id\":\"https:\/\/johndavidsatsang.international\/ru\/#\/schema\/logo\/image\/\"}}]}<\/script>\n<!-- \/ Yoast SEO plugin. -->","yoast_head_json":{"title":"M\u00e9ditation - John David Satsang","robots":{"index":"index","follow":"follow","max-snippet":"max-snippet:-1","max-image-preview":"max-image-preview:large","max-video-preview":"max-video-preview:-1"},"canonical":"https:\/\/johndavidsatsang.international\/meditation\/","og_locale":"fr_FR","og_type":"article","og_title":"M\u00e9ditation - John David Satsang","og_description":"La danse du c\u0153ur Th\u00e9\u00e2tre Tantra Mantra La danse du c\u0153ur M\u00e9ditation M\u00e9ditation La danse du c\u0153ur Tantra Th\u00e9\u00e2tre Mantra","og_url":"https:\/\/johndavidsatsang.international\/meditation\/","og_site_name":"John David Satsang","article_modified_time":"2021-03-08T11:32:38+00:00","og_image":[{"width":1200,"height":614,"url":"https:\/\/johndavidsatsang.international\/wp-content\/uploads\/2023\/12\/meditation-koln-wochenend-retreat.jpg","type":"image\/jpeg"}],"twitter_card":"summary_large_image","schema":{"@context":"https:\/\/schema.org","@graph":[{"@type":"WebPage","@id":"https:\/\/johndavidsatsang.international\/meditation\/","url":"https:\/\/johndavidsatsang.international\/meditation\/","name":"M\u00e9ditation - John David Satsang","isPartOf":{"@id":"https:\/\/johndavidsatsang.international\/ru\/#website"},"primaryImageOfPage":{"@id":"https:\/\/johndavidsatsang.international\/meditation\/#primaryimage"},"image":{"@id":"https:\/\/johndavidsatsang.international\/meditation\/#primaryimage"},"thumbnailUrl":"https:\/\/johndavidsatsang.international\/wp-content\/uploads\/2023\/12\/meditation-koln-wochenend-retreat.jpg","datePublished":"2021-03-08T11:32:13+00:00","dateModified":"2021-03-08T11:32:38+00:00","breadcrumb":{"@id":"https:\/\/johndavidsatsang.international\/meditation\/#breadcrumb"},"inLanguage":"fr-FR","potentialAction":[{"@type":"ReadAction","target":["https:\/\/johndavidsatsang.international\/meditation\/"]}]},{"@type":"ImageObject","inLanguage":"fr-FR","@id":"https:\/\/johndavidsatsang.international\/meditation\/#primaryimage","url":"https:\/\/johndavidsatsang.international\/wp-content\/uploads\/2023\/12\/meditation-koln-wochenend-retreat.jpg","contentUrl":"https:\/\/johndavidsatsang.international\/wp-content\/uploads\/2023\/12\/meditation-koln-wochenend-retreat.jpg","width":1200,"height":614},{"@type":"BreadcrumbList","@id":"https:\/\/johndavidsatsang.international\/meditation\/#breadcrumb","itemListElement":[{"@type":"ListItem","position":1,"name":"Home","item":"https:\/\/johndavidsatsang.international\/fr\/"},{"@type":"ListItem","position":2,"name":"M\u00e9ditation"}]},{"@type":"WebSite","@id":"https:\/\/johndavidsatsang.international\/ru\/#website","url":"https:\/\/johndavidsatsang.international\/ru\/","name":"John David Satsang","description":"Satsang with John David","publisher":{"@id":"https:\/\/johndavidsatsang.international\/ru\/#organization"},"potentialAction":[{"@type":"SearchAction","target":{"@type":"EntryPoint","urlTemplate":"https:\/\/johndavidsatsang.international\/ru\/?s={search_term_string}"},"query-input":{"@type":"PropertyValueSpecification","valueRequired":true,"valueName":"search_term_string"}}],"inLanguage":"fr-FR"},{"@type":"Organization","@id":"https:\/\/johndavidsatsang.international\/ru\/#organization","name":"John David Satsang","url":"https:\/\/johndavidsatsang.international\/ru\/","logo":{"@type":"ImageObject","inLanguage":"fr-FR","@id":"https:\/\/johndavidsatsang.international\/ru\/#\/schema\/logo\/image\/","url":"https:\/\/johndavidsatsang.international\/wp-content\/uploads\/2020\/08\/sign-black-spiritual-teacher.png","contentUrl":"https:\/\/johndavidsatsang.international\/wp-content\/uploads\/2020\/08\/sign-black-spiritual-teacher.png","width":372,"height":179,"caption":"John David Satsang"},"image":{"@id":"https:\/\/johndavidsatsang.international\/ru\/#\/schema\/logo\/image\/"}}]}},"_links":{"self":[{"href":"https:\/\/johndavidsatsang.international\/fr\/wp-json\/wp\/v2\/pages\/36859","targetHints":{"allow":["GET"]}}],"collection":[{"href":"https:\/\/johndavidsatsang.international\/fr\/wp-json\/wp\/v2\/pages"}],"about":[{"href":"https:\/\/johndavidsatsang.international\/fr\/wp-json\/wp\/v2\/types\/page"}],"author":[{"embeddable":true,"href":"https:\/\/johndavidsatsang.international\/fr\/wp-json\/wp\/v2\/users\/1"}],"replies":[{"embeddable":true,"href":"https:\/\/johndavidsatsang.international\/fr\/wp-json\/wp\/v2\/comments?post=36859"}],"version-history":[{"count":3,"href":"https:\/\/johndavidsatsang.international\/fr\/wp-json\/wp\/v2\/pages\/36859\/revisions"}],"predecessor-version":[{"id":36862,"href":"https:\/\/johndavidsatsang.international\/fr\/wp-json\/wp\/v2\/pages\/36859\/revisions\/36862"}],"wp:featuredmedia":[{"embeddable":true,"href":"https:\/\/johndavidsatsang.international\/fr\/wp-json\/wp\/v2\/media\/79122"}],"wp:attachment":[{"href":"https:\/\/johndavidsatsang.international\/fr\/wp-json\/wp\/v2\/media?parent=36859"}],"curies":[{"name":"wp","href":"https:\/\/api.w.org\/{rel}","templated":true}]}}