{"id":36864,"date":"2021-03-08T12:37:58","date_gmt":"2021-03-08T11:37:58","guid":{"rendered":"http:\/\/johndavidsatsang.international\/archive-des-retraites-en-ligne"},"modified":"2021-03-08T12:38:12","modified_gmt":"2021-03-08T11:38:12","slug":"archive-des-retraites-en-ligne","status":"publish","type":"page","link":"https:\/\/johndavidsatsang.international\/fr\/archive-des-retraites-en-ligne\/","title":{"rendered":"Archive des retraites en ligne"},"content":{"rendered":"\t\t<div data-elementor-type=\"wp-page\" data-elementor-id=\"36864\" class=\"elementor elementor-36864 elementor-26813\" data-elementor-post-type=\"page\">\n\t\t\t\t\t\t<section class=\"elementor-section elementor-top-section elementor-element elementor-element-d33c75d elementor-section-boxed elementor-section-height-default elementor-section-height-default\" data-id=\"d33c75d\" data-element_type=\"section\" data-e-type=\"section\">\n\t\t\t\t\t\t<div class=\"elementor-container elementor-column-gap-no\">\n\t\t\t\t\t<div class=\"elementor-column elementor-col-100 elementor-top-column elementor-element elementor-element-4ace27e\" data-id=\"4ace27e\" data-element_type=\"column\" data-e-type=\"column\">\n\t\t\t<div class=\"elementor-widget-wrap elementor-element-populated\">\n\t\t\t\t\t\t<div class=\"elementor-element elementor-element-961e6f3 elementor-widget elementor-widget-image\" data-id=\"961e6f3\" data-element_type=\"widget\" data-e-type=\"widget\" data-widget_type=\"image.default\">\n\t\t\t\t<div class=\"elementor-widget-container\">\n\t\t\t\t\t\t\t\t\t\t\t\t\t\t\t<img fetchpriority=\"high\" decoding=\"async\" width=\"800\" height=\"500\" src=\"https:\/\/johndavidsatsang.international\/wp-content\/uploads\/2020\/12\/sky-mountain.jpg\" class=\"attachment-large size-large wp-image-25651\" alt=\"\" srcset=\"https:\/\/johndavidsatsang.international\/wp-content\/uploads\/2020\/12\/sky-mountain.jpg 1000w, https:\/\/johndavidsatsang.international\/wp-content\/uploads\/2020\/12\/sky-mountain-600x375.jpg 600w, https:\/\/johndavidsatsang.international\/wp-content\/uploads\/2020\/12\/sky-mountain-300x188.jpg 300w, https:\/\/johndavidsatsang.international\/wp-content\/uploads\/2020\/12\/sky-mountain-768x480.jpg 768w\" sizes=\"(max-width: 800px) 100vw, 800px\" \/>\t\t\t\t\t\t\t\t\t\t\t\t\t\t\t<\/div>\n\t\t\t\t<\/div>\n\t\t\t\t\t<\/div>\n\t\t<\/div>\n\t\t\t\t\t<\/div>\n\t\t<\/section>\n\t\t\t\t<section class=\"elementor-section elementor-top-section elementor-element elementor-element-a85b314 elementor-hidden-phone elementor-section-boxed elementor-section-height-default elementor-section-height-default\" data-id=\"a85b314\" data-element_type=\"section\" data-e-type=\"section\">\n\t\t\t\t\t\t<div class=\"elementor-container elementor-column-gap-default\">\n\t\t\t\t\t<div class=\"elementor-column elementor-col-100 elementor-top-column elementor-element elementor-element-1f7a863\" data-id=\"1f7a863\" data-element_type=\"column\" data-e-type=\"column\">\n\t\t\t<div class=\"elementor-widget-wrap elementor-element-populated\">\n\t\t\t\t\t\t<div class=\"elementor-element elementor-element-5d387f3 elementor-widget elementor-widget-heading\" data-id=\"5d387f3\" data-element_type=\"widget\" data-e-type=\"widget\" data-widget_type=\"heading.default\">\n\t\t\t\t<div class=\"elementor-widget-container\">\n\t\t\t\t\t<h2 class=\"elementor-heading-title elementor-size-default\">Retraite en ligne avec John David<\/h2>\t\t\t\t<\/div>\n\t\t\t\t<\/div>\n\t\t\t\t\t<\/div>\n\t\t<\/div>\n\t\t\t\t\t<\/div>\n\t\t<\/section>\n\t\t\t\t<section class=\"elementor-section elementor-top-section elementor-element elementor-element-d7646ae elementor-hidden-phone elementor-section-boxed elementor-section-height-default elementor-section-height-default\" data-id=\"d7646ae\" data-element_type=\"section\" data-e-type=\"section\">\n\t\t\t\t\t\t<div class=\"elementor-container elementor-column-gap-no\">\n\t\t\t\t\t<div class=\"elementor-column elementor-col-100 elementor-top-column elementor-element elementor-element-cd8c0c0\" data-id=\"cd8c0c0\" data-element_type=\"column\" data-e-type=\"column\">\n\t\t\t<div class=\"elementor-widget-wrap elementor-element-populated\">\n\t\t\t\t\t\t<section class=\"elementor-section elementor-inner-section elementor-element elementor-element-e852c1f elementor-section-boxed elementor-section-height-default elementor-section-height-default\" data-id=\"e852c1f\" data-element_type=\"section\" data-e-type=\"section\" data-settings=\"{&quot;background_background&quot;:&quot;classic&quot;}\">\n\t\t\t\t\t\t<div class=\"elementor-container elementor-column-gap-no\">\n\t\t\t\t\t<div class=\"elementor-column elementor-col-50 elementor-inner-column elementor-element elementor-element-6da474b\" data-id=\"6da474b\" data-element_type=\"column\" data-e-type=\"column\">\n\t\t\t<div class=\"elementor-widget-wrap elementor-element-populated\">\n\t\t\t\t\t\t<div class=\"elementor-element elementor-element-cc753d1 elementor-align-center elementor-widget elementor-widget-button\" data-id=\"cc753d1\" data-element_type=\"widget\" data-e-type=\"widget\" data-widget_type=\"button.default\">\n\t\t\t\t<div class=\"elementor-widget-container\">\n\t\t\t\t\t\t\t\t\t<div class=\"elementor-button-wrapper\">\n\t\t\t\t\t<a class=\"elementor-button elementor-button-link elementor-size-xl\" href=\"#\">\n\t\t\t\t\t\t<span class=\"elementor-button-content-wrapper\">\n\t\t\t\t\t\t\t\t\t<span class=\"elementor-button-text\">Archives vid\u00e9o<\/span>\n\t\t\t\t\t<\/span>\n\t\t\t\t\t<\/a>\n\t\t\t\t<\/div>\n\t\t\t\t\t\t\t\t<\/div>\n\t\t\t\t<\/div>\n\t\t\t\t\t<\/div>\n\t\t<\/div>\n\t\t\t\t<div class=\"elementor-column elementor-col-50 elementor-inner-column elementor-element elementor-element-a59340c\" data-id=\"a59340c\" data-element_type=\"column\" data-e-type=\"column\" data-settings=\"{&quot;background_background&quot;:&quot;classic&quot;}\">\n\t\t\t<div class=\"elementor-widget-wrap elementor-element-populated\">\n\t\t\t\t\t\t<div class=\"elementor-element elementor-element-9a15810 elementor-align-center elementor-widget elementor-widget-button\" data-id=\"9a15810\" data-element_type=\"widget\" data-e-type=\"widget\" data-widget_type=\"button.default\">\n\t\t\t\t<div class=\"elementor-widget-container\">\n\t\t\t\t\t\t\t\t\t<div class=\"elementor-button-wrapper\">\n\t\t\t\t\t<a class=\"elementor-button elementor-button-link elementor-size-xl elementor-animation-grow\" href=\"https:\/\/johndavidsatsang.international\/online-retreat-zoom\">\n\t\t\t\t\t\t<span class=\"elementor-button-content-wrapper\">\n\t\t\t\t\t\t\t\t\t<span class=\"elementor-button-text\">Rencontres sur Zoom<\/span>\n\t\t\t\t\t<\/span>\n\t\t\t\t\t<\/a>\n\t\t\t\t<\/div>\n\t\t\t\t\t\t\t\t<\/div>\n\t\t\t\t<\/div>\n\t\t\t\t\t<\/div>\n\t\t<\/div>\n\t\t\t\t\t<\/div>\n\t\t<\/section>\n\t\t\t\t<div class=\"elementor-element elementor-element-28537c2 elementor-widget elementor-widget-heading\" data-id=\"28537c2\" data-element_type=\"widget\" data-e-type=\"widget\" data-widget_type=\"heading.default\">\n\t\t\t\t<div class=\"elementor-widget-container\">\n\t\t\t\t\t<h2 class=\"elementor-heading-title elementor-size-default\">Profitez du mat\u00e9riel qu'on a assembl\u00e9 pour des journ\u00e9es tranquilles!<\/h2>\t\t\t\t<\/div>\n\t\t\t\t<\/div>\n\t\t\t\t<div class=\"elementor-element elementor-element-f4bce5d elementor-hidden-desktop elementor-hidden-tablet elementor-widget elementor-widget-heading\" data-id=\"f4bce5d\" data-element_type=\"widget\" data-e-type=\"widget\" data-widget_type=\"heading.default\">\n\t\t\t\t<div class=\"elementor-widget-container\">\n\t\t\t\t\t<h2 class=\"elementor-heading-title elementor-size-default\">Yoga<\/h2>\t\t\t\t<\/div>\n\t\t\t\t<\/div>\n\t\t\t\t\t<\/div>\n\t\t<\/div>\n\t\t\t\t\t<\/div>\n\t\t<\/section>\n\t\t\t\t<section class=\"elementor-section elementor-top-section elementor-element elementor-element-b2d6992 elementor-section-boxed elementor-section-height-default elementor-section-height-default\" data-id=\"b2d6992\" data-element_type=\"section\" data-e-type=\"section\">\n\t\t\t\t\t\t<div class=\"elementor-container elementor-column-gap-no\">\n\t\t\t\t\t<div class=\"elementor-column elementor-col-100 elementor-top-column elementor-element elementor-element-8e4a82e\" data-id=\"8e4a82e\" data-element_type=\"column\" data-e-type=\"column\">\n\t\t\t<div class=\"elementor-widget-wrap elementor-element-populated\">\n\t\t\t\t\t\t<div class=\"elementor-element elementor-element-639ba01 elementor-hidden-desktop elementor-hidden-tablet elementor-widget elementor-widget-image\" data-id=\"639ba01\" data-element_type=\"widget\" data-e-type=\"widget\" data-widget_type=\"image.default\">\n\t\t\t\t<div class=\"elementor-widget-container\">\n\t\t\t\t\t\t\t\t\t\t\t\t\t\t\t<img fetchpriority=\"high\" decoding=\"async\" width=\"800\" height=\"500\" src=\"https:\/\/johndavidsatsang.international\/wp-content\/uploads\/2020\/12\/sky-mountain.jpg\" class=\"attachment-large size-large wp-image-25651\" alt=\"\" srcset=\"https:\/\/johndavidsatsang.international\/wp-content\/uploads\/2020\/12\/sky-mountain.jpg 1000w, https:\/\/johndavidsatsang.international\/wp-content\/uploads\/2020\/12\/sky-mountain-600x375.jpg 600w, https:\/\/johndavidsatsang.international\/wp-content\/uploads\/2020\/12\/sky-mountain-300x188.jpg 300w, https:\/\/johndavidsatsang.international\/wp-content\/uploads\/2020\/12\/sky-mountain-768x480.jpg 768w\" sizes=\"(max-width: 800px) 100vw, 800px\" \/>\t\t\t\t\t\t\t\t\t\t\t\t\t\t\t<\/div>\n\t\t\t\t<\/div>\n\t\t\t\t<div class=\"elementor-element elementor-element-8bb3413 elementor-hidden-desktop elementor-hidden-tablet elementor-widget elementor-widget-heading\" data-id=\"8bb3413\" data-element_type=\"widget\" data-e-type=\"widget\" data-widget_type=\"heading.default\">\n\t\t\t\t<div class=\"elementor-widget-container\">\n\t\t\t\t\t<h2 class=\"elementor-heading-title elementor-size-default\">Retraite en ligne avec <br>John David<\/h2>\t\t\t\t<\/div>\n\t\t\t\t<\/div>\n\t\t\t\t<div class=\"elementor-element elementor-element-3df217d elementor-hidden-desktop elementor-hidden-tablet elementor-widget elementor-widget-heading\" data-id=\"3df217d\" data-element_type=\"widget\" data-e-type=\"widget\" data-widget_type=\"heading.default\">\n\t\t\t\t<div class=\"elementor-widget-container\">\n\t\t\t\t\t<h2 class=\"elementor-heading-title elementor-size-default\">Profitez du mat\u00e9riel qu'on a assembl\u00e9 pour des journ\u00e9es tranquilles!<\/h2>\t\t\t\t<\/div>\n\t\t\t\t<\/div>\n\t\t\t\t<div class=\"elementor-element elementor-element-8cfd58e elementor-widget elementor-widget-heading\" data-id=\"8cfd58e\" data-element_type=\"widget\" data-e-type=\"widget\" data-widget_type=\"heading.default\">\n\t\t\t\t<div class=\"elementor-widget-container\">\n\t\t\t\t\t<h2 class=\"elementor-heading-title elementor-size-default\">Yoga<\/h2>\t\t\t\t<\/div>\n\t\t\t\t<\/div>\n\t\t\t\t<div class=\"elementor-element elementor-element-e23a64c elementor-widget elementor-widget-heading\" data-id=\"e23a64c\" data-element_type=\"widget\" data-e-type=\"widget\" data-widget_type=\"heading.default\">\n\t\t\t\t<div class=\"elementor-widget-container\">\n\t\t\t\t\t<h2 class=\"elementor-heading-title elementor-size-default\">Films spirituels<\/h2>\t\t\t\t<\/div>\n\t\t\t\t<\/div>\n\t\t\t\t<div class=\"elementor-element elementor-element-fd4d315 elementor-widget elementor-widget-heading\" data-id=\"fd4d315\" data-element_type=\"widget\" data-e-type=\"widget\" data-widget_type=\"heading.default\">\n\t\t\t\t<div class=\"elementor-widget-container\">\n\t\t\t\t\t<h2 class=\"elementor-heading-title elementor-size-default\">M\u00e9ditations<\/h2>\t\t\t\t<\/div>\n\t\t\t\t<\/div>\n\t\t\t\t<div class=\"elementor-element elementor-element-c858dbe elementor-widget elementor-widget-heading\" data-id=\"c858dbe\" data-element_type=\"widget\" data-e-type=\"widget\" data-widget_type=\"heading.default\">\n\t\t\t\t<div class=\"elementor-widget-container\">\n\t\t\t\t\t<h2 class=\"elementor-heading-title elementor-size-default\">Concerts de mantra<\/h2>\t\t\t\t<\/div>\n\t\t\t\t<\/div>\n\t\t\t\t\t<\/div>\n\t\t<\/div>\n\t\t\t\t\t<\/div>\n\t\t<\/section>\n\t\t\t\t<section class=\"elementor-section elementor-top-section elementor-element elementor-element-5058fd6 elementor-section-boxed elementor-section-height-default elementor-section-height-default\" data-id=\"5058fd6\" data-element_type=\"section\" data-e-type=\"section\">\n\t\t\t\t\t\t<div class=\"elementor-container elementor-column-gap-default\">\n\t\t\t\t\t<div class=\"elementor-column elementor-col-100 elementor-top-column elementor-element elementor-element-7e7b020\" data-id=\"7e7b020\" data-element_type=\"column\" data-e-type=\"column\">\n\t\t\t<div class=\"elementor-widget-wrap\">\n\t\t\t\t\t\t\t<\/div>\n\t\t<\/div>\n\t\t\t\t\t<\/div>\n\t\t<\/section>\n\t\t\t\t<\/div>\n\t\t","protected":false},"excerpt":{"rendered":"<p>Retraite en ligne avec John David Archives vid\u00e9o Rencontres sur Zoom Profitez du mat\u00e9riel qu&rsquo;on a assembl\u00e9 pour des journ\u00e9es tranquilles! Yoga Retraite en ligne avec John David Profitez du mat\u00e9riel qu&rsquo;on a assembl\u00e9 pour des journ\u00e9es tranquilles! Yoga Yoga 1\/3 videos \u00ab\u00a0&lsquo; data-height=&rsquo;450&rsquo; data-video_index=&rsquo;1&rsquo;> 1 Kundalini Yoga with Sagar 301:02\u00ab\u00a0&lsquo; data-height=&rsquo;450&rsquo; data-video_index=&rsquo;2&rsquo;> 2 Kundalini [&hellip;]<\/p>\n","protected":false},"author":1,"featured_media":0,"parent":0,"menu_order":0,"comment_status":"closed","ping_status":"closed","template":"elementor_header_footer","meta":{"footnotes":""},"class_list":["post-36864","page","type-page","status-publish","hentry"],"yoast_head":"<!-- This site is optimized with the Yoast SEO plugin v27.2 - https:\/\/yoast.com\/product\/yoast-seo-wordpress\/ -->\n<title>Archive des retraites en ligne - John David Satsang<\/title>\n<meta name=\"robots\" content=\"index, follow, max-snippet:-1, max-image-preview:large, max-video-preview:-1\" \/>\n<link rel=\"canonical\" href=\"https:\/\/johndavidsatsang.international\/fr\/archive-des-retraites-en-ligne\/\" \/>\n<meta property=\"og:locale\" content=\"fr_FR\" \/>\n<meta property=\"og:type\" content=\"article\" \/>\n<meta property=\"og:title\" content=\"Archive des retraites en ligne - John David Satsang\" \/>\n<meta property=\"og:description\" content=\"Retraite en ligne avec John David Archives vid\u00e9o Rencontres sur Zoom Profitez du mat\u00e9riel qu&rsquo;on a assembl\u00e9 pour des journ\u00e9es tranquilles! Yoga Retraite en ligne avec John David Profitez du mat\u00e9riel qu&rsquo;on a assembl\u00e9 pour des journ\u00e9es tranquilles! Yoga Yoga 1\/3 videos \u00ab\u00a0&lsquo; data-height=&rsquo;450&rsquo; data-video_index=&rsquo;1&rsquo;&gt; 1 Kundalini Yoga with Sagar 301:02\u00ab\u00a0&lsquo; data-height=&rsquo;450&rsquo; data-video_index=&rsquo;2&rsquo;&gt; 2 Kundalini [&hellip;]\" \/>\n<meta property=\"og:url\" content=\"https:\/\/johndavidsatsang.international\/fr\/archive-des-retraites-en-ligne\/\" \/>\n<meta property=\"og:site_name\" content=\"John David Satsang\" \/>\n<meta property=\"article:modified_time\" content=\"2021-03-08T11:38:12+00:00\" \/>\n<meta property=\"og:image\" content=\"https:\/\/johndavidsatsang.internationalwp-content\/uploads\/2020\/12\/sky-mountain.jpg\" \/>\n<meta name=\"twitter:card\" content=\"summary_large_image\" \/>\n<meta name=\"twitter:label1\" content=\"Dur\u00e9e de lecture estim\u00e9e\" \/>\n\t<meta name=\"twitter:data1\" content=\"2 minutes\" \/>\n<script type=\"application\/ld+json\" class=\"yoast-schema-graph\">{\"@context\":\"https:\/\/schema.org\",\"@graph\":[{\"@type\":\"WebPage\",\"@id\":\"https:\/\/johndavidsatsang.international\/fr\/archive-des-retraites-en-ligne\/\",\"url\":\"https:\/\/johndavidsatsang.international\/fr\/archive-des-retraites-en-ligne\/\",\"name\":\"Archive des retraites en ligne - John David Satsang\",\"isPartOf\":{\"@id\":\"https:\/\/johndavidsatsang.international\/ru\/#website\"},\"primaryImageOfPage\":{\"@id\":\"https:\/\/johndavidsatsang.international\/fr\/archive-des-retraites-en-ligne\/#primaryimage\"},\"image\":{\"@id\":\"https:\/\/johndavidsatsang.international\/fr\/archive-des-retraites-en-ligne\/#primaryimage\"},\"thumbnailUrl\":\"https:\/\/johndavidsatsang.internationalwp-content\/uploads\/2020\/12\/sky-mountain.jpg\",\"datePublished\":\"2021-03-08T11:37:58+00:00\",\"dateModified\":\"2021-03-08T11:38:12+00:00\",\"breadcrumb\":{\"@id\":\"https:\/\/johndavidsatsang.international\/fr\/archive-des-retraites-en-ligne\/#breadcrumb\"},\"inLanguage\":\"fr-FR\",\"potentialAction\":[{\"@type\":\"ReadAction\",\"target\":[\"https:\/\/johndavidsatsang.international\/fr\/archive-des-retraites-en-ligne\/\"]}]},{\"@type\":\"ImageObject\",\"inLanguage\":\"fr-FR\",\"@id\":\"https:\/\/johndavidsatsang.international\/fr\/archive-des-retraites-en-ligne\/#primaryimage\",\"url\":\"https:\/\/johndavidsatsang.internationalwp-content\/uploads\/2020\/12\/sky-mountain.jpg\",\"contentUrl\":\"https:\/\/johndavidsatsang.internationalwp-content\/uploads\/2020\/12\/sky-mountain.jpg\"},{\"@type\":\"BreadcrumbList\",\"@id\":\"https:\/\/johndavidsatsang.international\/fr\/archive-des-retraites-en-ligne\/#breadcrumb\",\"itemListElement\":[{\"@type\":\"ListItem\",\"position\":1,\"name\":\"Home\",\"item\":\"https:\/\/johndavidsatsang.international\/fr\/\"},{\"@type\":\"ListItem\",\"position\":2,\"name\":\"Archive des retraites en ligne\"}]},{\"@type\":\"WebSite\",\"@id\":\"https:\/\/johndavidsatsang.international\/ru\/#website\",\"url\":\"https:\/\/johndavidsatsang.international\/ru\/\",\"name\":\"John David Satsang\",\"description\":\"Satsang with John David\",\"publisher\":{\"@id\":\"https:\/\/johndavidsatsang.international\/ru\/#organization\"},\"potentialAction\":[{\"@type\":\"SearchAction\",\"target\":{\"@type\":\"EntryPoint\",\"urlTemplate\":\"https:\/\/johndavidsatsang.international\/ru\/?s={search_term_string}\"},\"query-input\":{\"@type\":\"PropertyValueSpecification\",\"valueRequired\":true,\"valueName\":\"search_term_string\"}}],\"inLanguage\":\"fr-FR\"},{\"@type\":\"Organization\",\"@id\":\"https:\/\/johndavidsatsang.international\/ru\/#organization\",\"name\":\"John David Satsang\",\"url\":\"https:\/\/johndavidsatsang.international\/ru\/\",\"logo\":{\"@type\":\"ImageObject\",\"inLanguage\":\"fr-FR\",\"@id\":\"https:\/\/johndavidsatsang.international\/ru\/#\/schema\/logo\/image\/\",\"url\":\"https:\/\/johndavidsatsang.international\/wp-content\/uploads\/2020\/08\/sign-black-spiritual-teacher.png\",\"contentUrl\":\"https:\/\/johndavidsatsang.international\/wp-content\/uploads\/2020\/08\/sign-black-spiritual-teacher.png\",\"width\":372,\"height\":179,\"caption\":\"John David Satsang\"},\"image\":{\"@id\":\"https:\/\/johndavidsatsang.international\/ru\/#\/schema\/logo\/image\/\"}}]}<\/script>\n<!-- \/ Yoast SEO plugin. -->","yoast_head_json":{"title":"Archive des retraites en ligne - John David Satsang","robots":{"index":"index","follow":"follow","max-snippet":"max-snippet:-1","max-image-preview":"max-image-preview:large","max-video-preview":"max-video-preview:-1"},"canonical":"https:\/\/johndavidsatsang.international\/fr\/archive-des-retraites-en-ligne\/","og_locale":"fr_FR","og_type":"article","og_title":"Archive des retraites en ligne - John David Satsang","og_description":"Retraite en ligne avec John David Archives vid\u00e9o Rencontres sur Zoom Profitez du mat\u00e9riel qu&rsquo;on a assembl\u00e9 pour des journ\u00e9es tranquilles! Yoga Retraite en ligne avec John David Profitez du mat\u00e9riel qu&rsquo;on a assembl\u00e9 pour des journ\u00e9es tranquilles! Yoga Yoga 1\/3 videos \u00ab\u00a0&lsquo; data-height=&rsquo;450&rsquo; data-video_index=&rsquo;1&rsquo;> 1 Kundalini Yoga with Sagar 301:02\u00ab\u00a0&lsquo; data-height=&rsquo;450&rsquo; data-video_index=&rsquo;2&rsquo;> 2 Kundalini [&hellip;]","og_url":"https:\/\/johndavidsatsang.international\/fr\/archive-des-retraites-en-ligne\/","og_site_name":"John David Satsang","article_modified_time":"2021-03-08T11:38:12+00:00","og_image":[{"url":"https:\/\/johndavidsatsang.internationalwp-content\/uploads\/2020\/12\/sky-mountain.jpg","type":"","width":"","height":""}],"twitter_card":"summary_large_image","twitter_misc":{"Dur\u00e9e de lecture estim\u00e9e":"2 minutes"},"schema":{"@context":"https:\/\/schema.org","@graph":[{"@type":"WebPage","@id":"https:\/\/johndavidsatsang.international\/fr\/archive-des-retraites-en-ligne\/","url":"https:\/\/johndavidsatsang.international\/fr\/archive-des-retraites-en-ligne\/","name":"Archive des retraites en ligne - John David Satsang","isPartOf":{"@id":"https:\/\/johndavidsatsang.international\/ru\/#website"},"primaryImageOfPage":{"@id":"https:\/\/johndavidsatsang.international\/fr\/archive-des-retraites-en-ligne\/#primaryimage"},"image":{"@id":"https:\/\/johndavidsatsang.international\/fr\/archive-des-retraites-en-ligne\/#primaryimage"},"thumbnailUrl":"https:\/\/johndavidsatsang.internationalwp-content\/uploads\/2020\/12\/sky-mountain.jpg","datePublished":"2021-03-08T11:37:58+00:00","dateModified":"2021-03-08T11:38:12+00:00","breadcrumb":{"@id":"https:\/\/johndavidsatsang.international\/fr\/archive-des-retraites-en-ligne\/#breadcrumb"},"inLanguage":"fr-FR","potentialAction":[{"@type":"ReadAction","target":["https:\/\/johndavidsatsang.international\/fr\/archive-des-retraites-en-ligne\/"]}]},{"@type":"ImageObject","inLanguage":"fr-FR","@id":"https:\/\/johndavidsatsang.international\/fr\/archive-des-retraites-en-ligne\/#primaryimage","url":"https:\/\/johndavidsatsang.internationalwp-content\/uploads\/2020\/12\/sky-mountain.jpg","contentUrl":"https:\/\/johndavidsatsang.internationalwp-content\/uploads\/2020\/12\/sky-mountain.jpg"},{"@type":"BreadcrumbList","@id":"https:\/\/johndavidsatsang.international\/fr\/archive-des-retraites-en-ligne\/#breadcrumb","itemListElement":[{"@type":"ListItem","position":1,"name":"Home","item":"https:\/\/johndavidsatsang.international\/fr\/"},{"@type":"ListItem","position":2,"name":"Archive des retraites en ligne"}]},{"@type":"WebSite","@id":"https:\/\/johndavidsatsang.international\/ru\/#website","url":"https:\/\/johndavidsatsang.international\/ru\/","name":"John David Satsang","description":"Satsang with John David","publisher":{"@id":"https:\/\/johndavidsatsang.international\/ru\/#organization"},"potentialAction":[{"@type":"SearchAction","target":{"@type":"EntryPoint","urlTemplate":"https:\/\/johndavidsatsang.international\/ru\/?s={search_term_string}"},"query-input":{"@type":"PropertyValueSpecification","valueRequired":true,"valueName":"search_term_string"}}],"inLanguage":"fr-FR"},{"@type":"Organization","@id":"https:\/\/johndavidsatsang.international\/ru\/#organization","name":"John David Satsang","url":"https:\/\/johndavidsatsang.international\/ru\/","logo":{"@type":"ImageObject","inLanguage":"fr-FR","@id":"https:\/\/johndavidsatsang.international\/ru\/#\/schema\/logo\/image\/","url":"https:\/\/johndavidsatsang.international\/wp-content\/uploads\/2020\/08\/sign-black-spiritual-teacher.png","contentUrl":"https:\/\/johndavidsatsang.international\/wp-content\/uploads\/2020\/08\/sign-black-spiritual-teacher.png","width":372,"height":179,"caption":"John David Satsang"},"image":{"@id":"https:\/\/johndavidsatsang.international\/ru\/#\/schema\/logo\/image\/"}}]}},"_links":{"self":[{"href":"https:\/\/johndavidsatsang.international\/fr\/wp-json\/wp\/v2\/pages\/36864","targetHints":{"allow":["GET"]}}],"collection":[{"href":"https:\/\/johndavidsatsang.international\/fr\/wp-json\/wp\/v2\/pages"}],"about":[{"href":"https:\/\/johndavidsatsang.international\/fr\/wp-json\/wp\/v2\/types\/page"}],"author":[{"embeddable":true,"href":"https:\/\/johndavidsatsang.international\/fr\/wp-json\/wp\/v2\/users\/1"}],"replies":[{"embeddable":true,"href":"https:\/\/johndavidsatsang.international\/fr\/wp-json\/wp\/v2\/comments?post=36864"}],"version-history":[{"count":5,"href":"https:\/\/johndavidsatsang.international\/fr\/wp-json\/wp\/v2\/pages\/36864\/revisions"}],"predecessor-version":[{"id":36869,"href":"https:\/\/johndavidsatsang.international\/fr\/wp-json\/wp\/v2\/pages\/36864\/revisions\/36869"}],"wp:attachment":[{"href":"https:\/\/johndavidsatsang.international\/fr\/wp-json\/wp\/v2\/media?parent=36864"}],"curies":[{"name":"wp","href":"https:\/\/api.w.org\/{rel}","templated":true}]}}