{"id":36870,"date":"2021-03-08T12:42:02","date_gmt":"2021-03-08T11:42:02","guid":{"rendered":"http:\/\/johndavidsatsang.international\/informations-sur-les-retraites-en-ligne-avec-zoom"},"modified":"2021-03-08T12:42:14","modified_gmt":"2021-03-08T11:42:14","slug":"informations-sur-les-retraites-en-ligne-avec-zoom","status":"publish","type":"page","link":"https:\/\/johndavidsatsang.international\/fr\/informations-sur-les-retraites-en-ligne-avec-zoom\/","title":{"rendered":"Informations sur les retraites en ligne avec zoom"},"content":{"rendered":"\t\t<div data-elementor-type=\"wp-page\" data-elementor-id=\"36870\" class=\"elementor elementor-36870 elementor-26823\" data-elementor-post-type=\"page\">\n\t\t\t\t\t\t<section class=\"elementor-section elementor-top-section elementor-element elementor-element-d33c75d elementor-section-boxed elementor-section-height-default elementor-section-height-default\" data-id=\"d33c75d\" data-element_type=\"section\" data-e-type=\"section\">\n\t\t\t\t\t\t<div class=\"elementor-container elementor-column-gap-no\">\n\t\t\t\t\t<div class=\"elementor-column elementor-col-100 elementor-top-column elementor-element elementor-element-4ace27e\" data-id=\"4ace27e\" data-element_type=\"column\" data-e-type=\"column\">\n\t\t\t<div class=\"elementor-widget-wrap elementor-element-populated\">\n\t\t\t\t\t\t<div class=\"elementor-element elementor-element-961e6f3 elementor-widget elementor-widget-image\" data-id=\"961e6f3\" data-element_type=\"widget\" data-e-type=\"widget\" data-widget_type=\"image.default\">\n\t\t\t\t<div class=\"elementor-widget-container\">\n\t\t\t\t\t\t\t\t\t\t\t\t\t\t\t<img fetchpriority=\"high\" decoding=\"async\" width=\"800\" height=\"500\" src=\"https:\/\/johndavidsatsang.international\/wp-content\/uploads\/2020\/12\/sky-mountain.jpg\" class=\"attachment-large size-large wp-image-25651\" alt=\"\" srcset=\"https:\/\/johndavidsatsang.international\/wp-content\/uploads\/2020\/12\/sky-mountain.jpg 1000w, https:\/\/johndavidsatsang.international\/wp-content\/uploads\/2020\/12\/sky-mountain-600x375.jpg 600w, https:\/\/johndavidsatsang.international\/wp-content\/uploads\/2020\/12\/sky-mountain-300x188.jpg 300w, https:\/\/johndavidsatsang.international\/wp-content\/uploads\/2020\/12\/sky-mountain-768x480.jpg 768w\" sizes=\"(max-width: 800px) 100vw, 800px\" \/>\t\t\t\t\t\t\t\t\t\t\t\t\t\t\t<\/div>\n\t\t\t\t<\/div>\n\t\t\t\t\t<\/div>\n\t\t<\/div>\n\t\t\t\t\t<\/div>\n\t\t<\/section>\n\t\t\t\t<section class=\"elementor-section elementor-top-section elementor-element elementor-element-a85b314 elementor-section-boxed elementor-section-height-default elementor-section-height-default\" data-id=\"a85b314\" data-element_type=\"section\" data-e-type=\"section\">\n\t\t\t\t\t\t<div class=\"elementor-container elementor-column-gap-default\">\n\t\t\t\t\t<div class=\"elementor-column elementor-col-100 elementor-top-column elementor-element elementor-element-1f7a863\" data-id=\"1f7a863\" data-element_type=\"column\" data-e-type=\"column\">\n\t\t\t<div class=\"elementor-widget-wrap elementor-element-populated\">\n\t\t\t\t\t\t<div class=\"elementor-element elementor-element-5d387f3 elementor-widget elementor-widget-heading\" data-id=\"5d387f3\" data-element_type=\"widget\" data-e-type=\"widget\" data-widget_type=\"heading.default\">\n\t\t\t\t<div class=\"elementor-widget-container\">\n\t\t\t\t\t<h2 class=\"elementor-heading-title elementor-size-default\">Retraite en ligne avec John David<\/h2>\t\t\t\t<\/div>\n\t\t\t\t<\/div>\n\t\t\t\t\t<\/div>\n\t\t<\/div>\n\t\t\t\t\t<\/div>\n\t\t<\/section>\n\t\t\t\t<section class=\"elementor-section elementor-top-section elementor-element elementor-element-d7646ae elementor-section-boxed elementor-section-height-default elementor-section-height-default\" data-id=\"d7646ae\" data-element_type=\"section\" data-e-type=\"section\">\n\t\t\t\t\t\t<div class=\"elementor-container elementor-column-gap-no\">\n\t\t\t\t\t<div class=\"elementor-column elementor-col-100 elementor-top-column elementor-element elementor-element-cd8c0c0\" data-id=\"cd8c0c0\" data-element_type=\"column\" data-e-type=\"column\">\n\t\t\t<div class=\"elementor-widget-wrap elementor-element-populated\">\n\t\t\t\t\t\t<section class=\"elementor-section elementor-inner-section elementor-element elementor-element-e852c1f elementor-section-boxed elementor-section-height-default elementor-section-height-default\" data-id=\"e852c1f\" data-element_type=\"section\" data-e-type=\"section\" data-settings=\"{&quot;background_background&quot;:&quot;classic&quot;}\">\n\t\t\t\t\t\t<div class=\"elementor-container elementor-column-gap-no\">\n\t\t\t\t\t<div class=\"elementor-column elementor-col-50 elementor-inner-column elementor-element elementor-element-6da474b\" data-id=\"6da474b\" data-element_type=\"column\" data-e-type=\"column\">\n\t\t\t<div class=\"elementor-widget-wrap elementor-element-populated\">\n\t\t\t\t\t\t<div class=\"elementor-element elementor-element-cc753d1 elementor-align-center elementor-widget elementor-widget-button\" data-id=\"cc753d1\" data-element_type=\"widget\" data-e-type=\"widget\" data-widget_type=\"button.default\">\n\t\t\t\t<div class=\"elementor-widget-container\">\n\t\t\t\t\t\t\t\t\t<div class=\"elementor-button-wrapper\">\n\t\t\t\t\t<a class=\"elementor-button elementor-button-link elementor-size-xl elementor-animation-grow\" href=\"https:\/\/johndavidsatsang.international\/fr\/archive-des-retraites-en-ligne\">\n\t\t\t\t\t\t<span class=\"elementor-button-content-wrapper\">\n\t\t\t\t\t\t\t\t\t<span class=\"elementor-button-text\">Archives vid\u00e9o<\/span>\n\t\t\t\t\t<\/span>\n\t\t\t\t\t<\/a>\n\t\t\t\t<\/div>\n\t\t\t\t\t\t\t\t<\/div>\n\t\t\t\t<\/div>\n\t\t\t\t\t<\/div>\n\t\t<\/div>\n\t\t\t\t<div class=\"elementor-column elementor-col-50 elementor-inner-column elementor-element elementor-element-a59340c\" data-id=\"a59340c\" data-element_type=\"column\" data-e-type=\"column\">\n\t\t\t<div class=\"elementor-widget-wrap elementor-element-populated\">\n\t\t\t\t\t\t<div class=\"elementor-element elementor-element-9a15810 elementor-align-center elementor-widget elementor-widget-button\" data-id=\"9a15810\" data-element_type=\"widget\" data-e-type=\"widget\" data-widget_type=\"button.default\">\n\t\t\t\t<div class=\"elementor-widget-container\">\n\t\t\t\t\t\t\t\t\t<div class=\"elementor-button-wrapper\">\n\t\t\t\t\t<a class=\"elementor-button elementor-button-link elementor-size-xl\" href=\"#\">\n\t\t\t\t\t\t<span class=\"elementor-button-content-wrapper\">\n\t\t\t\t\t\t\t\t\t<span class=\"elementor-button-text\">Rencontres sur Zoom<\/span>\n\t\t\t\t\t<\/span>\n\t\t\t\t\t<\/a>\n\t\t\t\t<\/div>\n\t\t\t\t\t\t\t\t<\/div>\n\t\t\t\t<\/div>\n\t\t\t\t\t<\/div>\n\t\t<\/div>\n\t\t\t\t\t<\/div>\n\t\t<\/section>\n\t\t\t\t<div class=\"elementor-element elementor-element-28537c2 elementor-widget elementor-widget-heading\" data-id=\"28537c2\" data-element_type=\"widget\" data-e-type=\"widget\" data-widget_type=\"heading.default\">\n\t\t\t\t<div class=\"elementor-widget-container\">\n\t\t\t\t\t<h2 class=\"elementor-heading-title elementor-size-default\">Informations et enregistrements des r\u00e9unions <\/h2>\t\t\t\t<\/div>\n\t\t\t\t<\/div>\n\t\t\t\t\t<\/div>\n\t\t<\/div>\n\t\t\t\t\t<\/div>\n\t\t<\/section>\n\t\t\t\t<section class=\"elementor-section elementor-top-section elementor-element elementor-element-7027b4c elementor-section-boxed elementor-section-height-default elementor-section-height-default\" data-id=\"7027b4c\" data-element_type=\"section\" data-e-type=\"section\">\n\t\t\t\t\t\t<div class=\"elementor-container elementor-column-gap-default\">\n\t\t\t\t\t<div class=\"elementor-column elementor-col-100 elementor-top-column elementor-element elementor-element-872870b\" data-id=\"872870b\" data-element_type=\"column\" data-e-type=\"column\">\n\t\t\t<div class=\"elementor-widget-wrap elementor-element-populated\">\n\t\t\t\t\t\t<section class=\"elementor-section elementor-inner-section elementor-element elementor-element-70c4e62 elementor-section-boxed elementor-section-height-default elementor-section-height-default\" data-id=\"70c4e62\" data-element_type=\"section\" data-e-type=\"section\">\n\t\t\t\t\t\t<div class=\"elementor-container elementor-column-gap-default\">\n\t\t\t\t\t<div class=\"elementor-column elementor-col-50 elementor-inner-column elementor-element elementor-element-64a4c5d\" data-id=\"64a4c5d\" data-element_type=\"column\" data-e-type=\"column\">\n\t\t\t<div class=\"elementor-widget-wrap elementor-element-populated\">\n\t\t\t\t\t\t<div class=\"elementor-element elementor-element-b902cd5 elementor-widget elementor-widget-image\" data-id=\"b902cd5\" data-element_type=\"widget\" data-e-type=\"widget\" data-widget_type=\"image.default\">\n\t\t\t\t<div class=\"elementor-widget-container\">\n\t\t\t\t\t\t\t\t\t\t\t\t\t\t\t<img decoding=\"async\" width=\"800\" height=\"559\" src=\"https:\/\/johndavidsatsang.international\/wp-content\/uploads\/2020\/08\/Zoom-Meetings-1024x716.jpg\" class=\"attachment-large size-large wp-image-178\" alt=\"\" srcset=\"https:\/\/johndavidsatsang.international\/wp-content\/uploads\/2020\/08\/Zoom-Meetings-1024x716.jpg 1024w, https:\/\/johndavidsatsang.international\/wp-content\/uploads\/2020\/08\/Zoom-Meetings-600x420.jpg 600w, https:\/\/johndavidsatsang.international\/wp-content\/uploads\/2020\/08\/Zoom-Meetings-300x210.jpg 300w, https:\/\/johndavidsatsang.international\/wp-content\/uploads\/2020\/08\/Zoom-Meetings-768x537.jpg 768w, https:\/\/johndavidsatsang.international\/wp-content\/uploads\/2020\/08\/Zoom-Meetings-1536x1074.jpg 1536w, https:\/\/johndavidsatsang.international\/wp-content\/uploads\/2020\/08\/Zoom-Meetings.jpg 1300w\" sizes=\"(max-width: 800px) 100vw, 800px\" \/>\t\t\t\t\t\t\t\t\t\t\t\t\t\t\t<\/div>\n\t\t\t\t<\/div>\n\t\t\t\t\t<\/div>\n\t\t<\/div>\n\t\t\t\t<div class=\"elementor-column elementor-col-50 elementor-inner-column elementor-element elementor-element-3935455\" data-id=\"3935455\" data-element_type=\"column\" data-e-type=\"column\">\n\t\t\t<div class=\"elementor-widget-wrap elementor-element-populated\">\n\t\t\t\t\t\t<div class=\"elementor-element elementor-element-c0bea1d elementor-widget elementor-widget-text-editor\" data-id=\"c0bea1d\" data-element_type=\"widget\" data-e-type=\"widget\" data-widget_type=\"text-editor.default\">\n\t\t\t\t<div class=\"elementor-widget-container\">\n\t\t\t\t\t\t\t\t\t<p>Bienvenu \u00e0 la retraite en ligne avec John David!<\/p>\n\t\t\t\t\t\t\t\t<\/div>\n\t\t\t\t<\/div>\n\t\t\t\t<div class=\"elementor-element elementor-element-61161aa elementor-align-center elementor-widget elementor-widget-button\" data-id=\"61161aa\" data-element_type=\"widget\" data-e-type=\"widget\" data-widget_type=\"button.default\">\n\t\t\t\t<div class=\"elementor-widget-container\">\n\t\t\t\t\t\t\t\t\t<div class=\"elementor-button-wrapper\">\n\t\t\t\t\t<a class=\"elementor-button elementor-button-link elementor-size-sm elementor-animation-grow\" href=\"https:\/\/us02web.zoom.us\/webinar\/register\/WN_gqxkQKCnS2OHGJiE7e4-sg\">\n\t\t\t\t\t\t<span class=\"elementor-button-content-wrapper\">\n\t\t\t\t\t\t\t\t\t<span class=\"elementor-button-text\">Cliquez-ici pour le satsang en ligne <br> La r\u00e9union commence \u00e0 19:45 avec le chant des mantras<\/span>\n\t\t\t\t\t<\/span>\n\t\t\t\t\t<\/a>\n\t\t\t\t<\/div>\n\t\t\t\t\t\t\t\t<\/div>\n\t\t\t\t<\/div>\n\t\t\t\t\t<\/div>\n\t\t<\/div>\n\t\t\t\t\t<\/div>\n\t\t<\/section>\n\t\t\t\t<div class=\"elementor-element elementor-element-4f56c2f elementor-widget elementor-widget-heading\" data-id=\"4f56c2f\" data-element_type=\"widget\" data-e-type=\"widget\" data-widget_type=\"heading.default\">\n\t\t\t\t<div class=\"elementor-widget-container\">\n\t\t\t\t\t<h2 class=\"elementor-heading-title elementor-size-default\">Enregistrements des r\u00e9unions<\/h2>\t\t\t\t<\/div>\n\t\t\t\t<\/div>\n\t\t\t\t\t<\/div>\n\t\t<\/div>\n\t\t\t\t\t<\/div>\n\t\t<\/section>\n\t\t\t\t<\/div>\n\t\t","protected":false},"excerpt":{"rendered":"<p>Retraite en ligne avec John David Archives vid\u00e9o Rencontres sur Zoom Informations et enregistrements des r\u00e9unions Bienvenu \u00e0 la retraite en ligne avec John David! Cliquez-ici pour le satsang en ligne La r\u00e9union commence \u00e0 19:45 avec le chant des mantras Enregistrements des r\u00e9unions<\/p>\n","protected":false},"author":1,"featured_media":0,"parent":0,"menu_order":0,"comment_status":"closed","ping_status":"closed","template":"elementor_header_footer","meta":{"footnotes":""},"class_list":["post-36870","page","type-page","status-publish","hentry"],"yoast_head":"<!-- This site is optimized with the Yoast SEO plugin v27.2 - https:\/\/yoast.com\/product\/yoast-seo-wordpress\/ -->\n<title>Informations sur les retraites en ligne avec zoom - John David Satsang<\/title>\n<meta name=\"robots\" content=\"index, follow, max-snippet:-1, max-image-preview:large, max-video-preview:-1\" \/>\n<link rel=\"canonical\" href=\"https:\/\/johndavidsatsang.international\/fr\/informations-sur-les-retraites-en-ligne-avec-zoom\/\" \/>\n<meta property=\"og:locale\" content=\"fr_FR\" \/>\n<meta property=\"og:type\" content=\"article\" \/>\n<meta property=\"og:title\" content=\"Informations sur les retraites en ligne avec zoom - John David Satsang\" \/>\n<meta property=\"og:description\" content=\"Retraite en ligne avec John David Archives vid\u00e9o Rencontres sur Zoom Informations et enregistrements des r\u00e9unions Bienvenu \u00e0 la retraite en ligne avec John David! Cliquez-ici pour le satsang en ligne La r\u00e9union commence \u00e0 19:45 avec le chant des mantras Enregistrements des r\u00e9unions\" \/>\n<meta property=\"og:url\" content=\"https:\/\/johndavidsatsang.international\/fr\/informations-sur-les-retraites-en-ligne-avec-zoom\/\" \/>\n<meta property=\"og:site_name\" content=\"John David Satsang\" \/>\n<meta property=\"article:modified_time\" content=\"2021-03-08T11:42:14+00:00\" \/>\n<meta property=\"og:image\" content=\"https:\/\/johndavidsatsang.internationalwp-content\/uploads\/2020\/12\/sky-mountain.jpg\" \/>\n<meta name=\"twitter:card\" content=\"summary_large_image\" \/>\n<script type=\"application\/ld+json\" class=\"yoast-schema-graph\">{\"@context\":\"https:\/\/schema.org\",\"@graph\":[{\"@type\":\"WebPage\",\"@id\":\"https:\/\/johndavidsatsang.international\/fr\/informations-sur-les-retraites-en-ligne-avec-zoom\/\",\"url\":\"https:\/\/johndavidsatsang.international\/fr\/informations-sur-les-retraites-en-ligne-avec-zoom\/\",\"name\":\"Informations sur les retraites en ligne avec zoom - John David Satsang\",\"isPartOf\":{\"@id\":\"https:\/\/johndavidsatsang.international\/ru\/#website\"},\"primaryImageOfPage\":{\"@id\":\"https:\/\/johndavidsatsang.international\/fr\/informations-sur-les-retraites-en-ligne-avec-zoom\/#primaryimage\"},\"image\":{\"@id\":\"https:\/\/johndavidsatsang.international\/fr\/informations-sur-les-retraites-en-ligne-avec-zoom\/#primaryimage\"},\"thumbnailUrl\":\"https:\/\/johndavidsatsang.internationalwp-content\/uploads\/2020\/12\/sky-mountain.jpg\",\"datePublished\":\"2021-03-08T11:42:02+00:00\",\"dateModified\":\"2021-03-08T11:42:14+00:00\",\"breadcrumb\":{\"@id\":\"https:\/\/johndavidsatsang.international\/fr\/informations-sur-les-retraites-en-ligne-avec-zoom\/#breadcrumb\"},\"inLanguage\":\"fr-FR\",\"potentialAction\":[{\"@type\":\"ReadAction\",\"target\":[\"https:\/\/johndavidsatsang.international\/fr\/informations-sur-les-retraites-en-ligne-avec-zoom\/\"]}]},{\"@type\":\"ImageObject\",\"inLanguage\":\"fr-FR\",\"@id\":\"https:\/\/johndavidsatsang.international\/fr\/informations-sur-les-retraites-en-ligne-avec-zoom\/#primaryimage\",\"url\":\"https:\/\/johndavidsatsang.internationalwp-content\/uploads\/2020\/12\/sky-mountain.jpg\",\"contentUrl\":\"https:\/\/johndavidsatsang.internationalwp-content\/uploads\/2020\/12\/sky-mountain.jpg\"},{\"@type\":\"BreadcrumbList\",\"@id\":\"https:\/\/johndavidsatsang.international\/fr\/informations-sur-les-retraites-en-ligne-avec-zoom\/#breadcrumb\",\"itemListElement\":[{\"@type\":\"ListItem\",\"position\":1,\"name\":\"Home\",\"item\":\"https:\/\/johndavidsatsang.international\/fr\/\"},{\"@type\":\"ListItem\",\"position\":2,\"name\":\"Informations sur les retraites en ligne avec zoom\"}]},{\"@type\":\"WebSite\",\"@id\":\"https:\/\/johndavidsatsang.international\/ru\/#website\",\"url\":\"https:\/\/johndavidsatsang.international\/ru\/\",\"name\":\"John David Satsang\",\"description\":\"Satsang with John David\",\"publisher\":{\"@id\":\"https:\/\/johndavidsatsang.international\/ru\/#organization\"},\"potentialAction\":[{\"@type\":\"SearchAction\",\"target\":{\"@type\":\"EntryPoint\",\"urlTemplate\":\"https:\/\/johndavidsatsang.international\/ru\/?s={search_term_string}\"},\"query-input\":{\"@type\":\"PropertyValueSpecification\",\"valueRequired\":true,\"valueName\":\"search_term_string\"}}],\"inLanguage\":\"fr-FR\"},{\"@type\":\"Organization\",\"@id\":\"https:\/\/johndavidsatsang.international\/ru\/#organization\",\"name\":\"John David Satsang\",\"url\":\"https:\/\/johndavidsatsang.international\/ru\/\",\"logo\":{\"@type\":\"ImageObject\",\"inLanguage\":\"fr-FR\",\"@id\":\"https:\/\/johndavidsatsang.international\/ru\/#\/schema\/logo\/image\/\",\"url\":\"https:\/\/johndavidsatsang.international\/wp-content\/uploads\/2020\/08\/sign-black-spiritual-teacher.png\",\"contentUrl\":\"https:\/\/johndavidsatsang.international\/wp-content\/uploads\/2020\/08\/sign-black-spiritual-teacher.png\",\"width\":372,\"height\":179,\"caption\":\"John David Satsang\"},\"image\":{\"@id\":\"https:\/\/johndavidsatsang.international\/ru\/#\/schema\/logo\/image\/\"}}]}<\/script>\n<!-- \/ Yoast SEO plugin. -->","yoast_head_json":{"title":"Informations sur les retraites en ligne avec zoom - John David Satsang","robots":{"index":"index","follow":"follow","max-snippet":"max-snippet:-1","max-image-preview":"max-image-preview:large","max-video-preview":"max-video-preview:-1"},"canonical":"https:\/\/johndavidsatsang.international\/fr\/informations-sur-les-retraites-en-ligne-avec-zoom\/","og_locale":"fr_FR","og_type":"article","og_title":"Informations sur les retraites en ligne avec zoom - John David Satsang","og_description":"Retraite en ligne avec John David Archives vid\u00e9o Rencontres sur Zoom Informations et enregistrements des r\u00e9unions Bienvenu \u00e0 la retraite en ligne avec John David! Cliquez-ici pour le satsang en ligne La r\u00e9union commence \u00e0 19:45 avec le chant des mantras Enregistrements des r\u00e9unions","og_url":"https:\/\/johndavidsatsang.international\/fr\/informations-sur-les-retraites-en-ligne-avec-zoom\/","og_site_name":"John David Satsang","article_modified_time":"2021-03-08T11:42:14+00:00","og_image":[{"url":"https:\/\/johndavidsatsang.internationalwp-content\/uploads\/2020\/12\/sky-mountain.jpg","type":"","width":"","height":""}],"twitter_card":"summary_large_image","schema":{"@context":"https:\/\/schema.org","@graph":[{"@type":"WebPage","@id":"https:\/\/johndavidsatsang.international\/fr\/informations-sur-les-retraites-en-ligne-avec-zoom\/","url":"https:\/\/johndavidsatsang.international\/fr\/informations-sur-les-retraites-en-ligne-avec-zoom\/","name":"Informations sur les retraites en ligne avec zoom - John David Satsang","isPartOf":{"@id":"https:\/\/johndavidsatsang.international\/ru\/#website"},"primaryImageOfPage":{"@id":"https:\/\/johndavidsatsang.international\/fr\/informations-sur-les-retraites-en-ligne-avec-zoom\/#primaryimage"},"image":{"@id":"https:\/\/johndavidsatsang.international\/fr\/informations-sur-les-retraites-en-ligne-avec-zoom\/#primaryimage"},"thumbnailUrl":"https:\/\/johndavidsatsang.internationalwp-content\/uploads\/2020\/12\/sky-mountain.jpg","datePublished":"2021-03-08T11:42:02+00:00","dateModified":"2021-03-08T11:42:14+00:00","breadcrumb":{"@id":"https:\/\/johndavidsatsang.international\/fr\/informations-sur-les-retraites-en-ligne-avec-zoom\/#breadcrumb"},"inLanguage":"fr-FR","potentialAction":[{"@type":"ReadAction","target":["https:\/\/johndavidsatsang.international\/fr\/informations-sur-les-retraites-en-ligne-avec-zoom\/"]}]},{"@type":"ImageObject","inLanguage":"fr-FR","@id":"https:\/\/johndavidsatsang.international\/fr\/informations-sur-les-retraites-en-ligne-avec-zoom\/#primaryimage","url":"https:\/\/johndavidsatsang.internationalwp-content\/uploads\/2020\/12\/sky-mountain.jpg","contentUrl":"https:\/\/johndavidsatsang.internationalwp-content\/uploads\/2020\/12\/sky-mountain.jpg"},{"@type":"BreadcrumbList","@id":"https:\/\/johndavidsatsang.international\/fr\/informations-sur-les-retraites-en-ligne-avec-zoom\/#breadcrumb","itemListElement":[{"@type":"ListItem","position":1,"name":"Home","item":"https:\/\/johndavidsatsang.international\/fr\/"},{"@type":"ListItem","position":2,"name":"Informations sur les retraites en ligne avec zoom"}]},{"@type":"WebSite","@id":"https:\/\/johndavidsatsang.international\/ru\/#website","url":"https:\/\/johndavidsatsang.international\/ru\/","name":"John David Satsang","description":"Satsang with John David","publisher":{"@id":"https:\/\/johndavidsatsang.international\/ru\/#organization"},"potentialAction":[{"@type":"SearchAction","target":{"@type":"EntryPoint","urlTemplate":"https:\/\/johndavidsatsang.international\/ru\/?s={search_term_string}"},"query-input":{"@type":"PropertyValueSpecification","valueRequired":true,"valueName":"search_term_string"}}],"inLanguage":"fr-FR"},{"@type":"Organization","@id":"https:\/\/johndavidsatsang.international\/ru\/#organization","name":"John David Satsang","url":"https:\/\/johndavidsatsang.international\/ru\/","logo":{"@type":"ImageObject","inLanguage":"fr-FR","@id":"https:\/\/johndavidsatsang.international\/ru\/#\/schema\/logo\/image\/","url":"https:\/\/johndavidsatsang.international\/wp-content\/uploads\/2020\/08\/sign-black-spiritual-teacher.png","contentUrl":"https:\/\/johndavidsatsang.international\/wp-content\/uploads\/2020\/08\/sign-black-spiritual-teacher.png","width":372,"height":179,"caption":"John David Satsang"},"image":{"@id":"https:\/\/johndavidsatsang.international\/ru\/#\/schema\/logo\/image\/"}}]}},"_links":{"self":[{"href":"https:\/\/johndavidsatsang.international\/fr\/wp-json\/wp\/v2\/pages\/36870","targetHints":{"allow":["GET"]}}],"collection":[{"href":"https:\/\/johndavidsatsang.international\/fr\/wp-json\/wp\/v2\/pages"}],"about":[{"href":"https:\/\/johndavidsatsang.international\/fr\/wp-json\/wp\/v2\/types\/page"}],"author":[{"embeddable":true,"href":"https:\/\/johndavidsatsang.international\/fr\/wp-json\/wp\/v2\/users\/1"}],"replies":[{"embeddable":true,"href":"https:\/\/johndavidsatsang.international\/fr\/wp-json\/wp\/v2\/comments?post=36870"}],"version-history":[{"count":3,"href":"https:\/\/johndavidsatsang.international\/fr\/wp-json\/wp\/v2\/pages\/36870\/revisions"}],"predecessor-version":[{"id":36873,"href":"https:\/\/johndavidsatsang.international\/fr\/wp-json\/wp\/v2\/pages\/36870\/revisions\/36873"}],"wp:attachment":[{"href":"https:\/\/johndavidsatsang.international\/fr\/wp-json\/wp\/v2\/media?parent=36870"}],"curies":[{"name":"wp","href":"https:\/\/api.w.org\/{rel}","templated":true}]}}