{"id":75537,"date":"2023-10-21T12:22:09","date_gmt":"2023-10-21T10:22:09","guid":{"rendered":"https:\/\/johndavidsatsang.international\/satsang\/"},"modified":"2023-10-21T12:22:36","modified_gmt":"2023-10-21T10:22:36","slug":"satsang","status":"publish","type":"page","link":"https:\/\/johndavidsatsang.international\/fr\/satsang\/","title":{"rendered":"Satsang"},"content":{"rendered":"\t\t<div data-elementor-type=\"wp-page\" data-elementor-id=\"75537\" class=\"elementor elementor-75537 elementor-21231\" data-elementor-post-type=\"page\">\n\t\t\t\t\t\t<section class=\"elementor-section elementor-top-section elementor-element elementor-element-d27b9de elementor-section-full_width elementor-section-height-full elementor-section-height-default elementor-section-items-middle\" data-id=\"d27b9de\" data-element_type=\"section\" data-e-type=\"section\" data-settings=\"{&quot;background_background&quot;:&quot;classic&quot;}\">\n\t\t\t\t\t\t<div class=\"elementor-container elementor-column-gap-no\">\n\t\t\t\t\t<div class=\"elementor-column elementor-col-100 elementor-top-column elementor-element elementor-element-5f13f98\" data-id=\"5f13f98\" data-element_type=\"column\" data-e-type=\"column\">\n\t\t\t<div class=\"elementor-widget-wrap elementor-element-populated\">\n\t\t\t\t\t\t<div class=\"elementor-element elementor-element-fc8f139 elementor-widget elementor-widget-spacer\" data-id=\"fc8f139\" data-element_type=\"widget\" data-e-type=\"widget\" data-widget_type=\"spacer.default\">\n\t\t\t\t<div class=\"elementor-widget-container\">\n\t\t\t\t\t\t\t<div class=\"elementor-spacer\">\n\t\t\t<div class=\"elementor-spacer-inner\"><\/div>\n\t\t<\/div>\n\t\t\t\t\t\t<\/div>\n\t\t\t\t<\/div>\n\t\t\t\t\t<\/div>\n\t\t<\/div>\n\t\t\t\t\t<\/div>\n\t\t<\/section>\n\t\t\t\t<section class=\"elementor-section elementor-top-section elementor-element elementor-element-b4c1429 elementor-section-boxed elementor-section-height-default elementor-section-height-default\" data-id=\"b4c1429\" data-element_type=\"section\" data-e-type=\"section\">\n\t\t\t\t\t\t<div class=\"elementor-container elementor-column-gap-no\">\n\t\t\t\t\t<div class=\"elementor-column elementor-col-100 elementor-top-column elementor-element elementor-element-53bd2dd\" data-id=\"53bd2dd\" data-element_type=\"column\" data-e-type=\"column\">\n\t\t\t<div class=\"elementor-widget-wrap elementor-element-populated\">\n\t\t\t\t\t\t<div class=\"elementor-element elementor-element-42311ce elementor-widget elementor-widget-heading\" data-id=\"42311ce\" data-element_type=\"widget\" data-e-type=\"widget\" data-widget_type=\"heading.default\">\n\t\t\t\t<div class=\"elementor-widget-container\">\n\t\t\t\t\t<h1 class=\"elementor-heading-title elementor-size-default\">Satsang<\/h1>\t\t\t\t<\/div>\n\t\t\t\t<\/div>\n\t\t\t\t<div class=\"elementor-element elementor-element-21532f8 elementor-widget elementor-widget-heading\" data-id=\"21532f8\" data-element_type=\"widget\" data-e-type=\"widget\" data-widget_type=\"heading.default\">\n\t\t\t\t<div class=\"elementor-widget-container\">\n\t\t\t\t\t<h2 class=\"elementor-heading-title elementor-size-default\">Vivre en libert\u00e9<\/h2>\t\t\t\t<\/div>\n\t\t\t\t<\/div>\n\t\t\t\t\t<\/div>\n\t\t<\/div>\n\t\t\t\t\t<\/div>\n\t\t<\/section>\n\t\t\t\t<section class=\"elementor-section elementor-top-section elementor-element elementor-element-018b650 elementor-section-boxed elementor-section-height-default elementor-section-height-default\" data-id=\"018b650\" data-element_type=\"section\" data-e-type=\"section\">\n\t\t\t\t\t\t<div class=\"elementor-container elementor-column-gap-default\">\n\t\t\t\t\t<div class=\"elementor-column elementor-col-100 elementor-top-column elementor-element elementor-element-a1e55e4\" data-id=\"a1e55e4\" data-element_type=\"column\" data-e-type=\"column\">\n\t\t\t<div class=\"elementor-widget-wrap elementor-element-populated\">\n\t\t\t\t\t\t<div class=\"elementor-element elementor-element-e5b2e6b elementor-widget elementor-widget-text-editor\" data-id=\"e5b2e6b\" data-element_type=\"widget\" data-e-type=\"widget\" data-widget_type=\"text-editor.default\">\n\t\t\t\t<div class=\"elementor-widget-container\">\n\t\t\t\t\t\t\t\t\t<p>Le satsang ouvre ton c\u0153ur et calme ton esprit. Tout le monde est le bienvenu! C&rsquo;est un espace pour une rencontre profonde avec toi-m\u00eame au-del\u00e0 des r\u00f4les, pens\u00e9es et sentiments. Un espace pour renouer avec ce qui a la plus grande valeur pour toi, pour poser tes questions les plus intimes et pour te permettre d&rsquo;\u00eatre simplement.<\/p>\n<p>La plus part du temps dans nos vies quotidiennes, on n&rsquo;est pas tr\u00e8s conscient de notre essence et souvent pas bien connect\u00e9. Notre vie est dirig\u00e9e par des d\u00e9sirs, des peurs et des objectifs. L&rsquo;\u00e9nergie du satsang nous soutient \u00e0 nous centrer \u00e0 l&rsquo;int\u00e9rieur et \u00e0 retrouver notre propre source, notre vrai Soi. Avec cette connexion profonde \u00e0 notre \u00eatre, nous pouvons \u00eatre vraiment pr\u00e9sents \u00e0 chaque instant de notre vie et exp\u00e9rimenter l&rsquo;\u00e9norme amour et la paix qui sont toujours l\u00e0.<\/p>\n<p>Le satsang commence souvent par une br\u00e8ve p\u00e9riode de silence suivie d&rsquo;un discours ou d&rsquo;une invitation \u00e0 poser des questions. Tout se passe spontan\u00e9ment. Tu peux participer en \u00e9coutant simplement et en absorbant l&rsquo;air de libert\u00e9 et de paix, ouou tu peux choisir de t&rsquo;impliquer plus activement dans un dialogue avec John David.<\/p>\n\t\t\t\t\t\t\t\t<\/div>\n\t\t\t\t<\/div>\n\t\t\t\t\t<\/div>\n\t\t<\/div>\n\t\t\t\t\t<\/div>\n\t\t<\/section>\n\t\t\t\t<section class=\"elementor-section elementor-top-section elementor-element elementor-element-ab0661e elementor-section-boxed elementor-section-height-default elementor-section-height-default\" data-id=\"ab0661e\" data-element_type=\"section\" data-e-type=\"section\">\n\t\t\t\t\t\t<div class=\"elementor-container elementor-column-gap-default\">\n\t\t\t\t\t<div class=\"elementor-column elementor-col-100 elementor-top-column elementor-element elementor-element-db25886\" data-id=\"db25886\" data-element_type=\"column\" data-e-type=\"column\">\n\t\t\t<div class=\"elementor-widget-wrap elementor-element-populated\">\n\t\t\t\t\t\t<div class=\"elementor-element elementor-element-9a6d188 elementor-widget elementor-widget-heading\" data-id=\"9a6d188\" data-element_type=\"widget\" data-e-type=\"widget\" data-widget_type=\"heading.default\">\n\t\t\t\t<div class=\"elementor-widget-container\">\n\t\t\t\t\t<h2 class=\"elementor-heading-title elementor-size-default\">Satsang avec John David<\/h2>\t\t\t\t<\/div>\n\t\t\t\t<\/div>\n\t\t\t\t<div class=\"elementor-element elementor-element-da42d50 elementor-arrows-position-inside elementor-pagination-position-outside elementor-widget elementor-widget-image-carousel\" data-id=\"da42d50\" data-element_type=\"widget\" data-e-type=\"widget\" data-settings=\"{&quot;slides_to_show&quot;:&quot;1&quot;,&quot;navigation&quot;:&quot;both&quot;,&quot;autoplay&quot;:&quot;yes&quot;,&quot;pause_on_hover&quot;:&quot;yes&quot;,&quot;pause_on_interaction&quot;:&quot;yes&quot;,&quot;autoplay_speed&quot;:5000,&quot;infinite&quot;:&quot;yes&quot;,&quot;effect&quot;:&quot;slide&quot;,&quot;speed&quot;:500}\" data-widget_type=\"image-carousel.default\">\n\t\t\t\t<div class=\"elementor-widget-container\">\n\t\t\t\t\t\t\t<div class=\"elementor-image-carousel-wrapper swiper\" role=\"region\" aria-roledescription=\"carousel\" aria-label=\"Carrousel d\u2019images\" dir=\"ltr\">\n\t\t\t<div class=\"elementor-image-carousel swiper-wrapper swiper-image-stretch\" aria-live=\"off\">\n\t\t\t\t\t\t\t\t<div class=\"swiper-slide\" role=\"group\" aria-roledescription=\"slide\" aria-label=\"1 sur 10\"><figure class=\"swiper-slide-inner\"><img decoding=\"async\" class=\"swiper-slide-image\" src=\"https:\/\/johndavidsatsang.international\/wp-content\/uploads\/2021\/11\/acfda88e-3e26-4301-8786-c1508783b9c6.jpg\" alt=\"ACFDA88E-3E26-4301-8786-C1508783B9C6\" \/><\/figure><\/div><div class=\"swiper-slide\" role=\"group\" aria-roledescription=\"slide\" aria-label=\"2 sur 10\"><figure class=\"swiper-slide-inner\"><img decoding=\"async\" class=\"swiper-slide-image\" src=\"https:\/\/johndavidsatsang.international\/wp-content\/uploads\/2022\/09\/0-02-0a-430c51d47d68cae7b9b41c0f55073f33e173bfd1124ec8c1b044cc898248c82e_26c779a2160.jpg\" alt=\"0-02-0a-430c51d47d68cae7b9b41c0f55073f33e173bfd1124ec8c1b044cc898248c82e_26c779a2160\" \/><\/figure><\/div><div class=\"swiper-slide\" role=\"group\" aria-roledescription=\"slide\" aria-label=\"3 sur 10\"><figure class=\"swiper-slide-inner\"><img decoding=\"async\" class=\"swiper-slide-image\" src=\"https:\/\/johndavidsatsang.international\/wp-content\/uploads\/2022\/09\/0-02-0a-95db1afee7575ea7f6a08c61d7068655f236f9e354d26ee3451db4abcecc0294_26c778c67b7.jpg\" alt=\"0-02-0a-95db1afee7575ea7f6a08c61d7068655f236f9e354d26ee3451db4abcecc0294_26c778c67b7\" \/><\/figure><\/div><div class=\"swiper-slide\" role=\"group\" aria-roledescription=\"slide\" aria-label=\"4 sur 10\"><figure class=\"swiper-slide-inner\"><img decoding=\"async\" class=\"swiper-slide-image\" src=\"https:\/\/johndavidsatsang.international\/wp-content\/uploads\/2022\/09\/0-02-0a-01079d23d271e558c0ce00659cd8ea227a2da6c129081bddd237b8477944ca08_26c779a0f42.jpg\" alt=\"0-02-0a-01079d23d271e558c0ce00659cd8ea227a2da6c129081bddd237b8477944ca08_26c779a0f42\" \/><\/figure><\/div><div class=\"swiper-slide\" role=\"group\" aria-roledescription=\"slide\" aria-label=\"5 sur 10\"><figure class=\"swiper-slide-inner\"><img decoding=\"async\" class=\"swiper-slide-image\" src=\"https:\/\/johndavidsatsang.international\/wp-content\/uploads\/2021\/07\/jd-satsang.jpg\" alt=\"JD Satsang\" \/><\/figure><\/div><div class=\"swiper-slide\" role=\"group\" aria-roledescription=\"slide\" aria-label=\"6 sur 10\"><figure class=\"swiper-slide-inner\"><img decoding=\"async\" class=\"swiper-slide-image\" src=\"https:\/\/johndavidsatsang.international\/wp-content\/uploads\/2021\/10\/mukti-satsang.jpg\" alt=\"Satsang in K\u00f6ln mit John David\" \/><\/figure><\/div><div class=\"swiper-slide\" role=\"group\" aria-roledescription=\"slide\" aria-label=\"7 sur 10\"><figure class=\"swiper-slide-inner\"><img decoding=\"async\" class=\"swiper-slide-image\" src=\"https:\/\/johndavidsatsang.international\/wp-content\/uploads\/2022\/10\/satsang-in-germany.jpg\" alt=\"Satsang with John David\" \/><\/figure><\/div><div class=\"swiper-slide\" role=\"group\" aria-roledescription=\"slide\" aria-label=\"8 sur 10\"><figure class=\"swiper-slide-inner\"><img decoding=\"async\" class=\"swiper-slide-image\" src=\"https:\/\/johndavidsatsang.international\/wp-content\/uploads\/2022\/10\/jd-india-retreat.jpg\" alt=\"Retreat at holy mountain arunachala Darshan with spiritual teacher John David\" \/><\/figure><\/div><div class=\"swiper-slide\" role=\"group\" aria-roledescription=\"slide\" aria-label=\"9 sur 10\"><figure class=\"swiper-slide-inner\"><img decoding=\"async\" class=\"swiper-slide-image\" src=\"https:\/\/johndavidsatsang.international\/wp-content\/uploads\/2022\/02\/rajan-jd-satsang.jpg\" alt=\"Rajan JD Satsang\" \/><\/figure><\/div><div class=\"swiper-slide\" role=\"group\" aria-roledescription=\"slide\" aria-label=\"10 sur 10\"><figure class=\"swiper-slide-inner\"><img decoding=\"async\" class=\"swiper-slide-image\" src=\"https:\/\/johndavidsatsang.international\/wp-content\/uploads\/2022\/10\/satsang-with-indira.jpg\" alt=\"John David Satsang\" \/><\/figure><\/div>\t\t\t<\/div>\n\t\t\t\t\t\t\t\t\t\t\t\t<div class=\"elementor-swiper-button elementor-swiper-button-prev\" role=\"button\" tabindex=\"0\">\n\t\t\t\t\t\t<i aria-hidden=\"true\" class=\"eicon-chevron-left\"><\/i>\t\t\t\t\t<\/div>\n\t\t\t\t\t<div class=\"elementor-swiper-button elementor-swiper-button-next\" role=\"button\" tabindex=\"0\">\n\t\t\t\t\t\t<i aria-hidden=\"true\" class=\"eicon-chevron-right\"><\/i>\t\t\t\t\t<\/div>\n\t\t\t\t\n\t\t\t\t\t\t\t\t\t<div class=\"swiper-pagination\"><\/div>\n\t\t\t\t\t\t\t\t\t<\/div>\n\t\t\t\t\t\t<\/div>\n\t\t\t\t<\/div>\n\t\t\t\t\t<\/div>\n\t\t<\/div>\n\t\t\t\t\t<\/div>\n\t\t<\/section>\n\t\t\t\t<\/div>\n\t\t","protected":false},"excerpt":{"rendered":"<p>Satsang Vivre en libert\u00e9 Le satsang ouvre ton c\u0153ur et calme ton esprit. Tout le monde est le bienvenu! C&rsquo;est un espace pour une rencontre profonde avec toi-m\u00eame au-del\u00e0 des r\u00f4les, pens\u00e9es et sentiments. Un espace pour renouer avec ce qui a la plus grande valeur pour toi, pour poser tes questions les plus intimes [&hellip;]<\/p>\n","protected":false},"author":1,"featured_media":0,"parent":0,"menu_order":0,"comment_status":"closed","ping_status":"closed","template":"","meta":{"footnotes":""},"class_list":["post-75537","page","type-page","status-publish","hentry"],"yoast_head":"<!-- This site is optimized with the Yoast SEO plugin v27.2 - https:\/\/yoast.com\/product\/yoast-seo-wordpress\/ -->\n<title>Satsang - John David Satsang<\/title>\n<meta name=\"robots\" content=\"index, follow, max-snippet:-1, max-image-preview:large, max-video-preview:-1\" \/>\n<link rel=\"canonical\" href=\"https:\/\/johndavidsatsang.international\/satsang\/\" \/>\n<meta property=\"og:locale\" content=\"fr_FR\" \/>\n<meta property=\"og:type\" content=\"article\" \/>\n<meta property=\"og:title\" content=\"Satsang - John David Satsang\" \/>\n<meta property=\"og:description\" content=\"Satsang Vivre en libert\u00e9 Le satsang ouvre ton c\u0153ur et calme ton esprit. Tout le monde est le bienvenu! C&rsquo;est un espace pour une rencontre profonde avec toi-m\u00eame au-del\u00e0 des r\u00f4les, pens\u00e9es et sentiments. Un espace pour renouer avec ce qui a la plus grande valeur pour toi, pour poser tes questions les plus intimes [&hellip;]\" \/>\n<meta property=\"og:url\" content=\"https:\/\/johndavidsatsang.international\/satsang\/\" \/>\n<meta property=\"og:site_name\" content=\"John David Satsang\" \/>\n<meta property=\"article:modified_time\" content=\"2023-10-21T10:22:36+00:00\" \/>\n<meta property=\"og:image\" content=\"https:\/\/johndavidsatsang.international\/wp-content\/uploads\/2021\/11\/acfda88e-3e26-4301-8786-c1508783b9c6.jpg\" \/>\n<meta name=\"twitter:card\" content=\"summary_large_image\" \/>\n<meta name=\"twitter:label1\" content=\"Dur\u00e9e de lecture estim\u00e9e\" \/>\n\t<meta name=\"twitter:data1\" content=\"1 minute\" \/>\n<script type=\"application\/ld+json\" class=\"yoast-schema-graph\">{\"@context\":\"https:\/\/schema.org\",\"@graph\":[{\"@type\":\"WebPage\",\"@id\":\"https:\/\/johndavidsatsang.international\/satsang\/\",\"url\":\"https:\/\/johndavidsatsang.international\/satsang\/\",\"name\":\"Satsang - John David Satsang\",\"isPartOf\":{\"@id\":\"https:\/\/johndavidsatsang.international\/ru\/#website\"},\"primaryImageOfPage\":{\"@id\":\"https:\/\/johndavidsatsang.international\/satsang\/#primaryimage\"},\"image\":{\"@id\":\"https:\/\/johndavidsatsang.international\/satsang\/#primaryimage\"},\"thumbnailUrl\":\"https:\/\/johndavidsatsang.international\/wp-content\/uploads\/2021\/11\/acfda88e-3e26-4301-8786-c1508783b9c6.jpg\",\"datePublished\":\"2023-10-21T10:22:09+00:00\",\"dateModified\":\"2023-10-21T10:22:36+00:00\",\"breadcrumb\":{\"@id\":\"https:\/\/johndavidsatsang.international\/satsang\/#breadcrumb\"},\"inLanguage\":\"fr-FR\",\"potentialAction\":[{\"@type\":\"ReadAction\",\"target\":[\"https:\/\/johndavidsatsang.international\/satsang\/\"]}]},{\"@type\":\"ImageObject\",\"inLanguage\":\"fr-FR\",\"@id\":\"https:\/\/johndavidsatsang.international\/satsang\/#primaryimage\",\"url\":\"https:\/\/johndavidsatsang.international\/wp-content\/uploads\/2021\/11\/acfda88e-3e26-4301-8786-c1508783b9c6.jpg\",\"contentUrl\":\"https:\/\/johndavidsatsang.international\/wp-content\/uploads\/2021\/11\/acfda88e-3e26-4301-8786-c1508783b9c6.jpg\"},{\"@type\":\"BreadcrumbList\",\"@id\":\"https:\/\/johndavidsatsang.international\/satsang\/#breadcrumb\",\"itemListElement\":[{\"@type\":\"ListItem\",\"position\":1,\"name\":\"Home\",\"item\":\"https:\/\/johndavidsatsang.international\/fr\/\"},{\"@type\":\"ListItem\",\"position\":2,\"name\":\"Satsang\"}]},{\"@type\":\"WebSite\",\"@id\":\"https:\/\/johndavidsatsang.international\/ru\/#website\",\"url\":\"https:\/\/johndavidsatsang.international\/ru\/\",\"name\":\"John David Satsang\",\"description\":\"Satsang with John David\",\"publisher\":{\"@id\":\"https:\/\/johndavidsatsang.international\/ru\/#organization\"},\"potentialAction\":[{\"@type\":\"SearchAction\",\"target\":{\"@type\":\"EntryPoint\",\"urlTemplate\":\"https:\/\/johndavidsatsang.international\/ru\/?s={search_term_string}\"},\"query-input\":{\"@type\":\"PropertyValueSpecification\",\"valueRequired\":true,\"valueName\":\"search_term_string\"}}],\"inLanguage\":\"fr-FR\"},{\"@type\":\"Organization\",\"@id\":\"https:\/\/johndavidsatsang.international\/ru\/#organization\",\"name\":\"John David Satsang\",\"url\":\"https:\/\/johndavidsatsang.international\/ru\/\",\"logo\":{\"@type\":\"ImageObject\",\"inLanguage\":\"fr-FR\",\"@id\":\"https:\/\/johndavidsatsang.international\/ru\/#\/schema\/logo\/image\/\",\"url\":\"https:\/\/johndavidsatsang.international\/wp-content\/uploads\/2020\/08\/sign-black-spiritual-teacher.png\",\"contentUrl\":\"https:\/\/johndavidsatsang.international\/wp-content\/uploads\/2020\/08\/sign-black-spiritual-teacher.png\",\"width\":372,\"height\":179,\"caption\":\"John David Satsang\"},\"image\":{\"@id\":\"https:\/\/johndavidsatsang.international\/ru\/#\/schema\/logo\/image\/\"}}]}<\/script>\n<!-- \/ Yoast SEO plugin. -->","yoast_head_json":{"title":"Satsang - John David Satsang","robots":{"index":"index","follow":"follow","max-snippet":"max-snippet:-1","max-image-preview":"max-image-preview:large","max-video-preview":"max-video-preview:-1"},"canonical":"https:\/\/johndavidsatsang.international\/satsang\/","og_locale":"fr_FR","og_type":"article","og_title":"Satsang - John David Satsang","og_description":"Satsang Vivre en libert\u00e9 Le satsang ouvre ton c\u0153ur et calme ton esprit. Tout le monde est le bienvenu! C&rsquo;est un espace pour une rencontre profonde avec toi-m\u00eame au-del\u00e0 des r\u00f4les, pens\u00e9es et sentiments. Un espace pour renouer avec ce qui a la plus grande valeur pour toi, pour poser tes questions les plus intimes [&hellip;]","og_url":"https:\/\/johndavidsatsang.international\/satsang\/","og_site_name":"John David Satsang","article_modified_time":"2023-10-21T10:22:36+00:00","og_image":[{"url":"https:\/\/johndavidsatsang.international\/wp-content\/uploads\/2021\/11\/acfda88e-3e26-4301-8786-c1508783b9c6.jpg","type":"","width":"","height":""}],"twitter_card":"summary_large_image","twitter_misc":{"Dur\u00e9e de lecture estim\u00e9e":"1 minute"},"schema":{"@context":"https:\/\/schema.org","@graph":[{"@type":"WebPage","@id":"https:\/\/johndavidsatsang.international\/satsang\/","url":"https:\/\/johndavidsatsang.international\/satsang\/","name":"Satsang - John David Satsang","isPartOf":{"@id":"https:\/\/johndavidsatsang.international\/ru\/#website"},"primaryImageOfPage":{"@id":"https:\/\/johndavidsatsang.international\/satsang\/#primaryimage"},"image":{"@id":"https:\/\/johndavidsatsang.international\/satsang\/#primaryimage"},"thumbnailUrl":"https:\/\/johndavidsatsang.international\/wp-content\/uploads\/2021\/11\/acfda88e-3e26-4301-8786-c1508783b9c6.jpg","datePublished":"2023-10-21T10:22:09+00:00","dateModified":"2023-10-21T10:22:36+00:00","breadcrumb":{"@id":"https:\/\/johndavidsatsang.international\/satsang\/#breadcrumb"},"inLanguage":"fr-FR","potentialAction":[{"@type":"ReadAction","target":["https:\/\/johndavidsatsang.international\/satsang\/"]}]},{"@type":"ImageObject","inLanguage":"fr-FR","@id":"https:\/\/johndavidsatsang.international\/satsang\/#primaryimage","url":"https:\/\/johndavidsatsang.international\/wp-content\/uploads\/2021\/11\/acfda88e-3e26-4301-8786-c1508783b9c6.jpg","contentUrl":"https:\/\/johndavidsatsang.international\/wp-content\/uploads\/2021\/11\/acfda88e-3e26-4301-8786-c1508783b9c6.jpg"},{"@type":"BreadcrumbList","@id":"https:\/\/johndavidsatsang.international\/satsang\/#breadcrumb","itemListElement":[{"@type":"ListItem","position":1,"name":"Home","item":"https:\/\/johndavidsatsang.international\/fr\/"},{"@type":"ListItem","position":2,"name":"Satsang"}]},{"@type":"WebSite","@id":"https:\/\/johndavidsatsang.international\/ru\/#website","url":"https:\/\/johndavidsatsang.international\/ru\/","name":"John David Satsang","description":"Satsang with John David","publisher":{"@id":"https:\/\/johndavidsatsang.international\/ru\/#organization"},"potentialAction":[{"@type":"SearchAction","target":{"@type":"EntryPoint","urlTemplate":"https:\/\/johndavidsatsang.international\/ru\/?s={search_term_string}"},"query-input":{"@type":"PropertyValueSpecification","valueRequired":true,"valueName":"search_term_string"}}],"inLanguage":"fr-FR"},{"@type":"Organization","@id":"https:\/\/johndavidsatsang.international\/ru\/#organization","name":"John David Satsang","url":"https:\/\/johndavidsatsang.international\/ru\/","logo":{"@type":"ImageObject","inLanguage":"fr-FR","@id":"https:\/\/johndavidsatsang.international\/ru\/#\/schema\/logo\/image\/","url":"https:\/\/johndavidsatsang.international\/wp-content\/uploads\/2020\/08\/sign-black-spiritual-teacher.png","contentUrl":"https:\/\/johndavidsatsang.international\/wp-content\/uploads\/2020\/08\/sign-black-spiritual-teacher.png","width":372,"height":179,"caption":"John David Satsang"},"image":{"@id":"https:\/\/johndavidsatsang.international\/ru\/#\/schema\/logo\/image\/"}}]}},"_links":{"self":[{"href":"https:\/\/johndavidsatsang.international\/fr\/wp-json\/wp\/v2\/pages\/75537","targetHints":{"allow":["GET"]}}],"collection":[{"href":"https:\/\/johndavidsatsang.international\/fr\/wp-json\/wp\/v2\/pages"}],"about":[{"href":"https:\/\/johndavidsatsang.international\/fr\/wp-json\/wp\/v2\/types\/page"}],"author":[{"embeddable":true,"href":"https:\/\/johndavidsatsang.international\/fr\/wp-json\/wp\/v2\/users\/1"}],"replies":[{"embeddable":true,"href":"https:\/\/johndavidsatsang.international\/fr\/wp-json\/wp\/v2\/comments?post=75537"}],"version-history":[{"count":3,"href":"https:\/\/johndavidsatsang.international\/fr\/wp-json\/wp\/v2\/pages\/75537\/revisions"}],"predecessor-version":[{"id":75541,"href":"https:\/\/johndavidsatsang.international\/fr\/wp-json\/wp\/v2\/pages\/75537\/revisions\/75541"}],"wp:attachment":[{"href":"https:\/\/johndavidsatsang.international\/fr\/wp-json\/wp\/v2\/media?parent=75537"}],"curies":[{"name":"wp","href":"https:\/\/api.w.org\/{rel}","templated":true}]}}