{"id":30451,"date":"2021-01-21T15:11:04","date_gmt":"2021-01-21T15:11:04","guid":{"rendered":"http:\/\/johndavidsatsang.international\/rapporto-di-esperienza-vipassana"},"modified":"2021-01-21T15:32:56","modified_gmt":"2021-01-21T15:32:56","slug":"rapporto-di-esperienza-vipassana","status":"publish","type":"page","link":"https:\/\/johndavidsatsang.international\/it\/rapporto-di-esperienza-vipassana\/","title":{"rendered":"Rapporto di Esperienza Vipassana"},"content":{"rendered":"\t\t<div data-elementor-type=\"wp-page\" data-elementor-id=\"30451\" class=\"elementor elementor-30451 elementor-19505\" data-elementor-post-type=\"page\">\n\t\t\t\t\t\t<section class=\"elementor-section elementor-top-section elementor-element elementor-element-f02128b elementor-section-boxed elementor-section-height-default elementor-section-height-default\" data-id=\"f02128b\" data-element_type=\"section\" data-e-type=\"section\" data-settings=\"{&quot;background_background&quot;:&quot;classic&quot;}\">\n\t\t\t\t\t\t<div class=\"elementor-container elementor-column-gap-default\">\n\t\t\t\t\t<div class=\"elementor-column elementor-col-100 elementor-top-column elementor-element elementor-element-c76fd61\" data-id=\"c76fd61\" data-element_type=\"column\" data-e-type=\"column\" data-settings=\"{&quot;background_background&quot;:&quot;classic&quot;}\">\n\t\t\t<div class=\"elementor-widget-wrap\">\n\t\t\t\t\t<div class=\"elementor-background-overlay\"><\/div>\n\t\t\t\t\t\t\t<\/div>\n\t\t<\/div>\n\t\t\t\t\t<\/div>\n\t\t<\/section>\n\t\t\t\t<section class=\"elementor-section elementor-top-section elementor-element elementor-element-44d34d8 elementor-section-boxed elementor-section-height-default elementor-section-height-default\" data-id=\"44d34d8\" data-element_type=\"section\" data-e-type=\"section\">\n\t\t\t\t\t\t<div class=\"elementor-container elementor-column-gap-default\">\n\t\t\t\t\t<div class=\"elementor-column elementor-col-100 elementor-top-column elementor-element elementor-element-fbc08ee\" data-id=\"fbc08ee\" data-element_type=\"column\" data-e-type=\"column\">\n\t\t\t<div class=\"elementor-widget-wrap elementor-element-populated\">\n\t\t\t\t\t\t<div class=\"elementor-element elementor-element-c6647ef elementor-widget elementor-widget-heading\" data-id=\"c6647ef\" data-element_type=\"widget\" data-e-type=\"widget\" data-widget_type=\"heading.default\">\n\t\t\t\t<div class=\"elementor-widget-container\">\n\t\t\t\t\t<h2 class=\"elementor-heading-title elementor-size-default\">Aggiungi qui il testo dell'intestazione<\/h2>\t\t\t\t<\/div>\n\t\t\t\t<\/div>\n\t\t\t\t\t<\/div>\n\t\t<\/div>\n\t\t\t\t\t<\/div>\n\t\t<\/section>\n\t\t\t\t<section class=\"elementor-section elementor-top-section elementor-element elementor-element-48714f7 elementor-section-boxed elementor-section-height-default elementor-section-height-default\" data-id=\"48714f7\" data-element_type=\"section\" data-e-type=\"section\">\n\t\t\t\t\t\t<div class=\"elementor-container elementor-column-gap-default\">\n\t\t\t\t\t<div class=\"elementor-column elementor-col-100 elementor-top-column elementor-element elementor-element-9c49c4a\" data-id=\"9c49c4a\" data-element_type=\"column\" data-e-type=\"column\">\n\t\t\t<div class=\"elementor-widget-wrap elementor-element-populated\">\n\t\t\t\t\t\t<div class=\"elementor-element elementor-element-0dff775 elementor-widget elementor-widget-spacer\" data-id=\"0dff775\" data-element_type=\"widget\" data-e-type=\"widget\" data-widget_type=\"spacer.default\">\n\t\t\t\t<div class=\"elementor-widget-container\">\n\t\t\t\t\t\t\t<div class=\"elementor-spacer\">\n\t\t\t<div class=\"elementor-spacer-inner\"><\/div>\n\t\t<\/div>\n\t\t\t\t\t\t<\/div>\n\t\t\t\t<\/div>\n\t\t\t\t<div class=\"elementor-element elementor-element-533ce22 elementor-widget elementor-widget-video\" data-id=\"533ce22\" data-element_type=\"widget\" data-e-type=\"widget\" data-settings=\"{&quot;youtube_url&quot;:&quot;https:\\\/\\\/youtu.be\\\/BwdhC6U4OUI&quot;,&quot;video_type&quot;:&quot;youtube&quot;,&quot;controls&quot;:&quot;yes&quot;}\" data-widget_type=\"video.default\">\n\t\t\t\t<div class=\"elementor-widget-container\">\n\t\t\t\t\t\t\t<div class=\"elementor-wrapper elementor-open-inline\">\n\t\t\t<div class=\"elementor-video\"><\/div>\t\t<\/div>\n\t\t\t\t\t\t<\/div>\n\t\t\t\t<\/div>\n\t\t\t\t<div class=\"elementor-element elementor-element-c86d8ff elementor-widget elementor-widget-text-editor\" data-id=\"c86d8ff\" data-element_type=\"widget\" data-e-type=\"widget\" data-widget_type=\"text-editor.default\">\n\t\t\t\t<div class=\"elementor-widget-container\">\n\t\t\t\t\t\t\t\t\t<p><b>Il silenzio \u00e8 il linguaggio del cuore<\/b><\/p>\n\t\t\t\t\t\t\t\t<\/div>\n\t\t\t\t<\/div>\n\t\t\t\t<div class=\"elementor-element elementor-element-13179e9 elementor-widget elementor-widget-text-editor\" data-id=\"13179e9\" data-element_type=\"widget\" data-e-type=\"widget\" data-widget_type=\"text-editor.default\">\n\t\t\t\t<div class=\"elementor-widget-container\">\n\t\t\t\t\t\t\t\t\t<h3><span style=\"color: var( --e-global-color-text ); font-size: 21px;\">Il mese scorso ho vissuto il mio primo weekend Isola di meditazione Vipassana. Un amico aveva gi\u00e0 partecipato a un fine settimana di questo tipo e quando sono andato a prenderlo, stava sorridendo cos\u00ec felicemente. Sentivo anche in lui una profonda pace e quiete, che mi disse pi\u00f9 tardi che lo sosteneva nella vita quotidiana. Questo mi ha reso cos\u00ec curiosa (e gelosa) che ho colto l&#8217;occasione successiva per partecipare anche io a un fine settimana di questo tipo, per vedere cosa fa per me il trascorrere tutto il fine settimana con me stessa su un'&#8221;isola&#8221;,<\/span><\/h3>\n<p>composta da una sedia, un cuscino per la meditazione, un cuscino per la schiena, un materasso, una coperta e un cuscino. In gruppo e alla presenza del maestro spirituale John David, ho passato tutto il fine settimana bendata sulla mia &#8220;isola&#8221;, completamente con me stessa, senza telefono, libri, musica o altre distrazioni. \u00c8 stato un viaggio intenso verso me stessa, che posso raccomandare calorosamente a tutti. Oltre all&#8217;energico sostegno del gruppo e del maestro spirituale, un&#8217;amorevole squadra di aiutanti era presente 24 ore su 24 e mi portava regolarmente cibo e bevande e mi guidava sulla via del bagno, cos\u00ec ho potuto indossare la benda ad occhi bendati per tutto il tempo, il che \u00e8 stato di grande aiuto per la meditazione.<\/p>\n<p>Ho iniziato con grandi aspettative e all&#8217;inizio sono rimasto molto deluso, poich\u00e9 durante le prime ore ho attraversato un&#8217;enorme tempesta di pensieri. Dopo un po&#8217; di tempo mi sono sentita davvero esausta. Dopo un altro po&#8217; di tempo il flusso di pensieri si \u00e8 assottigliato, sono comparsi alcuni vuoti e ho iniziato a vedere singoli pensieri che si ripetevano. Alcuni si ripetevano pi\u00f9 e pi\u00f9 volte e in essi potevo vedere le mie strutture principali, che sono la base di alcuni dei miei modelli di comportamento&#8230; sono venute fuori le emozioni, anche alcune sensazioni corporee, persino il dolore e i ricordi&#8230; \u00c8 incredibile cosa pu\u00f2 accadere dentro senza alcuna interazione o innesco dall&#8217;esterno!<\/p>\n<p>Dopo un po&#8217; di tempo ho iniziato a percepire un silenzio profondo, che sembrava diventare sempre pi\u00f9 fitto. E in questa profonda immobilit\u00e0 lentamente e dolcemente nasceva l&#8217;amore, molto tenero e dolce e una sensazione di grande pace e gioia, di una qualit\u00e0 cos\u00ec ricca, che non avevo mai provato prima. Ho perso il senso del tempo&#8230; un momento forte \u00e8 stato alla fine, quando mi sono tolta la benda, mi sono sentita cos\u00ec toccata, ferma e contenta che non riuscivo quasi a parlare.<\/p>\n<p>Penso che l&#8217;esperienza e il viaggio di tutti durante questo fine settimana sia stato unico, ma in qualche modo alla fine tutti erano caduti in uno spazio profondo. Per me questo fine settimana in silenzio sulla mia piccola &#8220;isola&#8221; mi ha fatto sentire come una grande onda d&#8217;amore, che mi ha portato dentro di me. \u00c8 stata una grande opportunit\u00e0 per imparare a conoscermi pi\u00f9 da vicino e onestamente, e per capire come funzionano la mia mente e il mio corpo.<\/p>\n<p>Ho sperimentato direttamente che i pensieri, le emozioni, le sensazioni del corpo e anche il dolore sono solo di passaggio. C&#8217;\u00e8 qualcos&#8217;altro in me, che \u00e8 sempre fermo e non toccato da tutte queste sensazioni &#8211; pieno di pace, amore e gioia. Questo &#8220;qualcosa&#8221; spesso sembra piuttosto piccolo e vulnerabile, e a volte viene sopraffatto dalla mia vita quotidiana indaffarata, cos\u00ec perdo il contatto o mi sento a malapena in contatto con esso.<\/p>\n<p>Lo sapevo prima, ma l&#8217;esperienza diretta rende questa conoscenza pi\u00f9 profonda. La mia consapevolezza \u00e8 pi\u00f9 chiara e il desiderio pi\u00f9 forte di non perdere il contatto con questo meraviglioso qualcosa, che in realt\u00e0 sono io. Questo incontro profondo e intimo con me stessa in questo Weekend dell&#8217;isola di Vipassana mi ha lasciato un&#8217;enorme gratitudine e un sorriso soddisfatto che sento ancora dentro di me.<\/p>\n<p>Anna Moore, Giugno 2019<\/p>\n\t\t\t\t\t\t\t\t<\/div>\n\t\t\t\t<\/div>\n\t\t\t\t\t<\/div>\n\t\t<\/div>\n\t\t\t\t\t<\/div>\n\t\t<\/section>\n\t\t\t\t<\/div>\n\t\t","protected":false},"excerpt":{"rendered":"<p>Aggiungi qui il testo dell&#8217;intestazione https:\/\/youtu.be\/BwdhC6U4OUI Il silenzio \u00e8 il linguaggio del cuore Il mese scorso ho vissuto il mio primo weekend Isola di meditazione Vipassana. Un amico aveva gi\u00e0 partecipato a un fine settimana di questo tipo e quando sono andato a prenderlo, stava sorridendo cos\u00ec felicemente. Sentivo anche in lui una profonda pace [&hellip;]<\/p>\n","protected":false},"author":1,"featured_media":0,"parent":0,"menu_order":0,"comment_status":"closed","ping_status":"closed","template":"","meta":{"footnotes":""},"class_list":["post-30451","page","type-page","status-publish","hentry"],"yoast_head":"<!-- This site is optimized with the Yoast SEO plugin v27.2 - https:\/\/yoast.com\/product\/yoast-seo-wordpress\/ -->\n<title>Rapporto di Esperienza Vipassana - John David Satsang<\/title>\n<meta name=\"robots\" content=\"index, follow, max-snippet:-1, max-image-preview:large, max-video-preview:-1\" \/>\n<link rel=\"canonical\" href=\"https:\/\/johndavidsatsang.international\/vipassana-experience-report\/\" \/>\n<meta property=\"og:locale\" content=\"it_IT\" \/>\n<meta property=\"og:type\" content=\"article\" \/>\n<meta property=\"og:title\" content=\"Rapporto di Esperienza Vipassana - John David Satsang\" \/>\n<meta property=\"og:description\" content=\"Aggiungi qui il testo dell&#8217;intestazione https:\/\/youtu.be\/BwdhC6U4OUI Il silenzio \u00e8 il linguaggio del cuore Il mese scorso ho vissuto il mio primo weekend Isola di meditazione Vipassana. Un amico aveva gi\u00e0 partecipato a un fine settimana di questo tipo e quando sono andato a prenderlo, stava sorridendo cos\u00ec felicemente. Sentivo anche in lui una profonda pace [&hellip;]\" \/>\n<meta property=\"og:url\" content=\"https:\/\/johndavidsatsang.international\/vipassana-experience-report\/\" \/>\n<meta property=\"og:site_name\" content=\"John David Satsang\" \/>\n<meta property=\"article:modified_time\" content=\"2021-01-21T15:32:56+00:00\" \/>\n<meta name=\"twitter:card\" content=\"summary_large_image\" \/>\n<meta name=\"twitter:label1\" content=\"Tempo di lettura stimato\" \/>\n\t<meta name=\"twitter:data1\" content=\"3 minuti\" \/>\n<script type=\"application\/ld+json\" class=\"yoast-schema-graph\">{\"@context\":\"https:\/\/schema.org\",\"@graph\":[{\"@type\":\"WebPage\",\"@id\":\"https:\/\/johndavidsatsang.international\/vipassana-experience-report\/\",\"url\":\"https:\/\/johndavidsatsang.international\/vipassana-experience-report\/\",\"name\":\"Rapporto di Esperienza Vipassana - John David Satsang\",\"isPartOf\":{\"@id\":\"https:\/\/johndavidsatsang.international\/ru\/#website\"},\"datePublished\":\"2021-01-21T15:11:04+00:00\",\"dateModified\":\"2021-01-21T15:32:56+00:00\",\"breadcrumb\":{\"@id\":\"https:\/\/johndavidsatsang.international\/vipassana-experience-report\/#breadcrumb\"},\"inLanguage\":\"it-IT\",\"potentialAction\":[{\"@type\":\"ReadAction\",\"target\":[\"https:\/\/johndavidsatsang.international\/vipassana-experience-report\/\"]}]},{\"@type\":\"BreadcrumbList\",\"@id\":\"https:\/\/johndavidsatsang.international\/vipassana-experience-report\/#breadcrumb\",\"itemListElement\":[{\"@type\":\"ListItem\",\"position\":1,\"name\":\"Home\",\"item\":\"https:\/\/johndavidsatsang.international\/it\/\"},{\"@type\":\"ListItem\",\"position\":2,\"name\":\"Rapporto di Esperienza Vipassana\"}]},{\"@type\":\"WebSite\",\"@id\":\"https:\/\/johndavidsatsang.international\/ru\/#website\",\"url\":\"https:\/\/johndavidsatsang.international\/ru\/\",\"name\":\"John David Satsang\",\"description\":\"Satsang with John David\",\"publisher\":{\"@id\":\"https:\/\/johndavidsatsang.international\/ru\/#organization\"},\"potentialAction\":[{\"@type\":\"SearchAction\",\"target\":{\"@type\":\"EntryPoint\",\"urlTemplate\":\"https:\/\/johndavidsatsang.international\/ru\/?s={search_term_string}\"},\"query-input\":{\"@type\":\"PropertyValueSpecification\",\"valueRequired\":true,\"valueName\":\"search_term_string\"}}],\"inLanguage\":\"it-IT\"},{\"@type\":\"Organization\",\"@id\":\"https:\/\/johndavidsatsang.international\/ru\/#organization\",\"name\":\"John David Satsang\",\"url\":\"https:\/\/johndavidsatsang.international\/ru\/\",\"logo\":{\"@type\":\"ImageObject\",\"inLanguage\":\"it-IT\",\"@id\":\"https:\/\/johndavidsatsang.international\/ru\/#\/schema\/logo\/image\/\",\"url\":\"https:\/\/johndavidsatsang.international\/wp-content\/uploads\/2020\/08\/sign-black-spiritual-teacher.png\",\"contentUrl\":\"https:\/\/johndavidsatsang.international\/wp-content\/uploads\/2020\/08\/sign-black-spiritual-teacher.png\",\"width\":372,\"height\":179,\"caption\":\"John David Satsang\"},\"image\":{\"@id\":\"https:\/\/johndavidsatsang.international\/ru\/#\/schema\/logo\/image\/\"}}]}<\/script>\n<!-- \/ Yoast SEO plugin. -->","yoast_head_json":{"title":"Rapporto di Esperienza Vipassana - John David Satsang","robots":{"index":"index","follow":"follow","max-snippet":"max-snippet:-1","max-image-preview":"max-image-preview:large","max-video-preview":"max-video-preview:-1"},"canonical":"https:\/\/johndavidsatsang.international\/vipassana-experience-report\/","og_locale":"it_IT","og_type":"article","og_title":"Rapporto di Esperienza Vipassana - John David Satsang","og_description":"Aggiungi qui il testo dell&#8217;intestazione https:\/\/youtu.be\/BwdhC6U4OUI Il silenzio \u00e8 il linguaggio del cuore Il mese scorso ho vissuto il mio primo weekend Isola di meditazione Vipassana. Un amico aveva gi\u00e0 partecipato a un fine settimana di questo tipo e quando sono andato a prenderlo, stava sorridendo cos\u00ec felicemente. Sentivo anche in lui una profonda pace [&hellip;]","og_url":"https:\/\/johndavidsatsang.international\/vipassana-experience-report\/","og_site_name":"John David Satsang","article_modified_time":"2021-01-21T15:32:56+00:00","twitter_card":"summary_large_image","twitter_misc":{"Tempo di lettura stimato":"3 minuti"},"schema":{"@context":"https:\/\/schema.org","@graph":[{"@type":"WebPage","@id":"https:\/\/johndavidsatsang.international\/vipassana-experience-report\/","url":"https:\/\/johndavidsatsang.international\/vipassana-experience-report\/","name":"Rapporto di Esperienza Vipassana - John David Satsang","isPartOf":{"@id":"https:\/\/johndavidsatsang.international\/ru\/#website"},"datePublished":"2021-01-21T15:11:04+00:00","dateModified":"2021-01-21T15:32:56+00:00","breadcrumb":{"@id":"https:\/\/johndavidsatsang.international\/vipassana-experience-report\/#breadcrumb"},"inLanguage":"it-IT","potentialAction":[{"@type":"ReadAction","target":["https:\/\/johndavidsatsang.international\/vipassana-experience-report\/"]}]},{"@type":"BreadcrumbList","@id":"https:\/\/johndavidsatsang.international\/vipassana-experience-report\/#breadcrumb","itemListElement":[{"@type":"ListItem","position":1,"name":"Home","item":"https:\/\/johndavidsatsang.international\/it\/"},{"@type":"ListItem","position":2,"name":"Rapporto di Esperienza Vipassana"}]},{"@type":"WebSite","@id":"https:\/\/johndavidsatsang.international\/ru\/#website","url":"https:\/\/johndavidsatsang.international\/ru\/","name":"John David Satsang","description":"Satsang with John David","publisher":{"@id":"https:\/\/johndavidsatsang.international\/ru\/#organization"},"potentialAction":[{"@type":"SearchAction","target":{"@type":"EntryPoint","urlTemplate":"https:\/\/johndavidsatsang.international\/ru\/?s={search_term_string}"},"query-input":{"@type":"PropertyValueSpecification","valueRequired":true,"valueName":"search_term_string"}}],"inLanguage":"it-IT"},{"@type":"Organization","@id":"https:\/\/johndavidsatsang.international\/ru\/#organization","name":"John David Satsang","url":"https:\/\/johndavidsatsang.international\/ru\/","logo":{"@type":"ImageObject","inLanguage":"it-IT","@id":"https:\/\/johndavidsatsang.international\/ru\/#\/schema\/logo\/image\/","url":"https:\/\/johndavidsatsang.international\/wp-content\/uploads\/2020\/08\/sign-black-spiritual-teacher.png","contentUrl":"https:\/\/johndavidsatsang.international\/wp-content\/uploads\/2020\/08\/sign-black-spiritual-teacher.png","width":372,"height":179,"caption":"John David Satsang"},"image":{"@id":"https:\/\/johndavidsatsang.international\/ru\/#\/schema\/logo\/image\/"}}]}},"_links":{"self":[{"href":"https:\/\/johndavidsatsang.international\/it\/wp-json\/wp\/v2\/pages\/30451","targetHints":{"allow":["GET"]}}],"collection":[{"href":"https:\/\/johndavidsatsang.international\/it\/wp-json\/wp\/v2\/pages"}],"about":[{"href":"https:\/\/johndavidsatsang.international\/it\/wp-json\/wp\/v2\/types\/page"}],"author":[{"embeddable":true,"href":"https:\/\/johndavidsatsang.international\/it\/wp-json\/wp\/v2\/users\/1"}],"replies":[{"embeddable":true,"href":"https:\/\/johndavidsatsang.international\/it\/wp-json\/wp\/v2\/comments?post=30451"}],"version-history":[{"count":9,"href":"https:\/\/johndavidsatsang.international\/it\/wp-json\/wp\/v2\/pages\/30451\/revisions"}],"predecessor-version":[{"id":30476,"href":"https:\/\/johndavidsatsang.international\/it\/wp-json\/wp\/v2\/pages\/30451\/revisions\/30476"}],"wp:attachment":[{"href":"https:\/\/johndavidsatsang.international\/it\/wp-json\/wp\/v2\/media?parent=30451"}],"curies":[{"name":"wp","href":"https:\/\/api.w.org\/{rel}","templated":true}]}}